{"id":4446,"date":"2025-08-20T14:24:11","date_gmt":"2025-08-20T14:24:11","guid":{"rendered":"https:\/\/kylinvape.com\/?post_type=product&#038;p=4446"},"modified":"2025-10-13T14:02:53","modified_gmt":"2025-10-13T14:02:53","slug":"fihp-40000-doube-flavor","status":"publish","type":"product","link":"https:\/\/kylinvape.com\/de\/product\/fihp-40000-doube-flavor\/","title":{"rendered":"FIHP 40K 40000 Z\u00fcge Dual Flavor Wiederaufladbare Einweg-E-Zigarette"},"content":{"rendered":"<h1>FIHP 40K Dual Flavor Wiederaufladbare Einweg-E-Zigarette \u2013 40.000 Z\u00fcge<\/h1>\n<p>Wir stellen vor: <strong>FIHP 40K Puffs Dual Flavor Einweg-E-Zigarette<\/strong>, Die perfekte L\u00f6sung f\u00fcr Dampfer, die Vielfalt, Langlebigkeit und Komfort in einem eleganten Ger\u00e4t w\u00fcnschen.<\/p>\n<p>Mit bis zu <strong>40.000 Z\u00fcge<\/strong>, Diese E-Zigarette h\u00e4lt deutlich l\u00e4nger als herk\u00f6mmliche Einweg-E-Zigaretten. <strong>Doppelgeschmack<\/strong> Mit dem Schalter k\u00f6nnen Sie per Knopfdruck zwischen zwei E-Liquids wechseln und so zwei einzigartige Geschmacksrichtungen in einem Ger\u00e4t genie\u00dfen. Ideal f\u00fcr alle, die Abwechslung im Geschmack lieben, ohne mehrere Verdampfer mit sich f\u00fchren zu m\u00fcssen.<\/p>\n<p>Ausgestattet mit einem <strong>USB-wiederaufladbarer Akku<\/strong>, Der FIHP 40K garantiert eine gleichm\u00e4\u00dfige Dampfentwicklung bis zum letzten Zug. Dank seines kompakten Designs liegt er angenehm in der Hand oder passt problemlos in die Hosentasche \u2013 perfekt f\u00fcr den t\u00e4glichen Gebrauch.<\/p>\n<div class=\"ast-oembed-container\" style=\"height: 100%;\"><iframe title=\"FIHP 40000 Doppelgeschmack\" width=\"500\" height=\"281\" src=\"https:\/\/www.youtube.com\/embed\/ZB2AqC3uc6g?feature=oembed\" frameborder=\"0\" allow=\"accelerometer; autoplay; clipboard-write; encrypted-media; gyroscope; picture-in-picture; web-share\" referrerpolicy=\"strict-origin-when-cross-origin\" allowfullscreen><\/iframe><\/div>\n<h2>FIHP 40000 <strong>Hauptmerkmale:<\/strong><\/h2>\n<p>Die wiederaufladbare Einweg-E-Zigarette FIHP 40K vereint Spitzentechnologie mit benutzerfreundlichem Design:<\/p>\n<p>\u2022 <strong>Langanhaltende Leistung<\/strong>Genie\u00dfen Sie bis zu 40.000 Z\u00fcge und profitieren Sie von einem zuverl\u00e4ssigen und langanhaltenden Dampferlebnis ohne h\u00e4ufiges Austauschen.<\/p>\n<p>\u2022 <strong>Zwei Geschmacksrichtungen<\/strong>Zwei Geschmacksrichtungen in einem Ger\u00e4t erm\u00f6glichen Ihnen einen einfachen Wechsel und abwechslungsreiche Geschmackserlebnisse.<\/p>\n<p>\u2022 <strong>Wiederaufladbarer Akku<\/strong>Der integrierte Akku mit hoher Kapazit\u00e4t und Schnellladefunktion \u00fcber USB gew\u00e4hrleistet ununterbrochenes Dampfen.<\/p>\n<p>\u2022 <strong>Tragbar und stilvoll<\/strong>Leicht und kompakt, perfekt f\u00fcr Reisen oder das Dampfen unterwegs.<\/p>\n<p>\u2022<strong> Sicher und zuverl\u00e4ssig<\/strong>Hergestellt aus lebensmittelechten Materialien und in \u00dcbereinstimmung mit internationalen Sicherheitsstandards, bietet es ein sicheres Dampferlebnis.<\/p>\n<p>Die FIHP 40K ist ideal f\u00fcr Einsteiger und erfahrene Dampfer gleicherma\u00dfen, die ein hochwertiges, geschmackvolles und langanhaltendes Einweg-E-Zigaretten-Erlebnis suchen.<\/p>\n<h2>FIHP 40k&nbsp;<strong>Spezifikationen:<\/strong><\/h2>\n<ul>\n<li>Puffs: 40000 Puffs<\/li>\n<li>Doppelter Geschmack<\/li>\n<li>Mesh-Coil: 0,9 Ohm + 0,9 Ohm<\/li>\n<li>E-Liquid: 36 ml (18 ml + 18 ml)<\/li>\n<li>Nikotin: 2%\/5%<\/li>\n<li>Akku: 650 mAh<\/li>\n<li>Wiederaufladbar: Typ C<\/li>\n<li>LED-Display (Smart Screen)<\/li>\n<li>12 x 2 Geschmacksrichtungen zur Auswahl<\/li>\n<\/ul>\n<h2>FIHP 40k <strong>Geschmack<\/strong><strong>:<\/strong><\/h2>\n<ol>\n<li>Zitronen-Limetten-Wassermelonen-Eis<\/li>\n<li>Traubeneis &amp; Erdbeer-Kiwi<\/li>\n<li>Ananas-Kokosnuss-Erdbeer-Banane<\/li>\n<li>Orange Mango Wassermelone &amp; Red Bull Eis<\/li>\n<li>Blaubeereis &amp; Brause mit Kirsche<\/li>\n<li>Pfirsicheis &amp; gemischte Beeren<\/li>\n<li>Doppelter Apfel-Eis &amp; Liebe 666<\/li>\n<li>Erdbeer-Himbeer-Kirsch-Erdbeer-Eis<\/li>\n<li>Blaue Himbeerlimonade &amp; Kirsch-Cola-Eis<\/li>\n<li>Pfirsich-Mango-Ananas-Kirsch-Eis<\/li>\n<li>Black Dragon Ice &amp; Kiwi Passionsfrucht Guave<\/li>\n<li>Saure Apfel-Himbeer-Erdbeer-Kirsche<\/li>\n<\/ol>\n<h2>FIHP 40k <strong>H\u00e4ufig gestellte Fragen<\/strong><strong>:<\/strong><\/h2>\n<p><strong>Frage 1: Wie viele Z\u00fcge liefert das FIHP 40K?<\/strong><br \/>\nA: Es liefert bis zu <a href=\"https:\/\/kylinvape.com\/de\/product-category\/disposable-vapes\/40k-puffs-disposable-vape\/\"><strong>40000 Z\u00fcge<\/strong><\/a>, wodurch eine dauerhafte Leistungsf\u00e4higkeit gew\u00e4hrleistet wird.<\/p>\n<p><strong>Frage 2: Ist der FIHP 40000 wiederaufladbar?<\/strong><br \/>\nA: Ja, es wird mit einem geliefert <strong>650-mAh-Akku mit Typ-C-Anschluss<\/strong>.<\/p>\n<p><strong>Frage 3: Kann ich zwischen zwei Geschmacksrichtungen wechseln?<\/strong><br \/>\nA: Absolut! Der FIHP 40000 erm\u00f6glicht <a href=\"https:\/\/kylinvape.com\/de\/product-category\/types-of-vapes\/dual-flavor-vapes\/\"><strong>Umschaltung zwischen zwei Geschmacksrichtungen<\/strong><\/a> f\u00fcr ein vielseitiges Dampferlebnis.<\/p>\n<p><strong>Frage 4: Welche Nikotinst\u00e4rken sind erh\u00e4ltlich?<\/strong><br \/>\nA: Um den unterschiedlichen Marktanforderungen gerecht zu werden, stehen die Varianten 2% und 5% zur Verf\u00fcgung.<\/p>\n<p><strong>Frage 5: Ist es f\u00fcr den Gro\u00dfhandel geeignet?<\/strong><br \/>\nA: Ja, es ist daf\u00fcr konzipiert <strong>E-Zigaretten-Gro\u00dfhandel in Europa, den USA und anderen Regionen<\/strong>, perfekt f\u00fcr Gesch\u00e4fte und Vertriebsh\u00e4ndler.<\/p>\n<p><strong>Frage 6: Unterst\u00fctzt es sowohl MTL- als auch DTL-Dampfen?<\/strong><br \/>\nA: Ja, die <strong>Maschenspulensystem<\/strong> sorgt f\u00fcr einen gleichm\u00e4\u00dfigen Luftstrom <strong>MTL (Mund-Lunge-Szintigraphie)<\/strong> Nutzer.<\/p>","protected":false},"excerpt":{"rendered":"<p>Der <strong>FIHP 40K<\/strong> Einweg-Vapes liefern bis zu <strong>40000 Z\u00fcge<\/strong>, beinhaltet ein <strong>zwei Geschmacksrichtungen<\/strong> System und beinhaltet ein <strong>wiederaufladbarer Akku<\/strong> f\u00fcr l\u00e4ngeren Komfort.<\/p>","protected":false},"featured_media":10050,"comment_status":"open","ping_status":"closed","template":"","meta":{"site-sidebar-layout":"default","site-content-layout":"","ast-site-content-layout":"default","site-content-style":"default","site-sidebar-style":"default","ast-global-header-display":"","ast-banner-title-visibility":"","ast-main-header-display":"","ast-hfb-above-header-display":"","ast-hfb-below-header-display":"","ast-hfb-mobile-header-display":"","site-post-title":"","ast-breadcrumbs-content":"","ast-featured-img":"","footer-sml-layout":"","ast-disable-related-posts":"","theme-transparent-header-meta":"default","adv-header-id-meta":"","stick-header-meta":"default","header-above-stick-meta":"","header-main-stick-meta":"","header-below-stick-meta":"","astra-migrate-meta-layouts":"set","ast-page-background-enabled":"default","ast-page-background-meta":{"desktop":{"background-color":"","background-image":"","background-repeat":"repeat","background-position":"center center","background-size":"auto","background-attachment":"scroll","background-type":"","background-media":"","overlay-type":"","overlay-color":"","overlay-opacity":"","overlay-gradient":""},"tablet":{"background-color":"","background-image":"","background-repeat":"repeat","background-position":"center center","background-size":"auto","background-attachment":"scroll","background-type":"","background-media":"","overlay-type":"","overlay-color":"","overlay-opacity":"","overlay-gradient":""},"mobile":{"background-color":"","background-image":"","background-repeat":"repeat","background-position":"center center","background-size":"auto","background-attachment":"scroll","background-type":"","background-media":"","overlay-type":"","overlay-color":"","overlay-opacity":"","overlay-gradient":""}},"ast-content-background-meta":{"desktop":{"background-color":"var(--ast-global-color-5)","background-image":"","background-repeat":"repeat","background-position":"center center","background-size":"auto","background-attachment":"scroll","background-type":"","background-media":"","overlay-type":"","overlay-color":"","overlay-opacity":"","overlay-gradient":""},"tablet":{"background-color":"var(--ast-global-color-5)","background-image":"","background-repeat":"repeat","background-position":"center center","background-size":"auto","background-attachment":"scroll","background-type":"","background-media":"","overlay-type":"","overlay-color":"","overlay-opacity":"","overlay-gradient":""},"mobile":{"background-color":"var(--ast-global-color-5)","background-image":"","background-repeat":"repeat","background-position":"center center","background-size":"auto","background-attachment":"scroll","background-type":"","background-media":"","overlay-type":"","overlay-color":"","overlay-opacity":"","overlay-gradient":""}}},"product_brand":[],"product_cat":[112,127,130,126,123,118,117,121,120,124,125,119,122,132,284,79],"product_tag":[158,154,150,153],"class_list":{"0":"post-4446","1":"product","2":"type-product","3":"status-publish","4":"has-post-thumbnail","6":"product_cat-40k-puffs-disposable-vape","7":"product_cat-big-puff-vape","8":"product_cat-box-vapes","9":"product_cat-disposable-vapes-in-austria","10":"product_cat-disposable-vapes-in-belgium","11":"product_cat-disposable-vapes-in-france","12":"product_cat-disposable-vapes-in-germany","13":"product_cat-disposable-vapes-in-italy","14":"product_cat-disposable-vapes-in-netherlands","15":"product_cat-disposable-vapes-in-poland","16":"product_cat-disposable-vapes-in-portugal","17":"product_cat-disposable-vapes-in-spain","18":"product_cat-disposable-vapes-in-sweden","19":"product_cat-dual-flavor-vapes","20":"product_cat-featured-disposable-vapes","21":"product_cat-fihp-vape","22":"product_tag-40k-vape","23":"product_tag-mesh-coil","24":"product_tag-mtl-vape","25":"product_tag-vape-wholesale","26":"desktop-align-center","27":"tablet-align-center","28":"mobile-align-center","29":"ast-product-gallery-layout-horizontal-slider","30":"ast-product-single-variable","31":"ast-product-tabs-layout-horizontal","33":"first","34":"instock","35":"sale","36":"featured","37":"shipping-taxable","38":"purchasable","39":"product-type-variable"},"yoast_head":"<!-- This site is optimized with the Yoast SEO Premium plugin v26.0 (Yoast SEO v27.4) - https:\/\/yoast.com\/product\/yoast-seo-premium-wordpress\/ -->\n<title>FIHP 40K Disposable Vape \u2013 40,000 Puffs Dual Flavor Rechargeable E-Cigarette<\/title>\n<meta name=\"description\" content=\"Experience the FIHP 40K rechargeable disposable vape with up to 40,000 puffs and dual flavors. Convenient, long-lasting, and perfect for enjoying smooth vaping anytime, anywhere.\" \/>\n<meta name=\"robots\" content=\"index, follow, max-snippet:-1, max-image-preview:large, max-video-preview:-1\" \/>\n<link rel=\"canonical\" href=\"https:\/\/kylinvape.com\/de\/product\/fihp-40000-doube-flavor\/\" \/>\n<meta property=\"og:locale\" content=\"de_DE\" \/>\n<meta property=\"og:type\" content=\"article\" \/>\n<meta property=\"og:title\" content=\"FIHP 40K 40000 Puffs Dual Flavor Rechargeable Disposable Vape\" \/>\n<meta property=\"og:description\" content=\"Experience the FIHP 40K rechargeable disposable vape with up to 40,000 puffs and dual flavors. Convenient, long-lasting, and perfect for enjoying smooth vaping anytime, anywhere.\" \/>\n<meta property=\"og:url\" content=\"https:\/\/kylinvape.com\/de\/product\/fihp-40000-doube-flavor\/\" \/>\n<meta property=\"og:site_name\" content=\"Kylin Vape\" \/>\n<meta property=\"article:modified_time\" content=\"2025-10-13T14:02:53+00:00\" \/>\n<meta property=\"og:image\" content=\"https:\/\/kylinvape.com\/wp-content\/uploads\/2025\/08\/\u573a\u666f\u6d77\u62a5_H-5.webp\" \/>\n\t<meta property=\"og:image:width\" content=\"1500\" \/>\n\t<meta property=\"og:image:height\" content=\"1500\" \/>\n\t<meta property=\"og:image:type\" content=\"image\/webp\" \/>\n<meta name=\"twitter:card\" content=\"summary_large_image\" \/>\n<meta name=\"twitter:label1\" content=\"Verf\u00fcgbarkeit\" \/>\n\t<meta name=\"twitter:data1\" content=\"Auf Lager\" \/>\n<script type=\"application\/ld+json\" class=\"yoast-schema-graph\">{\"@context\":\"https:\\\/\\\/schema.org\",\"@graph\":[{\"@type\":\"WebPage\",\"@id\":\"https:\\\/\\\/kylinvape.com\\\/product\\\/fihp-40000-doube-flavor\\\/\",\"url\":\"https:\\\/\\\/kylinvape.com\\\/product\\\/fihp-40000-doube-flavor\\\/\",\"name\":\"FIHP 40K Disposable Vape \u2013 40,000 Puffs Dual Flavor Rechargeable E-Cigarette\",\"isPartOf\":{\"@id\":\"https:\\\/\\\/lightgoldenrodyellow-wildcat-131089.hostingersite.com\\\/en\\\/#website\"},\"primaryImageOfPage\":{\"@id\":\"https:\\\/\\\/kylinvape.com\\\/product\\\/fihp-40000-doube-flavor\\\/#primaryimage\"},\"image\":{\"@id\":\"https:\\\/\\\/kylinvape.com\\\/product\\\/fihp-40000-doube-flavor\\\/#primaryimage\"},\"thumbnailUrl\":\"https:\\\/\\\/kylinvape.com\\\/wp-content\\\/uploads\\\/2025\\\/08\\\/\u573a\u666f\u6d77\u62a5_H-5.webp\",\"datePublished\":\"2025-08-20T14:24:11+00:00\",\"dateModified\":\"2025-10-13T14:02:53+00:00\",\"description\":\"Experience the FIHP 40K rechargeable disposable vape with up to 40,000 puffs and dual flavors. Convenient, long-lasting, and perfect for enjoying smooth vaping anytime, anywhere.\",\"breadcrumb\":{\"@id\":\"https:\\\/\\\/kylinvape.com\\\/product\\\/fihp-40000-doube-flavor\\\/#breadcrumb\"},\"inLanguage\":\"de\",\"potentialAction\":[{\"@type\":\"ReadAction\",\"target\":[\"https:\\\/\\\/kylinvape.com\\\/product\\\/fihp-40000-doube-flavor\\\/\"]}]},{\"@type\":\"ImageObject\",\"inLanguage\":\"de\",\"@id\":\"https:\\\/\\\/kylinvape.com\\\/product\\\/fihp-40000-doube-flavor\\\/#primaryimage\",\"url\":\"https:\\\/\\\/kylinvape.com\\\/wp-content\\\/uploads\\\/2025\\\/08\\\/\u573a\u666f\u6d77\u62a5_H-5.webp\",\"contentUrl\":\"https:\\\/\\\/kylinvape.com\\\/wp-content\\\/uploads\\\/2025\\\/08\\\/\u573a\u666f\u6d77\u62a5_H-5.webp\",\"width\":1500,\"height\":1500,\"caption\":\"FIHP 40K dual flavor disposable vape front view\"},{\"@type\":\"BreadcrumbList\",\"@id\":\"https:\\\/\\\/kylinvape.com\\\/product\\\/fihp-40000-doube-flavor\\\/#breadcrumb\",\"itemListElement\":[{\"@type\":\"ListItem\",\"position\":1,\"name\":\"Home\",\"item\":\"https:\\\/\\\/lightgoldenrodyellow-wildcat-131089.hostingersite.com\\\/en\\\/\"},{\"@type\":\"ListItem\",\"position\":2,\"name\":\"Shop\",\"item\":\"https:\\\/\\\/lightgoldenrodyellow-wildcat-131089.hostingersite.com\\\/en\\\/shop\\\/\"},{\"@type\":\"ListItem\",\"position\":3,\"name\":\"FIHP 40K 40000 Puffs Dual Flavor Rechargeable Disposable Vape\"}]},{\"@type\":\"WebSite\",\"@id\":\"https:\\\/\\\/lightgoldenrodyellow-wildcat-131089.hostingersite.com\\\/en\\\/#website\",\"url\":\"https:\\\/\\\/lightgoldenrodyellow-wildcat-131089.hostingersite.com\\\/en\\\/\",\"name\":\"Kylin Vape\",\"description\":\"Kylin Vape\",\"publisher\":{\"@id\":\"https:\\\/\\\/lightgoldenrodyellow-wildcat-131089.hostingersite.com\\\/en\\\/#organization\"},\"potentialAction\":[{\"@type\":\"SearchAction\",\"target\":{\"@type\":\"EntryPoint\",\"urlTemplate\":\"https:\\\/\\\/lightgoldenrodyellow-wildcat-131089.hostingersite.com\\\/en\\\/?s={search_term_string}\"},\"query-input\":{\"@type\":\"PropertyValueSpecification\",\"valueRequired\":true,\"valueName\":\"search_term_string\"}}],\"inLanguage\":\"de\"},{\"@type\":\"Organization\",\"@id\":\"https:\\\/\\\/lightgoldenrodyellow-wildcat-131089.hostingersite.com\\\/en\\\/#organization\",\"name\":\"Kylin Vape\",\"url\":\"https:\\\/\\\/lightgoldenrodyellow-wildcat-131089.hostingersite.com\\\/en\\\/\",\"logo\":{\"@type\":\"ImageObject\",\"inLanguage\":\"de\",\"@id\":\"https:\\\/\\\/lightgoldenrodyellow-wildcat-131089.hostingersite.com\\\/en\\\/#\\\/schema\\\/logo\\\/image\\\/\",\"url\":\"https:\\\/\\\/kylinvape.com\\\/wp-content\\\/uploads\\\/2025\\\/08\\\/1-1.webp\",\"contentUrl\":\"https:\\\/\\\/kylinvape.com\\\/wp-content\\\/uploads\\\/2025\\\/08\\\/1-1.webp\",\"width\":384,\"height\":397,\"caption\":\"Kylin Vape\"},\"image\":{\"@id\":\"https:\\\/\\\/lightgoldenrodyellow-wildcat-131089.hostingersite.com\\\/en\\\/#\\\/schema\\\/logo\\\/image\\\/\"}}]}<\/script>\n<meta property=\"og:availability\" content=\"instock\" \/>\n<meta property=\"product:availability\" content=\"instock\" \/>\n<meta property=\"product:condition\" content=\"new\" \/>\n<!-- \/ Yoast SEO Premium plugin. -->","yoast_head_json":{"title":"FIHP 40K Einweg-E-Zigarette \u2013 Wiederaufladbare E-Zigarette mit zwei Geschmacksrichtungen f\u00fcr 40.000 Z\u00fcge","description":"Erleben Sie die wiederaufladbare Einweg-E-Zigarette FIHP 40K mit bis zu 40.000 Z\u00fcgen und zwei Geschmacksrichtungen. Praktisch, langlebig und perfekt f\u00fcr sanftes Dampfen jederzeit und \u00fcberall.","robots":{"index":"index","follow":"follow","max-snippet":"max-snippet:-1","max-image-preview":"max-image-preview:large","max-video-preview":"max-video-preview:-1"},"canonical":"https:\/\/kylinvape.com\/de\/product\/fihp-40000-doube-flavor\/","og_locale":"de_DE","og_type":"article","og_title":"FIHP 40K 40000 Puffs Dual Flavor Rechargeable Disposable Vape","og_description":"Experience the FIHP 40K rechargeable disposable vape with up to 40,000 puffs and dual flavors. Convenient, long-lasting, and perfect for enjoying smooth vaping anytime, anywhere.","og_url":"https:\/\/kylinvape.com\/de\/product\/fihp-40000-doube-flavor\/","og_site_name":"Kylin Vape","article_modified_time":"2025-10-13T14:02:53+00:00","og_image":[{"width":1500,"height":1500,"url":"https:\/\/kylinvape.com\/wp-content\/uploads\/2025\/08\/\u573a\u666f\u6d77\u62a5_H-5.webp","type":"image\/webp"}],"twitter_card":"summary_large_image","twitter_misc":{"Verf\u00fcgbarkeit":"Auf Lager"},"schema":{"@context":"https:\/\/schema.org","@graph":[{"@type":"WebPage","@id":"https:\/\/kylinvape.com\/product\/fihp-40000-doube-flavor\/","url":"https:\/\/kylinvape.com\/product\/fihp-40000-doube-flavor\/","name":"FIHP 40K Einweg-E-Zigarette \u2013 Wiederaufladbare E-Zigarette mit zwei Geschmacksrichtungen f\u00fcr 40.000 Z\u00fcge","isPartOf":{"@id":"https:\/\/lightgoldenrodyellow-wildcat-131089.hostingersite.com\/en\/#website"},"primaryImageOfPage":{"@id":"https:\/\/kylinvape.com\/product\/fihp-40000-doube-flavor\/#primaryimage"},"image":{"@id":"https:\/\/kylinvape.com\/product\/fihp-40000-doube-flavor\/#primaryimage"},"thumbnailUrl":"https:\/\/kylinvape.com\/wp-content\/uploads\/2025\/08\/\u573a\u666f\u6d77\u62a5_H-5.webp","datePublished":"2025-08-20T14:24:11+00:00","dateModified":"2025-10-13T14:02:53+00:00","description":"Erleben Sie die wiederaufladbare Einweg-E-Zigarette FIHP 40K mit bis zu 40.000 Z\u00fcgen und zwei Geschmacksrichtungen. Praktisch, langlebig und perfekt f\u00fcr sanftes Dampfen jederzeit und \u00fcberall.","breadcrumb":{"@id":"https:\/\/kylinvape.com\/product\/fihp-40000-doube-flavor\/#breadcrumb"},"inLanguage":"de","potentialAction":[{"@type":"ReadAction","target":["https:\/\/kylinvape.com\/product\/fihp-40000-doube-flavor\/"]}]},{"@type":"ImageObject","inLanguage":"de","@id":"https:\/\/kylinvape.com\/product\/fihp-40000-doube-flavor\/#primaryimage","url":"https:\/\/kylinvape.com\/wp-content\/uploads\/2025\/08\/\u573a\u666f\u6d77\u62a5_H-5.webp","contentUrl":"https:\/\/kylinvape.com\/wp-content\/uploads\/2025\/08\/\u573a\u666f\u6d77\u62a5_H-5.webp","width":1500,"height":1500,"caption":"FIHP 40K dual flavor disposable vape front view"},{"@type":"BreadcrumbList","@id":"https:\/\/kylinvape.com\/product\/fihp-40000-doube-flavor\/#breadcrumb","itemListElement":[{"@type":"ListItem","position":1,"name":"Home","item":"https:\/\/lightgoldenrodyellow-wildcat-131089.hostingersite.com\/en\/"},{"@type":"ListItem","position":2,"name":"Shop","item":"https:\/\/lightgoldenrodyellow-wildcat-131089.hostingersite.com\/en\/shop\/"},{"@type":"ListItem","position":3,"name":"FIHP 40K 40000 Puffs Dual Flavor Rechargeable Disposable Vape"}]},{"@type":"WebSite","@id":"https:\/\/lightgoldenrodyellow-wildcat-131089.hostingersite.com\/en\/#website","url":"https:\/\/lightgoldenrodyellow-wildcat-131089.hostingersite.com\/en\/","name":"Kylin Vape","description":"Kylin Vape","publisher":{"@id":"https:\/\/lightgoldenrodyellow-wildcat-131089.hostingersite.com\/en\/#organization"},"potentialAction":[{"@type":"SearchAction","target":{"@type":"EntryPoint","urlTemplate":"https:\/\/lightgoldenrodyellow-wildcat-131089.hostingersite.com\/en\/?s={search_term_string}"},"query-input":{"@type":"PropertyValueSpecification","valueRequired":true,"valueName":"search_term_string"}}],"inLanguage":"de"},{"@type":"Organization","@id":"https:\/\/lightgoldenrodyellow-wildcat-131089.hostingersite.com\/en\/#organization","name":"Kylin Vape","url":"https:\/\/lightgoldenrodyellow-wildcat-131089.hostingersite.com\/en\/","logo":{"@type":"ImageObject","inLanguage":"de","@id":"https:\/\/lightgoldenrodyellow-wildcat-131089.hostingersite.com\/en\/#\/schema\/logo\/image\/","url":"https:\/\/kylinvape.com\/wp-content\/uploads\/2025\/08\/1-1.webp","contentUrl":"https:\/\/kylinvape.com\/wp-content\/uploads\/2025\/08\/1-1.webp","width":384,"height":397,"caption":"Kylin Vape"},"image":{"@id":"https:\/\/lightgoldenrodyellow-wildcat-131089.hostingersite.com\/en\/#\/schema\/logo\/image\/"}}]},"og_availability":"instock","product_availability":"instock","product_condition":"new"},"_links":{"self":[{"href":"https:\/\/kylinvape.com\/de\/wp-json\/wp\/v2\/product\/4446","targetHints":{"allow":["GET"]}}],"collection":[{"href":"https:\/\/kylinvape.com\/de\/wp-json\/wp\/v2\/product"}],"about":[{"href":"https:\/\/kylinvape.com\/de\/wp-json\/wp\/v2\/types\/product"}],"replies":[{"embeddable":true,"href":"https:\/\/kylinvape.com\/de\/wp-json\/wp\/v2\/comments?post=4446"}],"wp:featuredmedia":[{"embeddable":true,"href":"https:\/\/kylinvape.com\/de\/wp-json\/wp\/v2\/media\/10050"}],"wp:attachment":[{"href":"https:\/\/kylinvape.com\/de\/wp-json\/wp\/v2\/media?parent=4446"}],"wp:term":[{"taxonomy":"product_brand","embeddable":true,"href":"https:\/\/kylinvape.com\/de\/wp-json\/wp\/v2\/product_brand?post=4446"},{"taxonomy":"product_cat","embeddable":true,"href":"https:\/\/kylinvape.com\/de\/wp-json\/wp\/v2\/product_cat?post=4446"},{"taxonomy":"product_tag","embeddable":true,"href":"https:\/\/kylinvape.com\/de\/wp-json\/wp\/v2\/product_tag?post=4446"}],"curies":[{"name":"wp","href":"https:\/\/api.w.org\/{rel}","templated":true}]}}