{"id":4836,"date":"2025-09-09T08:27:45","date_gmt":"2025-09-09T08:27:45","guid":{"rendered":"https:\/\/kylinvape.com\/?post_type=product&#038;p=4836"},"modified":"2025-10-13T14:05:45","modified_gmt":"2025-10-13T14:05:45","slug":"fihp-36k-disposable-vape-36000-puffs-dual-flavor","status":"publish","type":"product","link":"https:\/\/kylinvape.com\/de\/product\/fihp-36k-disposable-vape-36000-puffs-dual-flavor\/","title":{"rendered":"FIHP 36K Einweg-E-Zigarette | 36.000 Z\u00fcge, Dual-Aromen, wiederaufladbare Smart-E-Zigarette mit Vollbildanzeige"},"content":{"rendered":"<h1>FIHP 36K Einweg-E-Zigarette \u2013 Wiederaufladbarer Vape Pen mit Mesh-Coil und Smart-Display f\u00fcr 36.000 Z\u00fcge mit zwei Geschmacksrichtungen.<\/h1>\n<p>Der <strong>FIHP 36K Einweg-E-Zigarette<\/strong> wurde f\u00fcr Dampfer entwickelt, die beides wollen <strong>Flexibilit\u00e4t bei Leistung und Geschmack<\/strong>. Mit <strong>Umschaltung zwischen zwei Geschmacksrichtungen<\/strong>, So k\u00f6nnen Sie zwei Geschmacksrichtungen in einem Ger\u00e4t genie\u00dfen. <strong>Kapazit\u00e4t von 36000 Z\u00fcgen<\/strong>, <strong>wiederaufladbarer 850-mAh-Akku<\/strong>, Und <strong>intelligentes Vollbilddisplay<\/strong> Mach das <strong>Einweg-Vape-Stift<\/strong> eine hervorragende Wahl f\u00fcr beide<strong> MTL-Dampf<\/strong> Und <strong>DTL-Dampf<\/strong> Liebhaber. Perfekt f\u00fcr einzelne Dampfer und <strong>Gro\u00dfhandel mit E-Zigaretten in ganz Europa.<\/strong><\/p>\n<p>Der FIHP 36K ist eine Premium-L\u00f6sung f\u00fcr alle, die suchen <strong>Big Puff Einweg-E-Zigaretten<\/strong> mit erweiterten Funktionen.<\/p>\n<div class=\"ast-oembed-container\" style=\"height: 100%;\"><iframe title=\"FIHP 36000 Doppelgeschmack\" width=\"500\" height=\"281\" src=\"https:\/\/www.youtube.com\/embed\/tljsPDga7oc?feature=oembed\" frameborder=\"0\" allow=\"accelerometer; autoplay; clipboard-write; encrypted-media; gyroscope; picture-in-picture; web-share\" referrerpolicy=\"strict-origin-when-cross-origin\" allowfullscreen><\/iframe><\/div>\n<h2>\ud83d\udd39FIHP 36000 Hauptmerkmale<\/h2>\n<p>\u2022 <strong>Kapazit\u00e4t: 36.000 Z\u00fcge<\/strong> \u2013 Verl\u00e4ngerte Lebensdauer f\u00fcr starke Dampfer.<\/p>\n<p><strong>\u2022 Dual-Aromen-Pods (16 ml + 16 ml)<\/strong> \u2013 Genie\u00dfen Sie zwei Geschmacksrichtungen in einem Ger\u00e4t.<\/p>\n<p><strong>\u2022 Vollst\u00e4ndiges Smart-Screen-Display<\/strong> \u2013 Echtzeit\u00fcberwachung von Akku und E-Liquid.<\/p>\n<p><strong>\u2022 Maschenspule 0,9 \u03a9 + 0,9 \u03a9<\/strong> \u2013 Bessere Heizleistung, intensiverer Geschmack und feinere Dampfwolken.<\/p>\n<p><strong>\u2022 Wiederaufladbarer 850-mAh-Akku<\/strong> \u2013 Schnellladefunktion \u00fcber USB-C f\u00fcr mehr Komfort.<\/p>\n<p><strong>\u2022 Nikotinoptionen<\/strong> \u2013 Erh\u00e4ltlich in 2% und 5%.<\/p>\n<p><strong>\u2022 Kompaktes Vape-Box-Design<\/strong> \u2013 Leicht zu transportieren, stilvoll und langlebig.<\/p>\n<p><strong>\u2022 F\u00fcr den Gro\u00dfhandel geeignet<\/strong> \u2013 Entwickelt f\u00fcr <strong>E-Zigaretten-Gro\u00dfhandel Europa, H\u00e4ndler von wiederaufladbaren E-Zigaretten,<\/strong> Und <strong>Online-H\u00e4ndler f\u00fcr E-Zigaretten<\/strong>.<\/p>\n<h2>\ud83d\udd39FIHP 36000 Spezifikationen<\/h2>\n<p>\u2022 <strong>Puffs<\/strong>: 36000<\/p>\n<p>\u2022 <strong>Doppelgeschmack<\/strong>Ja (12\u00d72 Kombinationen)<\/p>\n<p>\u2022 <strong>Maschenspule<\/strong>: 0,9 \u03a9 + 0,9 \u03a9<\/p>\n<p>\u2022 <strong>E-Liquid-Kapazit\u00e4t<\/strong>: 32 ml (16 ml + 16 ml)<\/p>\n<p>\u2022 <strong>Nikotinst\u00e4rke<\/strong>: 2% \/ 5%<\/p>\n<p>\u2022 <strong>Batterie<\/strong>850 mAh wiederaufladbar<\/p>\n<p>\u2022<strong> Ladeanschluss<\/strong>Typ C<\/p>\n<p>\u2022 <strong>Anzeige<\/strong>Vollst\u00e4ndiger Smart-Bildschirm<\/p>\n<h2>\ud83d\udd39FIHP 36000 Geschmack<\/h2>\n<p>01. Wassermeloneneis \/ Doppelapfeleis<\/p>\n<p>02. Erdbeer-Wassermelone \/ Erdbeer-Mango<\/p>\n<p>03. Kirsch-Eis \/ Blaubeer-Himbeere<\/p>\n<p>04. Erdbeer-Red Bull \/ Erdbeer-Kiwi<\/p>\n<p>05. Traubeneis \/ Gemischte Beeren<\/p>\n<p>06. Pfirsicheis \/ Erdbeer-Banane<\/p>\n<p>07. Blaubeereis \/ Erdbeer-Himbeer-Kirsche<\/p>\n<p>08. Wassermelone-Mango-Pfirsich \/ Pfirsich-Beere<\/p>\n<p>09. Blaubeer-Himbeer-Limonade \/ Zitrone-Limette<\/p>\n<p>10. Wassermelonen-Kaugummi \/ Erdbeereis<\/p>\n<p>11. Cherry Cola Ice \/ Blue Razz<\/p>\n<p>12. Red Bull Ice \/ Erdbeer-Kirsche<\/p>\n<h2>\ud83d\udd39FIHP 36000 FAQ<\/h2>\n<p><strong>Frage 1: Wie viele Z\u00fcge liefert das FIHP 36K?<\/strong><br \/>\nA: Bis zu <strong>36000 Z\u00fcge<\/strong>, Ideal f\u00fcr l\u00e4ngere Dampfsitzungen.<\/p>\n<p><strong>F2: Kann ich zwischen zwei Geschmacksrichtungen wechseln?<\/strong><br \/>\nA: Ja, der FIHP 36K verf\u00fcgt \u00fcber einen <strong>Dual-Aromen-System<\/strong> f\u00fcr schnelles Umschalten.<\/p>\n<p><strong>Frage 3: Ist es wiederaufladbar?<\/strong><br \/>\nA: Ja, es hat ein <strong>Wiederaufladbarer 850-mAh-Akku mit Typ-C-Ladeanschluss<\/strong>.<\/p>\n<p><strong>Frage 4: Welche Anzeigefunktionen sind enthalten?<\/strong><br \/>\nA: Die <strong>vollst\u00e4ndiges Smart-Screen-Display<\/strong> Zeigt die Anzahl der Z\u00fcge, den Akkustand und den Status des E-Liquids an.<\/p>\n<p><strong>Frage 5: Welche Nikotinst\u00e4rken sind erh\u00e4ltlich?<\/strong><br \/>\nA: Verf\u00fcgbar in <strong>Nikotinst\u00e4rken von 2% und 5%<\/strong>.<\/p>\n<p><strong>F6: Ist dieses Ger\u00e4t f\u00fcr den Gro\u00dfhandel geeignet?<\/strong><br \/>\nA: Ja, es ist sowohl f\u00fcr den pers\u00f6nlichen Gebrauch als auch f\u00fcr den Gebrauch im Allgemeinen konzipiert. <a href=\"https:\/\/kylinvape.com\/de\/product-category\/disposable-vapes-in-europe\/disposable-vapes-in-germany\/\"><strong>E-Zigaretten-Gro\u00dfhandel Europa<\/strong><\/a>.<\/p>","protected":false},"excerpt":{"rendered":"<p>Der <strong>FIHP 36K Einweg-E-Zigarette <\/strong>Angebote <strong>36000 Z\u00fcge mit<\/strong> a <a href=\"https:\/\/kylinvape.com\/de\/product-category\/types-of-vapes\/dual-flavor-vapes\/\"><strong>Dual-Aromen-System<\/strong><\/a>, A <strong>Smart-Display im Vollbildmodus<\/strong>, und ein <strong>850-mAh-Akku mit Typ-C-Anschluss<\/strong>. Mit <strong>32 ml E-Liquid-Kapazit\u00e4t<\/strong> Und <strong>Maschenspulentechnologie<\/strong>, Es garantiert vollen Geschmack, sanften Dampf und langanhaltende Leistung.<\/p>","protected":false},"featured_media":4841,"comment_status":"open","ping_status":"closed","template":"","meta":{"site-sidebar-layout":"default","site-content-layout":"","ast-site-content-layout":"default","site-content-style":"default","site-sidebar-style":"default","ast-global-header-display":"","ast-banner-title-visibility":"","ast-main-header-display":"","ast-hfb-above-header-display":"","ast-hfb-below-header-display":"","ast-hfb-mobile-header-display":"","site-post-title":"","ast-breadcrumbs-content":"","ast-featured-img":"","footer-sml-layout":"","ast-disable-related-posts":"","theme-transparent-header-meta":"default","adv-header-id-meta":"","stick-header-meta":"default","header-above-stick-meta":"","header-main-stick-meta":"","header-below-stick-meta":"","astra-migrate-meta-layouts":"set","ast-page-background-enabled":"default","ast-page-background-meta":{"desktop":{"background-color":"","background-image":"","background-repeat":"repeat","background-position":"center center","background-size":"auto","background-attachment":"scroll","background-type":"","background-media":"","overlay-type":"","overlay-color":"","overlay-opacity":"","overlay-gradient":""},"tablet":{"background-color":"","background-image":"","background-repeat":"repeat","background-position":"center center","background-size":"auto","background-attachment":"scroll","background-type":"","background-media":"","overlay-type":"","overlay-color":"","overlay-opacity":"","overlay-gradient":""},"mobile":{"background-color":"","background-image":"","background-repeat":"repeat","background-position":"center center","background-size":"auto","background-attachment":"scroll","background-type":"","background-media":"","overlay-type":"","overlay-color":"","overlay-opacity":"","overlay-gradient":""}},"ast-content-background-meta":{"desktop":{"background-color":"var(--ast-global-color-5)","background-image":"","background-repeat":"repeat","background-position":"center center","background-size":"auto","background-attachment":"scroll","background-type":"","background-media":"","overlay-type":"","overlay-color":"","overlay-opacity":"","overlay-gradient":""},"tablet":{"background-color":"var(--ast-global-color-5)","background-image":"","background-repeat":"repeat","background-position":"center center","background-size":"auto","background-attachment":"scroll","background-type":"","background-media":"","overlay-type":"","overlay-color":"","overlay-opacity":"","overlay-gradient":""},"mobile":{"background-color":"var(--ast-global-color-5)","background-image":"","background-repeat":"repeat","background-position":"center center","background-size":"auto","background-attachment":"scroll","background-type":"","background-media":"","overlay-type":"","overlay-color":"","overlay-opacity":"","overlay-gradient":""}}},"product_brand":[],"product_cat":[141,127,130,126,123,118,117,121,120,124,125,119,122,132,284,79,131],"product_tag":[160,162,161,152],"class_list":{"0":"post-4836","1":"product","2":"type-product","3":"status-publish","4":"has-post-thumbnail","6":"product_cat-36k-puffs-disposable-vape","7":"product_cat-big-puff-vape","8":"product_cat-box-vapes","9":"product_cat-disposable-vapes-in-austria","10":"product_cat-disposable-vapes-in-belgium","11":"product_cat-disposable-vapes-in-france","12":"product_cat-disposable-vapes-in-germany","13":"product_cat-disposable-vapes-in-italy","14":"product_cat-disposable-vapes-in-netherlands","15":"product_cat-disposable-vapes-in-poland","16":"product_cat-disposable-vapes-in-portugal","17":"product_cat-disposable-vapes-in-spain","18":"product_cat-disposable-vapes-in-sweden","19":"product_cat-dual-flavor-vapes","20":"product_cat-featured-disposable-vapes","21":"product_cat-fihp-vape","22":"product_cat-rechargeable-vapes","23":"product_tag-36k-vape","24":"product_tag-double-flavor-vape","25":"product_tag-full-screen-vape","26":"product_tag-smart-vape","27":"desktop-align-center","28":"tablet-align-center","29":"mobile-align-center","30":"ast-product-gallery-layout-horizontal-slider","31":"ast-product-single-variable","32":"ast-product-tabs-layout-horizontal","34":"first","35":"instock","36":"sale","37":"shipping-taxable","38":"purchasable","39":"product-type-variable"},"yoast_head":"<!-- This site is optimized with the Yoast SEO Premium plugin v26.0 (Yoast SEO v27.4) - https:\/\/yoast.com\/product\/yoast-seo-premium-wordpress\/ -->\n<title>FIHP 36K Disposable Vape | 36000 Puffs Dual Flavor Rechargeable Smart Vape Box<\/title>\n<meta name=\"description\" content=\"Discover the FIHP 36K Disposable Vape with 36000 puffs, dual flavor switch, 850mAh rechargeable Type-C battery, and full screen smart display. Featuring 32ml e-liquid and 0.9\u03a9 mesh coil, it delivers smooth MTL &amp; DTL vaping. Perfect for personal use and vape wholesale Europe.\" \/>\n<meta name=\"robots\" content=\"index, follow, max-snippet:-1, max-image-preview:large, max-video-preview:-1\" \/>\n<link rel=\"canonical\" href=\"https:\/\/lightgoldenrodyellow-wildcat-131089.hostingersite.com\/en\/product\/fihp-36k-disposable-vape-36000-puffs-dual-flavor\/\" \/>\n<meta property=\"og:locale\" content=\"de_DE\" \/>\n<meta property=\"og:type\" content=\"article\" \/>\n<meta property=\"og:title\" content=\"FIHP 36K Disposable Vape | 36000 Puffs Dual Flavor Rechargeable Smart Vape with Full Screen Display\" \/>\n<meta property=\"og:description\" content=\"Discover the FIHP 36K Disposable Vape with 36000 puffs, dual flavor switch, 850mAh rechargeable Type-C battery, and full screen smart display. Featuring 32ml e-liquid and 0.9\u03a9 mesh coil, it delivers smooth MTL &amp; DTL vaping. Perfect for personal use and vape wholesale Europe.\" \/>\n<meta property=\"og:url\" content=\"https:\/\/lightgoldenrodyellow-wildcat-131089.hostingersite.com\/en\/product\/fihp-36k-disposable-vape-36000-puffs-dual-flavor\/\" \/>\n<meta property=\"og:site_name\" content=\"Kylin Vape\" \/>\n<meta property=\"article:modified_time\" content=\"2025-10-13T14:05:45+00:00\" \/>\n<meta property=\"og:image\" content=\"https:\/\/kylinvape.com\/wp-content\/uploads\/2025\/09\/\u6d77\u62a5\u56fe-02.webp\" \/>\n\t<meta property=\"og:image:width\" content=\"1600\" \/>\n\t<meta property=\"og:image:height\" content=\"1598\" \/>\n\t<meta property=\"og:image:type\" content=\"image\/webp\" \/>\n<meta name=\"twitter:card\" content=\"summary_large_image\" \/>\n<meta name=\"twitter:label1\" content=\"Verf\u00fcgbarkeit\" \/>\n\t<meta name=\"twitter:data1\" content=\"Auf Lager\" \/>\n<script type=\"application\/ld+json\" class=\"yoast-schema-graph\">{\"@context\":\"https:\\\/\\\/schema.org\",\"@graph\":[{\"@type\":\"WebPage\",\"@id\":\"https:\\\/\\\/lightgoldenrodyellow-wildcat-131089.hostingersite.com\\\/en\\\/product\\\/fihp-36k-disposable-vape-36000-puffs-dual-flavor\\\/\",\"url\":\"https:\\\/\\\/lightgoldenrodyellow-wildcat-131089.hostingersite.com\\\/en\\\/product\\\/fihp-36k-disposable-vape-36000-puffs-dual-flavor\\\/\",\"name\":\"FIHP 36K Disposable Vape | 36000 Puffs Dual Flavor Rechargeable Smart Vape Box\",\"isPartOf\":{\"@id\":\"https:\\\/\\\/lightgoldenrodyellow-wildcat-131089.hostingersite.com\\\/en\\\/#website\"},\"primaryImageOfPage\":{\"@id\":\"https:\\\/\\\/lightgoldenrodyellow-wildcat-131089.hostingersite.com\\\/en\\\/product\\\/fihp-36k-disposable-vape-36000-puffs-dual-flavor\\\/#primaryimage\"},\"image\":{\"@id\":\"https:\\\/\\\/lightgoldenrodyellow-wildcat-131089.hostingersite.com\\\/en\\\/product\\\/fihp-36k-disposable-vape-36000-puffs-dual-flavor\\\/#primaryimage\"},\"thumbnailUrl\":\"https:\\\/\\\/kylinvape.com\\\/wp-content\\\/uploads\\\/2025\\\/09\\\/\u6d77\u62a5\u56fe-02.webp\",\"datePublished\":\"2025-09-09T08:27:45+00:00\",\"dateModified\":\"2025-10-13T14:05:45+00:00\",\"description\":\"Discover the FIHP 36K Disposable Vape with 36000 puffs, dual flavor switch, 850mAh rechargeable Type-C battery, and full screen smart display. Featuring 32ml e-liquid and 0.9\u03a9 mesh coil, it delivers smooth MTL & DTL vaping. Perfect for personal use and vape wholesale Europe.\",\"breadcrumb\":{\"@id\":\"https:\\\/\\\/lightgoldenrodyellow-wildcat-131089.hostingersite.com\\\/en\\\/product\\\/fihp-36k-disposable-vape-36000-puffs-dual-flavor\\\/#breadcrumb\"},\"inLanguage\":\"de\",\"potentialAction\":[{\"@type\":\"ReadAction\",\"target\":[\"https:\\\/\\\/lightgoldenrodyellow-wildcat-131089.hostingersite.com\\\/en\\\/product\\\/fihp-36k-disposable-vape-36000-puffs-dual-flavor\\\/\"]}]},{\"@type\":\"ImageObject\",\"inLanguage\":\"de\",\"@id\":\"https:\\\/\\\/lightgoldenrodyellow-wildcat-131089.hostingersite.com\\\/en\\\/product\\\/fihp-36k-disposable-vape-36000-puffs-dual-flavor\\\/#primaryimage\",\"url\":\"https:\\\/\\\/kylinvape.com\\\/wp-content\\\/uploads\\\/2025\\\/09\\\/\u6d77\u62a5\u56fe-02.webp\",\"contentUrl\":\"https:\\\/\\\/kylinvape.com\\\/wp-content\\\/uploads\\\/2025\\\/09\\\/\u6d77\u62a5\u56fe-02.webp\",\"width\":1600,\"height\":1598,\"caption\":\"FIHP 36K disposable vape dual flavor smart screen\"},{\"@type\":\"BreadcrumbList\",\"@id\":\"https:\\\/\\\/lightgoldenrodyellow-wildcat-131089.hostingersite.com\\\/en\\\/product\\\/fihp-36k-disposable-vape-36000-puffs-dual-flavor\\\/#breadcrumb\",\"itemListElement\":[{\"@type\":\"ListItem\",\"position\":1,\"name\":\"Home\",\"item\":\"https:\\\/\\\/lightgoldenrodyellow-wildcat-131089.hostingersite.com\\\/en\\\/\"},{\"@type\":\"ListItem\",\"position\":2,\"name\":\"Shop\",\"item\":\"https:\\\/\\\/lightgoldenrodyellow-wildcat-131089.hostingersite.com\\\/en\\\/shop\\\/\"},{\"@type\":\"ListItem\",\"position\":3,\"name\":\"FIHP 36K Disposable Vape | 36000 Puffs Dual Flavor Rechargeable Smart Vape with Full Screen Display\"}]},{\"@type\":\"WebSite\",\"@id\":\"https:\\\/\\\/lightgoldenrodyellow-wildcat-131089.hostingersite.com\\\/en\\\/#website\",\"url\":\"https:\\\/\\\/lightgoldenrodyellow-wildcat-131089.hostingersite.com\\\/en\\\/\",\"name\":\"Kylin Vape\",\"description\":\"Kylin Vape\",\"publisher\":{\"@id\":\"https:\\\/\\\/lightgoldenrodyellow-wildcat-131089.hostingersite.com\\\/en\\\/#organization\"},\"potentialAction\":[{\"@type\":\"SearchAction\",\"target\":{\"@type\":\"EntryPoint\",\"urlTemplate\":\"https:\\\/\\\/lightgoldenrodyellow-wildcat-131089.hostingersite.com\\\/en\\\/?s={search_term_string}\"},\"query-input\":{\"@type\":\"PropertyValueSpecification\",\"valueRequired\":true,\"valueName\":\"search_term_string\"}}],\"inLanguage\":\"de\"},{\"@type\":\"Organization\",\"@id\":\"https:\\\/\\\/lightgoldenrodyellow-wildcat-131089.hostingersite.com\\\/en\\\/#organization\",\"name\":\"Kylin Vape\",\"url\":\"https:\\\/\\\/lightgoldenrodyellow-wildcat-131089.hostingersite.com\\\/en\\\/\",\"logo\":{\"@type\":\"ImageObject\",\"inLanguage\":\"de\",\"@id\":\"https:\\\/\\\/lightgoldenrodyellow-wildcat-131089.hostingersite.com\\\/en\\\/#\\\/schema\\\/logo\\\/image\\\/\",\"url\":\"https:\\\/\\\/kylinvape.com\\\/wp-content\\\/uploads\\\/2025\\\/08\\\/1-1.webp\",\"contentUrl\":\"https:\\\/\\\/kylinvape.com\\\/wp-content\\\/uploads\\\/2025\\\/08\\\/1-1.webp\",\"width\":384,\"height\":397,\"caption\":\"Kylin Vape\"},\"image\":{\"@id\":\"https:\\\/\\\/lightgoldenrodyellow-wildcat-131089.hostingersite.com\\\/en\\\/#\\\/schema\\\/logo\\\/image\\\/\"}}]}<\/script>\n<meta property=\"og:availability\" content=\"instock\" \/>\n<meta property=\"product:availability\" content=\"instock\" \/>\n<meta property=\"product:condition\" content=\"new\" \/>\n<!-- \/ Yoast SEO Premium plugin. -->","yoast_head_json":{"title":"FIHP 36K Einweg-E-Zigarette | Wiederaufladbare Smart-E-Zigarette mit zwei Geschmacksrichtungen f\u00fcr 36.000 Z\u00fcge","description":"Entdecken Sie die FIHP 36K Einweg-E-Zigarette mit 36.000 Z\u00fcgen, Dual-Aromen-Schalter, 850-mAh-Akku (USB-C) und intelligentem Vollbilddisplay. Mit 32 ml E-Liquid und 0,9-\u03a9-Mesh-Coil bietet sie sanftes MTL- und DTL-Dampfen. Ideal f\u00fcr den pers\u00f6nlichen Gebrauch und den europ\u00e4ischen E-Zigaretten-Gro\u00dfhandel.","robots":{"index":"index","follow":"follow","max-snippet":"max-snippet:-1","max-image-preview":"max-image-preview:large","max-video-preview":"max-video-preview:-1"},"canonical":"https:\/\/lightgoldenrodyellow-wildcat-131089.hostingersite.com\/en\/product\/fihp-36k-disposable-vape-36000-puffs-dual-flavor\/","og_locale":"de_DE","og_type":"article","og_title":"FIHP 36K Disposable Vape | 36000 Puffs Dual Flavor Rechargeable Smart Vape with Full Screen Display","og_description":"Discover the FIHP 36K Disposable Vape with 36000 puffs, dual flavor switch, 850mAh rechargeable Type-C battery, and full screen smart display. Featuring 32ml e-liquid and 0.9\u03a9 mesh coil, it delivers smooth MTL & DTL vaping. Perfect for personal use and vape wholesale Europe.","og_url":"https:\/\/lightgoldenrodyellow-wildcat-131089.hostingersite.com\/en\/product\/fihp-36k-disposable-vape-36000-puffs-dual-flavor\/","og_site_name":"Kylin Vape","article_modified_time":"2025-10-13T14:05:45+00:00","og_image":[{"width":1600,"height":1598,"url":"https:\/\/kylinvape.com\/wp-content\/uploads\/2025\/09\/\u6d77\u62a5\u56fe-02.webp","type":"image\/webp"}],"twitter_card":"summary_large_image","twitter_misc":{"Verf\u00fcgbarkeit":"Auf Lager"},"schema":{"@context":"https:\/\/schema.org","@graph":[{"@type":"WebPage","@id":"https:\/\/lightgoldenrodyellow-wildcat-131089.hostingersite.com\/en\/product\/fihp-36k-disposable-vape-36000-puffs-dual-flavor\/","url":"https:\/\/lightgoldenrodyellow-wildcat-131089.hostingersite.com\/en\/product\/fihp-36k-disposable-vape-36000-puffs-dual-flavor\/","name":"FIHP 36K Einweg-E-Zigarette | Wiederaufladbare Smart-E-Zigarette mit zwei Geschmacksrichtungen f\u00fcr 36.000 Z\u00fcge","isPartOf":{"@id":"https:\/\/lightgoldenrodyellow-wildcat-131089.hostingersite.com\/en\/#website"},"primaryImageOfPage":{"@id":"https:\/\/lightgoldenrodyellow-wildcat-131089.hostingersite.com\/en\/product\/fihp-36k-disposable-vape-36000-puffs-dual-flavor\/#primaryimage"},"image":{"@id":"https:\/\/lightgoldenrodyellow-wildcat-131089.hostingersite.com\/en\/product\/fihp-36k-disposable-vape-36000-puffs-dual-flavor\/#primaryimage"},"thumbnailUrl":"https:\/\/kylinvape.com\/wp-content\/uploads\/2025\/09\/\u6d77\u62a5\u56fe-02.webp","datePublished":"2025-09-09T08:27:45+00:00","dateModified":"2025-10-13T14:05:45+00:00","description":"Entdecken Sie die FIHP 36K Einweg-E-Zigarette mit 36.000 Z\u00fcgen, Dual-Aromen-Schalter, 850-mAh-Akku (USB-C) und intelligentem Vollbilddisplay. Mit 32 ml E-Liquid und 0,9-\u03a9-Mesh-Coil bietet sie sanftes MTL- und DTL-Dampfen. Ideal f\u00fcr den pers\u00f6nlichen Gebrauch und den europ\u00e4ischen E-Zigaretten-Gro\u00dfhandel.","breadcrumb":{"@id":"https:\/\/lightgoldenrodyellow-wildcat-131089.hostingersite.com\/en\/product\/fihp-36k-disposable-vape-36000-puffs-dual-flavor\/#breadcrumb"},"inLanguage":"de","potentialAction":[{"@type":"ReadAction","target":["https:\/\/lightgoldenrodyellow-wildcat-131089.hostingersite.com\/en\/product\/fihp-36k-disposable-vape-36000-puffs-dual-flavor\/"]}]},{"@type":"ImageObject","inLanguage":"de","@id":"https:\/\/lightgoldenrodyellow-wildcat-131089.hostingersite.com\/en\/product\/fihp-36k-disposable-vape-36000-puffs-dual-flavor\/#primaryimage","url":"https:\/\/kylinvape.com\/wp-content\/uploads\/2025\/09\/\u6d77\u62a5\u56fe-02.webp","contentUrl":"https:\/\/kylinvape.com\/wp-content\/uploads\/2025\/09\/\u6d77\u62a5\u56fe-02.webp","width":1600,"height":1598,"caption":"FIHP 36K disposable vape dual flavor smart screen"},{"@type":"BreadcrumbList","@id":"https:\/\/lightgoldenrodyellow-wildcat-131089.hostingersite.com\/en\/product\/fihp-36k-disposable-vape-36000-puffs-dual-flavor\/#breadcrumb","itemListElement":[{"@type":"ListItem","position":1,"name":"Home","item":"https:\/\/lightgoldenrodyellow-wildcat-131089.hostingersite.com\/en\/"},{"@type":"ListItem","position":2,"name":"Shop","item":"https:\/\/lightgoldenrodyellow-wildcat-131089.hostingersite.com\/en\/shop\/"},{"@type":"ListItem","position":3,"name":"FIHP 36K Disposable Vape | 36000 Puffs Dual Flavor Rechargeable Smart Vape with Full Screen Display"}]},{"@type":"WebSite","@id":"https:\/\/lightgoldenrodyellow-wildcat-131089.hostingersite.com\/en\/#website","url":"https:\/\/lightgoldenrodyellow-wildcat-131089.hostingersite.com\/en\/","name":"Kylin Vape","description":"Kylin Vape","publisher":{"@id":"https:\/\/lightgoldenrodyellow-wildcat-131089.hostingersite.com\/en\/#organization"},"potentialAction":[{"@type":"SearchAction","target":{"@type":"EntryPoint","urlTemplate":"https:\/\/lightgoldenrodyellow-wildcat-131089.hostingersite.com\/en\/?s={search_term_string}"},"query-input":{"@type":"PropertyValueSpecification","valueRequired":true,"valueName":"search_term_string"}}],"inLanguage":"de"},{"@type":"Organization","@id":"https:\/\/lightgoldenrodyellow-wildcat-131089.hostingersite.com\/en\/#organization","name":"Kylin Vape","url":"https:\/\/lightgoldenrodyellow-wildcat-131089.hostingersite.com\/en\/","logo":{"@type":"ImageObject","inLanguage":"de","@id":"https:\/\/lightgoldenrodyellow-wildcat-131089.hostingersite.com\/en\/#\/schema\/logo\/image\/","url":"https:\/\/kylinvape.com\/wp-content\/uploads\/2025\/08\/1-1.webp","contentUrl":"https:\/\/kylinvape.com\/wp-content\/uploads\/2025\/08\/1-1.webp","width":384,"height":397,"caption":"Kylin Vape"},"image":{"@id":"https:\/\/lightgoldenrodyellow-wildcat-131089.hostingersite.com\/en\/#\/schema\/logo\/image\/"}}]},"og_availability":"instock","product_availability":"instock","product_condition":"new"},"_links":{"self":[{"href":"https:\/\/kylinvape.com\/de\/wp-json\/wp\/v2\/product\/4836","targetHints":{"allow":["GET"]}}],"collection":[{"href":"https:\/\/kylinvape.com\/de\/wp-json\/wp\/v2\/product"}],"about":[{"href":"https:\/\/kylinvape.com\/de\/wp-json\/wp\/v2\/types\/product"}],"replies":[{"embeddable":true,"href":"https:\/\/kylinvape.com\/de\/wp-json\/wp\/v2\/comments?post=4836"}],"wp:featuredmedia":[{"embeddable":true,"href":"https:\/\/kylinvape.com\/de\/wp-json\/wp\/v2\/media\/4841"}],"wp:attachment":[{"href":"https:\/\/kylinvape.com\/de\/wp-json\/wp\/v2\/media?parent=4836"}],"wp:term":[{"taxonomy":"product_brand","embeddable":true,"href":"https:\/\/kylinvape.com\/de\/wp-json\/wp\/v2\/product_brand?post=4836"},{"taxonomy":"product_cat","embeddable":true,"href":"https:\/\/kylinvape.com\/de\/wp-json\/wp\/v2\/product_cat?post=4836"},{"taxonomy":"product_tag","embeddable":true,"href":"https:\/\/kylinvape.com\/de\/wp-json\/wp\/v2\/product_tag?post=4836"}],"curies":[{"name":"wp","href":"https:\/\/api.w.org\/{rel}","templated":true}]}}