{"id":5318,"date":"2025-09-14T14:56:40","date_gmt":"2025-09-14T14:56:40","guid":{"rendered":"https:\/\/kylinvape.com\/?post_type=product&#038;p=5318"},"modified":"2025-10-17T10:10:15","modified_gmt":"2025-10-17T10:10:15","slug":"fihp-12k-disposable-vape-12000-puffs-rechargeable","status":"publish","type":"product","link":"https:\/\/kylinvape.com\/de\/product\/fihp-12k-disposable-vape-12000-puffs-rechargeable\/","title":{"rendered":"FIHP 12K Einweg-E-Zigarette | Wiederaufladbare Monkey Smart E-Zigarette mit LED-Anzeige f\u00fcr 12.000 Z\u00fcge"},"content":{"rendered":"<h1>FIHP 12K Einweg-Vape \u2013 Wiederaufladbarer Monkey Vape Pen mit LED-Bildschirm f\u00fcr 12.000 Z\u00fcge<\/h1>\n<p>Der<strong> FIHP 12K Einweg-E-Zigarette<\/strong> wurde f\u00fcr Dampfer entwickelt, die Wert auf ein ausgewogenes Verh\u00e4ltnis von Tragbarkeit, Stil und langanhaltender Leistung legen. <strong>12000 Z\u00fcge<\/strong>, A <strong>volle 20 ml E-Liquid-Kapazit\u00e4t<\/strong>, Und <strong>Duale Nikotinoptionen (2% \/ 5%)<\/strong>, Das <strong>E-Zigarettenbox im Affen-Design<\/strong> ist die perfekte Mischung aus ansprechendem Design und fortschrittlicher Dampftechnologie.<\/p>\n<p>Ob Sie nun nach einem suchen<strong> cooler Vape-Pen<\/strong> f\u00fcr den t\u00e4glichen Gebrauch oder zur Beschaffung <strong>E-Zigaretten-Gro\u00dfhandel Europa<\/strong>, Die <strong>FIHP 12K<\/strong> bietet eine hohe Leistungsqualit\u00e4t f\u00fcr <strong>MTL-Dampf<\/strong> Pr\u00e4ferenzen.<\/p>\n<div class=\"ast-oembed-container\" style=\"height: 100%;\"><iframe title=\"FIHP 12000\" width=\"422\" height=\"750\" src=\"https:\/\/www.youtube.com\/embed\/U5l31A1kK9M?feature=oembed\" frameborder=\"0\" allow=\"accelerometer; autoplay; clipboard-write; encrypted-media; gyroscope; picture-in-picture; web-share\" referrerpolicy=\"strict-origin-when-cross-origin\" allowfullscreen><\/iframe><\/div>\n<h2>\ud83d\udd39 FIHP 12k Hauptmerkmale:<\/h2>\n<p>\u2022 \u2705 <strong>12000 Puffs<\/strong> \u2013 Lang anhaltendes Dampferlebnis.<\/p>\n<p>\u2022 \u2705 <strong>1,0 \u03a9 Maschenspule<\/strong> \u2013 Gleichm\u00e4\u00dfiger Luftstrom, stabile Erw\u00e4rmung und intensive Geschmacksentfaltung.<\/p>\n<p>\u2022 \u2705 <strong>20 ml E-Liquid-Kapazit\u00e4t<\/strong> \u2013 L\u00e4ngere Nutzungsdauer ohne h\u00e4ufiges Nachf\u00fcllen.<\/p>\n<p>\u2022 \u2705 <strong>Nikotinst\u00e4rken<\/strong>: 2% \/ 5% Optionen.<\/p>\n<p>\u2022 \u2705 <strong>650-mAh-Akku (Typ-C)<\/strong> \u2013 Praktisch und umweltfreundlich.<\/p>\n<p>\u2022 \u2705 <strong>LED-Anzeige<\/strong> \u2013 Echtzeit-Anzeige von Zuganzahl, Akkustand und E-Liquid-F\u00fcllstand.<\/p>\n<p>\u2022 \u2705<strong> Monkey Vape Design<\/strong> \u2013 Ein witziger, stylischer und einzigartiger Look.<\/p>\n<p>\u2022 \u2705 <strong>Kompakter und handlicher Vape-Pen<\/strong> \u2013 Leicht zu transportieren und unterwegs zu verwenden.<\/p>\n<h2>\ud83d\udd39FIHP 12k Spezifikationen:<\/h2>\n<p>\u2022 <strong>Puffs<\/strong>: 12000<\/p>\n<p>\u2022<strong> Spule<\/strong>: 1,0 \u03a9 Mesh-Spule<\/p>\n<p>\u2022 <strong>E-Liquid-Kapazit\u00e4t<\/strong>20 ml<\/p>\n<p>\u2022 <strong>Nikotinst\u00e4rke<\/strong>: 2% \/ 5%<\/p>\n<p>\u2022 <strong>Batterie<\/strong>: 650 mAh wiederaufladbar<\/p>\n<p>\u2022 <strong>Laden<\/strong>Typ C<\/p>\n<p>\u2022 <strong>Anzeige<\/strong>: LED-Bildschirm<\/p>\n<h2>\ud83d\udd39FIHP 12k Aromen:<\/h2>\n<p>01. Lush Ice<\/p>\n<p>02. Traubeneis<\/p>\n<p>03. Kirsche<\/p>\n<p>04. Blaubeere Himbeere<\/p>\n<p>05. Erdbeer-Kiwi<\/p>\n<p>06. Gemischte Beeren<\/p>\n<p>07. Erdbeer-Wassermelone<\/p>\n<p>08. Wassermelonen-Kaugummi<\/p>\n<p>09. Pfirsich-Mango-Ananas<\/p>\n<p>10. Kiwi-Passionsfrucht-Guave<\/p>\n<h2>\ud83d\udd39FIHP 12k FAQ:<\/h2>\n<p><strong>Frage 1: Wie viele Z\u00fcge liefert das FIHP 12K?<\/strong><br \/>\nA: Bis zu <a href=\"https:\/\/kylinvape.com\/de\/product-category\/disposable-vapes\/12k-puffs-disposable-vape\/\"><strong>12000 Z\u00fcge<\/strong><\/a>, f\u00fcr den dauerhaften Einsatz konzipiert.<\/p>\n<p><strong>Frage 2: Ist der FIHP 12K wiederaufladbar?<\/strong><br \/>\nA: Ja, es wird mit einem geliefert <strong>Wiederaufladbarer 650-mAh-Akku mit Typ-C-Schnellladefunktion<\/strong>.<\/p>\n<p><strong>Frage 3: Welche Spulentechnologie kommt zum Einsatz?<\/strong><br \/>\nA: Es beinhaltet ein <strong>1,0 \u03a9 Maschenspule<\/strong> f\u00fcr eine verbesserte Dampf- und Geschmackskonsistenz.<\/p>\n<p><strong> Frage 4: Hat es ein Display?<\/strong><br \/>\nA: Ja, die <strong>LED-Anzeige<\/strong> Zeigt die Anzahl der Z\u00fcge, den Akkustand und den F\u00fcllstand des E-Liquids an.<\/p>\n<p><strong>Frage 5: Welche Geschmacksrichtungen gibt es?<\/strong><br \/>\nA: Es gibt <strong>10 Geschmacksrichtungen<\/strong>, darunter fruchtige, eisige und tropische Mischungen.<\/p>\n<p><strong>Frage 6: Ist dieses Produkt f\u00fcr den Gro\u00dfhandel geeignet?<\/strong><br \/>\nA: Absolut. Es ist eine beliebte Wahl f\u00fcr <strong>Vape-Gro\u00dfhandel<\/strong> Und <strong>E-Zigaretten kaufen in Europa<\/strong><\/p>","protected":false},"excerpt":{"rendered":"<p>Der <strong>FIHP 12K Einweg-E-Zigarette<\/strong> kombiniert <strong>Kapazit\u00e4t f\u00fcr 12.000 Z\u00fcge<\/strong>, <strong>LED-Anzeige<\/strong>, und ein <strong>650-mAh-Akku mit Typ-C-Anschluss<\/strong> in ein stilvolles<a href=\"https:\/\/kylinvape.com\/de\/product\/fumot-12k-12000-puffs-digital-box-vape\/\"> <strong>Monkey Vape Pen<\/strong><\/a>. Mit <strong>20 ml E-Liquid<\/strong> und ein <strong>1,0 \u03a9 Maschenspule<\/strong>, Es bietet gleichm\u00e4\u00dfigen, konstanten Dampf und reichhaltigen Geschmack in 10 erfrischenden Varianten.<\/p>","protected":false},"featured_media":5319,"comment_status":"open","ping_status":"closed","template":"","meta":{"site-sidebar-layout":"default","site-content-layout":"","ast-site-content-layout":"default","site-content-style":"default","site-sidebar-style":"default","ast-global-header-display":"","ast-banner-title-visibility":"","ast-main-header-display":"","ast-hfb-above-header-display":"","ast-hfb-below-header-display":"","ast-hfb-mobile-header-display":"","site-post-title":"","ast-breadcrumbs-content":"","ast-featured-img":"","footer-sml-layout":"","ast-disable-related-posts":"","theme-transparent-header-meta":"default","adv-header-id-meta":"","stick-header-meta":"default","header-above-stick-meta":"","header-main-stick-meta":"","header-below-stick-meta":"","astra-migrate-meta-layouts":"set","ast-page-background-enabled":"default","ast-page-background-meta":{"desktop":{"background-color":"","background-image":"","background-repeat":"repeat","background-position":"center center","background-size":"auto","background-attachment":"scroll","background-type":"","background-media":"","overlay-type":"","overlay-color":"","overlay-opacity":"","overlay-gradient":""},"tablet":{"background-color":"","background-image":"","background-repeat":"repeat","background-position":"center center","background-size":"auto","background-attachment":"scroll","background-type":"","background-media":"","overlay-type":"","overlay-color":"","overlay-opacity":"","overlay-gradient":""},"mobile":{"background-color":"","background-image":"","background-repeat":"repeat","background-position":"center center","background-size":"auto","background-attachment":"scroll","background-type":"","background-media":"","overlay-type":"","overlay-color":"","overlay-opacity":"","overlay-gradient":""}},"ast-content-background-meta":{"desktop":{"background-color":"var(--ast-global-color-5)","background-image":"","background-repeat":"repeat","background-position":"center center","background-size":"auto","background-attachment":"scroll","background-type":"","background-media":"","overlay-type":"","overlay-color":"","overlay-opacity":"","overlay-gradient":""},"tablet":{"background-color":"var(--ast-global-color-5)","background-image":"","background-repeat":"repeat","background-position":"center center","background-size":"auto","background-attachment":"scroll","background-type":"","background-media":"","overlay-type":"","overlay-color":"","overlay-opacity":"","overlay-gradient":""},"mobile":{"background-color":"var(--ast-global-color-5)","background-image":"","background-repeat":"repeat","background-position":"center center","background-size":"auto","background-attachment":"scroll","background-type":"","background-media":"","overlay-type":"","overlay-color":"","overlay-opacity":"","overlay-gradient":""}}},"product_brand":[],"product_cat":[105,127,130,126,123,118,117,121,120,124,125,119,122,79,131],"product_tag":[163,151,164,150,153],"class_list":{"0":"post-5318","1":"product","2":"type-product","3":"status-publish","4":"has-post-thumbnail","6":"product_cat-12k-puffs-disposable-vape","7":"product_cat-big-puff-vape","8":"product_cat-box-vapes","9":"product_cat-disposable-vapes-in-austria","10":"product_cat-disposable-vapes-in-belgium","11":"product_cat-disposable-vapes-in-france","12":"product_cat-disposable-vapes-in-germany","13":"product_cat-disposable-vapes-in-italy","14":"product_cat-disposable-vapes-in-netherlands","15":"product_cat-disposable-vapes-in-poland","16":"product_cat-disposable-vapes-in-portugal","17":"product_cat-disposable-vapes-in-spain","18":"product_cat-disposable-vapes-in-sweden","19":"product_cat-fihp-vape","20":"product_cat-rechargeable-vapes","21":"product_tag-12k-vape","22":"product_tag-handy-vape","23":"product_tag-monkey-vape","24":"product_tag-mtl-vape","25":"product_tag-vape-wholesale","26":"desktop-align-center","27":"tablet-align-center","28":"mobile-align-center","29":"ast-product-gallery-layout-horizontal-slider","30":"ast-product-single-variable","31":"ast-product-tabs-layout-horizontal","33":"first","34":"instock","35":"sale","36":"shipping-taxable","37":"purchasable","38":"product-type-variable"},"yoast_head":"<!-- This site is optimized with the Yoast SEO Premium plugin v26.0 (Yoast SEO v27.4) - https:\/\/yoast.com\/product\/yoast-seo-premium-wordpress\/ -->\n<title>FIHP 12K Disposable Vape | 12000 Puffs Monkey Vape Rechargeable E-Cigarette with LED Display<\/title>\n<meta name=\"description\" content=\"Experience the FIHP 12K Disposable Vape with 12000 puffs, advanced 1.0\u03a9 mesh coil, 20ml e-liquid, and LED smart display. Featuring a 650mAh Type-C rechargeable battery, this stylish monkey vape pen delivers smooth flavor and big puff performance. Ideal for personal use and vape wholesale Europe.\" \/>\n<meta name=\"robots\" content=\"index, follow, max-snippet:-1, max-image-preview:large, max-video-preview:-1\" \/>\n<link rel=\"canonical\" href=\"https:\/\/kylinvape.com\/de\/product\/fihp-12k-disposable-vape-12000-puffs-rechargeable\/\" \/>\n<meta property=\"og:locale\" content=\"de_DE\" \/>\n<meta property=\"og:type\" content=\"article\" \/>\n<meta property=\"og:title\" content=\"FIHP 12K Disposable Vape | 12000 Puffs Rechargeable Monkey Smart E-Cigarette with LED Display\" \/>\n<meta property=\"og:description\" content=\"Experience the FIHP 12K Disposable Vape with 12000 puffs, advanced 1.0\u03a9 mesh coil, 20ml e-liquid, and LED smart display. Featuring a 650mAh Type-C rechargeable battery, this stylish monkey vape pen delivers smooth flavor and big puff performance. Ideal for personal use and vape wholesale Europe.\" \/>\n<meta property=\"og:url\" content=\"https:\/\/kylinvape.com\/de\/product\/fihp-12k-disposable-vape-12000-puffs-rechargeable\/\" \/>\n<meta property=\"og:site_name\" content=\"Kylin Vape\" \/>\n<meta property=\"article:modified_time\" content=\"2025-10-17T10:10:15+00:00\" \/>\n<meta property=\"og:image\" content=\"https:\/\/kylinvape.com\/wp-content\/uploads\/2025\/09\/2-1.jpg\" \/>\n\t<meta property=\"og:image:width\" content=\"800\" \/>\n\t<meta property=\"og:image:height\" content=\"800\" \/>\n\t<meta property=\"og:image:type\" content=\"image\/jpeg\" \/>\n<meta name=\"twitter:card\" content=\"summary_large_image\" \/>\n<meta name=\"twitter:label1\" content=\"Verf\u00fcgbarkeit\" \/>\n\t<meta name=\"twitter:data1\" content=\"Auf Lager\" \/>\n<script type=\"application\/ld+json\" class=\"yoast-schema-graph\">{\"@context\":\"https:\\\/\\\/schema.org\",\"@graph\":[{\"@type\":\"WebPage\",\"@id\":\"https:\\\/\\\/kylinvape.com\\\/product\\\/fihp-12k-disposable-vape-12000-puffs-rechargeable\\\/\",\"url\":\"https:\\\/\\\/kylinvape.com\\\/product\\\/fihp-12k-disposable-vape-12000-puffs-rechargeable\\\/\",\"name\":\"FIHP 12K Disposable Vape | 12000 Puffs Monkey Vape Rechargeable E-Cigarette with LED Display\",\"isPartOf\":{\"@id\":\"https:\\\/\\\/lightgoldenrodyellow-wildcat-131089.hostingersite.com\\\/en\\\/#website\"},\"primaryImageOfPage\":{\"@id\":\"https:\\\/\\\/kylinvape.com\\\/product\\\/fihp-12k-disposable-vape-12000-puffs-rechargeable\\\/#primaryimage\"},\"image\":{\"@id\":\"https:\\\/\\\/kylinvape.com\\\/product\\\/fihp-12k-disposable-vape-12000-puffs-rechargeable\\\/#primaryimage\"},\"thumbnailUrl\":\"https:\\\/\\\/kylinvape.com\\\/wp-content\\\/uploads\\\/2025\\\/09\\\/2-1.jpg\",\"datePublished\":\"2025-09-14T14:56:40+00:00\",\"dateModified\":\"2025-10-17T10:10:15+00:00\",\"description\":\"Experience the FIHP 12K Disposable Vape with 12000 puffs, advanced 1.0\u03a9 mesh coil, 20ml e-liquid, and LED smart display. Featuring a 650mAh Type-C rechargeable battery, this stylish monkey vape pen delivers smooth flavor and big puff performance. Ideal for personal use and vape wholesale Europe.\",\"breadcrumb\":{\"@id\":\"https:\\\/\\\/kylinvape.com\\\/product\\\/fihp-12k-disposable-vape-12000-puffs-rechargeable\\\/#breadcrumb\"},\"inLanguage\":\"de\",\"potentialAction\":[{\"@type\":\"ReadAction\",\"target\":[\"https:\\\/\\\/kylinvape.com\\\/product\\\/fihp-12k-disposable-vape-12000-puffs-rechargeable\\\/\"]}]},{\"@type\":\"ImageObject\",\"inLanguage\":\"de\",\"@id\":\"https:\\\/\\\/kylinvape.com\\\/product\\\/fihp-12k-disposable-vape-12000-puffs-rechargeable\\\/#primaryimage\",\"url\":\"https:\\\/\\\/kylinvape.com\\\/wp-content\\\/uploads\\\/2025\\\/09\\\/2-1.jpg\",\"contentUrl\":\"https:\\\/\\\/kylinvape.com\\\/wp-content\\\/uploads\\\/2025\\\/09\\\/2-1.jpg\",\"width\":800,\"height\":800,\"caption\":\"FIHP 12K Disposable Vape 12000 Puffs Monkey vape Design\"},{\"@type\":\"BreadcrumbList\",\"@id\":\"https:\\\/\\\/kylinvape.com\\\/product\\\/fihp-12k-disposable-vape-12000-puffs-rechargeable\\\/#breadcrumb\",\"itemListElement\":[{\"@type\":\"ListItem\",\"position\":1,\"name\":\"Home\",\"item\":\"https:\\\/\\\/lightgoldenrodyellow-wildcat-131089.hostingersite.com\\\/en\\\/\"},{\"@type\":\"ListItem\",\"position\":2,\"name\":\"Shop\",\"item\":\"https:\\\/\\\/lightgoldenrodyellow-wildcat-131089.hostingersite.com\\\/en\\\/shop\\\/\"},{\"@type\":\"ListItem\",\"position\":3,\"name\":\"FIHP 12K Disposable Vape | 12000 Puffs Rechargeable Monkey Smart E-Cigarette with LED Display\"}]},{\"@type\":\"WebSite\",\"@id\":\"https:\\\/\\\/lightgoldenrodyellow-wildcat-131089.hostingersite.com\\\/en\\\/#website\",\"url\":\"https:\\\/\\\/lightgoldenrodyellow-wildcat-131089.hostingersite.com\\\/en\\\/\",\"name\":\"Kylin Vape\",\"description\":\"Kylin Vape\",\"publisher\":{\"@id\":\"https:\\\/\\\/lightgoldenrodyellow-wildcat-131089.hostingersite.com\\\/en\\\/#organization\"},\"potentialAction\":[{\"@type\":\"SearchAction\",\"target\":{\"@type\":\"EntryPoint\",\"urlTemplate\":\"https:\\\/\\\/lightgoldenrodyellow-wildcat-131089.hostingersite.com\\\/en\\\/?s={search_term_string}\"},\"query-input\":{\"@type\":\"PropertyValueSpecification\",\"valueRequired\":true,\"valueName\":\"search_term_string\"}}],\"inLanguage\":\"de\"},{\"@type\":\"Organization\",\"@id\":\"https:\\\/\\\/lightgoldenrodyellow-wildcat-131089.hostingersite.com\\\/en\\\/#organization\",\"name\":\"Kylin Vape\",\"url\":\"https:\\\/\\\/lightgoldenrodyellow-wildcat-131089.hostingersite.com\\\/en\\\/\",\"logo\":{\"@type\":\"ImageObject\",\"inLanguage\":\"de\",\"@id\":\"https:\\\/\\\/lightgoldenrodyellow-wildcat-131089.hostingersite.com\\\/en\\\/#\\\/schema\\\/logo\\\/image\\\/\",\"url\":\"https:\\\/\\\/kylinvape.com\\\/wp-content\\\/uploads\\\/2025\\\/08\\\/1-1.webp\",\"contentUrl\":\"https:\\\/\\\/kylinvape.com\\\/wp-content\\\/uploads\\\/2025\\\/08\\\/1-1.webp\",\"width\":384,\"height\":397,\"caption\":\"Kylin Vape\"},\"image\":{\"@id\":\"https:\\\/\\\/lightgoldenrodyellow-wildcat-131089.hostingersite.com\\\/en\\\/#\\\/schema\\\/logo\\\/image\\\/\"}}]}<\/script>\n<meta property=\"og:availability\" content=\"instock\" \/>\n<meta property=\"product:availability\" content=\"instock\" \/>\n<meta property=\"product:condition\" content=\"new\" \/>\n<!-- \/ Yoast SEO Premium plugin. -->","yoast_head_json":{"title":"FIHP 12K Einweg-Vape | Wiederaufladbare E-Zigarette Monkey Vape mit LED-Anzeige f\u00fcr 12.000 Z\u00fcge","description":"Erleben Sie die FIHP 12K Einweg-E-Zigarette mit 12.000 Z\u00fcgen, fortschrittlicher 1,0-\u03a9-Mesh-Spule, 20 ml E-Liquid und intelligentem LED-Display. Ausgestattet mit einem wiederaufladbaren 650-mAh-Akku (Typ C) bietet dieser stylische Vape Pen im Affen-Design sanften Geschmack und intensives Dampferlebnis. Ideal f\u00fcr den pers\u00f6nlichen Gebrauch und den europ\u00e4ischen Vape-Gro\u00dfhandel.","robots":{"index":"index","follow":"follow","max-snippet":"max-snippet:-1","max-image-preview":"max-image-preview:large","max-video-preview":"max-video-preview:-1"},"canonical":"https:\/\/kylinvape.com\/de\/product\/fihp-12k-disposable-vape-12000-puffs-rechargeable\/","og_locale":"de_DE","og_type":"article","og_title":"FIHP 12K Disposable Vape | 12000 Puffs Rechargeable Monkey Smart E-Cigarette with LED Display","og_description":"Experience the FIHP 12K Disposable Vape with 12000 puffs, advanced 1.0\u03a9 mesh coil, 20ml e-liquid, and LED smart display. Featuring a 650mAh Type-C rechargeable battery, this stylish monkey vape pen delivers smooth flavor and big puff performance. Ideal for personal use and vape wholesale Europe.","og_url":"https:\/\/kylinvape.com\/de\/product\/fihp-12k-disposable-vape-12000-puffs-rechargeable\/","og_site_name":"Kylin Vape","article_modified_time":"2025-10-17T10:10:15+00:00","og_image":[{"width":800,"height":800,"url":"https:\/\/kylinvape.com\/wp-content\/uploads\/2025\/09\/2-1.jpg","type":"image\/jpeg"}],"twitter_card":"summary_large_image","twitter_misc":{"Verf\u00fcgbarkeit":"Auf Lager"},"schema":{"@context":"https:\/\/schema.org","@graph":[{"@type":"WebPage","@id":"https:\/\/kylinvape.com\/product\/fihp-12k-disposable-vape-12000-puffs-rechargeable\/","url":"https:\/\/kylinvape.com\/product\/fihp-12k-disposable-vape-12000-puffs-rechargeable\/","name":"FIHP 12K Einweg-Vape | Wiederaufladbare E-Zigarette Monkey Vape mit LED-Anzeige f\u00fcr 12.000 Z\u00fcge","isPartOf":{"@id":"https:\/\/lightgoldenrodyellow-wildcat-131089.hostingersite.com\/en\/#website"},"primaryImageOfPage":{"@id":"https:\/\/kylinvape.com\/product\/fihp-12k-disposable-vape-12000-puffs-rechargeable\/#primaryimage"},"image":{"@id":"https:\/\/kylinvape.com\/product\/fihp-12k-disposable-vape-12000-puffs-rechargeable\/#primaryimage"},"thumbnailUrl":"https:\/\/kylinvape.com\/wp-content\/uploads\/2025\/09\/2-1.jpg","datePublished":"2025-09-14T14:56:40+00:00","dateModified":"2025-10-17T10:10:15+00:00","description":"Erleben Sie die FIHP 12K Einweg-E-Zigarette mit 12.000 Z\u00fcgen, fortschrittlicher 1,0-\u03a9-Mesh-Spule, 20 ml E-Liquid und intelligentem LED-Display. Ausgestattet mit einem wiederaufladbaren 650-mAh-Akku (Typ C) bietet dieser stylische Vape Pen im Affen-Design sanften Geschmack und intensives Dampferlebnis. Ideal f\u00fcr den pers\u00f6nlichen Gebrauch und den europ\u00e4ischen Vape-Gro\u00dfhandel.","breadcrumb":{"@id":"https:\/\/kylinvape.com\/product\/fihp-12k-disposable-vape-12000-puffs-rechargeable\/#breadcrumb"},"inLanguage":"de","potentialAction":[{"@type":"ReadAction","target":["https:\/\/kylinvape.com\/product\/fihp-12k-disposable-vape-12000-puffs-rechargeable\/"]}]},{"@type":"ImageObject","inLanguage":"de","@id":"https:\/\/kylinvape.com\/product\/fihp-12k-disposable-vape-12000-puffs-rechargeable\/#primaryimage","url":"https:\/\/kylinvape.com\/wp-content\/uploads\/2025\/09\/2-1.jpg","contentUrl":"https:\/\/kylinvape.com\/wp-content\/uploads\/2025\/09\/2-1.jpg","width":800,"height":800,"caption":"FIHP 12K Disposable Vape 12000 Puffs Monkey vape Design"},{"@type":"BreadcrumbList","@id":"https:\/\/kylinvape.com\/product\/fihp-12k-disposable-vape-12000-puffs-rechargeable\/#breadcrumb","itemListElement":[{"@type":"ListItem","position":1,"name":"Home","item":"https:\/\/lightgoldenrodyellow-wildcat-131089.hostingersite.com\/en\/"},{"@type":"ListItem","position":2,"name":"Shop","item":"https:\/\/lightgoldenrodyellow-wildcat-131089.hostingersite.com\/en\/shop\/"},{"@type":"ListItem","position":3,"name":"FIHP 12K Disposable Vape | 12000 Puffs Rechargeable Monkey Smart E-Cigarette with LED Display"}]},{"@type":"WebSite","@id":"https:\/\/lightgoldenrodyellow-wildcat-131089.hostingersite.com\/en\/#website","url":"https:\/\/lightgoldenrodyellow-wildcat-131089.hostingersite.com\/en\/","name":"Kylin Vape","description":"Kylin Vape","publisher":{"@id":"https:\/\/lightgoldenrodyellow-wildcat-131089.hostingersite.com\/en\/#organization"},"potentialAction":[{"@type":"SearchAction","target":{"@type":"EntryPoint","urlTemplate":"https:\/\/lightgoldenrodyellow-wildcat-131089.hostingersite.com\/en\/?s={search_term_string}"},"query-input":{"@type":"PropertyValueSpecification","valueRequired":true,"valueName":"search_term_string"}}],"inLanguage":"de"},{"@type":"Organization","@id":"https:\/\/lightgoldenrodyellow-wildcat-131089.hostingersite.com\/en\/#organization","name":"Kylin Vape","url":"https:\/\/lightgoldenrodyellow-wildcat-131089.hostingersite.com\/en\/","logo":{"@type":"ImageObject","inLanguage":"de","@id":"https:\/\/lightgoldenrodyellow-wildcat-131089.hostingersite.com\/en\/#\/schema\/logo\/image\/","url":"https:\/\/kylinvape.com\/wp-content\/uploads\/2025\/08\/1-1.webp","contentUrl":"https:\/\/kylinvape.com\/wp-content\/uploads\/2025\/08\/1-1.webp","width":384,"height":397,"caption":"Kylin Vape"},"image":{"@id":"https:\/\/lightgoldenrodyellow-wildcat-131089.hostingersite.com\/en\/#\/schema\/logo\/image\/"}}]},"og_availability":"instock","product_availability":"instock","product_condition":"new"},"_links":{"self":[{"href":"https:\/\/kylinvape.com\/de\/wp-json\/wp\/v2\/product\/5318","targetHints":{"allow":["GET"]}}],"collection":[{"href":"https:\/\/kylinvape.com\/de\/wp-json\/wp\/v2\/product"}],"about":[{"href":"https:\/\/kylinvape.com\/de\/wp-json\/wp\/v2\/types\/product"}],"replies":[{"embeddable":true,"href":"https:\/\/kylinvape.com\/de\/wp-json\/wp\/v2\/comments?post=5318"}],"wp:featuredmedia":[{"embeddable":true,"href":"https:\/\/kylinvape.com\/de\/wp-json\/wp\/v2\/media\/5319"}],"wp:attachment":[{"href":"https:\/\/kylinvape.com\/de\/wp-json\/wp\/v2\/media?parent=5318"}],"wp:term":[{"taxonomy":"product_brand","embeddable":true,"href":"https:\/\/kylinvape.com\/de\/wp-json\/wp\/v2\/product_brand?post=5318"},{"taxonomy":"product_cat","embeddable":true,"href":"https:\/\/kylinvape.com\/de\/wp-json\/wp\/v2\/product_cat?post=5318"},{"taxonomy":"product_tag","embeddable":true,"href":"https:\/\/kylinvape.com\/de\/wp-json\/wp\/v2\/product_tag?post=5318"}],"curies":[{"name":"wp","href":"https:\/\/api.w.org\/{rel}","templated":true}]}}