{"id":5382,"date":"2025-09-14T19:27:23","date_gmt":"2025-09-14T19:27:23","guid":{"rendered":"https:\/\/kylinvape.com\/?post_type=product&#038;p=5382"},"modified":"2025-11-21T15:27:50","modified_gmt":"2025-11-21T15:27:50","slug":"fumot-12k-12000-puffs-digital-box-vape","status":"publish","type":"product","link":"https:\/\/kylinvape.com\/de\/product\/fumot-12k-12000-puffs-digital-box-vape\/","title":{"rendered":"Fumot 12K 12000 Z\u00fcge Digitalbox Einweg-E-Zigarette \u2013 Wiederaufladbare Smart-E-Zigarette"},"content":{"rendered":"<h1>Fumot 12k Einweg-E-Zigarette | Fumot 12000 Digital Box Smart Vape f\u00fcr 12000 Z\u00fcge<\/h1>\n<div class=\"ast-oembed-container\" style=\"height: 100%;\"><iframe title=\"Fumot Digital Box 12k\" width=\"500\" height=\"281\" src=\"https:\/\/www.youtube.com\/embed\/jyHCZsbluxo?feature=oembed\" frameborder=\"0\" allow=\"accelerometer; autoplay; clipboard-write; encrypted-media; gyroscope; picture-in-picture; web-share\" referrerpolicy=\"strict-origin-when-cross-origin\" allowfullscreen><\/iframe><\/div>\n<h2>\ud83d\udd39 Fumot 12k Digitalbox \u2013 Hauptmerkmale:<\/h2>\n<p>\u2022 <strong>12000 Puffs | Puff Fumot<\/strong> \u2013 Einweg-E-Zigarette mit extrem langer Dampfdauer.<\/p>\n<p>\u2022 <strong>Intelligentes LED-Display | Fumot Digitalbox<\/strong> \u2013 zeigt den Akku- und E-Liquid-Status in Echtzeit an.<\/p>\n<p>\u2022 <strong>0,8 \u03a9 Mesh-Spule<\/strong> \u2013 f\u00fcr vollen Geschmack und sanftes Einatmen.<\/p>\n<p>\u2022 <strong>20 ml E-Liquid-Kapazit\u00e4t<\/strong> \u2013 erh\u00e4ltlich in 52 Fumot-Geschmacksrichtungen, darunter Fumot Peach Ice, Fumot Lush Ice und Fumot Strawberry Grape.<\/p>\n<p>\u2022 <strong>Wiederaufladbar mit USB-C-Anschluss<\/strong> \u2013 550-mAh-Akku, umweltfreundlich und effizient.<\/p>\n<p>\u2022 <strong>Nikotinoptionen<\/strong> \u2013 0% \/ 2% \/ 3% \/ 5%, individuell anpassbar f\u00fcr alle Dampfbed\u00fcrfnisse.<\/p>\n<p>\u2022 <strong>Gro\u00dfhandelsbereit<\/strong> \u2013 ideal f\u00fcr <strong>E-Zigaretten-Gro\u00dfhandel Europa<\/strong>, <strong>Online-Shops f\u00fcr E-Zigaretten<\/strong>, Und<strong> Einzelhandelsvertriebe<\/strong>.<\/p>\n<p>\u2022 <strong>Beliebte Kollaborationen<\/strong> \u2013 <strong>RandM Tornado Fumot<\/strong>, <strong>Fumot RandM-Serie<\/strong>, von Dampfern weltweit geliebt.<\/p>\n<h2>\ud83d\udd39Technische Daten der Fumot 12k Digitalbox:<\/h2>\n<p>\u2022 <strong>Modell<\/strong>Fumot 12K Digital Box Einweg-E-Zigarette<\/p>\n<p>\u2022 <strong>Puffs<\/strong>12000 \u2022 E-Liquid: 20 ml<\/p>\n<p>\u2022<strong> Nikotinst\u00e4rke<\/strong>: 0% \/ 2% \/ 3% \/ 5%<\/p>\n<p>\u2022 <strong>Spulentyp<\/strong>Mesh-Spule 0,8 \u03a9<\/p>\n<p>\u2022 <strong>Batteriekapazit\u00e4t<\/strong>: 550 mAh (wiederaufladbar, Typ-C)<\/p>\n<p>\u2022 <strong>Smart-Bildschirm<\/strong>LED-Anzeige zur \u00dcberwachung von Z\u00fcgen und Akkustand<\/p>\n<p>\u2022 <strong>Stil<\/strong>Box-Design, modische E-Zigarette, handliche E-Zigarette, Mini-E-Zigarette (optional)<\/p>\n<h2>\ud83d\udd39Fumot 12k Digitalbox Geschmacksrichtungen:<\/h2>\n<p>1. Fumot Cool Mint<\/p>\n<p>2. Fumot Wassermelonen-Eis<\/p>\n<p>3. Fumot Traubeneis<\/p>\n<p>4. Blaubeere Himbeere<\/p>\n<p>5. Erdbeer-Wassermelone<\/p>\n<p>6. Erdbeer-Banane<\/p>\n<p>7. Fumot Lush Ice<\/p>\n<p>8. Kirsche<\/p>\n<p>9. Erdbeereis<\/p>\n<p>10. Eis am Stiel<\/p>\n<p>11. Rosa Limonade<\/p>\n<p>12. Mango auf Eis<\/p>\n<p>13. Gemischte Beeren<\/p>\n<p>14. Erdbeer-Donut<\/p>\n<p>15. Erdbeer-Traube<\/p>\n<p>16. Kirsch-Cola<\/p>\n<p>17. Dr. Blue<\/p>\n<p>18. Blaubeere auf Eis<\/p>\n<p>19. Kiwi-Passionsfrucht-Guave<\/p>\n<p>20. Erdbeer-Kiwi<\/p>\n<p>21. Pfirsich-Mango<\/p>\n<p>22. Fumot Pfirsicheis<\/p>\n<p>23. Rotes Apfeleis<\/p>\n<p>24. Blaubeer-Kaugummi<\/p>\n<p>25. Beerenlimonade<\/p>\n<p>26. Blaue Himbeerlimonade<\/p>\n<p>27. Blaue Saure Himbeere<\/p>\n<p>28. Erdbeer-Red Bull<\/p>\n<p>29. Apfel-Beeren-Explosion<\/p>\n<p>30. Wassermelonen-Kaugummi<\/p>\n<p>31. Himbeer-Wassermelone<\/p>\n<p>32. Glatteis<\/p>\n<p>33. Blaubeere, Kirsche, Cranberry<\/p>\n<p>34. Erdbeer-Granatapfel<\/p>\n<p>35. Vimto 36. Cherry Berry<\/p>\n<p>37. Zitrone &amp; Limette<\/p>\n<p>38. Bingo Crush<\/p>\n<p>39. Blaubeer-Kiwi<\/p>\n<p>41. Bananeneis<\/p>\n<p>42. Drachenfrucht-Eis<\/p>\n<p>43. Fruchtige Fusion<\/p>\n<p>44. Traubenminze<\/p>\n<p>45. Love 66 (Fumot 12K Love666 Edition)<\/p>\n<p>46. Ananas-Eis<\/p>\n<p>47. Rotes Energieeis<\/p>\n<p>48. Zwei \u00c4pfel<\/p>\n<p>50. Cola-Eis<\/p>\n<p>51. Eistee mit Zitrone<\/p>\n<p>52. Eistee mit Pfirsichgeschmack<\/p>\n<p>53. Blaue Himbeer-Gummib\u00e4rchen<\/p>\n<h2>\ud83d\udd39Fumot 12k Digitalbox \u2013 H\u00e4ufig gestellte Fragen:<\/h2>\n<p><strong>Frage 1: Ist Fumot 12K dasselbe wie Fumot 12000 Digitalbox-Einweg-Vape?<\/strong><br \/>\nA1: Ja,<strong> Fumot 12K, Fumot 12000, Fumot Vape 12000 und Fumot Digital Box 12000<\/strong> alle beziehen sich auf dasselbe Modell \u2013 ein <strong>Intelligente Einweg-E-Zigarette mit 12.000 Z\u00fcgen<\/strong> mit wiederaufladbarem Akku und LED-Anzeige.<\/p>\n<p><strong>Frage 2: Worin besteht der Unterschied zwischen Fumot 12K und RandM Fumot?<\/strong><br \/>\nA2: <strong>RandM Fumot (RandM Tornado Fumot)<\/strong> ist eine Kollaborationsreihe, die von der <strong>Fumot 12K Digitalbox<\/strong> Design. Sie weisen \u00e4hnliche Merkmale auf. <strong>Big Puff Vape-Leistung<\/strong>, RandM-Editionen zeichnen sich jedoch oft durch einzigartige Verpackungen und besondere Geschmacksprofile aus.<\/p>\n<p><strong>Frage 3: Wie viele Geschmacksrichtungen bietet die Fumot 12K E-Zigarette an?<\/strong><br \/>\nA3: Die <strong>Fumot 12000 Einweg-E-Zigarette<\/strong> Angebote <strong>52 Geschmacksrichtungen<\/strong>, einschlie\u00dflich beliebter Optionen wie <strong>Fumot Lush Ice, Fumot Peach Ice, Strawberry Grape, Love 66 und Cola Ice<\/strong>. Perfekt f\u00fcr Dampfer, die nach Abwechslung bei fruchtigen, Getr\u00e4nke- und Eis-Aromen suchen.<\/p>\n<p><strong>Frage 4: Gibt es den Fumot 12000 auch in einer nikotinfreien Variante?<\/strong><br \/>\nA4: Ja. <strong>Fumot Vape 12000<\/strong> ist verf\u00fcgbar in <strong>0%, 2%, 3% und 5% Nikotin<\/strong> Die verschiedenen Nikotinstufen bieten sowohl Nikotin- als auch Nicht-Nikotin-Nutzern die Flexibilit\u00e4t, ihr Dampferlebnis zu genie\u00dfen.<\/p>\n<p><strong>Frage 5: F\u00fcr wen ist der Kauf von Fumot 12K im Gro\u00dfhandel geeignet?<\/strong><br \/>\nA5: Die <strong>Fumot 12K Puff Vape<\/strong> ist ideal f\u00fcr <strong>E-Zigaretten-Gro\u00dfhandel Europa, E-Zigaretten-Onlineshops, E-Zigaretten-Distributoren<\/strong>, und Einzelh\u00e4ndler, die beliefern m\u00f6chten <strong>Bestseller Big Puff Einweg-E-Zigaretten<\/strong>.<\/p>\n<p><strong data-start=\"4365\" data-end=\"4424\">F6: Gibt es \u00e4hnliche digitale Boxprodukte?<\/strong><br data-start=\"4424\" data-end=\"4427\">A6: Ja, zum Beispiel <strong><a href=\"https:\/\/kylinvape.com\/de\/product\/uzy-15k-disposable-vape-15000-puffs-smart-monkey-box-rechargeable-e-cigarette-big-puff-vape\/\">UZY 15K<\/a>, <a href=\"https:\/\/kylinvape.com\/de\/product\/fihp-12k-disposable-vape-12000-puffs-rechargeable\/\">FIHP 12k<\/a><\/strong>.<\/p>","protected":false},"excerpt":{"rendered":"<p>Der <strong>Fumot 12K 12000 Z\u00fcge Einweg-E-Zigarette<\/strong> (auch bekannt als <strong>Fumot Digital Box 12000<\/strong> ) ist eine n\u00e4chste Generation <strong>intelligenter Einweg-Vape<\/strong>. Mit einem <strong>Drahtspule 0,8 \u03a9<\/strong>, <strong>20 ml E-Liquid, wiederaufladbarer 550-mAh-Akku (Typ C).<\/strong>, Und <strong>LED-Smart-Bildschirm,<\/strong> Es liefert ein reibungsloses und <strong>langlebige 12K-E-Zigarette<\/strong> Erfahrung. Egal, ob Sie suchen nach <strong>Fumot Vape, Fumot Randm, Big Puff Vape<\/strong>, oder <strong>coole Vapes<\/strong>, Die Fumot 12K ist Ihre beste Wahl.<\/p>","protected":false},"featured_media":5384,"comment_status":"open","ping_status":"closed","template":"","meta":{"site-sidebar-layout":"default","site-content-layout":"","ast-site-content-layout":"default","site-content-style":"default","site-sidebar-style":"default","ast-global-header-display":"","ast-banner-title-visibility":"","ast-main-header-display":"","ast-hfb-above-header-display":"","ast-hfb-below-header-display":"","ast-hfb-mobile-header-display":"","site-post-title":"","ast-breadcrumbs-content":"","ast-featured-img":"","footer-sml-layout":"","ast-disable-related-posts":"","theme-transparent-header-meta":"default","adv-header-id-meta":"","stick-header-meta":"default","header-above-stick-meta":"","header-main-stick-meta":"","header-below-stick-meta":"","astra-migrate-meta-layouts":"set","ast-page-background-enabled":"default","ast-page-background-meta":{"desktop":{"background-color":"","background-image":"","background-repeat":"repeat","background-position":"center center","background-size":"auto","background-attachment":"scroll","background-type":"","background-media":"","overlay-type":"","overlay-color":"","overlay-opacity":"","overlay-gradient":""},"tablet":{"background-color":"","background-image":"","background-repeat":"repeat","background-position":"center center","background-size":"auto","background-attachment":"scroll","background-type":"","background-media":"","overlay-type":"","overlay-color":"","overlay-opacity":"","overlay-gradient":""},"mobile":{"background-color":"","background-image":"","background-repeat":"repeat","background-position":"center center","background-size":"auto","background-attachment":"scroll","background-type":"","background-media":"","overlay-type":"","overlay-color":"","overlay-opacity":"","overlay-gradient":""}},"ast-content-background-meta":{"desktop":{"background-color":"var(--ast-global-color-5)","background-image":"","background-repeat":"repeat","background-position":"center center","background-size":"auto","background-attachment":"scroll","background-type":"","background-media":"","overlay-type":"","overlay-color":"","overlay-opacity":"","overlay-gradient":""},"tablet":{"background-color":"var(--ast-global-color-5)","background-image":"","background-repeat":"repeat","background-position":"center center","background-size":"auto","background-attachment":"scroll","background-type":"","background-media":"","overlay-type":"","overlay-color":"","overlay-opacity":"","overlay-gradient":""},"mobile":{"background-color":"var(--ast-global-color-5)","background-image":"","background-repeat":"repeat","background-position":"center center","background-size":"auto","background-attachment":"scroll","background-type":"","background-media":"","overlay-type":"","overlay-color":"","overlay-opacity":"","overlay-gradient":""}}},"product_brand":[],"product_cat":[105,127,130,126,123,118,117,121,120,124,125,119,122,284,97,131],"product_tag":[169,163,172,171,170],"class_list":{"0":"post-5382","1":"product","2":"type-product","3":"status-publish","4":"has-post-thumbnail","6":"product_cat-12k-puffs-disposable-vape","7":"product_cat-big-puff-vape","8":"product_cat-box-vapes","9":"product_cat-disposable-vapes-in-austria","10":"product_cat-disposable-vapes-in-belgium","11":"product_cat-disposable-vapes-in-france","12":"product_cat-disposable-vapes-in-germany","13":"product_cat-disposable-vapes-in-italy","14":"product_cat-disposable-vapes-in-netherlands","15":"product_cat-disposable-vapes-in-poland","16":"product_cat-disposable-vapes-in-portugal","17":"product_cat-disposable-vapes-in-spain","18":"product_cat-disposable-vapes-in-sweden","19":"product_cat-featured-disposable-vapes","20":"product_cat-fumot-vape","21":"product_cat-rechargeable-vapes","22":"product_tag-12k-fumot","23":"product_tag-12k-vape","24":"product_tag-fumot-puff","25":"product_tag-puff-fumot","26":"product_tag-randm-fumot","27":"desktop-align-center","28":"tablet-align-center","29":"mobile-align-center","30":"ast-product-gallery-layout-horizontal-slider","31":"ast-product-single-variable","32":"ast-product-tabs-layout-horizontal","34":"first","35":"instock","36":"sale","37":"featured","38":"shipping-taxable","39":"purchasable","40":"product-type-variable"},"yoast_head":"<!-- This site is optimized with the Yoast SEO Premium plugin v26.0 (Yoast SEO v27.4) - https:\/\/yoast.com\/product\/yoast-seo-premium-wordpress\/ -->\n<title>Fumot 12K Vape 12000 Puffs | Fumot Digital Box Disposable Vape Wholesale Europe<\/title>\n<meta name=\"description\" content=\"Buy Fumot 12K Disposable Vape 12000 Puffs with LED display, mesh coil, and Type-C rechargeable battery. Available in 52 flavors, nicotine options 0\u20135%. The Fumot digital box vape is perfect for big puff vapers, vape wholesale Europe, and fans of RandM Fumot collab flavors.\" \/>\n<meta name=\"robots\" content=\"index, follow, max-snippet:-1, max-image-preview:large, max-video-preview:-1\" \/>\n<link rel=\"canonical\" href=\"https:\/\/lightgoldenrodyellow-wildcat-131089.hostingersite.com\/en\/product\/fumot-12k-12000-puffs-digital-box-vape\/\" \/>\n<meta property=\"og:locale\" content=\"de_DE\" \/>\n<meta property=\"og:type\" content=\"article\" \/>\n<meta property=\"og:title\" content=\"Fumot 12K 12000 Puffs Digital Box Disposable Vape \u2013 Rechargeable Smart Vape\" \/>\n<meta property=\"og:description\" content=\"Buy Fumot 12K Disposable Vape 12000 Puffs with LED display, mesh coil, and Type-C rechargeable battery. Available in 52 flavors, nicotine options 0\u20135%. The Fumot digital box vape is perfect for big puff vapers, vape wholesale Europe, and fans of RandM Fumot collab flavors.\" \/>\n<meta property=\"og:url\" content=\"https:\/\/lightgoldenrodyellow-wildcat-131089.hostingersite.com\/en\/product\/fumot-12k-12000-puffs-digital-box-vape\/\" \/>\n<meta property=\"og:site_name\" content=\"Kylin Vape\" \/>\n<meta property=\"article:modified_time\" content=\"2025-11-21T15:27:50+00:00\" \/>\n<meta property=\"og:image\" content=\"https:\/\/lightgoldenrodyellow-wildcat-131089.hostingersite.com\/wp-content\/uploads\/2025\/09\/11-1.webp\" \/>\n\t<meta property=\"og:image:width\" content=\"1282\" \/>\n\t<meta property=\"og:image:height\" content=\"1282\" \/>\n\t<meta property=\"og:image:type\" content=\"image\/webp\" \/>\n<meta name=\"twitter:card\" content=\"summary_large_image\" \/>\n<meta name=\"twitter:label1\" content=\"Verf\u00fcgbarkeit\" \/>\n\t<meta name=\"twitter:data1\" content=\"Auf Lager\" \/>\n<script type=\"application\/ld+json\" class=\"yoast-schema-graph\">{\"@context\":\"https:\\\/\\\/schema.org\",\"@graph\":[{\"@type\":\"WebPage\",\"@id\":\"https:\\\/\\\/lightgoldenrodyellow-wildcat-131089.hostingersite.com\\\/en\\\/product\\\/fumot-12k-12000-puffs-digital-box-vape\\\/\",\"url\":\"https:\\\/\\\/lightgoldenrodyellow-wildcat-131089.hostingersite.com\\\/en\\\/product\\\/fumot-12k-12000-puffs-digital-box-vape\\\/\",\"name\":\"Fumot 12K Vape 12000 Puffs | Fumot Digital Box Disposable Vape Wholesale Europe\",\"isPartOf\":{\"@id\":\"https:\\\/\\\/lightgoldenrodyellow-wildcat-131089.hostingersite.com\\\/en\\\/#website\"},\"primaryImageOfPage\":{\"@id\":\"https:\\\/\\\/lightgoldenrodyellow-wildcat-131089.hostingersite.com\\\/en\\\/product\\\/fumot-12k-12000-puffs-digital-box-vape\\\/#primaryimage\"},\"image\":{\"@id\":\"https:\\\/\\\/lightgoldenrodyellow-wildcat-131089.hostingersite.com\\\/en\\\/product\\\/fumot-12k-12000-puffs-digital-box-vape\\\/#primaryimage\"},\"thumbnailUrl\":\"https:\\\/\\\/kylinvape.com\\\/wp-content\\\/uploads\\\/2025\\\/09\\\/11-1.webp\",\"datePublished\":\"2025-09-14T19:27:23+00:00\",\"dateModified\":\"2025-11-21T15:27:50+00:00\",\"description\":\"Buy Fumot 12K Disposable Vape 12000 Puffs with LED display, mesh coil, and Type-C rechargeable battery. Available in 52 flavors, nicotine options 0\u20135%. The Fumot digital box vape is perfect for big puff vapers, vape wholesale Europe, and fans of RandM Fumot collab flavors.\",\"breadcrumb\":{\"@id\":\"https:\\\/\\\/lightgoldenrodyellow-wildcat-131089.hostingersite.com\\\/en\\\/product\\\/fumot-12k-12000-puffs-digital-box-vape\\\/#breadcrumb\"},\"inLanguage\":\"de\",\"potentialAction\":[{\"@type\":\"ReadAction\",\"target\":[\"https:\\\/\\\/lightgoldenrodyellow-wildcat-131089.hostingersite.com\\\/en\\\/product\\\/fumot-12k-12000-puffs-digital-box-vape\\\/\"]}]},{\"@type\":\"ImageObject\",\"inLanguage\":\"de\",\"@id\":\"https:\\\/\\\/lightgoldenrodyellow-wildcat-131089.hostingersite.com\\\/en\\\/product\\\/fumot-12k-12000-puffs-digital-box-vape\\\/#primaryimage\",\"url\":\"https:\\\/\\\/kylinvape.com\\\/wp-content\\\/uploads\\\/2025\\\/09\\\/11-1.webp\",\"contentUrl\":\"https:\\\/\\\/kylinvape.com\\\/wp-content\\\/uploads\\\/2025\\\/09\\\/11-1.webp\",\"width\":1282,\"height\":1282,\"caption\":\"Fumot 12K Disposable Vape 12000 Puffs Digital Box\"},{\"@type\":\"BreadcrumbList\",\"@id\":\"https:\\\/\\\/lightgoldenrodyellow-wildcat-131089.hostingersite.com\\\/en\\\/product\\\/fumot-12k-12000-puffs-digital-box-vape\\\/#breadcrumb\",\"itemListElement\":[{\"@type\":\"ListItem\",\"position\":1,\"name\":\"Home\",\"item\":\"https:\\\/\\\/lightgoldenrodyellow-wildcat-131089.hostingersite.com\\\/en\\\/\"},{\"@type\":\"ListItem\",\"position\":2,\"name\":\"Shop\",\"item\":\"https:\\\/\\\/lightgoldenrodyellow-wildcat-131089.hostingersite.com\\\/en\\\/shop\\\/\"},{\"@type\":\"ListItem\",\"position\":3,\"name\":\"Fumot 12K 12000 Puffs Digital Box Disposable Vape \u2013 Rechargeable Smart Vape\"}]},{\"@type\":\"WebSite\",\"@id\":\"https:\\\/\\\/lightgoldenrodyellow-wildcat-131089.hostingersite.com\\\/en\\\/#website\",\"url\":\"https:\\\/\\\/lightgoldenrodyellow-wildcat-131089.hostingersite.com\\\/en\\\/\",\"name\":\"Kylin Vape\",\"description\":\"Kylin Vape\",\"publisher\":{\"@id\":\"https:\\\/\\\/lightgoldenrodyellow-wildcat-131089.hostingersite.com\\\/en\\\/#organization\"},\"potentialAction\":[{\"@type\":\"SearchAction\",\"target\":{\"@type\":\"EntryPoint\",\"urlTemplate\":\"https:\\\/\\\/lightgoldenrodyellow-wildcat-131089.hostingersite.com\\\/en\\\/?s={search_term_string}\"},\"query-input\":{\"@type\":\"PropertyValueSpecification\",\"valueRequired\":true,\"valueName\":\"search_term_string\"}}],\"inLanguage\":\"de\"},{\"@type\":\"Organization\",\"@id\":\"https:\\\/\\\/lightgoldenrodyellow-wildcat-131089.hostingersite.com\\\/en\\\/#organization\",\"name\":\"Kylin Vape\",\"url\":\"https:\\\/\\\/lightgoldenrodyellow-wildcat-131089.hostingersite.com\\\/en\\\/\",\"logo\":{\"@type\":\"ImageObject\",\"inLanguage\":\"de\",\"@id\":\"https:\\\/\\\/lightgoldenrodyellow-wildcat-131089.hostingersite.com\\\/en\\\/#\\\/schema\\\/logo\\\/image\\\/\",\"url\":\"https:\\\/\\\/kylinvape.com\\\/wp-content\\\/uploads\\\/2025\\\/08\\\/1-1.webp\",\"contentUrl\":\"https:\\\/\\\/kylinvape.com\\\/wp-content\\\/uploads\\\/2025\\\/08\\\/1-1.webp\",\"width\":384,\"height\":397,\"caption\":\"Kylin Vape\"},\"image\":{\"@id\":\"https:\\\/\\\/lightgoldenrodyellow-wildcat-131089.hostingersite.com\\\/en\\\/#\\\/schema\\\/logo\\\/image\\\/\"}}]}<\/script>\n<meta property=\"og:availability\" content=\"instock\" \/>\n<meta property=\"product:availability\" content=\"instock\" \/>\n<meta property=\"product:condition\" content=\"new\" \/>\n<!-- \/ Yoast SEO Premium plugin. -->","yoast_head_json":{"title":"Fumot 12K Vape \u2013 12.000 Z\u00fcge | Fumot Digital Box Einweg-E-Zigarette \u2013 Gro\u00dfhandel Europa","description":"Kaufen Sie die Fumot 12K Einweg-E-Zigarette mit 12.000 Z\u00fcgen, LED-Display, Mesh-Coil und wiederaufladbarem USB-C-Akku. Erh\u00e4ltlich in 52 Geschmacksrichtungen und Nikotinst\u00e4rken von 0 bis 51 mg\/l. Die digitale Fumot Box-E-Zigarette ist ideal f\u00fcr Dampfer, die gro\u00dfe Z\u00fcge bevorzugen, f\u00fcr den europ\u00e4ischen E-Zigaretten-Gro\u00dfhandel und f\u00fcr Fans der Fumot-Kollaborationen.","robots":{"index":"index","follow":"follow","max-snippet":"max-snippet:-1","max-image-preview":"max-image-preview:large","max-video-preview":"max-video-preview:-1"},"canonical":"https:\/\/lightgoldenrodyellow-wildcat-131089.hostingersite.com\/en\/product\/fumot-12k-12000-puffs-digital-box-vape\/","og_locale":"de_DE","og_type":"article","og_title":"Fumot 12K 12000 Puffs Digital Box Disposable Vape \u2013 Rechargeable Smart Vape","og_description":"Buy Fumot 12K Disposable Vape 12000 Puffs with LED display, mesh coil, and Type-C rechargeable battery. Available in 52 flavors, nicotine options 0\u20135%. The Fumot digital box vape is perfect for big puff vapers, vape wholesale Europe, and fans of RandM Fumot collab flavors.","og_url":"https:\/\/lightgoldenrodyellow-wildcat-131089.hostingersite.com\/en\/product\/fumot-12k-12000-puffs-digital-box-vape\/","og_site_name":"Kylin Vape","article_modified_time":"2025-11-21T15:27:50+00:00","og_image":[{"width":1282,"height":1282,"url":"https:\/\/lightgoldenrodyellow-wildcat-131089.hostingersite.com\/wp-content\/uploads\/2025\/09\/11-1.webp","type":"image\/webp"}],"twitter_card":"summary_large_image","twitter_misc":{"Verf\u00fcgbarkeit":"Auf Lager"},"schema":{"@context":"https:\/\/schema.org","@graph":[{"@type":"WebPage","@id":"https:\/\/lightgoldenrodyellow-wildcat-131089.hostingersite.com\/en\/product\/fumot-12k-12000-puffs-digital-box-vape\/","url":"https:\/\/lightgoldenrodyellow-wildcat-131089.hostingersite.com\/en\/product\/fumot-12k-12000-puffs-digital-box-vape\/","name":"Fumot 12K Vape \u2013 12.000 Z\u00fcge | Fumot Digital Box Einweg-E-Zigarette \u2013 Gro\u00dfhandel Europa","isPartOf":{"@id":"https:\/\/lightgoldenrodyellow-wildcat-131089.hostingersite.com\/en\/#website"},"primaryImageOfPage":{"@id":"https:\/\/lightgoldenrodyellow-wildcat-131089.hostingersite.com\/en\/product\/fumot-12k-12000-puffs-digital-box-vape\/#primaryimage"},"image":{"@id":"https:\/\/lightgoldenrodyellow-wildcat-131089.hostingersite.com\/en\/product\/fumot-12k-12000-puffs-digital-box-vape\/#primaryimage"},"thumbnailUrl":"https:\/\/kylinvape.com\/wp-content\/uploads\/2025\/09\/11-1.webp","datePublished":"2025-09-14T19:27:23+00:00","dateModified":"2025-11-21T15:27:50+00:00","description":"Kaufen Sie die Fumot 12K Einweg-E-Zigarette mit 12.000 Z\u00fcgen, LED-Display, Mesh-Coil und wiederaufladbarem USB-C-Akku. Erh\u00e4ltlich in 52 Geschmacksrichtungen und Nikotinst\u00e4rken von 0 bis 51 mg\/l. Die digitale Fumot Box-E-Zigarette ist ideal f\u00fcr Dampfer, die gro\u00dfe Z\u00fcge bevorzugen, f\u00fcr den europ\u00e4ischen E-Zigaretten-Gro\u00dfhandel und f\u00fcr Fans der Fumot-Kollaborationen.","breadcrumb":{"@id":"https:\/\/lightgoldenrodyellow-wildcat-131089.hostingersite.com\/en\/product\/fumot-12k-12000-puffs-digital-box-vape\/#breadcrumb"},"inLanguage":"de","potentialAction":[{"@type":"ReadAction","target":["https:\/\/lightgoldenrodyellow-wildcat-131089.hostingersite.com\/en\/product\/fumot-12k-12000-puffs-digital-box-vape\/"]}]},{"@type":"ImageObject","inLanguage":"de","@id":"https:\/\/lightgoldenrodyellow-wildcat-131089.hostingersite.com\/en\/product\/fumot-12k-12000-puffs-digital-box-vape\/#primaryimage","url":"https:\/\/kylinvape.com\/wp-content\/uploads\/2025\/09\/11-1.webp","contentUrl":"https:\/\/kylinvape.com\/wp-content\/uploads\/2025\/09\/11-1.webp","width":1282,"height":1282,"caption":"Fumot 12K Disposable Vape 12000 Puffs Digital Box"},{"@type":"BreadcrumbList","@id":"https:\/\/lightgoldenrodyellow-wildcat-131089.hostingersite.com\/en\/product\/fumot-12k-12000-puffs-digital-box-vape\/#breadcrumb","itemListElement":[{"@type":"ListItem","position":1,"name":"Home","item":"https:\/\/lightgoldenrodyellow-wildcat-131089.hostingersite.com\/en\/"},{"@type":"ListItem","position":2,"name":"Shop","item":"https:\/\/lightgoldenrodyellow-wildcat-131089.hostingersite.com\/en\/shop\/"},{"@type":"ListItem","position":3,"name":"Fumot 12K 12000 Puffs Digital Box Disposable Vape \u2013 Rechargeable Smart Vape"}]},{"@type":"WebSite","@id":"https:\/\/lightgoldenrodyellow-wildcat-131089.hostingersite.com\/en\/#website","url":"https:\/\/lightgoldenrodyellow-wildcat-131089.hostingersite.com\/en\/","name":"Kylin Vape","description":"Kylin Vape","publisher":{"@id":"https:\/\/lightgoldenrodyellow-wildcat-131089.hostingersite.com\/en\/#organization"},"potentialAction":[{"@type":"SearchAction","target":{"@type":"EntryPoint","urlTemplate":"https:\/\/lightgoldenrodyellow-wildcat-131089.hostingersite.com\/en\/?s={search_term_string}"},"query-input":{"@type":"PropertyValueSpecification","valueRequired":true,"valueName":"search_term_string"}}],"inLanguage":"de"},{"@type":"Organization","@id":"https:\/\/lightgoldenrodyellow-wildcat-131089.hostingersite.com\/en\/#organization","name":"Kylin Vape","url":"https:\/\/lightgoldenrodyellow-wildcat-131089.hostingersite.com\/en\/","logo":{"@type":"ImageObject","inLanguage":"de","@id":"https:\/\/lightgoldenrodyellow-wildcat-131089.hostingersite.com\/en\/#\/schema\/logo\/image\/","url":"https:\/\/kylinvape.com\/wp-content\/uploads\/2025\/08\/1-1.webp","contentUrl":"https:\/\/kylinvape.com\/wp-content\/uploads\/2025\/08\/1-1.webp","width":384,"height":397,"caption":"Kylin Vape"},"image":{"@id":"https:\/\/lightgoldenrodyellow-wildcat-131089.hostingersite.com\/en\/#\/schema\/logo\/image\/"}}]},"og_availability":"instock","product_availability":"instock","product_condition":"new"},"_links":{"self":[{"href":"https:\/\/kylinvape.com\/de\/wp-json\/wp\/v2\/product\/5382","targetHints":{"allow":["GET"]}}],"collection":[{"href":"https:\/\/kylinvape.com\/de\/wp-json\/wp\/v2\/product"}],"about":[{"href":"https:\/\/kylinvape.com\/de\/wp-json\/wp\/v2\/types\/product"}],"replies":[{"embeddable":true,"href":"https:\/\/kylinvape.com\/de\/wp-json\/wp\/v2\/comments?post=5382"}],"wp:featuredmedia":[{"embeddable":true,"href":"https:\/\/kylinvape.com\/de\/wp-json\/wp\/v2\/media\/5384"}],"wp:attachment":[{"href":"https:\/\/kylinvape.com\/de\/wp-json\/wp\/v2\/media?parent=5382"}],"wp:term":[{"taxonomy":"product_brand","embeddable":true,"href":"https:\/\/kylinvape.com\/de\/wp-json\/wp\/v2\/product_brand?post=5382"},{"taxonomy":"product_cat","embeddable":true,"href":"https:\/\/kylinvape.com\/de\/wp-json\/wp\/v2\/product_cat?post=5382"},{"taxonomy":"product_tag","embeddable":true,"href":"https:\/\/kylinvape.com\/de\/wp-json\/wp\/v2\/product_tag?post=5382"}],"curies":[{"name":"wp","href":"https:\/\/api.w.org\/{rel}","templated":true}]}}