{"id":5603,"date":"2025-09-14T20:17:17","date_gmt":"2025-09-14T20:17:17","guid":{"rendered":"https:\/\/kylinvape.com\/?post_type=product&#038;p=5603"},"modified":"2025-11-21T15:27:50","modified_gmt":"2025-11-21T15:27:50","slug":"fumot-randm-tornado-15k-15000-puffs-disposable-vape","status":"publish","type":"product","link":"https:\/\/kylinvape.com\/de\/product\/fumot-randm-tornado-15k-15000-puffs-disposable-vape\/","title":{"rendered":"Fumot RandM Tornado 15K Einweg-E-Zigarette | Fumot Wiederaufladbarer Smart-Vape-Stift f\u00fcr 15.000 Z\u00fcge"},"content":{"rendered":"<h1>Fumot Tornado 15000 Z\u00fcge Einweg-Vape | Fumot RandM 15K Smart Wiederaufladbarer Vape Pen<\/h1>\n<p>Der <strong>Fumot Tornado 15000<\/strong> <strong>Einweg-E-Zigarette<\/strong> ist eines der leistungsst\u00e4rksten und fortschrittlichsten <strong>Fumot-Vapes<\/strong> verf\u00fcgbar. Konzipiert als <strong>Wiederaufladbarer Vape-Pen mit 15.000 Z\u00fcgen<\/strong>, Es verf\u00fcgt \u00fcber ein intelligentes LED-Display zur \u00dcberwachung des Akku- und E-Liquid-F\u00fcllstands und gew\u00e4hrleistet so ein gleichbleibendes und zufriedenstellendes Dampferlebnis.<strong> 25 ml vorgef\u00fclltes E-Liquid<\/strong>, A <strong>0,9 \u03a9 Maschenspule<\/strong>, und ein <strong>850-mAh-Akku (Typ-C)<\/strong>, Die <strong>Fumot Tornado 15000<\/strong> vereint Stil, Komfort und Leistung.<\/p>\n<div class=\"ast-oembed-container\" style=\"height: 100%;\"><iframe title=\"Fumot Tornado 15k\" width=\"500\" height=\"281\" src=\"https:\/\/www.youtube.com\/embed\/pF7gIZz57Cc?feature=oembed\" frameborder=\"0\" allow=\"accelerometer; autoplay; clipboard-write; encrypted-media; gyroscope; picture-in-picture; web-share\" referrerpolicy=\"strict-origin-when-cross-origin\" allowfullscreen><\/iframe><\/div>\n<h2>\ud83d\udd39 Fumot Randm Tornado 15k Hauptmerkmale:<\/h2>\n<p>\u2022<strong> 15000 Puffs<\/strong>&nbsp;\u2013 ein ultra-lang anhaltendes, intensives Dampferlebnis<\/p>\n<p>\u2022<strong> 0,9 \u03a9 Mesh-Spule<\/strong> \u2013 Sanfteres Einatmen und intensivere Geschmacksabgabe<\/p>\n<p>\u2022 <strong>25 ml vorgef\u00fclltes E-Liquid<\/strong> \u2013 langanhaltende und befriedigende Dampfsessions<\/p>\n<p>\u2022 <strong>Nikotinoptionen<\/strong> \u2013 0% \/ 2% \/ 3% \/ 5% (flexible Fumot-Pumpstufen)<\/p>\n<p>\u2022 <strong>Wiederaufladbarer Akku<\/strong> \u2013 850 mAh Kapazit\u00e4t mit Typ-C-Schnellladefunktion<\/p>\n<p>\u2022 <strong>59 Geschmacksrichtungen<\/strong> - einschlie\u00dflich <strong>Fumot Peach Ice, Fumot Lush Ice, RandM Fumot Cola Ice<\/strong>, Und <strong>Liebe 66<\/strong> Stilmischungen<\/p>\n<p>\u2022 <strong>Gro\u00dfhandelsfreundlich <\/strong>\u2013 Bestseller <strong>Fumot Vape 15000<\/strong> f\u00fcr <strong>E-Zigaretten im Gro\u00dfhandel, E-Zigaretten kaufen, E-Zigaretten-Onlineshops<\/strong>, Und <strong>E-Zigaretten-Gro\u00dfhandel in Europa<\/strong><\/p>\n<h2>\ud83d\udd39 Fumot Randm Tornado 15k Spezifikationen:<\/h2>\n<p>\u2022 <strong>Modellname<\/strong>Fumot RandM Tornado 15K (Fumot 15000 \/ Fumot Vape 15000)<\/p>\n<p>\u2022 <strong>Puffs<\/strong>: 15000<\/p>\n<p>\u2022 <strong>E-Liquid<\/strong>25 ml<\/p>\n<p>\u2022 <strong>Spule<\/strong>Mesh-Spule 0,9 \u03a9<\/p>\n<p>\u2022 <strong>Batterie<\/strong>: 850 mAh wiederaufladbar (Typ-C)<\/p>\n<p>\u2022 <strong>Nikotin<\/strong>: 0% \/ 2% \/ 3% \/ 5%<\/p>\n<p>\u2022 <strong>Bildschirm<\/strong>: LED-Smart-Display<\/p>\n<p>\u2022 <strong>Stil<\/strong>Einweg-E-Zigarette in Boxform<\/p>\n<h2>\ud83d\udd39 Fumot Randm Tornado 15k Geschmacksrichtungen:<\/h2>\n<p>1. Blaue Himbeerlimonade<\/p>\n<p>2. Fumot Pfirsicheis<\/p>\n<p>3. Saurer Apfel<\/p>\n<p>4. Wassermeloneneis<\/p>\n<p>5. Blaubeere auf Eis<\/p>\n<p>6. Blaubeere Himbeere<\/p>\n<p>7. Ananas-Eis<\/p>\n<p>8. Kirsche<\/p>\n<p>9. Erdbeereis<\/p>\n<p>10. Vimto<\/p>\n<p>11. Traubeneis<\/p>\n<p>12. Cola-Eis<\/p>\n<p>13. Erdbeer-Wassermelone<\/p>\n<p>14. Rosa Limonade<\/p>\n<p>15. Gemischte Beeren<\/p>\n<p>16. Pfirsich-Mango<\/p>\n<p>17. Drachenfrucht<\/p>\n<p>18. Erdbeer-Traube<\/p>\n<p>19. Herr Blau<\/p>\n<p>20. Fumot Lush Ice<\/p>\n<p>21. Eis am Stiel<\/p>\n<p>22. Erdbeer-Kiwi<\/p>\n<p>23. Kiwi-Passionsfrucht-Guave<\/p>\n<p>24. Dreifachbeere<\/p>\n<p>25. Bananeneis<\/p>\n<p>26. Pfirsich-Heidelbeer-Konfekt<\/p>\n<p>27. Apfel Pfirsich Birne<\/p>\n<p>28. Beerenlimonade<\/p>\n<p>29. Blaue Himbeere Kirsche<\/p>\n<p>30. Blaubeer-Kaugummi<\/p>\n<p>31. Blaubeere, Kirsche, Cranberry<\/p>\n<p>32. Blaubeere-Granatapfel<\/p>\n<p>33. Blaue Saure Himbeere<\/p>\n<p>34. Kirsch-Cola<\/p>\n<p>35. Gummib\u00e4rchen<\/p>\n<p>36. Zitrone &amp; Limette<\/p>\n<p>37. Mango auf Eis<\/p>\n<p>38. Rotes Energieeis<\/p>\n<p>39. Erdbeer-Banane<\/p>\n<p>40. Erdbeer-Red Bull<\/p>\n<p>41. Erdbeer-Wassermelonen-Limonade<\/p>\n<p>42. Eistee mit Zitrone<\/p>\n<p>43. Eistee Pfirsich-Eis<\/p>\n<p>44. Sprudelnde Kirsche<\/p>\n<p>45. Skittles<\/p>\n<p>46. K\u00fchle Minze<\/p>\n<p>47. Pina Colada<\/p>\n<p>48. Heidelbeere<\/p>\n<p>49. Blaubeer-Pfirsich-Eis<\/p>\n<p>50. Trauben-Zitrone<\/p>\n<p>51. Fanta<\/p>\n<p>52. Frischer Menthol-Mojito<\/p>\n<p>53. Aloe Zitronenbeeren<\/p>\n<p>54. Gr\u00fcner Apfel Zitrus Menthol<\/p>\n<p>55. Gr\u00fcne Traubenmelone<\/p>\n<p>56. Kaktus-Kiwi<\/p>\n<p>57. Cola Zitrone<\/p>\n<p>58. Kaktuseis<\/p>\n<p>59. Blaue Himbeer-Gummib\u00e4rchen<\/p>\n<h2>\ud83d\udd39 Fumot Randm Tornado 15k Key FAQ:<\/h2>\n<p data-start=\"4186\" data-end=\"4469\"><strong data-start=\"4186\" data-end=\"4246\">Frage 1: Was ist die Fumot RandM Tornado 15K Einweg-E-Zigarette?<\/strong><br data-start=\"4246\" data-end=\"4249\">A1: Die <strong data-start=\"4257\" data-end=\"4284\">Fumot RandM Tornado 15K<\/strong> (auch genannt <strong data-start=\"4298\" data-end=\"4352\">Fumot 15000, Fumot Tornado 15000<\/strong>) ist ein <strong data-start=\"4359\" data-end=\"4388\">intelligente Einweg-Vape-Box<\/strong> liefert bis zu <strong data-start=\"4406\" data-end=\"4421\">15000 Z\u00fcge<\/strong> mit <strong data-start=\"4427\" data-end=\"4441\">59 Geschmacksrichtungen<\/strong> und wiederaufladbarer Akku.<\/p>\n<p data-start=\"4471\" data-end=\"4667\"><strong data-start=\"4471\" data-end=\"4524\">Frage 2: Ist Fumot 15000 dasselbe wie RandM Tornado 15K?<\/strong><br data-start=\"4524\" data-end=\"4527\">A2: Ja. <strong data-start=\"4536\" data-end=\"4587\">Fumot 15K, RandM Tornado 15K, Fumot RandM 15000<\/strong> alle beschreiben die gleiche hohe Leistung <strong data-start=\"4627\" data-end=\"4664\">Fumot Einweg-E-Zigarette, 15000 Z\u00fcge<\/strong>.<\/p>\n<p data-start=\"4669\" data-end=\"4910\"><strong data-start=\"4669\" data-end=\"4726\">Frage 3: Wie viele Geschmacksrichtungen bietet der Fumot Vape 15000 an?<\/strong><br data-start=\"4726\" data-end=\"4729\">A3: Die <strong data-start=\"4737\" data-end=\"4763\">Fumot 15000 Z\u00fcge E-Zigarette<\/strong> beinhaltet <strong data-start=\"4775\" data-end=\"4789\">59 Geschmacksrichtungen<\/strong>, einschlie\u00dflich Bestseller wie <strong data-start=\"4818\" data-end=\"4907\">Fumot Peach Ice, Fumot Lush Ice, Blue Razz Lemonade, Cola Ice und Aloe Lemon Berries<\/strong>.<\/p>\n<p data-start=\"4912\" data-end=\"5134\"><strong data-start=\"4912\" data-end=\"4986\">Frage 4: Gibt es den Fumot 15000 auch in nikotinfreien Ausf\u00fchrungen?<\/strong><br data-start=\"4986\" data-end=\"4989\">A4: Ja. <strong data-start=\"5002\" data-end=\"5022\">Fumot Vape 15000<\/strong> unterst\u00fctzt <strong data-start=\"5032\" data-end=\"5070\">Nikotingehalte von 0%, 2%, 3% und 5%<\/strong>, Dadurch eignet es sich sowohl f\u00fcr Nikotinkonsumenten als auch f\u00fcr Nichtraucher.<\/p>\n<p data-start=\"5136\" data-end=\"5316\"><strong data-start=\"5136\" data-end=\"5174\">Frage 5: Ist der Fumot 15000 wiederaufladbar?<\/strong><br data-start=\"5174\" data-end=\"5177\">A5: Definitiv. Es beinhaltet ein <strong data-start=\"5208\" data-end=\"5246\">850-mAh-Akku mit Typ-C-Anschluss<\/strong>, wodurch <strong data-start=\"5259\" data-end=\"5283\">Fumot 15000 Vape-Box<\/strong> umweltfreundlicher und langlebiger.<\/p>\n<p data-start=\"5318\" data-end=\"5578\"><strong data-start=\"5318\" data-end=\"5375\">Frage 6: F\u00fcr wen ist der Kauf von Fumot 15000 im Gro\u00dfhandel geeignet?<\/strong><br data-start=\"5375\" data-end=\"5378\">A6: Die <strong data-start=\"5386\" data-end=\"5413\">Fumot RandM Tornado 15K<\/strong> ist sehr beliebt f\u00fcr <strong data-start=\"5436\" data-end=\"5533\">E-Zigaretten-Gro\u00dfhandel Europa, E-Zigaretten kaufen Niederlande, Online-H\u00e4ndler f\u00fcr E-Zigaretten und smarte E-Zigaretten-Shops<\/strong> die wollen <strong data-start=\"5546\" data-end=\"5575\">meistverkaufter Big Puff Vape<\/strong>.<\/p>\n<p data-start=\"5318\" data-end=\"5578\"><strong data-start=\"4365\" data-end=\"4424\">F7: Gibt es \u00e4hnliche Produkte?<\/strong><br data-start=\"4424\" data-end=\"4427\">A7: Ja, zum Beispiel <a href=\"https:\/\/kylinvape.com\/de\/product\/uzy-20k-disposable-vape-20000-puffs-rechargeable-e-cigarette-big-puff-vape-pen\/\"><strong>UZY 20K<\/strong><\/a>.<\/p>","protected":false},"excerpt":{"rendered":"<p>Der <strong>Fumot RandM Tornado 15K Einweg-E-Zigarette<\/strong> \u2013 auch genannt <strong>Fumot 15000, Fumot Tornado 15000<\/strong>, Und <strong>Fumot Vape 15000<\/strong> \u2013 liefert bis zu <strong>15000 Z\u00fcge<\/strong> mit einem 25-ml-E-Liquid-Tank und <strong>0,9 \u03a9 Maschenspule<\/strong>. Mit einem <strong>intelligenter LED-Bildschirm<\/strong>, wiederaufladbarer 850-mAh-Akku mit Typ-C-Anschluss und<strong> 59 Fumot-Sorten<\/strong>, Es ist eines der wirksamsten und langlebigsten. <strong>Einweg-E-Zigaretten<\/strong> auf dem Markt. Ideal f\u00fcr Fans von <strong>RandM Fumot Tornado 15K<\/strong> und Vertriebsh\u00e4ndler in <strong>E-Zigaretten-Gro\u00dfhandel Europa<\/strong>.<\/p>","protected":false},"featured_media":5604,"comment_status":"open","ping_status":"closed","template":"","meta":{"site-sidebar-layout":"default","site-content-layout":"","ast-site-content-layout":"default","site-content-style":"default","site-sidebar-style":"default","ast-global-header-display":"","ast-banner-title-visibility":"","ast-main-header-display":"","ast-hfb-above-header-display":"","ast-hfb-below-header-display":"","ast-hfb-mobile-header-display":"","site-post-title":"","ast-breadcrumbs-content":"","ast-featured-img":"","footer-sml-layout":"","ast-disable-related-posts":"","theme-transparent-header-meta":"default","adv-header-id-meta":"","stick-header-meta":"default","header-above-stick-meta":"","header-main-stick-meta":"","header-below-stick-meta":"","astra-migrate-meta-layouts":"set","ast-page-background-enabled":"default","ast-page-background-meta":{"desktop":{"background-color":"","background-image":"","background-repeat":"repeat","background-position":"center center","background-size":"auto","background-attachment":"scroll","background-type":"","background-media":"","overlay-type":"","overlay-color":"","overlay-opacity":"","overlay-gradient":""},"tablet":{"background-color":"","background-image":"","background-repeat":"repeat","background-position":"center center","background-size":"auto","background-attachment":"scroll","background-type":"","background-media":"","overlay-type":"","overlay-color":"","overlay-opacity":"","overlay-gradient":""},"mobile":{"background-color":"","background-image":"","background-repeat":"repeat","background-position":"center center","background-size":"auto","background-attachment":"scroll","background-type":"","background-media":"","overlay-type":"","overlay-color":"","overlay-opacity":"","overlay-gradient":""}},"ast-content-background-meta":{"desktop":{"background-color":"var(--ast-global-color-5)","background-image":"","background-repeat":"repeat","background-position":"center center","background-size":"auto","background-attachment":"scroll","background-type":"","background-media":"","overlay-type":"","overlay-color":"","overlay-opacity":"","overlay-gradient":""},"tablet":{"background-color":"var(--ast-global-color-5)","background-image":"","background-repeat":"repeat","background-position":"center center","background-size":"auto","background-attachment":"scroll","background-type":"","background-media":"","overlay-type":"","overlay-color":"","overlay-opacity":"","overlay-gradient":""},"mobile":{"background-color":"var(--ast-global-color-5)","background-image":"","background-repeat":"repeat","background-position":"center center","background-size":"auto","background-attachment":"scroll","background-type":"","background-media":"","overlay-type":"","overlay-color":"","overlay-opacity":"","overlay-gradient":""}}},"product_brand":[],"product_cat":[106,283,127,126,123,118,117,121,120,124,125,119,122,97,131,129],"product_tag":[175,173,177,174,176],"class_list":{"0":"post-5603","1":"product","2":"type-product","3":"status-publish","4":"has-post-thumbnail","6":"product_cat-15k-puffs-disposable-vape","7":"product_cat-best-selling-vapes","8":"product_cat-big-puff-vape","9":"product_cat-disposable-vapes-in-austria","10":"product_cat-disposable-vapes-in-belgium","11":"product_cat-disposable-vapes-in-france","12":"product_cat-disposable-vapes-in-germany","13":"product_cat-disposable-vapes-in-italy","14":"product_cat-disposable-vapes-in-netherlands","15":"product_cat-disposable-vapes-in-poland","16":"product_cat-disposable-vapes-in-portugal","17":"product_cat-disposable-vapes-in-spain","18":"product_cat-disposable-vapes-in-sweden","19":"product_cat-fumot-vape","20":"product_cat-rechargeable-vapes","21":"product_cat-vape-pen","22":"product_tag-15k-vape","23":"product_tag-fumot-randm","24":"product_tag-randm-15k","25":"product_tag-randm-tornado","26":"product_tag-tornado-15k","27":"desktop-align-center","28":"tablet-align-center","29":"mobile-align-center","30":"ast-product-gallery-layout-horizontal-slider","31":"ast-product-single-variable","32":"ast-product-tabs-layout-horizontal","34":"first","35":"instock","36":"sale","37":"featured","38":"shipping-taxable","39":"purchasable","40":"product-type-variable"},"yoast_head":"<!-- This site is optimized with the Yoast SEO Premium plugin v26.0 (Yoast SEO v27.4) - https:\/\/yoast.com\/product\/yoast-seo-premium-wordpress\/ -->\n<title>Fumot RandM Tornado 15K 15000 Puffs Vape | Fumot 15000 Disposable Smart Vape Pen<\/title>\n<meta name=\"description\" content=\"Experience the Fumot RandM Tornado 15K Disposable Vape \u2013 also known as Fumot 15000, and RandM Fumot 15K. With 15000 puffs, 25ml e-liquid, mesh coil 0.9\u03a9, and rechargeable 850mAh Type-C battery, this fumot disposable vape offers 59 premium flavors like Fumot Peach Ice, Fumot Lush Ice, and Blue Razz Lemonade. Perfect for big puff vapers and vape wholesale Europe\" \/>\n<meta name=\"robots\" content=\"index, follow, max-snippet:-1, max-image-preview:large, max-video-preview:-1\" \/>\n<link rel=\"canonical\" href=\"https:\/\/kylinvape.com\/de\/product\/fumot-randm-tornado-15k-15000-puffs-disposable-vape\/\" \/>\n<meta property=\"og:locale\" content=\"de_DE\" \/>\n<meta property=\"og:type\" content=\"article\" \/>\n<meta property=\"og:title\" content=\"Fumot RandM Tornado 15K Disposable Vape | Fumot 15000 Puffs Rechargeable Smart Vape pen\" \/>\n<meta property=\"og:description\" content=\"Experience the Fumot RandM Tornado 15K Disposable Vape \u2013 also known as Fumot 15000, and RandM Fumot 15K. With 15000 puffs, 25ml e-liquid, mesh coil 0.9\u03a9, and rechargeable 850mAh Type-C battery, this fumot disposable vape offers 59 premium flavors like Fumot Peach Ice, Fumot Lush Ice, and Blue Razz Lemonade. Perfect for big puff vapers and vape wholesale Europe\" \/>\n<meta property=\"og:url\" content=\"https:\/\/kylinvape.com\/de\/product\/fumot-randm-tornado-15k-15000-puffs-disposable-vape\/\" \/>\n<meta property=\"og:site_name\" content=\"Kylin Vape\" \/>\n<meta property=\"article:modified_time\" content=\"2025-11-21T15:27:50+00:00\" \/>\n<meta property=\"og:image\" content=\"https:\/\/kylinvape.com\/wp-content\/uploads\/2025\/09\/1.webp\" \/>\n\t<meta property=\"og:image:width\" content=\"800\" \/>\n\t<meta property=\"og:image:height\" content=\"800\" \/>\n\t<meta property=\"og:image:type\" content=\"image\/webp\" \/>\n<meta name=\"twitter:card\" content=\"summary_large_image\" \/>\n<meta name=\"twitter:label1\" content=\"Verf\u00fcgbarkeit\" \/>\n\t<meta name=\"twitter:data1\" content=\"Auf Lager\" \/>\n<script type=\"application\/ld+json\" class=\"yoast-schema-graph\">{\"@context\":\"https:\\\/\\\/schema.org\",\"@graph\":[{\"@type\":\"WebPage\",\"@id\":\"https:\\\/\\\/kylinvape.com\\\/product\\\/fumot-randm-tornado-15k-15000-puffs-disposable-vape\\\/\",\"url\":\"https:\\\/\\\/kylinvape.com\\\/product\\\/fumot-randm-tornado-15k-15000-puffs-disposable-vape\\\/\",\"name\":\"Fumot RandM Tornado 15K 15000 Puffs Vape | Fumot 15000 Disposable Smart Vape Pen\",\"isPartOf\":{\"@id\":\"https:\\\/\\\/lightgoldenrodyellow-wildcat-131089.hostingersite.com\\\/en\\\/#website\"},\"primaryImageOfPage\":{\"@id\":\"https:\\\/\\\/kylinvape.com\\\/product\\\/fumot-randm-tornado-15k-15000-puffs-disposable-vape\\\/#primaryimage\"},\"image\":{\"@id\":\"https:\\\/\\\/kylinvape.com\\\/product\\\/fumot-randm-tornado-15k-15000-puffs-disposable-vape\\\/#primaryimage\"},\"thumbnailUrl\":\"https:\\\/\\\/kylinvape.com\\\/wp-content\\\/uploads\\\/2025\\\/09\\\/1.webp\",\"datePublished\":\"2025-09-14T20:17:17+00:00\",\"dateModified\":\"2025-11-21T15:27:50+00:00\",\"description\":\"Experience the Fumot RandM Tornado 15K Disposable Vape \u2013 also known as Fumot 15000, and RandM Fumot 15K. With 15000 puffs, 25ml e-liquid, mesh coil 0.9\u03a9, and rechargeable 850mAh Type-C battery, this fumot disposable vape offers 59 premium flavors like Fumot Peach Ice, Fumot Lush Ice, and Blue Razz Lemonade. Perfect for big puff vapers and vape wholesale Europe\",\"breadcrumb\":{\"@id\":\"https:\\\/\\\/kylinvape.com\\\/product\\\/fumot-randm-tornado-15k-15000-puffs-disposable-vape\\\/#breadcrumb\"},\"inLanguage\":\"de\",\"potentialAction\":[{\"@type\":\"ReadAction\",\"target\":[\"https:\\\/\\\/kylinvape.com\\\/product\\\/fumot-randm-tornado-15k-15000-puffs-disposable-vape\\\/\"]}]},{\"@type\":\"ImageObject\",\"inLanguage\":\"de\",\"@id\":\"https:\\\/\\\/kylinvape.com\\\/product\\\/fumot-randm-tornado-15k-15000-puffs-disposable-vape\\\/#primaryimage\",\"url\":\"https:\\\/\\\/kylinvape.com\\\/wp-content\\\/uploads\\\/2025\\\/09\\\/1.webp\",\"contentUrl\":\"https:\\\/\\\/kylinvape.com\\\/wp-content\\\/uploads\\\/2025\\\/09\\\/1.webp\",\"width\":800,\"height\":800,\"caption\":\"Fumot RandM Tornado 15K 15000 puffs disposable vape pen\"},{\"@type\":\"BreadcrumbList\",\"@id\":\"https:\\\/\\\/kylinvape.com\\\/product\\\/fumot-randm-tornado-15k-15000-puffs-disposable-vape\\\/#breadcrumb\",\"itemListElement\":[{\"@type\":\"ListItem\",\"position\":1,\"name\":\"Home\",\"item\":\"https:\\\/\\\/lightgoldenrodyellow-wildcat-131089.hostingersite.com\\\/en\\\/\"},{\"@type\":\"ListItem\",\"position\":2,\"name\":\"Shop\",\"item\":\"https:\\\/\\\/lightgoldenrodyellow-wildcat-131089.hostingersite.com\\\/en\\\/shop\\\/\"},{\"@type\":\"ListItem\",\"position\":3,\"name\":\"Fumot RandM Tornado 15K Disposable Vape | Fumot 15000 Puffs Rechargeable Smart Vape pen\"}]},{\"@type\":\"WebSite\",\"@id\":\"https:\\\/\\\/lightgoldenrodyellow-wildcat-131089.hostingersite.com\\\/en\\\/#website\",\"url\":\"https:\\\/\\\/lightgoldenrodyellow-wildcat-131089.hostingersite.com\\\/en\\\/\",\"name\":\"Kylin Vape\",\"description\":\"Kylin Vape\",\"publisher\":{\"@id\":\"https:\\\/\\\/lightgoldenrodyellow-wildcat-131089.hostingersite.com\\\/en\\\/#organization\"},\"potentialAction\":[{\"@type\":\"SearchAction\",\"target\":{\"@type\":\"EntryPoint\",\"urlTemplate\":\"https:\\\/\\\/lightgoldenrodyellow-wildcat-131089.hostingersite.com\\\/en\\\/?s={search_term_string}\"},\"query-input\":{\"@type\":\"PropertyValueSpecification\",\"valueRequired\":true,\"valueName\":\"search_term_string\"}}],\"inLanguage\":\"de\"},{\"@type\":\"Organization\",\"@id\":\"https:\\\/\\\/lightgoldenrodyellow-wildcat-131089.hostingersite.com\\\/en\\\/#organization\",\"name\":\"Kylin Vape\",\"url\":\"https:\\\/\\\/lightgoldenrodyellow-wildcat-131089.hostingersite.com\\\/en\\\/\",\"logo\":{\"@type\":\"ImageObject\",\"inLanguage\":\"de\",\"@id\":\"https:\\\/\\\/lightgoldenrodyellow-wildcat-131089.hostingersite.com\\\/en\\\/#\\\/schema\\\/logo\\\/image\\\/\",\"url\":\"https:\\\/\\\/kylinvape.com\\\/wp-content\\\/uploads\\\/2025\\\/08\\\/1-1.webp\",\"contentUrl\":\"https:\\\/\\\/kylinvape.com\\\/wp-content\\\/uploads\\\/2025\\\/08\\\/1-1.webp\",\"width\":384,\"height\":397,\"caption\":\"Kylin Vape\"},\"image\":{\"@id\":\"https:\\\/\\\/lightgoldenrodyellow-wildcat-131089.hostingersite.com\\\/en\\\/#\\\/schema\\\/logo\\\/image\\\/\"}}]}<\/script>\n<meta property=\"og:availability\" content=\"instock\" \/>\n<meta property=\"product:availability\" content=\"instock\" \/>\n<meta property=\"product:condition\" content=\"new\" \/>\n<!-- \/ Yoast SEO Premium plugin. -->","yoast_head_json":{"title":"Fumot RandM Tornado 15K 15000 Z\u00fcge Vape | Fumot 15000 Einweg-E-Zigarette","description":"Erleben Sie die Fumot RandM Tornado 15K Einweg-E-Zigarette \u2013 auch bekannt als Fumot 15000 und RandM Fumot 15K. Mit 15.000 Z\u00fcgen, 25 ml E-Liquid, 0,9 \u03a9 Mesh-Coil und einem wiederaufladbaren 850-mAh-Akku (Typ C) bietet diese Fumot Einweg-E-Zigarette 59 Premium-Aromen wie Fumot Peach Ice, Fumot Lush Ice und Blue Razz Lemonade. Perfekt f\u00fcr Dampfer, die gerne gro\u00dfe Z\u00fcge nehmen, und f\u00fcr den europ\u00e4ischen E-Zigaretten-Gro\u00dfhandel.","robots":{"index":"index","follow":"follow","max-snippet":"max-snippet:-1","max-image-preview":"max-image-preview:large","max-video-preview":"max-video-preview:-1"},"canonical":"https:\/\/kylinvape.com\/de\/product\/fumot-randm-tornado-15k-15000-puffs-disposable-vape\/","og_locale":"de_DE","og_type":"article","og_title":"Fumot RandM Tornado 15K Disposable Vape | Fumot 15000 Puffs Rechargeable Smart Vape pen","og_description":"Experience the Fumot RandM Tornado 15K Disposable Vape \u2013 also known as Fumot 15000, and RandM Fumot 15K. With 15000 puffs, 25ml e-liquid, mesh coil 0.9\u03a9, and rechargeable 850mAh Type-C battery, this fumot disposable vape offers 59 premium flavors like Fumot Peach Ice, Fumot Lush Ice, and Blue Razz Lemonade. Perfect for big puff vapers and vape wholesale Europe","og_url":"https:\/\/kylinvape.com\/de\/product\/fumot-randm-tornado-15k-15000-puffs-disposable-vape\/","og_site_name":"Kylin Vape","article_modified_time":"2025-11-21T15:27:50+00:00","og_image":[{"width":800,"height":800,"url":"https:\/\/kylinvape.com\/wp-content\/uploads\/2025\/09\/1.webp","type":"image\/webp"}],"twitter_card":"summary_large_image","twitter_misc":{"Verf\u00fcgbarkeit":"Auf Lager"},"schema":{"@context":"https:\/\/schema.org","@graph":[{"@type":"WebPage","@id":"https:\/\/kylinvape.com\/product\/fumot-randm-tornado-15k-15000-puffs-disposable-vape\/","url":"https:\/\/kylinvape.com\/product\/fumot-randm-tornado-15k-15000-puffs-disposable-vape\/","name":"Fumot RandM Tornado 15K 15000 Z\u00fcge Vape | Fumot 15000 Einweg-E-Zigarette","isPartOf":{"@id":"https:\/\/lightgoldenrodyellow-wildcat-131089.hostingersite.com\/en\/#website"},"primaryImageOfPage":{"@id":"https:\/\/kylinvape.com\/product\/fumot-randm-tornado-15k-15000-puffs-disposable-vape\/#primaryimage"},"image":{"@id":"https:\/\/kylinvape.com\/product\/fumot-randm-tornado-15k-15000-puffs-disposable-vape\/#primaryimage"},"thumbnailUrl":"https:\/\/kylinvape.com\/wp-content\/uploads\/2025\/09\/1.webp","datePublished":"2025-09-14T20:17:17+00:00","dateModified":"2025-11-21T15:27:50+00:00","description":"Erleben Sie die Fumot RandM Tornado 15K Einweg-E-Zigarette \u2013 auch bekannt als Fumot 15000 und RandM Fumot 15K. Mit 15.000 Z\u00fcgen, 25 ml E-Liquid, 0,9 \u03a9 Mesh-Coil und einem wiederaufladbaren 850-mAh-Akku (Typ C) bietet diese Fumot Einweg-E-Zigarette 59 Premium-Aromen wie Fumot Peach Ice, Fumot Lush Ice und Blue Razz Lemonade. Perfekt f\u00fcr Dampfer, die gerne gro\u00dfe Z\u00fcge nehmen, und f\u00fcr den europ\u00e4ischen E-Zigaretten-Gro\u00dfhandel.","breadcrumb":{"@id":"https:\/\/kylinvape.com\/product\/fumot-randm-tornado-15k-15000-puffs-disposable-vape\/#breadcrumb"},"inLanguage":"de","potentialAction":[{"@type":"ReadAction","target":["https:\/\/kylinvape.com\/product\/fumot-randm-tornado-15k-15000-puffs-disposable-vape\/"]}]},{"@type":"ImageObject","inLanguage":"de","@id":"https:\/\/kylinvape.com\/product\/fumot-randm-tornado-15k-15000-puffs-disposable-vape\/#primaryimage","url":"https:\/\/kylinvape.com\/wp-content\/uploads\/2025\/09\/1.webp","contentUrl":"https:\/\/kylinvape.com\/wp-content\/uploads\/2025\/09\/1.webp","width":800,"height":800,"caption":"Fumot RandM Tornado 15K 15000 puffs disposable vape pen"},{"@type":"BreadcrumbList","@id":"https:\/\/kylinvape.com\/product\/fumot-randm-tornado-15k-15000-puffs-disposable-vape\/#breadcrumb","itemListElement":[{"@type":"ListItem","position":1,"name":"Home","item":"https:\/\/lightgoldenrodyellow-wildcat-131089.hostingersite.com\/en\/"},{"@type":"ListItem","position":2,"name":"Shop","item":"https:\/\/lightgoldenrodyellow-wildcat-131089.hostingersite.com\/en\/shop\/"},{"@type":"ListItem","position":3,"name":"Fumot RandM Tornado 15K Disposable Vape | Fumot 15000 Puffs Rechargeable Smart Vape pen"}]},{"@type":"WebSite","@id":"https:\/\/lightgoldenrodyellow-wildcat-131089.hostingersite.com\/en\/#website","url":"https:\/\/lightgoldenrodyellow-wildcat-131089.hostingersite.com\/en\/","name":"Kylin Vape","description":"Kylin Vape","publisher":{"@id":"https:\/\/lightgoldenrodyellow-wildcat-131089.hostingersite.com\/en\/#organization"},"potentialAction":[{"@type":"SearchAction","target":{"@type":"EntryPoint","urlTemplate":"https:\/\/lightgoldenrodyellow-wildcat-131089.hostingersite.com\/en\/?s={search_term_string}"},"query-input":{"@type":"PropertyValueSpecification","valueRequired":true,"valueName":"search_term_string"}}],"inLanguage":"de"},{"@type":"Organization","@id":"https:\/\/lightgoldenrodyellow-wildcat-131089.hostingersite.com\/en\/#organization","name":"Kylin Vape","url":"https:\/\/lightgoldenrodyellow-wildcat-131089.hostingersite.com\/en\/","logo":{"@type":"ImageObject","inLanguage":"de","@id":"https:\/\/lightgoldenrodyellow-wildcat-131089.hostingersite.com\/en\/#\/schema\/logo\/image\/","url":"https:\/\/kylinvape.com\/wp-content\/uploads\/2025\/08\/1-1.webp","contentUrl":"https:\/\/kylinvape.com\/wp-content\/uploads\/2025\/08\/1-1.webp","width":384,"height":397,"caption":"Kylin Vape"},"image":{"@id":"https:\/\/lightgoldenrodyellow-wildcat-131089.hostingersite.com\/en\/#\/schema\/logo\/image\/"}}]},"og_availability":"instock","product_availability":"instock","product_condition":"new"},"_links":{"self":[{"href":"https:\/\/kylinvape.com\/de\/wp-json\/wp\/v2\/product\/5603","targetHints":{"allow":["GET"]}}],"collection":[{"href":"https:\/\/kylinvape.com\/de\/wp-json\/wp\/v2\/product"}],"about":[{"href":"https:\/\/kylinvape.com\/de\/wp-json\/wp\/v2\/types\/product"}],"replies":[{"embeddable":true,"href":"https:\/\/kylinvape.com\/de\/wp-json\/wp\/v2\/comments?post=5603"}],"wp:featuredmedia":[{"embeddable":true,"href":"https:\/\/kylinvape.com\/de\/wp-json\/wp\/v2\/media\/5604"}],"wp:attachment":[{"href":"https:\/\/kylinvape.com\/de\/wp-json\/wp\/v2\/media?parent=5603"}],"wp:term":[{"taxonomy":"product_brand","embeddable":true,"href":"https:\/\/kylinvape.com\/de\/wp-json\/wp\/v2\/product_brand?post=5603"},{"taxonomy":"product_cat","embeddable":true,"href":"https:\/\/kylinvape.com\/de\/wp-json\/wp\/v2\/product_cat?post=5603"},{"taxonomy":"product_tag","embeddable":true,"href":"https:\/\/kylinvape.com\/de\/wp-json\/wp\/v2\/product_tag?post=5603"}],"curies":[{"name":"wp","href":"https:\/\/api.w.org\/{rel}","templated":true}]}}