{"id":6362,"date":"2025-09-16T01:46:06","date_gmt":"2025-09-16T01:46:06","guid":{"rendered":"https:\/\/kylinvape.com\/?post_type=product&#038;p=6362"},"modified":"2025-10-16T17:50:51","modified_gmt":"2025-10-16T17:50:51","slug":"razz-bar-40000-twins-disposable-vape-40k-double-flavor","status":"publish","type":"product","link":"https:\/\/kylinvape.com\/de\/product\/razz-bar-40000-twins-disposable-vape-40k-double-flavor\/","title":{"rendered":"Razz Bar 40000 Puffs Twins Einweg-Vape | Wiederaufladbarer Vape-Pen mit 40.000 Z\u00fcgen und doppeltem Geschmack"},"content":{"rendered":"<h1>Razz Bar 40000 Twins \u2013 Einweg-E-Zigarette f\u00fcr 40.000 Z\u00fcge mit doppelter Geschmacksauswahl und USB-C-Aufladung<\/h1>\n<p data-start=\"1346\" data-end=\"1904\">Steigen Sie mit dem\/der <strong data-start=\"1405\" data-end=\"1429\">Razz Bar 40000 Twins<\/strong>. Dieses Ger\u00e4t wurde f\u00fcr intensive Nutzer entwickelt und kombiniert eine massive <strong data-start=\"1488\" data-end=\"1509\">40.000 Z\u00fcge Kapazit\u00e4t<\/strong> mit einem <strong data-start=\"1517\" data-end=\"1541\">Doppelgeschmackssystem<\/strong>, Dadurch k\u00f6nnen Sie in einem Ger\u00e4t zwischen zwei E-Liquid-Aromen wechseln. Angetrieben von einem <strong data-start=\"1623\" data-end=\"1654\">650-mAh-Akku<\/strong> mit <strong data-start=\"1660\" data-end=\"1684\">Schnellladung \u00fcber USB-C<\/strong>, Es bietet sowohl Ausdauer als auch Komfort. <strong data-start=\"1735\" data-end=\"1760\">10 Geschmackskombinationen mit zwei Aromen<\/strong> und reibungsloser Betrieb, die <strong data-start=\"1789\" data-end=\"1819\">Razz Bar 40K Puff Vape Pen<\/strong> ist ideal f\u00fcr Dampfer, die Abwechslung suchen, und Gro\u00dfh\u00e4ndler, die M\u00e4rkte mit hoher Nachfrage bedienen.<\/p>\n<div class=\"ast-oembed-container\" style=\"height: 100%;\"><iframe title=\"RazzBar 40k Dual Flavor\" width=\"422\" height=\"750\" src=\"https:\/\/www.youtube.com\/embed\/rQcOzxNH8m4?feature=oembed\" frameborder=\"0\" allow=\"accelerometer; autoplay; clipboard-write; encrypted-media; gyroscope; picture-in-picture; web-share\" referrerpolicy=\"strict-origin-when-cross-origin\" allowfullscreen><\/iframe><\/div>\n<h2>\ud83d\udd39Hauptmerkmale der Razz Bar 40000 Twins<\/h2>\n<ul data-start=\"1950\" data-end=\"2507\">\n<li data-start=\"1950\" data-end=\"2020\">\n<p data-start=\"1952\" data-end=\"2020\">\u2705 <strong data-start=\"1954\" data-end=\"1980\">Un\u00fcbertroffene 40.000 Z\u00fcge<\/strong> \u2013 extreme Ausdauer f\u00fcr den Langzeiteinsatz<\/p>\n<\/li>\n<li data-start=\"2021\" data-end=\"2099\">\n<p data-start=\"2023\" data-end=\"2099\">\u2705 <strong data-start=\"2025\" data-end=\"2049\">Doppelte Geschmacksumschaltung<\/strong> \u2013 Zwei Geschmacksrichtungen in einem Ger\u00e4t f\u00fcr flexibles Dampfen<\/p>\n<\/li>\n<li data-start=\"2100\" data-end=\"2176\">\n<p data-start=\"2102\" data-end=\"2176\">\u2705 <strong data-start=\"2104\" data-end=\"2126\">10x2 Geschmackskombinationen<\/strong> \u2013 20 Premium-Geschmacksrichtungen im Twin-Style-Design<\/p>\n<\/li>\n<li data-start=\"2177\" data-end=\"2238\">\n<p data-start=\"2179\" data-end=\"2238\">\u2705 <strong data-start=\"2181\" data-end=\"2201\">Nikotinoptionen<\/strong> \u2013 erh\u00e4ltlich in den St\u00e4rken 2% und 5%<\/p>\n<\/li>\n<li data-start=\"2239\" data-end=\"2308\">\n<p data-start=\"2241\" data-end=\"2308\">\u2705 <strong data-start=\"2243\" data-end=\"2274\">Wiederaufladbarer 650-mAh-Akku<\/strong> - mit <strong data-start=\"2282\" data-end=\"2306\">Schnellladung \u00fcber USB-C<\/strong><\/p>\n<\/li>\n<li data-start=\"2309\" data-end=\"2390\">\n<p data-start=\"2311\" data-end=\"2390\">\u2705 <strong data-start=\"2313\" data-end=\"2350\">Kompaktes und stilvolles Vape-Pen-Design<\/strong> \u2013 leicht zu transportieren, robust gebaut<\/p>\n<\/li>\n<li data-start=\"2391\" data-end=\"2507\">\n<p data-start=\"2393\" data-end=\"2507\">\u2705 <strong data-start=\"2395\" data-end=\"2429\">Ideal f\u00fcr Gro\u00df- und Einzelhandel<\/strong> \u2013 ein stark nachgefragtes Produkt in <strong data-start=\"2457\" data-end=\"2482\">Europ\u00e4ischer Vape-Gro\u00dfhandel<\/strong> Und <strong data-start=\"2487\" data-end=\"2505\">globale M\u00e4rkte<\/strong><\/p>\n<\/li>\n<\/ul>\n<h2>\ud83d\udd39Technische Daten (Razz Bar 40K Twins Modell)<\/h2>\n<ul data-start=\"2558\" data-end=\"2802\">\n<li data-start=\"2558\" data-end=\"2617\">\n<p data-start=\"2560\" data-end=\"2617\"><strong data-start=\"2560\" data-end=\"2577\">Marke \/ Modell<\/strong>Razz Bar 40000 Twins Einweg-E-Zigarette<\/p>\n<\/li>\n<li data-start=\"2618\" data-end=\"2639\">\n<p data-start=\"2620\" data-end=\"2639\"><strong data-start=\"2620\" data-end=\"2629\">Puffs<\/strong>: 40,000<\/p>\n<\/li>\n<li data-start=\"2640\" data-end=\"2675\">\n<p data-start=\"2642\" data-end=\"2675\"><strong data-start=\"2642\" data-end=\"2664\">Nikotinst\u00e4rken<\/strong>: 2% \/ 5%<\/p>\n<\/li>\n<li data-start=\"2676\" data-end=\"2712\">\n<p data-start=\"2678\" data-end=\"2712\"><strong data-start=\"2678\" data-end=\"2689\">Batterie<\/strong>: 650 mAh wiederaufladbar<\/p>\n<\/li>\n<li data-start=\"2713\" data-end=\"2742\">\n<p data-start=\"2715\" data-end=\"2742\"><strong data-start=\"2715\" data-end=\"2732\">Ladeanschluss<\/strong>Typ C<\/p>\n<\/li>\n<li data-start=\"2743\" data-end=\"2802\">\n<p data-start=\"2745\" data-end=\"2802\"><strong data-start=\"2745\" data-end=\"2756\">Aromen<\/strong>: 10 Doppelgeschmackskombinationen (insgesamt 20 Geschmacksrichtungen)<\/p>\n<\/li>\n<\/ul>\n<h2>\ud83d\udd39Geschmacksliste \u2013 Doppelte Geschmackskombinationen (10\u00d72)<\/h2>\n<ol data-start=\"2853\" data-end=\"3222\">\n<li data-start=\"2853\" data-end=\"2879\">\n<p data-start=\"2856\" data-end=\"2879\">Lemon Lime \/ Lush Ice<\/p>\n<\/li>\n<li data-start=\"2880\" data-end=\"2915\">\n<p data-start=\"2883\" data-end=\"2915\">Erdbeereis \/ Gemischte Beeren<\/p>\n<\/li>\n<li data-start=\"2916\" data-end=\"2969\">\n<p data-start=\"2919\" data-end=\"2969\">Blue Razz Ice \/ Erdbeer-Wassermelonen-Kaugummi<\/p>\n<\/li>\n<li data-start=\"2970\" data-end=\"3005\">\n<p data-start=\"2973\" data-end=\"3005\">Gemischte Beeren \/ Wassermeloneneis<\/p>\n<\/li>\n<li data-start=\"3006\" data-end=\"3043\">\n<p data-start=\"3009\" data-end=\"3043\">Erdbeer-Banane \/ Red Bull Eis<\/p>\n<\/li>\n<li data-start=\"3044\" data-end=\"3072\">\n<p data-start=\"3047\" data-end=\"3072\">Blaubeereis \/ Liebe 66<\/p>\n<\/li>\n<li data-start=\"3073\" data-end=\"3103\">\n<p data-start=\"3076\" data-end=\"3103\">Pfirsicheis \/ Blaubeereis<\/p>\n<\/li>\n<li data-start=\"3104\" data-end=\"3151\">\n<p data-start=\"3107\" data-end=\"3151\">Erdbeer-Kiwi \/ Blaubeere-Saure Himbeere<\/p>\n<\/li>\n<li data-start=\"3152\" data-end=\"3182\">\n<p data-start=\"3155\" data-end=\"3182\">Wassermeloneneis \/ Cola-Eis<\/p>\n<\/li>\n<li data-start=\"3183\" data-end=\"3222\">\n<p data-start=\"3187\" data-end=\"3222\">Erdbeer-Wassermelone \/ Traubeneis<\/p>\n<\/li>\n<\/ol>\n<hr data-start=\"3224\" data-end=\"3227\">\n<h2>\ud83d\udd39FAQ-Bereich<\/h2>\n<p data-start=\"3251\" data-end=\"3442\"><strong data-start=\"3251\" data-end=\"3310\">Frage 1: Wie viele Z\u00fcge bietet der Razz Bar 40000 Twins?<\/strong><br data-start=\"3310\" data-end=\"3313\">A1: Jedes Ger\u00e4t liefert bis zu <strong data-start=\"3344\" data-end=\"3360\">40.000 Z\u00fcge<\/strong>, Damit geh\u00f6rt sie zu den Einweg-E-Zigaretten mit dem h\u00f6chsten Fassungsverm\u00f6gen in der Razz Bar-Serie.<\/p>\n<p data-start=\"3444\" data-end=\"3619\"><strong data-start=\"3444\" data-end=\"3496\">Frage 2: Was ist das \u201cTwins\u201d-Feature in Razz Bar 40K?<\/strong><br data-start=\"3496\" data-end=\"3499\">A2: \u00c4hnlich wie <a href=\"https:\/\/kylinvape.com\/de\/product\/fihp-40000-doube-flavor\/\"><strong>FIHP 40k<\/strong><\/a>, Der <strong data-start=\"3507\" data-end=\"3523\">Zwillingsdesign<\/strong> erm\u00f6glicht es Benutzern, zwischen <strong data-start=\"3555\" data-end=\"3584\">Zwei Geschmacksrichtungen in einem Ger\u00e4t<\/strong>, wodurch sich das Geschmackserlebnis verdoppelt.<\/p>\n<p data-start=\"3621\" data-end=\"3754\"><strong data-start=\"3621\" data-end=\"3664\">Frage 3: Ist der Razz Bar 40000 wiederaufladbar?<\/strong><br data-start=\"3664\" data-end=\"3667\">A3: Ja, es beinhaltet ein <strong data-start=\"3690\" data-end=\"3721\">650-mAh-Akku<\/strong> mit <strong data-start=\"3727\" data-end=\"3751\">Schnellladung \u00fcber USB-C<\/strong>.<\/p>\n<p data-start=\"3756\" data-end=\"3921\"><strong data-start=\"3756\" data-end=\"3821\">Frage 4: Wie viele Geschmacksrichtungen gibt es bei den Razz Bar 40K Twins?<\/strong><br data-start=\"3821\" data-end=\"3824\">A4: Es gibt <strong data-start=\"3838\" data-end=\"3871\">10 Doppelgeschmackskombinationen<\/strong>, wodurch Sie Zugriff erhalten <strong data-start=\"3894\" data-end=\"3918\">20 verschiedene Geschmacksrichtungen<\/strong>.<\/p>\n<p data-start=\"3923\" data-end=\"4141\"><strong data-start=\"3923\" data-end=\"3977\">Frage 5: Ist Razz Bar 40000 f\u00fcr den E-Zigaretten-Gro\u00dfhandel geeignet?<\/strong><br data-start=\"3977\" data-end=\"3980\">A5: Absolut \u2013 die <strong data-start=\"4001\" data-end=\"4033\">Razz Bar 40K Einweg-E-Zigarette<\/strong> ist konzipiert f\u00fcr <strong data-start=\"4050\" data-end=\"4092\">Gro\u00df- und Einzelhandelsm\u00e4rkte weltweit<\/strong>, mit starker Nachfrage in <strong data-start=\"4116\" data-end=\"4138\"><a href=\"https:\/\/kylinvape.com\/de\/product-category\/disposable-vapes-in-europe\/\">Europa<\/a> und die USA<\/strong>.<\/p>","protected":false},"excerpt":{"rendered":"<p>Der <strong data-start=\"1031\" data-end=\"1071\">Razz Bar 40000 Twins Einweg-E-Zigarette<\/strong> Angebote<a href=\"https:\/\/kylinvape.com\/de\/product-category\/disposable-vapes\/40k-puffs-disposable-vape\/\"> <strong data-start=\"1079\" data-end=\"1095\">40.000 Z\u00fcge<\/strong><\/a> mit einem innovativen <a href=\"https:\/\/kylinvape.com\/de\/product-category\/types-of-vapes\/dual-flavor-vapes\/\"><strong data-start=\"1115\" data-end=\"1139\">Doppelgeschmacksdesign<\/strong><\/a>, 2%\/5% Nikotinoptionen und ein <strong data-start=\"1171\" data-end=\"1209\">650-mAh-Akku mit Typ-C-Anschluss<\/strong>. W\u00e4hlen Sie aus <strong data-start=\"1223\" data-end=\"1245\">10x2 Geschmackskombinationen<\/strong> F\u00fcr maximale Flexibilit\u00e4t beim Dampfen.<\/p>","protected":false},"featured_media":6363,"comment_status":"open","ping_status":"closed","template":"","meta":{"site-sidebar-layout":"default","site-content-layout":"","ast-site-content-layout":"default","site-content-style":"default","site-sidebar-style":"default","ast-global-header-display":"","ast-banner-title-visibility":"","ast-main-header-display":"","ast-hfb-above-header-display":"","ast-hfb-below-header-display":"","ast-hfb-mobile-header-display":"","site-post-title":"","ast-breadcrumbs-content":"","ast-featured-img":"","footer-sml-layout":"","ast-disable-related-posts":"","theme-transparent-header-meta":"default","adv-header-id-meta":"","stick-header-meta":"default","header-above-stick-meta":"","header-main-stick-meta":"","header-below-stick-meta":"","astra-migrate-meta-layouts":"set","ast-page-background-enabled":"default","ast-page-background-meta":{"desktop":{"background-color":"","background-image":"","background-repeat":"repeat","background-position":"center center","background-size":"auto","background-attachment":"scroll","background-type":"","background-media":"","overlay-type":"","overlay-color":"","overlay-opacity":"","overlay-gradient":""},"tablet":{"background-color":"","background-image":"","background-repeat":"repeat","background-position":"center center","background-size":"auto","background-attachment":"scroll","background-type":"","background-media":"","overlay-type":"","overlay-color":"","overlay-opacity":"","overlay-gradient":""},"mobile":{"background-color":"","background-image":"","background-repeat":"repeat","background-position":"center center","background-size":"auto","background-attachment":"scroll","background-type":"","background-media":"","overlay-type":"","overlay-color":"","overlay-opacity":"","overlay-gradient":""}},"ast-content-background-meta":{"desktop":{"background-color":"var(--ast-global-color-5)","background-image":"","background-repeat":"repeat","background-position":"center center","background-size":"auto","background-attachment":"scroll","background-type":"","background-media":"","overlay-type":"","overlay-color":"","overlay-opacity":"","overlay-gradient":""},"tablet":{"background-color":"var(--ast-global-color-5)","background-image":"","background-repeat":"repeat","background-position":"center center","background-size":"auto","background-attachment":"scroll","background-type":"","background-media":"","overlay-type":"","overlay-color":"","overlay-opacity":"","overlay-gradient":""},"mobile":{"background-color":"var(--ast-global-color-5)","background-image":"","background-repeat":"repeat","background-position":"center center","background-size":"auto","background-attachment":"scroll","background-type":"","background-media":"","overlay-type":"","overlay-color":"","overlay-opacity":"","overlay-gradient":""}}},"product_brand":[],"product_cat":[112,127,130,126,123,118,117,121,120,124,125,119,122,132,102,131],"product_tag":[158,162,150,185],"class_list":{"0":"post-6362","1":"product","2":"type-product","3":"status-publish","4":"has-post-thumbnail","6":"product_cat-40k-puffs-disposable-vape","7":"product_cat-big-puff-vape","8":"product_cat-box-vapes","9":"product_cat-disposable-vapes-in-austria","10":"product_cat-disposable-vapes-in-belgium","11":"product_cat-disposable-vapes-in-france","12":"product_cat-disposable-vapes-in-germany","13":"product_cat-disposable-vapes-in-italy","14":"product_cat-disposable-vapes-in-netherlands","15":"product_cat-disposable-vapes-in-poland","16":"product_cat-disposable-vapes-in-portugal","17":"product_cat-disposable-vapes-in-spain","18":"product_cat-disposable-vapes-in-sweden","19":"product_cat-dual-flavor-vapes","20":"product_cat-razz-bar-vape","21":"product_cat-rechargeable-vapes","22":"product_tag-40k-vape","23":"product_tag-double-flavor-vape","24":"product_tag-mtl-vape","25":"product_tag-razz-bar-vape","26":"desktop-align-center","27":"tablet-align-center","28":"mobile-align-center","29":"ast-product-gallery-layout-horizontal-slider","30":"ast-product-single-variable","31":"ast-product-tabs-layout-horizontal","33":"first","34":"instock","35":"sale","36":"shipping-taxable","37":"purchasable","38":"product-type-variable"},"yoast_head":"<!-- This site is optimized with the Yoast SEO Premium plugin v26.0 (Yoast SEO v27.4) - https:\/\/yoast.com\/product\/yoast-seo-premium-wordpress\/ -->\n<title>Razz Bar 40000 Twins Disposable Vape | 40K Puff Double Flavor Rechargeable Razz Bar Vape<\/title>\n<meta name=\"description\" content=\"Discover the Razz Bar 40000 Twins Disposable Vape, delivering 40K puffs with a unique double flavor switch. Equipped with a 650mAh rechargeable battery, Type-C charging, and 10x2 premium flavor combos. Perfect for heavy users and vape wholesale.\" \/>\n<meta name=\"robots\" content=\"index, follow, max-snippet:-1, max-image-preview:large, max-video-preview:-1\" \/>\n<link rel=\"canonical\" href=\"https:\/\/kylinvape.com\/de\/product\/razz-bar-40000-twins-disposable-vape-40k-double-flavor\/\" \/>\n<meta property=\"og:locale\" content=\"de_DE\" \/>\n<meta property=\"og:type\" content=\"article\" \/>\n<meta property=\"og:title\" content=\"Razz Bar 40000 Puffs Twins Disposable Vape | 40K Puff Double Flavor Rechargeable Vape Pen\" \/>\n<meta property=\"og:description\" content=\"Discover the Razz Bar 40000 Twins Disposable Vape, delivering 40K puffs with a unique double flavor switch. Equipped with a 650mAh rechargeable battery, Type-C charging, and 10x2 premium flavor combos. Perfect for heavy users and vape wholesale.\" \/>\n<meta property=\"og:url\" content=\"https:\/\/kylinvape.com\/de\/product\/razz-bar-40000-twins-disposable-vape-40k-double-flavor\/\" \/>\n<meta property=\"og:site_name\" content=\"Kylin Vape\" \/>\n<meta property=\"article:modified_time\" content=\"2025-10-16T17:50:51+00:00\" \/>\n<meta property=\"og:image\" content=\"https:\/\/kylinvape.com\/wp-content\/uploads\/2025\/09\/04-1.webp\" \/>\n\t<meta property=\"og:image:width\" content=\"1500\" \/>\n\t<meta property=\"og:image:height\" content=\"1500\" \/>\n\t<meta property=\"og:image:type\" content=\"image\/webp\" \/>\n<meta name=\"twitter:card\" content=\"summary_large_image\" \/>\n<meta name=\"twitter:label1\" content=\"Verf\u00fcgbarkeit\" \/>\n\t<meta name=\"twitter:data1\" content=\"Auf Lager\" \/>\n<script type=\"application\/ld+json\" class=\"yoast-schema-graph\">{\"@context\":\"https:\\\/\\\/schema.org\",\"@graph\":[{\"@type\":\"WebPage\",\"@id\":\"https:\\\/\\\/kylinvape.com\\\/product\\\/razz-bar-40000-twins-disposable-vape-40k-double-flavor\\\/\",\"url\":\"https:\\\/\\\/kylinvape.com\\\/product\\\/razz-bar-40000-twins-disposable-vape-40k-double-flavor\\\/\",\"name\":\"Razz Bar 40000 Twins Disposable Vape | 40K Puff Double Flavor Rechargeable Razz Bar Vape\",\"isPartOf\":{\"@id\":\"https:\\\/\\\/lightgoldenrodyellow-wildcat-131089.hostingersite.com\\\/en\\\/#website\"},\"primaryImageOfPage\":{\"@id\":\"https:\\\/\\\/kylinvape.com\\\/product\\\/razz-bar-40000-twins-disposable-vape-40k-double-flavor\\\/#primaryimage\"},\"image\":{\"@id\":\"https:\\\/\\\/kylinvape.com\\\/product\\\/razz-bar-40000-twins-disposable-vape-40k-double-flavor\\\/#primaryimage\"},\"thumbnailUrl\":\"https:\\\/\\\/kylinvape.com\\\/wp-content\\\/uploads\\\/2025\\\/09\\\/04-1.webp\",\"datePublished\":\"2025-09-16T01:46:06+00:00\",\"dateModified\":\"2025-10-16T17:50:51+00:00\",\"description\":\"Discover the Razz Bar 40000 Twins Disposable Vape, delivering 40K puffs with a unique double flavor switch. Equipped with a 650mAh rechargeable battery, Type-C charging, and 10x2 premium flavor combos. Perfect for heavy users and vape wholesale.\",\"breadcrumb\":{\"@id\":\"https:\\\/\\\/kylinvape.com\\\/product\\\/razz-bar-40000-twins-disposable-vape-40k-double-flavor\\\/#breadcrumb\"},\"inLanguage\":\"de\",\"potentialAction\":[{\"@type\":\"ReadAction\",\"target\":[\"https:\\\/\\\/kylinvape.com\\\/product\\\/razz-bar-40000-twins-disposable-vape-40k-double-flavor\\\/\"]}]},{\"@type\":\"ImageObject\",\"inLanguage\":\"de\",\"@id\":\"https:\\\/\\\/kylinvape.com\\\/product\\\/razz-bar-40000-twins-disposable-vape-40k-double-flavor\\\/#primaryimage\",\"url\":\"https:\\\/\\\/kylinvape.com\\\/wp-content\\\/uploads\\\/2025\\\/09\\\/04-1.webp\",\"contentUrl\":\"https:\\\/\\\/kylinvape.com\\\/wp-content\\\/uploads\\\/2025\\\/09\\\/04-1.webp\",\"width\":1500,\"height\":1500,\"caption\":\"razz bar 40000 twins disposable vape 40k puff double flavor\"},{\"@type\":\"BreadcrumbList\",\"@id\":\"https:\\\/\\\/kylinvape.com\\\/product\\\/razz-bar-40000-twins-disposable-vape-40k-double-flavor\\\/#breadcrumb\",\"itemListElement\":[{\"@type\":\"ListItem\",\"position\":1,\"name\":\"Home\",\"item\":\"https:\\\/\\\/lightgoldenrodyellow-wildcat-131089.hostingersite.com\\\/en\\\/\"},{\"@type\":\"ListItem\",\"position\":2,\"name\":\"Shop\",\"item\":\"https:\\\/\\\/lightgoldenrodyellow-wildcat-131089.hostingersite.com\\\/en\\\/shop\\\/\"},{\"@type\":\"ListItem\",\"position\":3,\"name\":\"Razz Bar 40000 Puffs Twins Disposable Vape | 40K Puff Double Flavor Rechargeable Vape Pen\"}]},{\"@type\":\"WebSite\",\"@id\":\"https:\\\/\\\/lightgoldenrodyellow-wildcat-131089.hostingersite.com\\\/en\\\/#website\",\"url\":\"https:\\\/\\\/lightgoldenrodyellow-wildcat-131089.hostingersite.com\\\/en\\\/\",\"name\":\"Kylin Vape\",\"description\":\"Kylin Vape\",\"publisher\":{\"@id\":\"https:\\\/\\\/lightgoldenrodyellow-wildcat-131089.hostingersite.com\\\/en\\\/#organization\"},\"potentialAction\":[{\"@type\":\"SearchAction\",\"target\":{\"@type\":\"EntryPoint\",\"urlTemplate\":\"https:\\\/\\\/lightgoldenrodyellow-wildcat-131089.hostingersite.com\\\/en\\\/?s={search_term_string}\"},\"query-input\":{\"@type\":\"PropertyValueSpecification\",\"valueRequired\":true,\"valueName\":\"search_term_string\"}}],\"inLanguage\":\"de\"},{\"@type\":\"Organization\",\"@id\":\"https:\\\/\\\/lightgoldenrodyellow-wildcat-131089.hostingersite.com\\\/en\\\/#organization\",\"name\":\"Kylin Vape\",\"url\":\"https:\\\/\\\/lightgoldenrodyellow-wildcat-131089.hostingersite.com\\\/en\\\/\",\"logo\":{\"@type\":\"ImageObject\",\"inLanguage\":\"de\",\"@id\":\"https:\\\/\\\/lightgoldenrodyellow-wildcat-131089.hostingersite.com\\\/en\\\/#\\\/schema\\\/logo\\\/image\\\/\",\"url\":\"https:\\\/\\\/kylinvape.com\\\/wp-content\\\/uploads\\\/2025\\\/08\\\/1-1.webp\",\"contentUrl\":\"https:\\\/\\\/kylinvape.com\\\/wp-content\\\/uploads\\\/2025\\\/08\\\/1-1.webp\",\"width\":384,\"height\":397,\"caption\":\"Kylin Vape\"},\"image\":{\"@id\":\"https:\\\/\\\/lightgoldenrodyellow-wildcat-131089.hostingersite.com\\\/en\\\/#\\\/schema\\\/logo\\\/image\\\/\"}}]}<\/script>\n<meta property=\"og:availability\" content=\"instock\" \/>\n<meta property=\"product:availability\" content=\"instock\" \/>\n<meta property=\"product:condition\" content=\"new\" \/>\n<!-- \/ Yoast SEO Premium plugin. -->","yoast_head_json":{"title":"Razz Bar 40000 Twins Einweg-E-Zigarette | Wiederaufladbare Razz Bar E-Zigarette mit 40.000 Z\u00fcgen und doppeltem Geschmack","description":"Entdecken Sie die Razz Bar 40000 Twins Einweg-E-Zigarette mit 40.000 Z\u00fcgen und einem einzigartigen Doppelgeschmacksschalter. Ausgestattet mit einem 650-mAh-Akku, USB-C-Ladeanschluss und 10x2 Premium-Geschmackskombinationen. Ideal f\u00fcr Vielnutzer und den E-Zigaretten-Gro\u00dfhandel.","robots":{"index":"index","follow":"follow","max-snippet":"max-snippet:-1","max-image-preview":"max-image-preview:large","max-video-preview":"max-video-preview:-1"},"canonical":"https:\/\/kylinvape.com\/de\/product\/razz-bar-40000-twins-disposable-vape-40k-double-flavor\/","og_locale":"de_DE","og_type":"article","og_title":"Razz Bar 40000 Puffs Twins Disposable Vape | 40K Puff Double Flavor Rechargeable Vape Pen","og_description":"Discover the Razz Bar 40000 Twins Disposable Vape, delivering 40K puffs with a unique double flavor switch. Equipped with a 650mAh rechargeable battery, Type-C charging, and 10x2 premium flavor combos. Perfect for heavy users and vape wholesale.","og_url":"https:\/\/kylinvape.com\/de\/product\/razz-bar-40000-twins-disposable-vape-40k-double-flavor\/","og_site_name":"Kylin Vape","article_modified_time":"2025-10-16T17:50:51+00:00","og_image":[{"width":1500,"height":1500,"url":"https:\/\/kylinvape.com\/wp-content\/uploads\/2025\/09\/04-1.webp","type":"image\/webp"}],"twitter_card":"summary_large_image","twitter_misc":{"Verf\u00fcgbarkeit":"Auf Lager"},"schema":{"@context":"https:\/\/schema.org","@graph":[{"@type":"WebPage","@id":"https:\/\/kylinvape.com\/product\/razz-bar-40000-twins-disposable-vape-40k-double-flavor\/","url":"https:\/\/kylinvape.com\/product\/razz-bar-40000-twins-disposable-vape-40k-double-flavor\/","name":"Razz Bar 40000 Twins Einweg-E-Zigarette | Wiederaufladbare Razz Bar E-Zigarette mit 40.000 Z\u00fcgen und doppeltem Geschmack","isPartOf":{"@id":"https:\/\/lightgoldenrodyellow-wildcat-131089.hostingersite.com\/en\/#website"},"primaryImageOfPage":{"@id":"https:\/\/kylinvape.com\/product\/razz-bar-40000-twins-disposable-vape-40k-double-flavor\/#primaryimage"},"image":{"@id":"https:\/\/kylinvape.com\/product\/razz-bar-40000-twins-disposable-vape-40k-double-flavor\/#primaryimage"},"thumbnailUrl":"https:\/\/kylinvape.com\/wp-content\/uploads\/2025\/09\/04-1.webp","datePublished":"2025-09-16T01:46:06+00:00","dateModified":"2025-10-16T17:50:51+00:00","description":"Entdecken Sie die Razz Bar 40000 Twins Einweg-E-Zigarette mit 40.000 Z\u00fcgen und einem einzigartigen Doppelgeschmacksschalter. Ausgestattet mit einem 650-mAh-Akku, USB-C-Ladeanschluss und 10x2 Premium-Geschmackskombinationen. Ideal f\u00fcr Vielnutzer und den E-Zigaretten-Gro\u00dfhandel.","breadcrumb":{"@id":"https:\/\/kylinvape.com\/product\/razz-bar-40000-twins-disposable-vape-40k-double-flavor\/#breadcrumb"},"inLanguage":"de","potentialAction":[{"@type":"ReadAction","target":["https:\/\/kylinvape.com\/product\/razz-bar-40000-twins-disposable-vape-40k-double-flavor\/"]}]},{"@type":"ImageObject","inLanguage":"de","@id":"https:\/\/kylinvape.com\/product\/razz-bar-40000-twins-disposable-vape-40k-double-flavor\/#primaryimage","url":"https:\/\/kylinvape.com\/wp-content\/uploads\/2025\/09\/04-1.webp","contentUrl":"https:\/\/kylinvape.com\/wp-content\/uploads\/2025\/09\/04-1.webp","width":1500,"height":1500,"caption":"razz bar 40000 twins disposable vape 40k puff double flavor"},{"@type":"BreadcrumbList","@id":"https:\/\/kylinvape.com\/product\/razz-bar-40000-twins-disposable-vape-40k-double-flavor\/#breadcrumb","itemListElement":[{"@type":"ListItem","position":1,"name":"Home","item":"https:\/\/lightgoldenrodyellow-wildcat-131089.hostingersite.com\/en\/"},{"@type":"ListItem","position":2,"name":"Shop","item":"https:\/\/lightgoldenrodyellow-wildcat-131089.hostingersite.com\/en\/shop\/"},{"@type":"ListItem","position":3,"name":"Razz Bar 40000 Puffs Twins Disposable Vape | 40K Puff Double Flavor Rechargeable Vape Pen"}]},{"@type":"WebSite","@id":"https:\/\/lightgoldenrodyellow-wildcat-131089.hostingersite.com\/en\/#website","url":"https:\/\/lightgoldenrodyellow-wildcat-131089.hostingersite.com\/en\/","name":"Kylin Vape","description":"Kylin Vape","publisher":{"@id":"https:\/\/lightgoldenrodyellow-wildcat-131089.hostingersite.com\/en\/#organization"},"potentialAction":[{"@type":"SearchAction","target":{"@type":"EntryPoint","urlTemplate":"https:\/\/lightgoldenrodyellow-wildcat-131089.hostingersite.com\/en\/?s={search_term_string}"},"query-input":{"@type":"PropertyValueSpecification","valueRequired":true,"valueName":"search_term_string"}}],"inLanguage":"de"},{"@type":"Organization","@id":"https:\/\/lightgoldenrodyellow-wildcat-131089.hostingersite.com\/en\/#organization","name":"Kylin Vape","url":"https:\/\/lightgoldenrodyellow-wildcat-131089.hostingersite.com\/en\/","logo":{"@type":"ImageObject","inLanguage":"de","@id":"https:\/\/lightgoldenrodyellow-wildcat-131089.hostingersite.com\/en\/#\/schema\/logo\/image\/","url":"https:\/\/kylinvape.com\/wp-content\/uploads\/2025\/08\/1-1.webp","contentUrl":"https:\/\/kylinvape.com\/wp-content\/uploads\/2025\/08\/1-1.webp","width":384,"height":397,"caption":"Kylin Vape"},"image":{"@id":"https:\/\/lightgoldenrodyellow-wildcat-131089.hostingersite.com\/en\/#\/schema\/logo\/image\/"}}]},"og_availability":"instock","product_availability":"instock","product_condition":"new"},"_links":{"self":[{"href":"https:\/\/kylinvape.com\/de\/wp-json\/wp\/v2\/product\/6362","targetHints":{"allow":["GET"]}}],"collection":[{"href":"https:\/\/kylinvape.com\/de\/wp-json\/wp\/v2\/product"}],"about":[{"href":"https:\/\/kylinvape.com\/de\/wp-json\/wp\/v2\/types\/product"}],"replies":[{"embeddable":true,"href":"https:\/\/kylinvape.com\/de\/wp-json\/wp\/v2\/comments?post=6362"}],"wp:featuredmedia":[{"embeddable":true,"href":"https:\/\/kylinvape.com\/de\/wp-json\/wp\/v2\/media\/6363"}],"wp:attachment":[{"href":"https:\/\/kylinvape.com\/de\/wp-json\/wp\/v2\/media?parent=6362"}],"wp:term":[{"taxonomy":"product_brand","embeddable":true,"href":"https:\/\/kylinvape.com\/de\/wp-json\/wp\/v2\/product_brand?post=6362"},{"taxonomy":"product_cat","embeddable":true,"href":"https:\/\/kylinvape.com\/de\/wp-json\/wp\/v2\/product_cat?post=6362"},{"taxonomy":"product_tag","embeddable":true,"href":"https:\/\/kylinvape.com\/de\/wp-json\/wp\/v2\/product_tag?post=6362"}],"curies":[{"name":"wp","href":"https:\/\/api.w.org\/{rel}","templated":true}]}}