{"id":6609,"date":"2025-09-16T09:18:07","date_gmt":"2025-09-16T09:18:07","guid":{"rendered":"https:\/\/kylinvape.com\/?post_type=product&#038;p=6609"},"modified":"2025-10-31T14:24:03","modified_gmt":"2025-10-31T14:24:03","slug":"mrvi-100k-disposable-vape-100000-puffs-5in1-multi-flavor-rechargeable-vape-with-full-screen-display","status":"publish","type":"product","link":"https:\/\/kylinvape.com\/de\/product\/mrvi-100k-disposable-vape-100000-puffs-5in1-multi-flavor-rechargeable-vape-with-full-screen-display\/","title":{"rendered":"MRVI 100K Einweg-E-Zigarette \u2013 100.000 Z\u00fcge | Wiederaufladbare 5-in-1-E-Zigarette mit verschiedenen Geschmacksrichtungen und Vollbildanzeige"},"content":{"rendered":"<h1>MRVI 100K Einweg-E-Zigarette \u2013 100.000 Z\u00fcge, 5-in-1-E-Zigarette mit verschiedenen Geschmacksrichtungen und Display<\/h1>\n<p data-start=\"1591\" data-end=\"2004\">Der <strong data-start=\"1595\" data-end=\"1631\">MRVI 100K 5in1 Einweg-Vaporizer<\/strong> ist konstruiert f\u00fcr <strong data-start=\"1650\" data-end=\"1704\">Extrem hohe Dampfkapazit\u00e4t und vielseitige Geschmacksrichtungen<\/strong>. Bietet ein unglaubliches <strong data-start=\"1729\" data-end=\"1745\">100000 Z\u00fcge<\/strong>, Dieses Ger\u00e4t ist ausgestattet mit <strong data-start=\"1776\" data-end=\"1805\">Doppel-Mesh-Spulentechnologie<\/strong>, A <strong data-start=\"1809\" data-end=\"1832\">Vollbildanzeige<\/strong>, Und <strong data-start=\"1838\" data-end=\"1876\">5 ausw\u00e4hlbare Geschmacksrichtungen in einem Ger\u00e4t<\/strong>. Perfekt sowohl f\u00fcr den pers\u00f6nlichen Gebrauch als auch <strong data-start=\"1912\" data-end=\"1943\">Gro\u00dfhandel mit E-Zigaretten<\/strong>, Der MRVI 100K setzt einen neuen Standard f\u00fcr <a href=\"https:\/\/kylinvape.com\/de\/product-category\/types-of-vapes\/big-puff-vape\/\"><strong data-start=\"1983\" data-end=\"2001\">Big Puff Vapes<\/strong><\/a>.<\/p>\n<hr data-start=\"2006\" data-end=\"2009\">\n<h2 data-start=\"2011\" data-end=\"2046\">\ud83d\udd25Funktionen &amp; Vorteile<\/h2>\n<ul data-start=\"2047\" data-end=\"2571\">\n<li data-start=\"2047\" data-end=\"2103\">\n<p data-start=\"2049\" data-end=\"2103\"><strong data-start=\"2051\" data-end=\"2067\">100000 Puffs<\/strong> \u2013 extrem lang anhaltende Leistung.<\/p>\n<\/li>\n<li data-start=\"2104\" data-end=\"2182\">\n<p data-start=\"2106\" data-end=\"2182\"><strong data-start=\"2108\" data-end=\"2138\">5-in-1-Design mit mehreren Geschmacksrichtungen<\/strong> \u2013 Wechseln Sie in einem Ger\u00e4t zwischen 5 Geschmacksrichtungen.<\/p>\n<\/li>\n<li data-start=\"2183\" data-end=\"2253\">\n<p data-start=\"2185\" data-end=\"2253\"><strong data-start=\"2187\" data-end=\"2213\">75 ml E-Liquid-Kapazit\u00e4t<\/strong> \u2013 gew\u00e4hrleistet wochenlanges, ununterbrochenes Dampfen.<\/p>\n<\/li>\n<li data-start=\"2254\" data-end=\"2326\">\n<p data-start=\"2256\" data-end=\"2326\"><strong data-start=\"2258\" data-end=\"2281\">Vollbildanzeige<\/strong> \u2013 zeigt den Akku- und E-Liquid-F\u00fcllstand \u00fcbersichtlich an.<\/p>\n<\/li>\n<li data-start=\"2327\" data-end=\"2391\">\n<p data-start=\"2329\" data-end=\"2391\"><strong data-start=\"2331\" data-end=\"2362\">Wiederaufladbarer 650-mAh-Akku<\/strong> \u2013 Stromversorgung \u00fcber USB-C-Anschluss.<\/p>\n<\/li>\n<li data-start=\"2392\" data-end=\"2451\">\n<p data-start=\"2394\" data-end=\"2451\"><strong data-start=\"2396\" data-end=\"2414\">Doppel-Mesh-Spule<\/strong> \u2013 vollmundiger Geschmack und feinere Dampfwolken.<\/p>\n<\/li>\n<li data-start=\"2452\" data-end=\"2506\">\n<p data-start=\"2454\" data-end=\"2506\"><strong data-start=\"2456\" data-end=\"2476\">Nikotinoptionen<\/strong> \u2013 verf\u00fcgbar in <strong data-start=\"2492\" data-end=\"2503\">2% &amp; 5%<\/strong>.<\/p>\n<\/li>\n<li data-start=\"2507\" data-end=\"2571\">\n<p data-start=\"2509\" data-end=\"2571\"><strong data-start=\"2511\" data-end=\"2530\">Gro\u00dfhandelsbereit<\/strong> \u2013 1 St\u00fcck pro Karton, 10 St\u00fcck pro Displaypackung.<\/p>\n<\/li>\n<\/ul>\n<hr data-start=\"2573\" data-end=\"2576\">\n<h2 data-start=\"2578\" data-end=\"2608\">\ud83d\udcca Spezifikationen<\/h2>\n<ul data-start=\"2609\" data-end=\"2910\">\n<li data-start=\"2609\" data-end=\"2630\">\n<p data-start=\"2611\" data-end=\"2630\"><strong data-start=\"2611\" data-end=\"2621\">Puffs:<\/strong> 100000<\/p>\n<\/li>\n<li data-start=\"2631\" data-end=\"2662\">\n<p data-start=\"2633\" data-end=\"2662\"><strong data-start=\"2633\" data-end=\"2655\">E-Liquid-Kapazit\u00e4t:<\/strong> 75 ml<\/p>\n<\/li>\n<li data-start=\"2663\" data-end=\"2710\">\n<p data-start=\"2665\" data-end=\"2710\"><strong data-start=\"2665\" data-end=\"2686\">Batteriekapazit\u00e4t:<\/strong> 650 mAh (wiederaufladbar)<\/p>\n<\/li>\n<li data-start=\"2711\" data-end=\"2746\">\n<p data-start=\"2713\" data-end=\"2746\"><strong data-start=\"2713\" data-end=\"2736\">Nikotinst\u00e4rken:<\/strong> 2% \/ 5%<\/p>\n<\/li>\n<li data-start=\"2747\" data-end=\"2776\">\n<p data-start=\"2749\" data-end=\"2776\"><strong data-start=\"2749\" data-end=\"2767\">Ladeanschluss:<\/strong> Typ C<\/p>\n<\/li>\n<li data-start=\"2777\" data-end=\"2805\">\n<p data-start=\"2779\" data-end=\"2805\"><strong data-start=\"2779\" data-end=\"2788\">Spule:<\/strong> Doppel-Mesh-Spule<\/p>\n<\/li>\n<li data-start=\"2806\" data-end=\"2858\">\n<p data-start=\"2808\" data-end=\"2858\"><strong data-start=\"2808\" data-end=\"2819\">Bildschirm:<\/strong> E-Liquid &amp; Power Vollbildanzeige<\/p>\n<\/li>\n<li data-start=\"2859\" data-end=\"2910\">\n<p data-start=\"2861\" data-end=\"2910\"><strong data-start=\"2861\" data-end=\"2875\">Verpackung:<\/strong> 1 St\u00fcck pro Box \/ 10 St\u00fcck Displaybox<\/p>\n<\/li>\n<\/ul>\n<hr data-start=\"2912\" data-end=\"2915\">\n<h2 data-start=\"2917\" data-end=\"2942\">\ud83c\udf6dMRVI 100K Geschmacksrichtungen<\/h2>\n<ul>\n<li>Minzmelone\/Gemischte Fr\u00fcchte\/Eiscreme\/Tropische Mango\/Blaubeere<\/li>\n<li>Cola-Eis\/Gr\u00fcne Bohne\/Dunkle Traube\/Doppelter Apfel\/Blaubeere-Eis<\/li>\n<li>Regenbogenbonbons\/Blaue Himbeere\/Saftiger Pfirsich\/Zitrussturm\/Rosa Limonade<\/li>\n<li>Blaubeer-Wassermelone\/Erdbeereis\/Bananeneis\/Red Bull\/Erdbeer-Wassermelone<\/li>\n<li>Ananas-Eis \/ Erdbeer-Kiwi \/ Kirsch-Cola \/ Erdbeer-Traube \/ Zitrone-Limette<\/li>\n<\/ul>\n<h2>\ud83d\udd39 MRVI 100K FAQ<\/h2>\n<ul>\n<li><strong data-start=\"3473\" data-end=\"3523\">Frage 1: Wie viele H\u00fcbe liefert das MRVI 100K?<\/strong><br data-start=\"3523\" data-end=\"3526\">A1: Es liefert bis zu <strong data-start=\"3548\" data-end=\"3564\">100000 Z\u00fcge<\/strong> pro Ger\u00e4t.<\/li>\n<li><strong data-start=\"3580\" data-end=\"3623\">Frage 2: Was unterscheidet den MRVI 100K von anderen Modellen?<\/strong><br data-start=\"3623\" data-end=\"3626\">A2: Es ist ein <strong data-start=\"3637\" data-end=\"3665\">5-in-1 Multi-Aromen-E-Zigarette<\/strong> mit <strong data-start=\"3671\" data-end=\"3689\">Doppel-Mesh-Spule<\/strong> und ein <strong data-start=\"3696\" data-end=\"3719\">Vollbildanzeige<\/strong> zur \u00dcberwachung von E-Liquids und Batterien.<\/li>\n<li><strong data-start=\"3758\" data-end=\"3795\">Frage 3: Kann ich den MRVI 100K aufladen?<\/strong><br data-start=\"3795\" data-end=\"3798\">A3: Ja, es wird mit einem geliefert <strong data-start=\"3823\" data-end=\"3847\">Typ-C-Ladeanschluss<\/strong> und ein <strong data-start=\"3854\" data-end=\"3885\">650-mAh-Akku<\/strong>.<\/li>\n<li><strong data-start=\"3890\" data-end=\"3928\">Frage 4: Wie viele Geschmacksrichtungen sind enthalten?<\/strong><br data-start=\"3928\" data-end=\"3931\">A4: Jedes Ger\u00e4t wird mit <strong data-start=\"3958\" data-end=\"3981\">5 vorinstallierte Geschmacksrichtungen<\/strong>, jederzeit umschaltbar.<\/li>\n<li><strong data-start=\"4006\" data-end=\"4047\">Frage 5: Bieten Sie Gro\u00dfhandelsverpackungen an?<\/strong><br data-start=\"4047\" data-end=\"4050\">A5: Ja, das Produkt ist erh\u00e4ltlich in <strong data-start=\"4082\" data-end=\"4121\">1 St\u00fcck pro Karton, 10 St\u00fcck pro Displaypackung<\/strong>, ideal f\u00fcr <strong data-start=\"4133\" data-end=\"4151\">Vape-Gro\u00dfhandel<\/strong>.<\/li>\n<li><strong data-start=\"4394\" data-end=\"4452\">Frage 6: Gibt es ein \u00e4hnliches Produkt, das empfohlen werden kann?<\/strong><br data-start=\"4452\" data-end=\"4455\">A6: Ja, <a href=\"https:\/\/kylinvape.com\/de\/product\/uzy-100k-puffs-4in1-flavor-rechargeable-disposable-vape\/\"><strong>UZY 100k<\/strong><\/a> Und <a href=\"https:\/\/kylinvape.com\/de\/product\/fihp-120k-6in1-multi-flavor-disposable-vap\/\"><strong>FIHP 120k 6in1<\/strong><\/a><\/li>\n<\/ul>","protected":false},"excerpt":{"rendered":"<p><strong data-start=\"1252\" data-end=\"1281\">MRVI 100K Einweg-E-Zigarette<\/strong> liefert bis zu <strong data-start=\"1297\" data-end=\"1313\">100000 Z\u00fcge<\/strong> mit <strong data-start=\"1319\" data-end=\"1352\">5in1 <a href=\"https:\/\/kylinvape.com\/de\/product\/fihp-120k-6in1-multi-flavor-disposable-vap\/\">Mehrgeschmacksrichtung<\/a> Umschalten<\/strong>, A <strong data-start=\"1356\" data-end=\"1378\">75-ml-E-Liquid-Tank<\/strong>, <strong data-start=\"1380\" data-end=\"1398\">Doppel-Mesh-Spule<\/strong>, Und <strong data-start=\"1404\" data-end=\"1427\">Vollbildanzeige<\/strong>. Angetrieben von einem <strong data-start=\"1442\" data-end=\"1480\">wiederaufladbarer 650-mAh-Typ-C-Akku<\/strong>, Diese smarte E-Zigarette vereint Stil, Leistung und Geschmacksvielfalt in einem Ger\u00e4t.<\/p>","protected":false},"featured_media":6628,"comment_status":"open","ping_status":"closed","template":"","meta":{"site-sidebar-layout":"default","site-content-layout":"","ast-site-content-layout":"default","site-content-style":"default","site-sidebar-style":"default","ast-global-header-display":"","ast-banner-title-visibility":"","ast-main-header-display":"","ast-hfb-above-header-display":"","ast-hfb-below-header-display":"","ast-hfb-mobile-header-display":"","site-post-title":"","ast-breadcrumbs-content":"","ast-featured-img":"","footer-sml-layout":"","ast-disable-related-posts":"","theme-transparent-header-meta":"default","adv-header-id-meta":"","stick-header-meta":"default","header-above-stick-meta":"","header-main-stick-meta":"","header-below-stick-meta":"","astra-migrate-meta-layouts":"set","ast-page-background-enabled":"default","ast-page-background-meta":{"desktop":{"background-color":"","background-image":"","background-repeat":"repeat","background-position":"center center","background-size":"auto","background-attachment":"scroll","background-type":"","background-media":"","overlay-type":"","overlay-color":"","overlay-opacity":"","overlay-gradient":""},"tablet":{"background-color":"","background-image":"","background-repeat":"repeat","background-position":"center center","background-size":"auto","background-attachment":"scroll","background-type":"","background-media":"","overlay-type":"","overlay-color":"","overlay-opacity":"","overlay-gradient":""},"mobile":{"background-color":"","background-image":"","background-repeat":"repeat","background-position":"center center","background-size":"auto","background-attachment":"scroll","background-type":"","background-media":"","overlay-type":"","overlay-color":"","overlay-opacity":"","overlay-gradient":""}},"ast-content-background-meta":{"desktop":{"background-color":"var(--ast-global-color-5)","background-image":"","background-repeat":"repeat","background-position":"center center","background-size":"auto","background-attachment":"scroll","background-type":"","background-media":"","overlay-type":"","overlay-color":"","overlay-opacity":"","overlay-gradient":""},"tablet":{"background-color":"var(--ast-global-color-5)","background-image":"","background-repeat":"repeat","background-position":"center center","background-size":"auto","background-attachment":"scroll","background-type":"","background-media":"","overlay-type":"","overlay-color":"","overlay-opacity":"","overlay-gradient":""},"mobile":{"background-color":"var(--ast-global-color-5)","background-image":"","background-repeat":"repeat","background-position":"center center","background-size":"auto","background-attachment":"scroll","background-type":"","background-media":"","overlay-type":"","overlay-color":"","overlay-opacity":"","overlay-gradient":""}}},"product_brand":[],"product_cat":[115,135,127,130,128,126,123,118,117,121,120,124,125,119,122,145],"product_tag":[200,199,150,201,202],"class_list":{"0":"post-6609","1":"product","2":"type-product","3":"status-publish","4":"has-post-thumbnail","6":"product_cat-100k-puffs-disposable-vape","7":"product_cat-5in1-vapes","8":"product_cat-big-puff-vape","9":"product_cat-box-vapes","10":"product_cat-crystal-vapes","11":"product_cat-disposable-vapes-in-austria","12":"product_cat-disposable-vapes-in-belgium","13":"product_cat-disposable-vapes-in-france","14":"product_cat-disposable-vapes-in-germany","15":"product_cat-disposable-vapes-in-italy","16":"product_cat-disposable-vapes-in-netherlands","17":"product_cat-disposable-vapes-in-poland","18":"product_cat-disposable-vapes-in-portugal","19":"product_cat-disposable-vapes-in-spain","20":"product_cat-disposable-vapes-in-sweden","21":"product_cat-mrvi-vape","22":"product_tag-5-in-1-multi-flavor-vape","23":"product_tag-mrvi-100k-vape","24":"product_tag-mtl-vape","25":"product_tag-rechargeable-disposable-vape","26":"product_tag-vape-box","27":"desktop-align-center","28":"tablet-align-center","29":"mobile-align-center","30":"ast-product-gallery-layout-horizontal-slider","31":"ast-product-single-variable","32":"ast-product-tabs-layout-horizontal","34":"first","35":"instock","36":"sale","37":"shipping-taxable","38":"purchasable","39":"product-type-variable"},"yoast_head":"<!-- This site is optimized with the Yoast SEO Premium plugin v26.0 (Yoast SEO v27.4) - https:\/\/yoast.com\/product\/yoast-seo-premium-wordpress\/ -->\n<title>MRVI 100K Disposable Vape 100000 Puffs | 5in1 Multi-Flavor Rechargeable Vape Box<\/title>\n<meta name=\"description\" content=\"MRVI 100K disposable vape with 100000 puffs, 75ml e-liquid, 5in1 multi-flavor switching, dual mesh coil, and rechargeable 650mAh battery. Stylish full screen vape design \u2013 perfect for wholesale and global vapers.\" \/>\n<meta name=\"robots\" content=\"index, follow, max-snippet:-1, max-image-preview:large, max-video-preview:-1\" \/>\n<link rel=\"canonical\" href=\"https:\/\/kylinvape.com\/de\/product\/mrvi-100k-disposable-vape-100000-puffs-5in1-multi-flavor-rechargeable-vape-with-full-screen-display\/\" \/>\n<meta property=\"og:locale\" content=\"de_DE\" \/>\n<meta property=\"og:type\" content=\"article\" \/>\n<meta property=\"og:title\" content=\"MRVI 100K Disposable Vape 100000 Puffs | 5in1 Multi-Flavor Rechargeable Vape with Full Screen Display\" \/>\n<meta property=\"og:description\" content=\"MRVI 100K disposable vape with 100000 puffs, 75ml e-liquid, 5in1 multi-flavor switching, dual mesh coil, and rechargeable 650mAh battery. Stylish full screen vape design \u2013 perfect for wholesale and global vapers.\" \/>\n<meta property=\"og:url\" content=\"https:\/\/kylinvape.com\/de\/product\/mrvi-100k-disposable-vape-100000-puffs-5in1-multi-flavor-rechargeable-vape-with-full-screen-display\/\" \/>\n<meta property=\"og:site_name\" content=\"Kylin Vape\" \/>\n<meta property=\"article:modified_time\" content=\"2025-10-31T14:24:03+00:00\" \/>\n<meta property=\"og:image\" content=\"https:\/\/kylinvape.com\/wp-content\/uploads\/2025\/09\/\u53e3\u5473\u56fe_M-5.webp\" \/>\n\t<meta property=\"og:image:width\" content=\"1200\" \/>\n\t<meta property=\"og:image:height\" content=\"1200\" \/>\n\t<meta property=\"og:image:type\" content=\"image\/webp\" \/>\n<meta name=\"twitter:card\" content=\"summary_large_image\" \/>\n<meta name=\"twitter:label1\" content=\"Verf\u00fcgbarkeit\" \/>\n\t<meta name=\"twitter:data1\" content=\"Auf Lager\" \/>\n<script type=\"application\/ld+json\" class=\"yoast-schema-graph\">{\"@context\":\"https:\\\/\\\/schema.org\",\"@graph\":[{\"@type\":\"WebPage\",\"@id\":\"https:\\\/\\\/kylinvape.com\\\/product\\\/mrvi-100k-disposable-vape-100000-puffs-5in1-multi-flavor-rechargeable-vape-with-full-screen-display\\\/\",\"url\":\"https:\\\/\\\/kylinvape.com\\\/product\\\/mrvi-100k-disposable-vape-100000-puffs-5in1-multi-flavor-rechargeable-vape-with-full-screen-display\\\/\",\"name\":\"MRVI 100K Disposable Vape 100000 Puffs | 5in1 Multi-Flavor Rechargeable Vape Box\",\"isPartOf\":{\"@id\":\"https:\\\/\\\/lightgoldenrodyellow-wildcat-131089.hostingersite.com\\\/en\\\/#website\"},\"primaryImageOfPage\":{\"@id\":\"https:\\\/\\\/kylinvape.com\\\/product\\\/mrvi-100k-disposable-vape-100000-puffs-5in1-multi-flavor-rechargeable-vape-with-full-screen-display\\\/#primaryimage\"},\"image\":{\"@id\":\"https:\\\/\\\/kylinvape.com\\\/product\\\/mrvi-100k-disposable-vape-100000-puffs-5in1-multi-flavor-rechargeable-vape-with-full-screen-display\\\/#primaryimage\"},\"thumbnailUrl\":\"https:\\\/\\\/kylinvape.com\\\/wp-content\\\/uploads\\\/2025\\\/09\\\/\u53e3\u5473\u56fe_M-5.webp\",\"datePublished\":\"2025-09-16T09:18:07+00:00\",\"dateModified\":\"2025-10-31T14:24:03+00:00\",\"description\":\"MRVI 100K disposable vape with 100000 puffs, 75ml e-liquid, 5in1 multi-flavor switching, dual mesh coil, and rechargeable 650mAh battery. Stylish full screen vape design \u2013 perfect for wholesale and global vapers.\",\"breadcrumb\":{\"@id\":\"https:\\\/\\\/kylinvape.com\\\/product\\\/mrvi-100k-disposable-vape-100000-puffs-5in1-multi-flavor-rechargeable-vape-with-full-screen-display\\\/#breadcrumb\"},\"inLanguage\":\"de\",\"potentialAction\":[{\"@type\":\"ReadAction\",\"target\":[\"https:\\\/\\\/kylinvape.com\\\/product\\\/mrvi-100k-disposable-vape-100000-puffs-5in1-multi-flavor-rechargeable-vape-with-full-screen-display\\\/\"]}]},{\"@type\":\"ImageObject\",\"inLanguage\":\"de\",\"@id\":\"https:\\\/\\\/kylinvape.com\\\/product\\\/mrvi-100k-disposable-vape-100000-puffs-5in1-multi-flavor-rechargeable-vape-with-full-screen-display\\\/#primaryimage\",\"url\":\"https:\\\/\\\/kylinvape.com\\\/wp-content\\\/uploads\\\/2025\\\/09\\\/\u53e3\u5473\u56fe_M-5.webp\",\"contentUrl\":\"https:\\\/\\\/kylinvape.com\\\/wp-content\\\/uploads\\\/2025\\\/09\\\/\u53e3\u5473\u56fe_M-5.webp\",\"width\":1200,\"height\":1200,\"caption\":\"MRVI 100K rainbow candy 5-in-1 flavor vape\"},{\"@type\":\"BreadcrumbList\",\"@id\":\"https:\\\/\\\/kylinvape.com\\\/product\\\/mrvi-100k-disposable-vape-100000-puffs-5in1-multi-flavor-rechargeable-vape-with-full-screen-display\\\/#breadcrumb\",\"itemListElement\":[{\"@type\":\"ListItem\",\"position\":1,\"name\":\"Home\",\"item\":\"https:\\\/\\\/lightgoldenrodyellow-wildcat-131089.hostingersite.com\\\/en\\\/\"},{\"@type\":\"ListItem\",\"position\":2,\"name\":\"Shop\",\"item\":\"https:\\\/\\\/lightgoldenrodyellow-wildcat-131089.hostingersite.com\\\/en\\\/shop\\\/\"},{\"@type\":\"ListItem\",\"position\":3,\"name\":\"MRVI 100K Disposable Vape 100000 Puffs | 5in1 Multi-Flavor Rechargeable Vape with Full Screen Display\"}]},{\"@type\":\"WebSite\",\"@id\":\"https:\\\/\\\/lightgoldenrodyellow-wildcat-131089.hostingersite.com\\\/en\\\/#website\",\"url\":\"https:\\\/\\\/lightgoldenrodyellow-wildcat-131089.hostingersite.com\\\/en\\\/\",\"name\":\"Kylin Vape\",\"description\":\"Kylin Vape\",\"publisher\":{\"@id\":\"https:\\\/\\\/lightgoldenrodyellow-wildcat-131089.hostingersite.com\\\/en\\\/#organization\"},\"potentialAction\":[{\"@type\":\"SearchAction\",\"target\":{\"@type\":\"EntryPoint\",\"urlTemplate\":\"https:\\\/\\\/lightgoldenrodyellow-wildcat-131089.hostingersite.com\\\/en\\\/?s={search_term_string}\"},\"query-input\":{\"@type\":\"PropertyValueSpecification\",\"valueRequired\":true,\"valueName\":\"search_term_string\"}}],\"inLanguage\":\"de\"},{\"@type\":\"Organization\",\"@id\":\"https:\\\/\\\/lightgoldenrodyellow-wildcat-131089.hostingersite.com\\\/en\\\/#organization\",\"name\":\"Kylin Vape\",\"url\":\"https:\\\/\\\/lightgoldenrodyellow-wildcat-131089.hostingersite.com\\\/en\\\/\",\"logo\":{\"@type\":\"ImageObject\",\"inLanguage\":\"de\",\"@id\":\"https:\\\/\\\/lightgoldenrodyellow-wildcat-131089.hostingersite.com\\\/en\\\/#\\\/schema\\\/logo\\\/image\\\/\",\"url\":\"https:\\\/\\\/kylinvape.com\\\/wp-content\\\/uploads\\\/2025\\\/08\\\/1-1.webp\",\"contentUrl\":\"https:\\\/\\\/kylinvape.com\\\/wp-content\\\/uploads\\\/2025\\\/08\\\/1-1.webp\",\"width\":384,\"height\":397,\"caption\":\"Kylin Vape\"},\"image\":{\"@id\":\"https:\\\/\\\/lightgoldenrodyellow-wildcat-131089.hostingersite.com\\\/en\\\/#\\\/schema\\\/logo\\\/image\\\/\"}}]}<\/script>\n<meta property=\"og:availability\" content=\"instock\" \/>\n<meta property=\"product:availability\" content=\"instock\" \/>\n<meta property=\"product:condition\" content=\"new\" \/>\n<!-- \/ Yoast SEO Premium plugin. -->","yoast_head_json":{"title":"MRVI 100K Einweg-E-Zigarette \u2013 100.000 Z\u00fcge | Wiederaufladbare 5-in-1-E-Zigarette mit verschiedenen Geschmacksrichtungen","description":"Die MRVI 100K Einweg-E-Zigarette bietet 100.000 Z\u00fcge, 75 ml E-Liquid, 5-in-1-Aromenauswahl, Dual-Mesh-Coil und einen wiederaufladbaren 650-mAh-Akku. Stilvolles Design mit Vollbildanzeige \u2013 ideal f\u00fcr Gro\u00dfh\u00e4ndler und Dampfer weltweit.","robots":{"index":"index","follow":"follow","max-snippet":"max-snippet:-1","max-image-preview":"max-image-preview:large","max-video-preview":"max-video-preview:-1"},"canonical":"https:\/\/kylinvape.com\/de\/product\/mrvi-100k-disposable-vape-100000-puffs-5in1-multi-flavor-rechargeable-vape-with-full-screen-display\/","og_locale":"de_DE","og_type":"article","og_title":"MRVI 100K Disposable Vape 100000 Puffs | 5in1 Multi-Flavor Rechargeable Vape with Full Screen Display","og_description":"MRVI 100K disposable vape with 100000 puffs, 75ml e-liquid, 5in1 multi-flavor switching, dual mesh coil, and rechargeable 650mAh battery. Stylish full screen vape design \u2013 perfect for wholesale and global vapers.","og_url":"https:\/\/kylinvape.com\/de\/product\/mrvi-100k-disposable-vape-100000-puffs-5in1-multi-flavor-rechargeable-vape-with-full-screen-display\/","og_site_name":"Kylin Vape","article_modified_time":"2025-10-31T14:24:03+00:00","og_image":[{"width":1200,"height":1200,"url":"https:\/\/kylinvape.com\/wp-content\/uploads\/2025\/09\/\u53e3\u5473\u56fe_M-5.webp","type":"image\/webp"}],"twitter_card":"summary_large_image","twitter_misc":{"Verf\u00fcgbarkeit":"Auf Lager"},"schema":{"@context":"https:\/\/schema.org","@graph":[{"@type":"WebPage","@id":"https:\/\/kylinvape.com\/product\/mrvi-100k-disposable-vape-100000-puffs-5in1-multi-flavor-rechargeable-vape-with-full-screen-display\/","url":"https:\/\/kylinvape.com\/product\/mrvi-100k-disposable-vape-100000-puffs-5in1-multi-flavor-rechargeable-vape-with-full-screen-display\/","name":"MRVI 100K Einweg-E-Zigarette \u2013 100.000 Z\u00fcge | Wiederaufladbare 5-in-1-E-Zigarette mit verschiedenen Geschmacksrichtungen","isPartOf":{"@id":"https:\/\/lightgoldenrodyellow-wildcat-131089.hostingersite.com\/en\/#website"},"primaryImageOfPage":{"@id":"https:\/\/kylinvape.com\/product\/mrvi-100k-disposable-vape-100000-puffs-5in1-multi-flavor-rechargeable-vape-with-full-screen-display\/#primaryimage"},"image":{"@id":"https:\/\/kylinvape.com\/product\/mrvi-100k-disposable-vape-100000-puffs-5in1-multi-flavor-rechargeable-vape-with-full-screen-display\/#primaryimage"},"thumbnailUrl":"https:\/\/kylinvape.com\/wp-content\/uploads\/2025\/09\/\u53e3\u5473\u56fe_M-5.webp","datePublished":"2025-09-16T09:18:07+00:00","dateModified":"2025-10-31T14:24:03+00:00","description":"Die MRVI 100K Einweg-E-Zigarette bietet 100.000 Z\u00fcge, 75 ml E-Liquid, 5-in-1-Aromenauswahl, Dual-Mesh-Coil und einen wiederaufladbaren 650-mAh-Akku. Stilvolles Design mit Vollbildanzeige \u2013 ideal f\u00fcr Gro\u00dfh\u00e4ndler und Dampfer weltweit.","breadcrumb":{"@id":"https:\/\/kylinvape.com\/product\/mrvi-100k-disposable-vape-100000-puffs-5in1-multi-flavor-rechargeable-vape-with-full-screen-display\/#breadcrumb"},"inLanguage":"de","potentialAction":[{"@type":"ReadAction","target":["https:\/\/kylinvape.com\/product\/mrvi-100k-disposable-vape-100000-puffs-5in1-multi-flavor-rechargeable-vape-with-full-screen-display\/"]}]},{"@type":"ImageObject","inLanguage":"de","@id":"https:\/\/kylinvape.com\/product\/mrvi-100k-disposable-vape-100000-puffs-5in1-multi-flavor-rechargeable-vape-with-full-screen-display\/#primaryimage","url":"https:\/\/kylinvape.com\/wp-content\/uploads\/2025\/09\/\u53e3\u5473\u56fe_M-5.webp","contentUrl":"https:\/\/kylinvape.com\/wp-content\/uploads\/2025\/09\/\u53e3\u5473\u56fe_M-5.webp","width":1200,"height":1200,"caption":"MRVI 100K rainbow candy 5-in-1 flavor vape"},{"@type":"BreadcrumbList","@id":"https:\/\/kylinvape.com\/product\/mrvi-100k-disposable-vape-100000-puffs-5in1-multi-flavor-rechargeable-vape-with-full-screen-display\/#breadcrumb","itemListElement":[{"@type":"ListItem","position":1,"name":"Home","item":"https:\/\/lightgoldenrodyellow-wildcat-131089.hostingersite.com\/en\/"},{"@type":"ListItem","position":2,"name":"Shop","item":"https:\/\/lightgoldenrodyellow-wildcat-131089.hostingersite.com\/en\/shop\/"},{"@type":"ListItem","position":3,"name":"MRVI 100K Disposable Vape 100000 Puffs | 5in1 Multi-Flavor Rechargeable Vape with Full Screen Display"}]},{"@type":"WebSite","@id":"https:\/\/lightgoldenrodyellow-wildcat-131089.hostingersite.com\/en\/#website","url":"https:\/\/lightgoldenrodyellow-wildcat-131089.hostingersite.com\/en\/","name":"Kylin Vape","description":"Kylin Vape","publisher":{"@id":"https:\/\/lightgoldenrodyellow-wildcat-131089.hostingersite.com\/en\/#organization"},"potentialAction":[{"@type":"SearchAction","target":{"@type":"EntryPoint","urlTemplate":"https:\/\/lightgoldenrodyellow-wildcat-131089.hostingersite.com\/en\/?s={search_term_string}"},"query-input":{"@type":"PropertyValueSpecification","valueRequired":true,"valueName":"search_term_string"}}],"inLanguage":"de"},{"@type":"Organization","@id":"https:\/\/lightgoldenrodyellow-wildcat-131089.hostingersite.com\/en\/#organization","name":"Kylin Vape","url":"https:\/\/lightgoldenrodyellow-wildcat-131089.hostingersite.com\/en\/","logo":{"@type":"ImageObject","inLanguage":"de","@id":"https:\/\/lightgoldenrodyellow-wildcat-131089.hostingersite.com\/en\/#\/schema\/logo\/image\/","url":"https:\/\/kylinvape.com\/wp-content\/uploads\/2025\/08\/1-1.webp","contentUrl":"https:\/\/kylinvape.com\/wp-content\/uploads\/2025\/08\/1-1.webp","width":384,"height":397,"caption":"Kylin Vape"},"image":{"@id":"https:\/\/lightgoldenrodyellow-wildcat-131089.hostingersite.com\/en\/#\/schema\/logo\/image\/"}}]},"og_availability":"instock","product_availability":"instock","product_condition":"new"},"_links":{"self":[{"href":"https:\/\/kylinvape.com\/de\/wp-json\/wp\/v2\/product\/6609","targetHints":{"allow":["GET"]}}],"collection":[{"href":"https:\/\/kylinvape.com\/de\/wp-json\/wp\/v2\/product"}],"about":[{"href":"https:\/\/kylinvape.com\/de\/wp-json\/wp\/v2\/types\/product"}],"replies":[{"embeddable":true,"href":"https:\/\/kylinvape.com\/de\/wp-json\/wp\/v2\/comments?post=6609"}],"wp:featuredmedia":[{"embeddable":true,"href":"https:\/\/kylinvape.com\/de\/wp-json\/wp\/v2\/media\/6628"}],"wp:attachment":[{"href":"https:\/\/kylinvape.com\/de\/wp-json\/wp\/v2\/media?parent=6609"}],"wp:term":[{"taxonomy":"product_brand","embeddable":true,"href":"https:\/\/kylinvape.com\/de\/wp-json\/wp\/v2\/product_brand?post=6609"},{"taxonomy":"product_cat","embeddable":true,"href":"https:\/\/kylinvape.com\/de\/wp-json\/wp\/v2\/product_cat?post=6609"},{"taxonomy":"product_tag","embeddable":true,"href":"https:\/\/kylinvape.com\/de\/wp-json\/wp\/v2\/product_tag?post=6609"}],"curies":[{"name":"wp","href":"https:\/\/api.w.org\/{rel}","templated":true}]}}