{"id":7457,"date":"2025-09-18T09:00:30","date_gmt":"2025-09-18T09:00:30","guid":{"rendered":"https:\/\/kylinvape.com\/?post_type=product&#038;p=7457"},"modified":"2025-10-12T18:10:20","modified_gmt":"2025-10-12T18:10:20","slug":"okso-crystal-bar-800-disposable-vape-pen-800-puffs-mesh-coil-e-cigarette-with-rgb-led","status":"publish","type":"product","link":"https:\/\/kylinvape.com\/de\/product\/okso-crystal-bar-800-disposable-vape-pen-800-puffs-mesh-coil-e-cigarette-with-rgb-led\/","title":{"rendered":"OKSO Crystal Bar 800 Einweg-Vape-Pen, 800 Z\u00fcge, Mesh-Coil-E-Zigarette mit RGB-LED"},"content":{"rendered":"<h1>OKSO Crystal Bar 800 Z\u00fcge Einweg-Vape \u2013 Kompakter Vape Pen mit Mesh-Coil und RGB-LED<\/h1>\n<p data-start=\"1366\" data-end=\"1798\"><strong data-start=\"1370\" data-end=\"1410\">OKSO Crystal Bar 800 Einweg-E-Zigarette<\/strong> ist ein schlankes und tragbares Ger\u00e4t <strong data-start=\"1435\" data-end=\"1447\">Vape-Stift<\/strong> Entwickelt f\u00fcr Komfort und Leistung. <strong data-start=\"1495\" data-end=\"1519\">Maschenspulentechnologie<\/strong>, Es liefert reinen Geschmack und sanfteren Dampf bei jedem Zug. <a href=\"https:\/\/kylinvape.com\/de\/product-category\/types-of-vapes\/mini-puff-vapes\/\"><strong data-start=\"1583\" data-end=\"1608\">2 ml E-Liquid-Kapazit\u00e4t<\/strong><\/a> Und <strong data-start=\"1613\" data-end=\"1640\">eingebauter 400-mAh-Akku<\/strong> bis zu <strong data-start=\"1654\" data-end=\"1678\">800 befriedigende Z\u00fcge<\/strong>. Der <strong data-start=\"1684\" data-end=\"1704\">RGB-LED-Beleuchtung<\/strong> verleiht ihm eine modische Note und ist somit die perfekte Wahl f\u00fcr neue und erfahrene Dampfer gleicherma\u00dfen.<\/p>\n<hr data-start=\"1800\" data-end=\"1803\">\n<h2>OKSO Crystal Bar 800 \u2013 Hauptmerkmale<\/h2>\n<ul>\n<li data-start=\"1835\" data-end=\"1915\">\u2705 <strong data-start=\"1837\" data-end=\"1859\">Kapazit\u00e4t f\u00fcr 800 Z\u00fcge<\/strong>Ideal f\u00fcr den t\u00e4glichen Gebrauch mit gleichbleibender Dampfentwicklung.<\/li>\n<li data-start=\"1918\" data-end=\"1990\">\u2705 <strong data-start=\"1920\" data-end=\"1944\">Maschenspulentechnologie<\/strong>: Verbessert den Geschmack und sorgt f\u00fcr einen sanften Dampf.<\/li>\n<li data-start=\"1993\" data-end=\"2061\">\u2705 <strong data-start=\"1995\" data-end=\"2020\">Kompakt und leicht<\/strong>Nur 36 g leicht und mit einem eleganten, schlanken Design.<\/li>\n<li data-start=\"2064\" data-end=\"2139\">\u2705 <strong data-start=\"2066\" data-end=\"2086\">RGB-LED-Beleuchtung<\/strong>Stilvoller und moderner Look f\u00fcr trendbewusste Dampfer.<\/li>\n<li data-start=\"2142\" data-end=\"2215\">\u2705 <strong data-start=\"2144\" data-end=\"2164\">Nikotinoptionen<\/strong>Erh\u00e4ltlich in den Nikotinst\u00e4rken 0%, 2%, 3% und 5%.<\/li>\n<li data-start=\"2218\" data-end=\"2289\">\u2705 <strong data-start=\"2220\" data-end=\"2241\">Tragbarer Vape-Pen<\/strong>Leicht zu transportieren, perfekt f\u00fcr das Dampfen unterwegs.<\/li>\n<li data-start=\"2292\" data-end=\"2376\">\u2705 <strong data-start=\"2294\" data-end=\"2313\">Gro\u00dfhandelsbereit<\/strong>Verf\u00fcgbar f\u00fcr <strong data-start=\"2329\" data-end=\"2354\">E-Zigaretten-Gro\u00dfhandel Europa<\/strong> und globalen M\u00e4rkten.<\/li>\n<\/ul>\n<hr data-start=\"2378\" data-end=\"2381\">\n<h2>OKSO Crystal Bar 800 \u2013 Spezifikationen<\/h2>\n<ul>\n<li data-start=\"2413\" data-end=\"2435\"><strong data-start=\"2413\" data-end=\"2422\">Puffs<\/strong>800 Z\u00fcge<\/li>\n<li data-start=\"2438\" data-end=\"2459\"><strong data-start=\"2438\" data-end=\"2446\">Spule<\/strong>: Maschenspule<\/li>\n<li data-start=\"2462\" data-end=\"2490\"><strong data-start=\"2462\" data-end=\"2483\">E-Liquid-Kapazit\u00e4t<\/strong>2 ml<\/li>\n<li data-start=\"2493\" data-end=\"2536\"><strong data-start=\"2493\" data-end=\"2515\">Nikotinst\u00e4rken<\/strong>: 0% \/ 2% \/ 3% \/ 5%<\/li>\n<li data-start=\"2539\" data-end=\"2560\"><strong data-start=\"2539\" data-end=\"2550\">Batterie<\/strong>400 mAh<\/li>\n<li data-start=\"2563\" data-end=\"2593\"><strong data-start=\"2563\" data-end=\"2573\">Design<\/strong>RGB-LED-Beleuchtung<\/li>\n<li data-start=\"2596\" data-end=\"2625\"><strong data-start=\"2596\" data-end=\"2614\">Produktgewicht<\/strong>36 g\/St\u00fcck<\/li>\n<li data-start=\"2628\" data-end=\"2661\"><strong data-start=\"2628\" data-end=\"2644\">Produktgr\u00f6\u00dfe<\/strong>: \u03c619mm * 109mm<\/li>\n<li data-start=\"2664\" data-end=\"2696\"><strong data-start=\"2664\" data-end=\"2679\">Kartongr\u00f6\u00dfe<\/strong>: 575<em data-start=\"2684\" data-end=\"2689\">275<\/em>290 mm<\/li>\n<li data-start=\"2699\" data-end=\"2736\"><strong data-start=\"2699\" data-end=\"2711\">Menge<\/strong>400 St\u00fcck\/Karton, 10 St\u00fcck\/Schachtel<\/li>\n<li data-start=\"2739\" data-end=\"2765\"><strong data-start=\"2739\" data-end=\"2755\">Bruttogewicht<\/strong>16,1 kg<\/li>\n<\/ul>\n<hr data-start=\"2767\" data-end=\"2770\">\n<h2>OKSO Kristallriegel 800-Aromen<\/h2>\n<ul>\n<li>Minze<\/li>\n<li>Pfirsicheis<\/li>\n<li>Rosa Zitrone<\/li>\n<li>Tigerblut<\/li>\n<li>Traubeneis<\/li>\n<li>Wassermeloneneis<\/li>\n<li>Blaue Himbeere<\/li>\n<li>Pfirsich-Mango-Wassermelone<\/li>\n<li>Kirscheis<\/li>\n<li>Erdbeereis<\/li>\n<\/ul>\n<hr data-start=\"2974\" data-end=\"2977\">\n<h2>OKSO 800-FAQ<\/h2>\n<ul>\n<li data-start=\"2995\" data-end=\"3139\"><strong data-start=\"2995\" data-end=\"3056\">Frage 1: Wie viele Z\u00fcge liefert das OKSO 800?<\/strong><br data-start=\"3056\" data-end=\"3059\">A1: Es liefert bis zu <strong data-start=\"3081\" data-end=\"3094\">800 Z\u00fcge<\/strong>, ideal f\u00fcr leichte bis mittlere Dampfbed\u00fcrfnisse.<\/li>\n<li data-start=\"3141\" data-end=\"3283\"><strong data-start=\"3141\" data-end=\"3193\">Frage 2: Verwendet der OKSO 800 eine Drahtspule?<\/strong><br data-start=\"3193\" data-end=\"3196\">A2: Ja, es beinhaltet <strong data-start=\"3217\" data-end=\"3241\">Maschenspulentechnologie<\/strong> f\u00fcr intensiveren Geschmack und sanfteren Dampf.<\/li>\n<li data-start=\"3285\" data-end=\"3403\"><strong data-start=\"3285\" data-end=\"3312\">Frage 3: Ist es wiederaufladbar?<\/strong><br data-start=\"3312\" data-end=\"3315\">A3: Nein, das ist ein <strong data-start=\"3333\" data-end=\"3373\">nicht wiederaufladbarer Einweg-Vape-Stift<\/strong>, f\u00fcr den einmaligen Gebrauch konzipiert.<\/li>\n<li data-start=\"3405\" data-end=\"3511\"><strong data-start=\"3405\" data-end=\"3448\">Frage 4: Welche Nikotinst\u00e4rken sind erh\u00e4ltlich?<\/strong><br data-start=\"3448\" data-end=\"3451\">A4: Es kommt in <strong data-start=\"3467\" data-end=\"3508\">Nikotinst\u00e4rken 0%, 2%, 3% und 5%<\/strong>.<\/li>\n<li data-start=\"3513\" data-end=\"3679\"><strong data-start=\"3513\" data-end=\"3550\">Frage 5: Ist es f\u00fcr den Gro\u00dfhandel geeignet?<\/strong><br data-start=\"3550\" data-end=\"3553\">A5: Ja, die <strong data-start=\"3566\" data-end=\"3606\">OKSO 800 Einweg-E-Zigarette<\/strong> ist verf\u00fcgbar f\u00fcr <strong data-start=\"3624\" data-end=\"3676\">E-Zigaretten-Gro\u00dfhandel in Europa und weltweiter Vertrieb<\/strong>.<\/li>\n<\/ul>","protected":false},"excerpt":{"rendered":"<p><strong data-start=\"1133\" data-end=\"1173\">OKSO Crystal Bar 800 Einweg-E-Zigarette<\/strong> ist kompakt <a href=\"https:\/\/kylinvape.com\/de\/product-category\/types-of-vapes\/vape-pen\/\"><strong data-start=\"1187\" data-end=\"1199\">Vape-Stift<\/strong><\/a> mit <strong data-start=\"1205\" data-end=\"1218\">800 Z\u00fcge<\/strong>, <strong data-start=\"1220\" data-end=\"1233\">Drahtspule<\/strong>, Und <strong data-start=\"1239\" data-end=\"1259\">RGB-LED-Beleuchtung<\/strong>, bietet einen sanften Geschmack und ein stilvolles Dampferlebnis in 10 Geschmacksrichtungen.<\/p>","protected":false},"featured_media":7458,"comment_status":"open","ping_status":"closed","template":"","meta":{"site-sidebar-layout":"default","site-content-layout":"","ast-site-content-layout":"default","site-content-style":"default","site-sidebar-style":"default","ast-global-header-display":"","ast-banner-title-visibility":"","ast-main-header-display":"","ast-hfb-above-header-display":"","ast-hfb-below-header-display":"","ast-hfb-mobile-header-display":"","site-post-title":"","ast-breadcrumbs-content":"","ast-featured-img":"","footer-sml-layout":"","ast-disable-related-posts":"","theme-transparent-header-meta":"default","adv-header-id-meta":"","stick-header-meta":"default","header-above-stick-meta":"","header-main-stick-meta":"","header-below-stick-meta":"","astra-migrate-meta-layouts":"set","ast-page-background-enabled":"default","ast-page-background-meta":{"desktop":{"background-color":"","background-image":"","background-repeat":"repeat","background-position":"center center","background-size":"auto","background-attachment":"scroll","background-type":"","background-media":"","overlay-type":"","overlay-color":"","overlay-opacity":"","overlay-gradient":""},"tablet":{"background-color":"","background-image":"","background-repeat":"repeat","background-position":"center center","background-size":"auto","background-attachment":"scroll","background-type":"","background-media":"","overlay-type":"","overlay-color":"","overlay-opacity":"","overlay-gradient":""},"mobile":{"background-color":"","background-image":"","background-repeat":"repeat","background-position":"center center","background-size":"auto","background-attachment":"scroll","background-type":"","background-media":"","overlay-type":"","overlay-color":"","overlay-opacity":"","overlay-gradient":""}},"ast-content-background-meta":{"desktop":{"background-color":"var(--ast-global-color-5)","background-image":"","background-repeat":"repeat","background-position":"center center","background-size":"auto","background-attachment":"scroll","background-type":"","background-media":"","overlay-type":"","overlay-color":"","overlay-opacity":"","overlay-gradient":""},"tablet":{"background-color":"var(--ast-global-color-5)","background-image":"","background-repeat":"repeat","background-position":"center center","background-size":"auto","background-attachment":"scroll","background-type":"","background-media":"","overlay-type":"","overlay-color":"","overlay-opacity":"","overlay-gradient":""},"mobile":{"background-color":"var(--ast-global-color-5)","background-image":"","background-repeat":"repeat","background-position":"center center","background-size":"auto","background-attachment":"scroll","background-type":"","background-media":"","overlay-type":"","overlay-color":"","overlay-opacity":"","overlay-gradient":""}}},"product_brand":[],"product_cat":[104,127,128,126,123,118,117,121,120,124,125,119,122,98,277,142,129],"product_tag":[151,239,248,193,153],"class_list":{"0":"post-7457","1":"product","2":"type-product","3":"status-publish","4":"has-post-thumbnail","6":"product_cat-10k-puffs-disposable-vape","7":"product_cat-big-puff-vape","8":"product_cat-crystal-vapes","9":"product_cat-disposable-vapes-in-austria","10":"product_cat-disposable-vapes-in-belgium","11":"product_cat-disposable-vapes-in-france","12":"product_cat-disposable-vapes-in-germany","13":"product_cat-disposable-vapes-in-italy","14":"product_cat-disposable-vapes-in-netherlands","15":"product_cat-disposable-vapes-in-poland","16":"product_cat-disposable-vapes-in-portugal","17":"product_cat-disposable-vapes-in-spain","18":"product_cat-disposable-vapes-in-sweden","19":"product_cat-elfbox-vape","20":"product_cat-mini-puff-vapes","21":"product_cat-shisha-hookah-vapes","22":"product_cat-vape-pen","23":"product_tag-handy-vape","24":"product_tag-mesh-coil-vape","25":"product_tag-okso-crystal-bar-800","26":"product_tag-vape-pen","27":"product_tag-vape-wholesale","28":"desktop-align-center","29":"tablet-align-center","30":"mobile-align-center","31":"ast-product-gallery-layout-horizontal-slider","32":"ast-product-single-variable","33":"ast-product-tabs-layout-horizontal","35":"first","36":"instock","37":"sale","38":"shipping-taxable","39":"purchasable","40":"product-type-variable"},"yoast_head":"<!-- This site is optimized with the Yoast SEO Premium plugin v26.0 (Yoast SEO v27.4) - https:\/\/yoast.com\/product\/yoast-seo-premium-wordpress\/ -->\n<title>OKSO Crystal Bar 800 Disposable Vape | 800 Puffs Vape Pen with Mesh Coil &amp; RGB LED<\/title>\n<meta name=\"description\" content=\"Discover the OKSO Crystal Bar 800 Disposable Vape, a stylish vape pen delivering 800 puffs with mesh coil technology, 2ml e-liquid, 400mAh battery, and RGB LED design. Available in 10 refreshing flavors. Perfect for vape wholesale in Europe and online retail.\" \/>\n<meta name=\"robots\" content=\"index, follow, max-snippet:-1, max-image-preview:large, max-video-preview:-1\" \/>\n<link rel=\"canonical\" href=\"https:\/\/lightgoldenrodyellow-wildcat-131089.hostingersite.com\/de\/product\/okso-crystal-bar-800-disposable-vape-pen-800-puffs-mesh-coil-e-cigarette-with-rgb-led\/\" \/>\n<meta property=\"og:locale\" content=\"de_DE\" \/>\n<meta property=\"og:type\" content=\"article\" \/>\n<meta property=\"og:title\" content=\"OKSO Crystal Bar 800 Disposable Vape Pen 800 Puffs Mesh Coil E-Cigarette with RGB LED\" \/>\n<meta property=\"og:description\" content=\"Discover the OKSO Crystal Bar 800 Disposable Vape, a stylish vape pen delivering 800 puffs with mesh coil technology, 2ml e-liquid, 400mAh battery, and RGB LED design. Available in 10 refreshing flavors. Perfect for vape wholesale in Europe and online retail.\" \/>\n<meta property=\"og:url\" content=\"https:\/\/lightgoldenrodyellow-wildcat-131089.hostingersite.com\/de\/product\/okso-crystal-bar-800-disposable-vape-pen-800-puffs-mesh-coil-e-cigarette-with-rgb-led\/\" \/>\n<meta property=\"og:site_name\" content=\"Kylin Vape\" \/>\n<meta property=\"article:modified_time\" content=\"2025-10-12T18:10:20+00:00\" \/>\n<meta property=\"og:image\" content=\"https:\/\/kylinvape.com\/wp-content\/uploads\/2025\/09\/1000-\u4e3b\u56fe-01-1.webp\" \/>\n\t<meta property=\"og:image:width\" content=\"1000\" \/>\n\t<meta property=\"og:image:height\" content=\"1000\" \/>\n\t<meta property=\"og:image:type\" content=\"image\/webp\" \/>\n<meta name=\"twitter:card\" content=\"summary_large_image\" \/>\n<meta name=\"twitter:label1\" content=\"Verf\u00fcgbarkeit\" \/>\n\t<meta name=\"twitter:data1\" content=\"Auf Lager\" \/>\n<script type=\"application\/ld+json\" class=\"yoast-schema-graph\">{\"@context\":\"https:\\\/\\\/schema.org\",\"@graph\":[{\"@type\":\"WebPage\",\"@id\":\"https:\\\/\\\/lightgoldenrodyellow-wildcat-131089.hostingersite.com\\\/de\\\/product\\\/okso-crystal-bar-800-disposable-vape-pen-800-puffs-mesh-coil-e-cigarette-with-rgb-led\\\/\",\"url\":\"https:\\\/\\\/lightgoldenrodyellow-wildcat-131089.hostingersite.com\\\/de\\\/product\\\/okso-crystal-bar-800-disposable-vape-pen-800-puffs-mesh-coil-e-cigarette-with-rgb-led\\\/\",\"name\":\"OKSO Crystal Bar 800 Disposable Vape | 800 Puffs Vape Pen with Mesh Coil & RGB LED\",\"isPartOf\":{\"@id\":\"https:\\\/\\\/lightgoldenrodyellow-wildcat-131089.hostingersite.com\\\/en\\\/#website\"},\"primaryImageOfPage\":{\"@id\":\"https:\\\/\\\/lightgoldenrodyellow-wildcat-131089.hostingersite.com\\\/de\\\/product\\\/okso-crystal-bar-800-disposable-vape-pen-800-puffs-mesh-coil-e-cigarette-with-rgb-led\\\/#primaryimage\"},\"image\":{\"@id\":\"https:\\\/\\\/lightgoldenrodyellow-wildcat-131089.hostingersite.com\\\/de\\\/product\\\/okso-crystal-bar-800-disposable-vape-pen-800-puffs-mesh-coil-e-cigarette-with-rgb-led\\\/#primaryimage\"},\"thumbnailUrl\":\"https:\\\/\\\/kylinvape.com\\\/wp-content\\\/uploads\\\/2025\\\/09\\\/1000-\u4e3b\u56fe-01-1.webp\",\"datePublished\":\"2025-09-18T09:00:30+00:00\",\"dateModified\":\"2025-10-12T18:10:20+00:00\",\"description\":\"Discover the OKSO Crystal Bar 800 Disposable Vape, a stylish vape pen delivering 800 puffs with mesh coil technology, 2ml e-liquid, 400mAh battery, and RGB LED design. Available in 10 refreshing flavors. Perfect for vape wholesale in Europe and online retail.\",\"breadcrumb\":{\"@id\":\"https:\\\/\\\/lightgoldenrodyellow-wildcat-131089.hostingersite.com\\\/de\\\/product\\\/okso-crystal-bar-800-disposable-vape-pen-800-puffs-mesh-coil-e-cigarette-with-rgb-led\\\/#breadcrumb\"},\"inLanguage\":\"de\",\"potentialAction\":[{\"@type\":\"ReadAction\",\"target\":[\"https:\\\/\\\/lightgoldenrodyellow-wildcat-131089.hostingersite.com\\\/de\\\/product\\\/okso-crystal-bar-800-disposable-vape-pen-800-puffs-mesh-coil-e-cigarette-with-rgb-led\\\/\"]}]},{\"@type\":\"ImageObject\",\"inLanguage\":\"de\",\"@id\":\"https:\\\/\\\/lightgoldenrodyellow-wildcat-131089.hostingersite.com\\\/de\\\/product\\\/okso-crystal-bar-800-disposable-vape-pen-800-puffs-mesh-coil-e-cigarette-with-rgb-led\\\/#primaryimage\",\"url\":\"https:\\\/\\\/kylinvape.com\\\/wp-content\\\/uploads\\\/2025\\\/09\\\/1000-\u4e3b\u56fe-01-1.webp\",\"contentUrl\":\"https:\\\/\\\/kylinvape.com\\\/wp-content\\\/uploads\\\/2025\\\/09\\\/1000-\u4e3b\u56fe-01-1.webp\",\"width\":1000,\"height\":1000,\"caption\":\"OKSO Crystal Bar 800 Disposable Vape Pen 800 Puffs\"},{\"@type\":\"BreadcrumbList\",\"@id\":\"https:\\\/\\\/lightgoldenrodyellow-wildcat-131089.hostingersite.com\\\/de\\\/product\\\/okso-crystal-bar-800-disposable-vape-pen-800-puffs-mesh-coil-e-cigarette-with-rgb-led\\\/#breadcrumb\",\"itemListElement\":[{\"@type\":\"ListItem\",\"position\":1,\"name\":\"Home\",\"item\":\"https:\\\/\\\/lightgoldenrodyellow-wildcat-131089.hostingersite.com\\\/en\\\/\"},{\"@type\":\"ListItem\",\"position\":2,\"name\":\"Shop\",\"item\":\"https:\\\/\\\/lightgoldenrodyellow-wildcat-131089.hostingersite.com\\\/en\\\/shop\\\/\"},{\"@type\":\"ListItem\",\"position\":3,\"name\":\"OKSO Crystal Bar 800 Disposable Vape Pen 800 Puffs Mesh Coil E-Cigarette with RGB LED\"}]},{\"@type\":\"WebSite\",\"@id\":\"https:\\\/\\\/lightgoldenrodyellow-wildcat-131089.hostingersite.com\\\/en\\\/#website\",\"url\":\"https:\\\/\\\/lightgoldenrodyellow-wildcat-131089.hostingersite.com\\\/en\\\/\",\"name\":\"Kylin Vape\",\"description\":\"Kylin Vape\",\"publisher\":{\"@id\":\"https:\\\/\\\/lightgoldenrodyellow-wildcat-131089.hostingersite.com\\\/en\\\/#organization\"},\"potentialAction\":[{\"@type\":\"SearchAction\",\"target\":{\"@type\":\"EntryPoint\",\"urlTemplate\":\"https:\\\/\\\/lightgoldenrodyellow-wildcat-131089.hostingersite.com\\\/en\\\/?s={search_term_string}\"},\"query-input\":{\"@type\":\"PropertyValueSpecification\",\"valueRequired\":true,\"valueName\":\"search_term_string\"}}],\"inLanguage\":\"de\"},{\"@type\":\"Organization\",\"@id\":\"https:\\\/\\\/lightgoldenrodyellow-wildcat-131089.hostingersite.com\\\/en\\\/#organization\",\"name\":\"Kylin Vape\",\"url\":\"https:\\\/\\\/lightgoldenrodyellow-wildcat-131089.hostingersite.com\\\/en\\\/\",\"logo\":{\"@type\":\"ImageObject\",\"inLanguage\":\"de\",\"@id\":\"https:\\\/\\\/lightgoldenrodyellow-wildcat-131089.hostingersite.com\\\/en\\\/#\\\/schema\\\/logo\\\/image\\\/\",\"url\":\"https:\\\/\\\/kylinvape.com\\\/wp-content\\\/uploads\\\/2025\\\/08\\\/1-1.webp\",\"contentUrl\":\"https:\\\/\\\/kylinvape.com\\\/wp-content\\\/uploads\\\/2025\\\/08\\\/1-1.webp\",\"width\":384,\"height\":397,\"caption\":\"Kylin Vape\"},\"image\":{\"@id\":\"https:\\\/\\\/lightgoldenrodyellow-wildcat-131089.hostingersite.com\\\/en\\\/#\\\/schema\\\/logo\\\/image\\\/\"}}]}<\/script>\n<meta property=\"og:availability\" content=\"instock\" \/>\n<meta property=\"product:availability\" content=\"instock\" \/>\n<meta property=\"product:condition\" content=\"new\" \/>\n<!-- \/ Yoast SEO Premium plugin. -->","yoast_head_json":{"title":"OKSO Crystal Bar 800 Einweg-E-Zigarette | Vape Pen f\u00fcr 800 Z\u00fcge mit Mesh-Coil und RGB-LED","description":"Entdecken Sie den OKSO Crystal Bar 800 Einweg-Vape, einen stylischen Vape-Pen mit 800 Z\u00fcgen, Mesh-Coil-Technologie, 2 ml E-Liquid, 400-mAh-Akku und RGB-LED-Design. Erh\u00e4ltlich in 10 erfrischenden Geschmacksrichtungen. Ideal f\u00fcr den Vape-Gro\u00dfhandel in Europa und den Online-Handel.","robots":{"index":"index","follow":"follow","max-snippet":"max-snippet:-1","max-image-preview":"max-image-preview:large","max-video-preview":"max-video-preview:-1"},"canonical":"https:\/\/lightgoldenrodyellow-wildcat-131089.hostingersite.com\/de\/product\/okso-crystal-bar-800-disposable-vape-pen-800-puffs-mesh-coil-e-cigarette-with-rgb-led\/","og_locale":"de_DE","og_type":"article","og_title":"OKSO Crystal Bar 800 Disposable Vape Pen 800 Puffs Mesh Coil E-Cigarette with RGB LED","og_description":"Discover the OKSO Crystal Bar 800 Disposable Vape, a stylish vape pen delivering 800 puffs with mesh coil technology, 2ml e-liquid, 400mAh battery, and RGB LED design. Available in 10 refreshing flavors. Perfect for vape wholesale in Europe and online retail.","og_url":"https:\/\/lightgoldenrodyellow-wildcat-131089.hostingersite.com\/de\/product\/okso-crystal-bar-800-disposable-vape-pen-800-puffs-mesh-coil-e-cigarette-with-rgb-led\/","og_site_name":"Kylin Vape","article_modified_time":"2025-10-12T18:10:20+00:00","og_image":[{"width":1000,"height":1000,"url":"https:\/\/kylinvape.com\/wp-content\/uploads\/2025\/09\/1000-\u4e3b\u56fe-01-1.webp","type":"image\/webp"}],"twitter_card":"summary_large_image","twitter_misc":{"Verf\u00fcgbarkeit":"Auf Lager"},"schema":{"@context":"https:\/\/schema.org","@graph":[{"@type":"WebPage","@id":"https:\/\/lightgoldenrodyellow-wildcat-131089.hostingersite.com\/de\/product\/okso-crystal-bar-800-disposable-vape-pen-800-puffs-mesh-coil-e-cigarette-with-rgb-led\/","url":"https:\/\/lightgoldenrodyellow-wildcat-131089.hostingersite.com\/de\/product\/okso-crystal-bar-800-disposable-vape-pen-800-puffs-mesh-coil-e-cigarette-with-rgb-led\/","name":"OKSO Crystal Bar 800 Einweg-E-Zigarette | Vape Pen f\u00fcr 800 Z\u00fcge mit Mesh-Coil und RGB-LED","isPartOf":{"@id":"https:\/\/lightgoldenrodyellow-wildcat-131089.hostingersite.com\/en\/#website"},"primaryImageOfPage":{"@id":"https:\/\/lightgoldenrodyellow-wildcat-131089.hostingersite.com\/de\/product\/okso-crystal-bar-800-disposable-vape-pen-800-puffs-mesh-coil-e-cigarette-with-rgb-led\/#primaryimage"},"image":{"@id":"https:\/\/lightgoldenrodyellow-wildcat-131089.hostingersite.com\/de\/product\/okso-crystal-bar-800-disposable-vape-pen-800-puffs-mesh-coil-e-cigarette-with-rgb-led\/#primaryimage"},"thumbnailUrl":"https:\/\/kylinvape.com\/wp-content\/uploads\/2025\/09\/1000-\u4e3b\u56fe-01-1.webp","datePublished":"2025-09-18T09:00:30+00:00","dateModified":"2025-10-12T18:10:20+00:00","description":"Entdecken Sie den OKSO Crystal Bar 800 Einweg-Vape, einen stylischen Vape-Pen mit 800 Z\u00fcgen, Mesh-Coil-Technologie, 2 ml E-Liquid, 400-mAh-Akku und RGB-LED-Design. Erh\u00e4ltlich in 10 erfrischenden Geschmacksrichtungen. Ideal f\u00fcr den Vape-Gro\u00dfhandel in Europa und den Online-Handel.","breadcrumb":{"@id":"https:\/\/lightgoldenrodyellow-wildcat-131089.hostingersite.com\/de\/product\/okso-crystal-bar-800-disposable-vape-pen-800-puffs-mesh-coil-e-cigarette-with-rgb-led\/#breadcrumb"},"inLanguage":"de","potentialAction":[{"@type":"ReadAction","target":["https:\/\/lightgoldenrodyellow-wildcat-131089.hostingersite.com\/de\/product\/okso-crystal-bar-800-disposable-vape-pen-800-puffs-mesh-coil-e-cigarette-with-rgb-led\/"]}]},{"@type":"ImageObject","inLanguage":"de","@id":"https:\/\/lightgoldenrodyellow-wildcat-131089.hostingersite.com\/de\/product\/okso-crystal-bar-800-disposable-vape-pen-800-puffs-mesh-coil-e-cigarette-with-rgb-led\/#primaryimage","url":"https:\/\/kylinvape.com\/wp-content\/uploads\/2025\/09\/1000-\u4e3b\u56fe-01-1.webp","contentUrl":"https:\/\/kylinvape.com\/wp-content\/uploads\/2025\/09\/1000-\u4e3b\u56fe-01-1.webp","width":1000,"height":1000,"caption":"OKSO Crystal Bar 800 Disposable Vape Pen 800 Puffs"},{"@type":"BreadcrumbList","@id":"https:\/\/lightgoldenrodyellow-wildcat-131089.hostingersite.com\/de\/product\/okso-crystal-bar-800-disposable-vape-pen-800-puffs-mesh-coil-e-cigarette-with-rgb-led\/#breadcrumb","itemListElement":[{"@type":"ListItem","position":1,"name":"Home","item":"https:\/\/lightgoldenrodyellow-wildcat-131089.hostingersite.com\/en\/"},{"@type":"ListItem","position":2,"name":"Shop","item":"https:\/\/lightgoldenrodyellow-wildcat-131089.hostingersite.com\/en\/shop\/"},{"@type":"ListItem","position":3,"name":"OKSO Crystal Bar 800 Disposable Vape Pen 800 Puffs Mesh Coil E-Cigarette with RGB LED"}]},{"@type":"WebSite","@id":"https:\/\/lightgoldenrodyellow-wildcat-131089.hostingersite.com\/en\/#website","url":"https:\/\/lightgoldenrodyellow-wildcat-131089.hostingersite.com\/en\/","name":"Kylin Vape","description":"Kylin Vape","publisher":{"@id":"https:\/\/lightgoldenrodyellow-wildcat-131089.hostingersite.com\/en\/#organization"},"potentialAction":[{"@type":"SearchAction","target":{"@type":"EntryPoint","urlTemplate":"https:\/\/lightgoldenrodyellow-wildcat-131089.hostingersite.com\/en\/?s={search_term_string}"},"query-input":{"@type":"PropertyValueSpecification","valueRequired":true,"valueName":"search_term_string"}}],"inLanguage":"de"},{"@type":"Organization","@id":"https:\/\/lightgoldenrodyellow-wildcat-131089.hostingersite.com\/en\/#organization","name":"Kylin Vape","url":"https:\/\/lightgoldenrodyellow-wildcat-131089.hostingersite.com\/en\/","logo":{"@type":"ImageObject","inLanguage":"de","@id":"https:\/\/lightgoldenrodyellow-wildcat-131089.hostingersite.com\/en\/#\/schema\/logo\/image\/","url":"https:\/\/kylinvape.com\/wp-content\/uploads\/2025\/08\/1-1.webp","contentUrl":"https:\/\/kylinvape.com\/wp-content\/uploads\/2025\/08\/1-1.webp","width":384,"height":397,"caption":"Kylin Vape"},"image":{"@id":"https:\/\/lightgoldenrodyellow-wildcat-131089.hostingersite.com\/en\/#\/schema\/logo\/image\/"}}]},"og_availability":"instock","product_availability":"instock","product_condition":"new"},"_links":{"self":[{"href":"https:\/\/kylinvape.com\/de\/wp-json\/wp\/v2\/product\/7457","targetHints":{"allow":["GET"]}}],"collection":[{"href":"https:\/\/kylinvape.com\/de\/wp-json\/wp\/v2\/product"}],"about":[{"href":"https:\/\/kylinvape.com\/de\/wp-json\/wp\/v2\/types\/product"}],"replies":[{"embeddable":true,"href":"https:\/\/kylinvape.com\/de\/wp-json\/wp\/v2\/comments?post=7457"}],"wp:featuredmedia":[{"embeddable":true,"href":"https:\/\/kylinvape.com\/de\/wp-json\/wp\/v2\/media\/7458"}],"wp:attachment":[{"href":"https:\/\/kylinvape.com\/de\/wp-json\/wp\/v2\/media?parent=7457"}],"wp:term":[{"taxonomy":"product_brand","embeddable":true,"href":"https:\/\/kylinvape.com\/de\/wp-json\/wp\/v2\/product_brand?post=7457"},{"taxonomy":"product_cat","embeddable":true,"href":"https:\/\/kylinvape.com\/de\/wp-json\/wp\/v2\/product_cat?post=7457"},{"taxonomy":"product_tag","embeddable":true,"href":"https:\/\/kylinvape.com\/de\/wp-json\/wp\/v2\/product_tag?post=7457"}],"curies":[{"name":"wp","href":"https:\/\/api.w.org\/{rel}","templated":true}]}}