{"id":7573,"date":"2025-09-18T09:39:15","date_gmt":"2025-09-18T09:39:15","guid":{"rendered":"https:\/\/kylinvape.com\/?post_type=product&#038;p=7573"},"modified":"2025-10-12T18:04:34","modified_gmt":"2025-10-12T18:04:34","slug":"okso-shisha-hookah-mega-50k-50000-puffs-crystal-rechargeable-disposable-vape-with-screen-display","status":"publish","type":"product","link":"https:\/\/kylinvape.com\/de\/product\/okso-shisha-hookah-mega-50k-50000-puffs-crystal-rechargeable-disposable-vape-with-screen-display\/","title":{"rendered":"OKSO Shisha Mega 50K \u2013 50.000 Z\u00fcge, wiederaufladbare Einweg-E-Zigarette mit Display"},"content":{"rendered":"<h1>OKSO Shisha Hookah Mega 50K \u2013 Einweg-E-Zigarette f\u00fcr 50.000 Z\u00fcge | Kristall-Design &amp; wiederaufladbar<\/h1>\n<p data-start=\"1735\" data-end=\"2024\">Der <strong data-start=\"1739\" data-end=\"1770\">OKSO Shisha Hookah Mega 50K<\/strong> ist eine n\u00e4chste Generation <strong data-start=\"1792\" data-end=\"1811\">Einweg-E-Zigarette<\/strong> Entwickelt f\u00fcr Nutzer, die lieben <strong data-start=\"1840\" data-end=\"1895\">intensive Shisha-Aromen und massive Dampfproduktion<\/strong>. Mit <strong data-start=\"1902\" data-end=\"1977\">50.000 Z\u00fcge, 40 ml E-Liquid und ein leistungsstarker 1100-mAh-Akku<\/strong>, Es bietet sowohl Langlebigkeit als auch Leistung.<\/p>\n<p data-start=\"2026\" data-end=\"2293\">Es ist <strong data-start=\"2030\" data-end=\"2099\">Kristallklarer, von Wasserpfeifen inspirierter Korpus, LED-Anzeige und einstellbare Luftzufuhr<\/strong> Damit z\u00e4hlt sie zu den fortschrittlichsten Einweg-E-Zigaretten, die 2025 erh\u00e4ltlich sein werden. Egal ob Einzelh\u00e4ndler, Gro\u00dfh\u00e4ndler oder Dampfer auf der Suche nach einem Premium-Erlebnis \u2013 die OKSO Mega 50K ist die perfekte Wahl.<\/p>\n<div class=\"ast-oembed-container\" style=\"height: 100%;\"><iframe title=\"OKSO Shisha Hookah Mega 50k\" width=\"422\" height=\"750\" src=\"https:\/\/www.youtube.com\/embed\/Mq0Hox8DpcI?feature=oembed\" frameborder=\"0\" allow=\"accelerometer; autoplay; clipboard-write; encrypted-media; gyroscope; picture-in-picture; web-share\" referrerpolicy=\"strict-origin-when-cross-origin\" allowfullscreen><\/iframe><\/div>\n<h2 data-start=\"2295\" data-end=\"2328\">\ud83c\udf1f Hauptmerkmale und Vorteile<\/h2>\n<ul>\n<li data-start=\"2331\" data-end=\"2414\"><strong data-start=\"2331\" data-end=\"2354\">Massive 50.000 Z\u00fcge<\/strong> \u2013 extrem lange Dampfsitzungen ohne h\u00e4ufiges Nachf\u00fcllen<\/li>\n<li data-start=\"2417\" data-end=\"2482\"><strong data-start=\"2417\" data-end=\"2437\">Dreifach-Mesh-Spule<\/strong> \u2013 \u00fcberragende Geschmacksintensit\u00e4t und dichtere Dampfwolken<\/li>\n<li data-start=\"2485\" data-end=\"2546\"><strong data-start=\"2485\" data-end=\"2512\">40 ml vorgef\u00fclltes E-Liquid<\/strong> \u2013 mehr Saft, mehr Zufriedenheit<\/li>\n<li data-start=\"2549\" data-end=\"2633\"><strong data-start=\"2549\" data-end=\"2598\">Wiederaufladbarer 1100-mAh-Akku mit Typ-C-Anschluss<\/strong> \u2013 Leistung und Komfort vereint<\/li>\n<li data-start=\"2636\" data-end=\"2711\"><strong data-start=\"2636\" data-end=\"2663\">Voll-LED-Display<\/strong> \u2013 \u00dcberpr\u00fcfen Sie sofort den Akku- und E-Liquid-Stand.<\/li>\n<li data-start=\"2714\" data-end=\"2789\"><strong data-start=\"2714\" data-end=\"2743\">Einstellbares Luftstromsystem<\/strong> \u2013 unterst\u00fctzt beides <strong data-start=\"2760\" data-end=\"2787\">MTL- und DTL-Dampfstile<\/strong><\/li>\n<li data-start=\"2792\" data-end=\"2851\"><strong data-start=\"2792\" data-end=\"2817\">Kristall-Shisha-Design<\/strong> \u2013 stilvoll, hochwertig und langlebig<\/li>\n<li data-start=\"2854\" data-end=\"2927\"><strong data-start=\"2854\" data-end=\"2893\">Nikotinoptionen: 0% \/ 2% \/ 3% \/ 5%<\/strong> \u2013 perfekt f\u00fcr verschiedene M\u00e4rkte<\/li>\n<li data-start=\"2930\" data-end=\"2988\"><strong data-start=\"2930\" data-end=\"2986\">Beste Wahl f\u00fcr Gro\u00dfh\u00e4ndler und europ\u00e4ische Vape-Distributoren<\/strong><\/li>\n<\/ul>\n<hr data-start=\"2990\" data-end=\"2993\">\n<h2 data-start=\"2995\" data-end=\"3019\">\ud83d\udccf Spezifikationen<\/h2>\n<ul>\n<li><strong data-start=\"3022\" data-end=\"3032\">Puffs:<\/strong> 50000<\/li>\n<li><strong data-start=\"3043\" data-end=\"3052\">Spule:<\/strong> Dreifach-Mesh-Spule<\/li>\n<li><strong data-start=\"3074\" data-end=\"3087\">E-Liquid:<\/strong> 40 ml<\/li>\n<li><strong data-start=\"3097\" data-end=\"3120\">Nikotinst\u00e4rken:<\/strong> 0% \/ 2% \/ 3% \/ 5%<\/li>\n<li><strong data-start=\"3143\" data-end=\"3155\">Batterie:<\/strong> 1100 mAh Akku (Typ-C)<\/li>\n<li><strong data-start=\"3190\" data-end=\"3202\">Anzeige:<\/strong> LED-Bildschirm<\/li>\n<li><strong data-start=\"3218\" data-end=\"3230\">Luftstrom:<\/strong> Einstellbar<\/li>\n<li><strong data-start=\"3246\" data-end=\"3263\">Produktgr\u00f6\u00dfe:<\/strong> 43<em data-start=\"3266\" data-end=\"3270\">43<\/em>135 mm<\/li>\n<li><strong data-start=\"3280\" data-end=\"3291\">Gewicht:<\/strong> 141 g pro Ger\u00e4t<\/li>\n<li><strong data-start=\"3312\" data-end=\"3328\">Kartongr\u00f6\u00dfe:<\/strong> 465<em data-start=\"3332\" data-end=\"3337\">290<\/em>235 mm<\/li>\n<li><strong data-start=\"3347\" data-end=\"3360\">Menge:<\/strong> 100 St\u00fcck\/Karton, 10 St\u00fcck\/Schachtel<\/li>\n<li><strong data-start=\"3387\" data-end=\"3404\">Bruttogewicht:<\/strong> 15,8 kg<\/li>\n<\/ul>\n<hr data-start=\"3415\" data-end=\"3418\">\n<h2 data-start=\"3420\" data-end=\"3447\">\ud83c\udf53 Verf\u00fcgbare Geschmacksrichtungen<\/h2>\n<ul>\n<li>\u00dcppiges Eis<\/li>\n<li>Zwei \u00c4pfel<\/li>\n<li>Erdbeer-Wassermelonen-Kaugummi<\/li>\n<li>Pfirsicheis<\/li>\n<li>Blaubeere Himbeere Kirsche<\/li>\n<li>Liebe 66<\/li>\n<li>Mango-Eis<\/li>\n<li>Erdbeer-Kiwi<\/li>\n<li>Lady Killa<\/li>\n<li>Traubeneis<\/li>\n<\/ul>\n<hr data-start=\"3643\" data-end=\"3646\">\n<h2 data-start=\"3648\" data-end=\"3665\">H\u00e4ufig gestellte Fragen<\/h2>\n<ul>\n<li data-start=\"3667\" data-end=\"3822\"><strong data-start=\"3667\" data-end=\"3726\">Frage 1: Wie lange h\u00e4lt die OKSO Shisha Hookah Mega 50K?<\/strong><br data-start=\"3726\" data-end=\"3729\">A1: Es bietet bis zu <a href=\"https:\/\/kylinvape.com\/de\/product-category\/disposable-vapes\/50k-puffs-disposable-vape\/\"><strong data-start=\"3751\" data-end=\"3766\">50000 Z\u00fcge<\/strong><\/a> und kann f\u00fcr eine l\u00e4ngere Nutzungsdauer mehrfach aufgeladen werden.<\/li>\n<li data-start=\"3824\" data-end=\"3968\"><strong data-start=\"3824\" data-end=\"3867\">Frage 2: Unterst\u00fctzt es die Regulierung des Luftstroms?<\/strong><br data-start=\"3867\" data-end=\"3870\">A2: Ja, es enth\u00e4lt ein <strong data-start=\"3894\" data-end=\"3923\">einstellbares Luftstromsystem<\/strong>, geeignet f\u00fcr beide <strong data-start=\"3943\" data-end=\"3965\">MTL- und DTL-Dampfen<\/strong>.<\/li>\n<li data-start=\"3970\" data-end=\"4117\"><strong data-start=\"3970\" data-end=\"4028\">Frage 3: Ist diese E-Zigarette f\u00fcr den Gro\u00dfhandel und Wiederverk\u00e4ufer geeignet?<\/strong><br data-start=\"4028\" data-end=\"4031\">A3: Absolut! OKSO bietet <strong data-start=\"4059\" data-end=\"4087\">E-Zigaretten-Gro\u00dfhandel in Europa<\/strong> und weltweiter Vertrieb.<\/li>\n<li data-start=\"4119\" data-end=\"4244\"><strong data-start=\"4119\" data-end=\"4156\">Frage 4: Kann der Akku wieder aufgeladen werden?<\/strong><br data-start=\"4156\" data-end=\"4159\">A4: Ja, es wird mit einem geliefert <strong data-start=\"4184\" data-end=\"4241\">Wiederaufladbarer 1100-mAh-Akku und Typ-C-Ladeanschluss<\/strong>.<\/li>\n<li data-start=\"4246\" data-end=\"4411\"><strong data-start=\"4246\" data-end=\"4292\">Frage 5: Welche Nikotinst\u00e4rken sind erh\u00e4ltlich?<\/strong><br data-start=\"4292\" data-end=\"4295\">A5: Der OKSO Mega 50K kommt in <strong data-start=\"4326\" data-end=\"4364\">Nikotingehalte von 0%, 2%, 3% und 5%<\/strong>, Dadurch ist es flexibel f\u00fcr verschiedene Kundengruppen.<\/li>\n<\/ul>\n<p>&nbsp;<\/p>","protected":false},"excerpt":{"rendered":"<p><strong data-start=\"1395\" data-end=\"1442\">OKSO Shisha Hookah Mega 50K Einweg-E-Zigarette<\/strong> Mischungen <strong data-start=\"1450\" data-end=\"1487\">traditionelle Shisha-Aromen<\/strong> mit einem modernen <strong data-start=\"1502\" data-end=\"1571\">Kristalldesign, 50.000 Z\u00fcge, LED-Bildschirm und wiederaufladbarer Akku<\/strong>. Mit dabei <strong data-start=\"1583\" data-end=\"1626\">Dreifach-Mesh-Spulen und einstellbare Luftzufuhr<\/strong>, Es ist perfekt <a href=\"https:\/\/kylinvape.com\/de\/product-category\/types-of-vapes\/shisha-hookah-vapes\/\"><strong>DTL<\/strong><\/a> Die richtige Wahl f\u00fcr Dampfer, die Wert auf Geschmack und gro\u00dfe Dampfwolken legen.<\/p>","protected":false},"featured_media":7625,"comment_status":"open","ping_status":"closed","template":"","meta":{"site-sidebar-layout":"default","site-content-layout":"","ast-site-content-layout":"default","site-content-style":"default","site-sidebar-style":"default","ast-global-header-display":"","ast-banner-title-visibility":"","ast-main-header-display":"","ast-hfb-above-header-display":"","ast-hfb-below-header-display":"","ast-hfb-mobile-header-display":"","site-post-title":"","ast-breadcrumbs-content":"","ast-featured-img":"","footer-sml-layout":"","ast-disable-related-posts":"","theme-transparent-header-meta":"default","adv-header-id-meta":"","stick-header-meta":"default","header-above-stick-meta":"","header-main-stick-meta":"","header-below-stick-meta":"","astra-migrate-meta-layouts":"set","ast-page-background-enabled":"default","ast-page-background-meta":{"desktop":{"background-color":"","background-image":"","background-repeat":"repeat","background-position":"center center","background-size":"auto","background-attachment":"scroll","background-type":"","background-media":"","overlay-type":"","overlay-color":"","overlay-opacity":"","overlay-gradient":""},"tablet":{"background-color":"","background-image":"","background-repeat":"repeat","background-position":"center center","background-size":"auto","background-attachment":"scroll","background-type":"","background-media":"","overlay-type":"","overlay-color":"","overlay-opacity":"","overlay-gradient":""},"mobile":{"background-color":"","background-image":"","background-repeat":"repeat","background-position":"center center","background-size":"auto","background-attachment":"scroll","background-type":"","background-media":"","overlay-type":"","overlay-color":"","overlay-opacity":"","overlay-gradient":""}},"ast-content-background-meta":{"desktop":{"background-color":"var(--ast-global-color-5)","background-image":"","background-repeat":"repeat","background-position":"center center","background-size":"auto","background-attachment":"scroll","background-type":"","background-media":"","overlay-type":"","overlay-color":"","overlay-opacity":"","overlay-gradient":""},"tablet":{"background-color":"var(--ast-global-color-5)","background-image":"","background-repeat":"repeat","background-position":"center center","background-size":"auto","background-attachment":"scroll","background-type":"","background-media":"","overlay-type":"","overlay-color":"","overlay-opacity":"","overlay-gradient":""},"mobile":{"background-color":"var(--ast-global-color-5)","background-image":"","background-repeat":"repeat","background-position":"center center","background-size":"auto","background-attachment":"scroll","background-type":"","background-media":"","overlay-type":"","overlay-color":"","overlay-opacity":"","overlay-gradient":""}}},"product_brand":[],"product_cat":[113,127,130,128,126,123,118,117,121,120,124,125,119,122,98,131,142],"product_tag":[156,253,166,233,236],"class_list":{"0":"post-7573","1":"product","2":"type-product","3":"status-publish","4":"has-post-thumbnail","6":"product_cat-50k-puffs-disposable-vape","7":"product_cat-big-puff-vape","8":"product_cat-box-vapes","9":"product_cat-crystal-vapes","10":"product_cat-disposable-vapes-in-austria","11":"product_cat-disposable-vapes-in-belgium","12":"product_cat-disposable-vapes-in-france","13":"product_cat-disposable-vapes-in-germany","14":"product_cat-disposable-vapes-in-italy","15":"product_cat-disposable-vapes-in-netherlands","16":"product_cat-disposable-vapes-in-poland","17":"product_cat-disposable-vapes-in-portugal","18":"product_cat-disposable-vapes-in-spain","19":"product_cat-disposable-vapes-in-sweden","20":"product_cat-elfbox-vape","21":"product_cat-rechargeable-vapes","22":"product_cat-shisha-hookah-vapes","23":"product_tag-50k-vape","24":"product_tag-crystal-vape-box","25":"product_tag-dtl-vape","26":"product_tag-shisha-hookah-vape","27":"product_tag-smart-vap","28":"desktop-align-center","29":"tablet-align-center","30":"mobile-align-center","31":"ast-product-gallery-layout-horizontal-slider","32":"ast-product-single-variable","33":"ast-product-tabs-layout-horizontal","35":"first","36":"instock","37":"sale","38":"shipping-taxable","39":"purchasable","40":"product-type-variable"},"yoast_head":"<!-- This site is optimized with the Yoast SEO Premium plugin v26.0 (Yoast SEO v27.4) - https:\/\/yoast.com\/product\/yoast-seo-premium-wordpress\/ -->\n<title>OKSO Shisha Hookah Mega 50K | 50000 Puffs Crystal Disposable Vape with Screen Display &amp; Rechargeable Battery<\/title>\n<meta name=\"description\" content=\"Discover the OKSO Shisha Hookah Mega 50K disposable vape with 50000 puffs, triple mesh coil, 40ml e-liquid, adjustable airflow, and LED display. A premium rechargeable disposable e-cigarette with crystal design, shisha-inspired flavors, and powerful 1100mAh battery. Wholesale available in Europe.\" \/>\n<meta name=\"robots\" content=\"index, follow, max-snippet:-1, max-image-preview:large, max-video-preview:-1\" \/>\n<link rel=\"canonical\" href=\"https:\/\/kylinvape.com\/de\/product\/okso-shisha-hookah-mega-50k-50000-puffs-crystal-rechargeable-disposable-vape-with-screen-display\/\" \/>\n<meta property=\"og:locale\" content=\"de_DE\" \/>\n<meta property=\"og:type\" content=\"article\" \/>\n<meta property=\"og:title\" content=\"OKSO Shisha Hookah Mega 50K \u2013 50000 Puffs Crystal Rechargeable Disposable Vape with Screen Display\" \/>\n<meta property=\"og:description\" content=\"Discover the OKSO Shisha Hookah Mega 50K disposable vape with 50000 puffs, triple mesh coil, 40ml e-liquid, adjustable airflow, and LED display. A premium rechargeable disposable e-cigarette with crystal design, shisha-inspired flavors, and powerful 1100mAh battery. Wholesale available in Europe.\" \/>\n<meta property=\"og:url\" content=\"https:\/\/kylinvape.com\/de\/product\/okso-shisha-hookah-mega-50k-50000-puffs-crystal-rechargeable-disposable-vape-with-screen-display\/\" \/>\n<meta property=\"og:site_name\" content=\"Kylin Vape\" \/>\n<meta property=\"article:modified_time\" content=\"2025-10-12T18:04:34+00:00\" \/>\n<meta property=\"og:image\" content=\"https:\/\/kylinvape.com\/wp-content\/uploads\/2025\/09\/05-2.webp\" \/>\n\t<meta property=\"og:image:width\" content=\"1000\" \/>\n\t<meta property=\"og:image:height\" content=\"1000\" \/>\n\t<meta property=\"og:image:type\" content=\"image\/webp\" \/>\n<meta name=\"twitter:card\" content=\"summary_large_image\" \/>\n<meta name=\"twitter:label1\" content=\"Verf\u00fcgbarkeit\" \/>\n\t<meta name=\"twitter:data1\" content=\"Auf Lager\" \/>\n<script type=\"application\/ld+json\" class=\"yoast-schema-graph\">{\"@context\":\"https:\\\/\\\/schema.org\",\"@graph\":[{\"@type\":\"WebPage\",\"@id\":\"https:\\\/\\\/kylinvape.com\\\/product\\\/okso-shisha-hookah-mega-50k-50000-puffs-crystal-rechargeable-disposable-vape-with-screen-display\\\/\",\"url\":\"https:\\\/\\\/kylinvape.com\\\/product\\\/okso-shisha-hookah-mega-50k-50000-puffs-crystal-rechargeable-disposable-vape-with-screen-display\\\/\",\"name\":\"OKSO Shisha Hookah Mega 50K | 50000 Puffs Crystal Disposable Vape with Screen Display & Rechargeable Battery\",\"isPartOf\":{\"@id\":\"https:\\\/\\\/lightgoldenrodyellow-wildcat-131089.hostingersite.com\\\/en\\\/#website\"},\"primaryImageOfPage\":{\"@id\":\"https:\\\/\\\/kylinvape.com\\\/product\\\/okso-shisha-hookah-mega-50k-50000-puffs-crystal-rechargeable-disposable-vape-with-screen-display\\\/#primaryimage\"},\"image\":{\"@id\":\"https:\\\/\\\/kylinvape.com\\\/product\\\/okso-shisha-hookah-mega-50k-50000-puffs-crystal-rechargeable-disposable-vape-with-screen-display\\\/#primaryimage\"},\"thumbnailUrl\":\"https:\\\/\\\/kylinvape.com\\\/wp-content\\\/uploads\\\/2025\\\/09\\\/05-2.webp\",\"datePublished\":\"2025-09-18T09:39:15+00:00\",\"dateModified\":\"2025-10-12T18:04:34+00:00\",\"description\":\"Discover the OKSO Shisha Hookah Mega 50K disposable vape with 50000 puffs, triple mesh coil, 40ml e-liquid, adjustable airflow, and LED display. A premium rechargeable disposable e-cigarette with crystal design, shisha-inspired flavors, and powerful 1100mAh battery. Wholesale available in Europe.\",\"breadcrumb\":{\"@id\":\"https:\\\/\\\/kylinvape.com\\\/product\\\/okso-shisha-hookah-mega-50k-50000-puffs-crystal-rechargeable-disposable-vape-with-screen-display\\\/#breadcrumb\"},\"inLanguage\":\"de\",\"potentialAction\":[{\"@type\":\"ReadAction\",\"target\":[\"https:\\\/\\\/kylinvape.com\\\/product\\\/okso-shisha-hookah-mega-50k-50000-puffs-crystal-rechargeable-disposable-vape-with-screen-display\\\/\"]}]},{\"@type\":\"ImageObject\",\"inLanguage\":\"de\",\"@id\":\"https:\\\/\\\/kylinvape.com\\\/product\\\/okso-shisha-hookah-mega-50k-50000-puffs-crystal-rechargeable-disposable-vape-with-screen-display\\\/#primaryimage\",\"url\":\"https:\\\/\\\/kylinvape.com\\\/wp-content\\\/uploads\\\/2025\\\/09\\\/05-2.webp\",\"contentUrl\":\"https:\\\/\\\/kylinvape.com\\\/wp-content\\\/uploads\\\/2025\\\/09\\\/05-2.webp\",\"width\":1000,\"height\":1000,\"caption\":\"OKSO Shisha Hookah Mega 50K Puff Vape Box for Wholesale\"},{\"@type\":\"BreadcrumbList\",\"@id\":\"https:\\\/\\\/kylinvape.com\\\/product\\\/okso-shisha-hookah-mega-50k-50000-puffs-crystal-rechargeable-disposable-vape-with-screen-display\\\/#breadcrumb\",\"itemListElement\":[{\"@type\":\"ListItem\",\"position\":1,\"name\":\"Home\",\"item\":\"https:\\\/\\\/lightgoldenrodyellow-wildcat-131089.hostingersite.com\\\/en\\\/\"},{\"@type\":\"ListItem\",\"position\":2,\"name\":\"Shop\",\"item\":\"https:\\\/\\\/lightgoldenrodyellow-wildcat-131089.hostingersite.com\\\/en\\\/shop\\\/\"},{\"@type\":\"ListItem\",\"position\":3,\"name\":\"OKSO Shisha Hookah Mega 50K \u2013 50000 Puffs Crystal Rechargeable Disposable Vape with Screen Display\"}]},{\"@type\":\"WebSite\",\"@id\":\"https:\\\/\\\/lightgoldenrodyellow-wildcat-131089.hostingersite.com\\\/en\\\/#website\",\"url\":\"https:\\\/\\\/lightgoldenrodyellow-wildcat-131089.hostingersite.com\\\/en\\\/\",\"name\":\"Kylin Vape\",\"description\":\"Kylin Vape\",\"publisher\":{\"@id\":\"https:\\\/\\\/lightgoldenrodyellow-wildcat-131089.hostingersite.com\\\/en\\\/#organization\"},\"potentialAction\":[{\"@type\":\"SearchAction\",\"target\":{\"@type\":\"EntryPoint\",\"urlTemplate\":\"https:\\\/\\\/lightgoldenrodyellow-wildcat-131089.hostingersite.com\\\/en\\\/?s={search_term_string}\"},\"query-input\":{\"@type\":\"PropertyValueSpecification\",\"valueRequired\":true,\"valueName\":\"search_term_string\"}}],\"inLanguage\":\"de\"},{\"@type\":\"Organization\",\"@id\":\"https:\\\/\\\/lightgoldenrodyellow-wildcat-131089.hostingersite.com\\\/en\\\/#organization\",\"name\":\"Kylin Vape\",\"url\":\"https:\\\/\\\/lightgoldenrodyellow-wildcat-131089.hostingersite.com\\\/en\\\/\",\"logo\":{\"@type\":\"ImageObject\",\"inLanguage\":\"de\",\"@id\":\"https:\\\/\\\/lightgoldenrodyellow-wildcat-131089.hostingersite.com\\\/en\\\/#\\\/schema\\\/logo\\\/image\\\/\",\"url\":\"https:\\\/\\\/kylinvape.com\\\/wp-content\\\/uploads\\\/2025\\\/08\\\/1-1.webp\",\"contentUrl\":\"https:\\\/\\\/kylinvape.com\\\/wp-content\\\/uploads\\\/2025\\\/08\\\/1-1.webp\",\"width\":384,\"height\":397,\"caption\":\"Kylin Vape\"},\"image\":{\"@id\":\"https:\\\/\\\/lightgoldenrodyellow-wildcat-131089.hostingersite.com\\\/en\\\/#\\\/schema\\\/logo\\\/image\\\/\"}}]}<\/script>\n<meta property=\"og:availability\" content=\"instock\" \/>\n<meta property=\"product:availability\" content=\"instock\" \/>\n<meta property=\"product:condition\" content=\"new\" \/>\n<!-- \/ Yoast SEO Premium plugin. -->","yoast_head_json":{"title":"OKSO Shisha Mega 50K | 50.000 Z\u00fcge, Kristall-Einweg-E-Zigarette mit Display und Akku","description":"Entdecken Sie die OKSO Shisha Hookah Mega 50K Einweg-E-Zigarette mit 50.000 Z\u00fcgen, Triple-Mesh-Coil, 40 ml E-Liquid, einstellbarer Luftzufuhr und LED-Display. Eine hochwertige, wiederaufladbare Einweg-E-Zigarette im Kristall-Design, mit Shisha-inspirierten Aromen und einem leistungsstarken 1100-mAh-Akku. Erh\u00e4ltlich im Gro\u00dfhandel in Europa.","robots":{"index":"index","follow":"follow","max-snippet":"max-snippet:-1","max-image-preview":"max-image-preview:large","max-video-preview":"max-video-preview:-1"},"canonical":"https:\/\/kylinvape.com\/de\/product\/okso-shisha-hookah-mega-50k-50000-puffs-crystal-rechargeable-disposable-vape-with-screen-display\/","og_locale":"de_DE","og_type":"article","og_title":"OKSO Shisha Hookah Mega 50K \u2013 50000 Puffs Crystal Rechargeable Disposable Vape with Screen Display","og_description":"Discover the OKSO Shisha Hookah Mega 50K disposable vape with 50000 puffs, triple mesh coil, 40ml e-liquid, adjustable airflow, and LED display. A premium rechargeable disposable e-cigarette with crystal design, shisha-inspired flavors, and powerful 1100mAh battery. Wholesale available in Europe.","og_url":"https:\/\/kylinvape.com\/de\/product\/okso-shisha-hookah-mega-50k-50000-puffs-crystal-rechargeable-disposable-vape-with-screen-display\/","og_site_name":"Kylin Vape","article_modified_time":"2025-10-12T18:04:34+00:00","og_image":[{"width":1000,"height":1000,"url":"https:\/\/kylinvape.com\/wp-content\/uploads\/2025\/09\/05-2.webp","type":"image\/webp"}],"twitter_card":"summary_large_image","twitter_misc":{"Verf\u00fcgbarkeit":"Auf Lager"},"schema":{"@context":"https:\/\/schema.org","@graph":[{"@type":"WebPage","@id":"https:\/\/kylinvape.com\/product\/okso-shisha-hookah-mega-50k-50000-puffs-crystal-rechargeable-disposable-vape-with-screen-display\/","url":"https:\/\/kylinvape.com\/product\/okso-shisha-hookah-mega-50k-50000-puffs-crystal-rechargeable-disposable-vape-with-screen-display\/","name":"OKSO Shisha Mega 50K | 50.000 Z\u00fcge, Kristall-Einweg-E-Zigarette mit Display und Akku","isPartOf":{"@id":"https:\/\/lightgoldenrodyellow-wildcat-131089.hostingersite.com\/en\/#website"},"primaryImageOfPage":{"@id":"https:\/\/kylinvape.com\/product\/okso-shisha-hookah-mega-50k-50000-puffs-crystal-rechargeable-disposable-vape-with-screen-display\/#primaryimage"},"image":{"@id":"https:\/\/kylinvape.com\/product\/okso-shisha-hookah-mega-50k-50000-puffs-crystal-rechargeable-disposable-vape-with-screen-display\/#primaryimage"},"thumbnailUrl":"https:\/\/kylinvape.com\/wp-content\/uploads\/2025\/09\/05-2.webp","datePublished":"2025-09-18T09:39:15+00:00","dateModified":"2025-10-12T18:04:34+00:00","description":"Entdecken Sie die OKSO Shisha Hookah Mega 50K Einweg-E-Zigarette mit 50.000 Z\u00fcgen, Triple-Mesh-Coil, 40 ml E-Liquid, einstellbarer Luftzufuhr und LED-Display. Eine hochwertige, wiederaufladbare Einweg-E-Zigarette im Kristall-Design, mit Shisha-inspirierten Aromen und einem leistungsstarken 1100-mAh-Akku. Erh\u00e4ltlich im Gro\u00dfhandel in Europa.","breadcrumb":{"@id":"https:\/\/kylinvape.com\/product\/okso-shisha-hookah-mega-50k-50000-puffs-crystal-rechargeable-disposable-vape-with-screen-display\/#breadcrumb"},"inLanguage":"de","potentialAction":[{"@type":"ReadAction","target":["https:\/\/kylinvape.com\/product\/okso-shisha-hookah-mega-50k-50000-puffs-crystal-rechargeable-disposable-vape-with-screen-display\/"]}]},{"@type":"ImageObject","inLanguage":"de","@id":"https:\/\/kylinvape.com\/product\/okso-shisha-hookah-mega-50k-50000-puffs-crystal-rechargeable-disposable-vape-with-screen-display\/#primaryimage","url":"https:\/\/kylinvape.com\/wp-content\/uploads\/2025\/09\/05-2.webp","contentUrl":"https:\/\/kylinvape.com\/wp-content\/uploads\/2025\/09\/05-2.webp","width":1000,"height":1000,"caption":"OKSO Shisha Hookah Mega 50K Puff Vape Box for Wholesale"},{"@type":"BreadcrumbList","@id":"https:\/\/kylinvape.com\/product\/okso-shisha-hookah-mega-50k-50000-puffs-crystal-rechargeable-disposable-vape-with-screen-display\/#breadcrumb","itemListElement":[{"@type":"ListItem","position":1,"name":"Home","item":"https:\/\/lightgoldenrodyellow-wildcat-131089.hostingersite.com\/en\/"},{"@type":"ListItem","position":2,"name":"Shop","item":"https:\/\/lightgoldenrodyellow-wildcat-131089.hostingersite.com\/en\/shop\/"},{"@type":"ListItem","position":3,"name":"OKSO Shisha Hookah Mega 50K \u2013 50000 Puffs Crystal Rechargeable Disposable Vape with Screen Display"}]},{"@type":"WebSite","@id":"https:\/\/lightgoldenrodyellow-wildcat-131089.hostingersite.com\/en\/#website","url":"https:\/\/lightgoldenrodyellow-wildcat-131089.hostingersite.com\/en\/","name":"Kylin Vape","description":"Kylin Vape","publisher":{"@id":"https:\/\/lightgoldenrodyellow-wildcat-131089.hostingersite.com\/en\/#organization"},"potentialAction":[{"@type":"SearchAction","target":{"@type":"EntryPoint","urlTemplate":"https:\/\/lightgoldenrodyellow-wildcat-131089.hostingersite.com\/en\/?s={search_term_string}"},"query-input":{"@type":"PropertyValueSpecification","valueRequired":true,"valueName":"search_term_string"}}],"inLanguage":"de"},{"@type":"Organization","@id":"https:\/\/lightgoldenrodyellow-wildcat-131089.hostingersite.com\/en\/#organization","name":"Kylin Vape","url":"https:\/\/lightgoldenrodyellow-wildcat-131089.hostingersite.com\/en\/","logo":{"@type":"ImageObject","inLanguage":"de","@id":"https:\/\/lightgoldenrodyellow-wildcat-131089.hostingersite.com\/en\/#\/schema\/logo\/image\/","url":"https:\/\/kylinvape.com\/wp-content\/uploads\/2025\/08\/1-1.webp","contentUrl":"https:\/\/kylinvape.com\/wp-content\/uploads\/2025\/08\/1-1.webp","width":384,"height":397,"caption":"Kylin Vape"},"image":{"@id":"https:\/\/lightgoldenrodyellow-wildcat-131089.hostingersite.com\/en\/#\/schema\/logo\/image\/"}}]},"og_availability":"instock","product_availability":"instock","product_condition":"new"},"_links":{"self":[{"href":"https:\/\/kylinvape.com\/de\/wp-json\/wp\/v2\/product\/7573","targetHints":{"allow":["GET"]}}],"collection":[{"href":"https:\/\/kylinvape.com\/de\/wp-json\/wp\/v2\/product"}],"about":[{"href":"https:\/\/kylinvape.com\/de\/wp-json\/wp\/v2\/types\/product"}],"replies":[{"embeddable":true,"href":"https:\/\/kylinvape.com\/de\/wp-json\/wp\/v2\/comments?post=7573"}],"wp:featuredmedia":[{"embeddable":true,"href":"https:\/\/kylinvape.com\/de\/wp-json\/wp\/v2\/media\/7625"}],"wp:attachment":[{"href":"https:\/\/kylinvape.com\/de\/wp-json\/wp\/v2\/media?parent=7573"}],"wp:term":[{"taxonomy":"product_brand","embeddable":true,"href":"https:\/\/kylinvape.com\/de\/wp-json\/wp\/v2\/product_brand?post=7573"},{"taxonomy":"product_cat","embeddable":true,"href":"https:\/\/kylinvape.com\/de\/wp-json\/wp\/v2\/product_cat?post=7573"},{"taxonomy":"product_tag","embeddable":true,"href":"https:\/\/kylinvape.com\/de\/wp-json\/wp\/v2\/product_tag?post=7573"}],"curies":[{"name":"wp","href":"https:\/\/api.w.org\/{rel}","templated":true}]}}