{"id":7629,"date":"2025-09-18T10:08:31","date_gmt":"2025-09-18T10:08:31","guid":{"rendered":"https:\/\/kylinvape.com\/?post_type=product&#038;p=7629"},"modified":"2025-10-12T18:01:03","modified_gmt":"2025-10-12T18:01:03","slug":"okso-shisha-max-40k-40000-puffs-disposable-vape-with-screen-display","status":"publish","type":"product","link":"https:\/\/kylinvape.com\/de\/product\/okso-shisha-max-40k-40000-puffs-disposable-vape-with-screen-display\/","title":{"rendered":"OKSO Shisha Max 40K \u2013 Einweg-E-Zigarette mit Display f\u00fcr 40.000 Z\u00fcge"},"content":{"rendered":"<h1>OKSO Shisha Max 40K Einweg-E-Zigarette | Wiederaufladbare E-Zigarette mit LED-Display f\u00fcr 40.000 Z\u00fcge<\/h1>\n<p data-start=\"1620\" data-end=\"1889\"><strong data-start=\"1624\" data-end=\"1647\">OKSO Shisha Max 40K<\/strong> setzt einen neuen Standard f\u00fcr <strong data-start=\"1672\" data-end=\"1700\">Premium-Einweg-E-Zigaretten<\/strong>, Kombination <strong data-start=\"1712\" data-end=\"1732\">massive Kapazit\u00e4t<\/strong> mit intelligentem Design. Mit <strong data-start=\"1757\" data-end=\"1822\">40.000 Z\u00fcge, 36 ml E-Liquid und ein wiederaufladbarer 800-mAh-Akku<\/strong>, Es garantiert langanhaltenden Genuss mit reichhaltigen, gleichbleibenden Aromen. Ausgestattet mit einem <strong data-start=\"1907\" data-end=\"1964\">0,6-\u03a9-Mesh-Spule, einstellbare Luftzufuhr und Leistungsregelung<\/strong>, Dieses Ger\u00e4t bietet ein hochgradig individualisierbares Dampferlebnis. <strong data-start=\"2030\" data-end=\"2044\">LED-Bildschirm<\/strong> zeigt den Akku- und E-Liquid-F\u00fcllstand an, w\u00e4hrend die <strong data-start=\"2093\" data-end=\"2107\">Kindersicherung<\/strong> Erh\u00f6ht die Sicherheit. Entwickelt mit beiden <strong data-start=\"2144\" data-end=\"2169\">Stil und Leistung<\/strong> In diesem Sinne ist die OKSO Shisha Max 40K die <strong data-start=\"2210\" data-end=\"2247\">Die ultimative Einweg-E-Zigarette f\u00fcr 2025<\/strong>.<\/p>\n<hr data-start=\"2252\" data-end=\"2255\">\n<div class=\"ast-oembed-container\" style=\"height: 100%;\"><iframe title=\"OKSO Shisha Max 40k\" width=\"422\" height=\"750\" src=\"https:\/\/www.youtube.com\/embed\/_gz8qau-CgU?feature=oembed\" frameborder=\"0\" allow=\"accelerometer; autoplay; clipboard-write; encrypted-media; gyroscope; picture-in-picture; web-share\" referrerpolicy=\"strict-origin-when-cross-origin\" allowfullscreen><\/iframe><\/div>\n<h2 data-start=\"2257\" data-end=\"2290\">\ud83c\udf1f Hauptmerkmale und Vorteile<\/h2>\n<ul>\n<li data-start=\"2293\" data-end=\"2366\"><strong data-start=\"2293\" data-end=\"2314\">Bis zu 40.000 Z\u00fcge<\/strong> \u2013 besonders langes Dampfvergn\u00fcgen ohne h\u00e4ufiges Nachf\u00fcllen<\/li>\n<li data-start=\"2369\" data-end=\"2429\"><strong data-start=\"2369\" data-end=\"2387\">Maschenspule 0,6 \u03a9<\/strong> \u2013 sanfter Dampf, intensive Geschmacksentfaltung<\/li>\n<li data-start=\"2432\" data-end=\"2489\"><strong data-start=\"2432\" data-end=\"2459\">36 ml vorgef\u00fclltes E-Liquid<\/strong> \u2013 lang anhaltende Zufriedenheit<\/li>\n<li data-start=\"2492\" data-end=\"2565\"><strong data-start=\"2492\" data-end=\"2535\">800-mAh-Akku mit Typ-C-Anschluss<\/strong> \u2013 schnelles, bequemes Laden<\/li>\n<li data-start=\"2568\" data-end=\"2630\"><strong data-start=\"2568\" data-end=\"2590\">LED-Bildschirmanzeige<\/strong> \u2013 Akkulaufzeit und E-Liquid-F\u00fcllstand \u00fcberwachen<\/li>\n<li data-start=\"2633\" data-end=\"2702\"><strong data-start=\"2633\" data-end=\"2671\">Einstellbare Luftstrom- und Leistungsregelung<\/strong> \u2013 MTL- und DTL-Stile anpassen<\/li>\n<li data-start=\"2705\" data-end=\"2760\"><strong data-start=\"2705\" data-end=\"2730\">Kindersicherung<\/strong> \u2013 erh\u00f6hte Sicherheit f\u00fcr die Benutzer<\/li>\n<li data-start=\"2763\" data-end=\"2804\"><strong data-start=\"2763\" data-end=\"2784\">Nikotinoptionen:<\/strong> 0% \/ 2% \/ 3% \/ 5%<\/li>\n<li data-start=\"2807\" data-end=\"2864\"><strong data-start=\"2807\" data-end=\"2862\">Ideal f\u00fcr den E-Zigaretten-Gro\u00dfhandel und Distributoren in Europa<\/strong><\/li>\n<\/ul>\n<hr data-start=\"2866\" data-end=\"2869\">\n<h2 data-start=\"2871\" data-end=\"2895\">\ud83d\udccf Spezifikationen<\/h2>\n<ul>\n<li data-start=\"2898\" data-end=\"2916\"><strong data-start=\"2898\" data-end=\"2908\">Puffs:<\/strong> 40000<\/li>\n<li data-start=\"2919\" data-end=\"2945\"><strong data-start=\"2919\" data-end=\"2928\">Spule:<\/strong> Maschenspule 0,6 \u03a9<\/li>\n<li data-start=\"2948\" data-end=\"2968\"><strong data-start=\"2948\" data-end=\"2961\">E-Liquid:<\/strong> 36 ml<\/li>\n<li data-start=\"2971\" data-end=\"3014\"><strong data-start=\"2971\" data-end=\"2994\">Nikotinst\u00e4rken:<\/strong> 0% \/ 2% \/ 3% \/ 5%<\/li>\n<li data-start=\"3017\" data-end=\"3060\"><strong data-start=\"3017\" data-end=\"3029\">Batterie:<\/strong> 800 mAh Akku (Typ-C)<\/li>\n<li data-start=\"3063\" data-end=\"3140\"><strong data-start=\"3063\" data-end=\"3077\">Funktionen:<\/strong> LED-Bildschirm, Leistungsregelung, Luftstromregulierung, Kindersicherung<\/li>\n<li data-start=\"3143\" data-end=\"3174\"><strong data-start=\"3143\" data-end=\"3160\">Produktgr\u00f6\u00dfe:<\/strong> 43<em data-start=\"3163\" data-end=\"3167\">43<\/em>135 mm<\/li>\n<\/ul>\n<ul>\n<li data-start=\"3360\" data-end=\"3372\">Traubenminze<\/li>\n<li data-start=\"3376\" data-end=\"3391\">Kirschfest<\/li>\n<li data-start=\"3395\" data-end=\"3406\">Pfirsicheis<\/li>\n<li style=\"font-size: 16px;\" data-start=\"3177\" data-end=\"3206\"><strong style=\"font-size: 16px;\" data-start=\"3177\" data-end=\"3188\">Gewicht:<\/strong>&nbsp;101 g pro Ger\u00e4t<\/li>\n<li style=\"font-size: 16px;\" data-start=\"3209\" data-end=\"3241\"><strong style=\"font-size: 16px;\" data-start=\"3209\" data-end=\"3225\">Kartongr\u00f6\u00dfe:<\/strong>&nbsp;465<em style=\"font-size: 16px;\" data-start=\"3229\" data-end=\"3234\">434<\/em>242 mm<\/li>\n<li style=\"font-size: 16px;\" data-start=\"3244\" data-end=\"3281\"><strong style=\"font-size: 16px;\" data-start=\"3244\" data-end=\"3257\">Menge:<\/strong>&nbsp;150 St\u00fcck\/Karton, 10 St\u00fcck\/Schachtel<\/li>\n<li style=\"font-size: 16px;\" data-start=\"3284\" data-end=\"3310\"><strong style=\"font-size: 16px;\" data-start=\"3284\" data-end=\"3301\">Bruttogewicht:<\/strong>&nbsp;18,2 kg<\/li>\n<\/ul>\n<h2 data-start=\"3317\" data-end=\"3341\">\ud83c\udf53 Geschmacksoptionen<\/h2>\n<ul>\n<li data-start=\"3345\" data-end=\"3356\">Zwei \u00c4pfel<\/li>\n<li data-start=\"3360\" data-end=\"3372\">Traubenminze<\/li>\n<li data-start=\"3376\" data-end=\"3391\">Kirschfest<\/li>\n<li data-start=\"3395\" data-end=\"3406\">Pfirsicheis<\/li>\n<li data-start=\"3410\" data-end=\"3422\">Magische Liebe<\/li>\n<li data-start=\"3426\" data-end=\"3444\">Erdbeerpunsch<\/li>\n<li data-start=\"3448\" data-end=\"3463\">Blaue Himbeere<\/li>\n<li data-start=\"3467\" data-end=\"3477\">\u00dcppiges Eis<\/li>\n<li data-start=\"3481\" data-end=\"3504\">Erdbeere Wassermelone<\/li>\n<li data-start=\"3509\" data-end=\"3521\">Beerenminze<\/li>\n<\/ul>\n<h2 data-start=\"3528\" data-end=\"3547\">\u2705 H\u00e4ufig gestellte Fragen<\/h2>\n<ul>\n<li><strong data-start=\"3549\" data-end=\"3609\">Frage 1: Wie viele Z\u00fcge liefert die OKSO Shisha Max 40K?<\/strong><br data-start=\"3609\" data-end=\"3612\">A1: Bis zu <strong data-start=\"3622\" data-end=\"3637\">40000 Z\u00fcge<\/strong> mit wiederaufladbarem Akku f\u00fcr l\u00e4ngere Nutzungsdauer.<\/li>\n<li><strong data-start=\"3689\" data-end=\"3732\">Frage 2: Unterst\u00fctzt es die Regulierung des Luftstroms?<\/strong><br data-start=\"3732\" data-end=\"3735\">A2: Ja, es enth\u00e4lt ein <strong data-start=\"3759\" data-end=\"3788\">einstellbares Luftstromsystem<\/strong>, ideal f\u00fcr beide <strong data-start=\"3805\" data-end=\"3827\">MTL und<a href=\"https:\/\/kylinvape.com\/de\/product-category\/types-of-vapes\/shisha-hookah-vapes\/\"> DTL-Dampfen<\/a><\/strong>.<\/li>\n<li><strong data-start=\"3832\" data-end=\"3859\">Frage 3: Ist es wiederaufladbar?<\/strong><br data-start=\"3859\" data-end=\"3862\">A3: Ja, es beinhaltet ein <strong data-start=\"3886\" data-end=\"3943\">Wiederaufladbarer 800-mAh-Akku mit Typ-C-Schnellladefunktion<\/strong>.<\/li>\n<li><strong data-start=\"3948\" data-end=\"4003\">Frage 4: Was unterscheidet es von anderen Einwegartikeln?<\/strong><br data-start=\"4003\" data-end=\"4006\">A4: Die OKSO Shisha Max 40K kombiniert <strong data-start=\"4043\" data-end=\"4100\">LED-Anzeige, Kindersicherung, Luftstrom- und Leistungsregulierung<\/strong> f\u00fcr ein erstklassiges, sicheres und individuell anpassbares Erlebnis.<\/li>\n<li><strong data-start=\"4154\" data-end=\"4200\">Frage 5: Welche Nikotinst\u00e4rken sind erh\u00e4ltlich?<\/strong><br data-start=\"4200\" data-end=\"4203\">A5: Verf\u00fcgbar in <strong data-start=\"4220\" data-end=\"4258\">Nikotingehalte von 0%, 2%, 3% und 5%<\/strong>, um verschiedenen Vorlieben und Vorschriften gerecht zu werden.<\/li>\n<\/ul>","protected":false},"excerpt":{"rendered":"<p><strong data-start=\"1267\" data-end=\"1306\">OKSO Shisha Max 40K Einweg-E-Zigarette<\/strong> liefert <strong data-start=\"1316\" data-end=\"1424\">40.000 Z\u00fcge, 36 ml E-Liquid, Mesh-Coil-Technologie und ein wiederaufladbarer 800-mAh-Akku mit Typ-C-Ladeanschluss<\/strong>. Mit dabei <strong data-start=\"1436\" data-end=\"1508\">Leistungsregulierung, einstellbarer Luftstrom, Kindersicherung und LED-Anzeige<\/strong>, Es ist die perfekte Hochleistungs-Einweg-E-Zigarette f\u00fcr moderne Dampfer.<\/p>","protected":false},"featured_media":7633,"comment_status":"open","ping_status":"closed","template":"","meta":{"site-sidebar-layout":"default","site-content-layout":"","ast-site-content-layout":"default","site-content-style":"default","site-sidebar-style":"default","ast-global-header-display":"","ast-banner-title-visibility":"","ast-main-header-display":"","ast-hfb-above-header-display":"","ast-hfb-below-header-display":"","ast-hfb-mobile-header-display":"","site-post-title":"","ast-breadcrumbs-content":"","ast-featured-img":"","footer-sml-layout":"","ast-disable-related-posts":"","theme-transparent-header-meta":"default","adv-header-id-meta":"","stick-header-meta":"default","header-above-stick-meta":"","header-main-stick-meta":"","header-below-stick-meta":"","astra-migrate-meta-layouts":"set","ast-page-background-enabled":"default","ast-page-background-meta":{"desktop":{"background-color":"","background-image":"","background-repeat":"repeat","background-position":"center center","background-size":"auto","background-attachment":"scroll","background-type":"","background-media":"","overlay-type":"","overlay-color":"","overlay-opacity":"","overlay-gradient":""},"tablet":{"background-color":"","background-image":"","background-repeat":"repeat","background-position":"center center","background-size":"auto","background-attachment":"scroll","background-type":"","background-media":"","overlay-type":"","overlay-color":"","overlay-opacity":"","overlay-gradient":""},"mobile":{"background-color":"","background-image":"","background-repeat":"repeat","background-position":"center center","background-size":"auto","background-attachment":"scroll","background-type":"","background-media":"","overlay-type":"","overlay-color":"","overlay-opacity":"","overlay-gradient":""}},"ast-content-background-meta":{"desktop":{"background-color":"var(--ast-global-color-5)","background-image":"","background-repeat":"repeat","background-position":"center center","background-size":"auto","background-attachment":"scroll","background-type":"","background-media":"","overlay-type":"","overlay-color":"","overlay-opacity":"","overlay-gradient":""},"tablet":{"background-color":"var(--ast-global-color-5)","background-image":"","background-repeat":"repeat","background-position":"center center","background-size":"auto","background-attachment":"scroll","background-type":"","background-media":"","overlay-type":"","overlay-color":"","overlay-opacity":"","overlay-gradient":""},"mobile":{"background-color":"var(--ast-global-color-5)","background-image":"","background-repeat":"repeat","background-position":"center center","background-size":"auto","background-attachment":"scroll","background-type":"","background-media":"","overlay-type":"","overlay-color":"","overlay-opacity":"","overlay-gradient":""}}},"product_brand":[],"product_cat":[112,127,130,126,123,118,117,121,124,125,119,122,98,131,142],"product_tag":[158,151,154,233,152],"class_list":{"0":"post-7629","1":"product","2":"type-product","3":"status-publish","4":"has-post-thumbnail","6":"product_cat-40k-puffs-disposable-vape","7":"product_cat-big-puff-vape","8":"product_cat-box-vapes","9":"product_cat-disposable-vapes-in-austria","10":"product_cat-disposable-vapes-in-belgium","11":"product_cat-disposable-vapes-in-france","12":"product_cat-disposable-vapes-in-germany","13":"product_cat-disposable-vapes-in-italy","14":"product_cat-disposable-vapes-in-poland","15":"product_cat-disposable-vapes-in-portugal","16":"product_cat-disposable-vapes-in-spain","17":"product_cat-disposable-vapes-in-sweden","18":"product_cat-elfbox-vape","19":"product_cat-rechargeable-vapes","20":"product_cat-shisha-hookah-vapes","21":"product_tag-40k-vape","22":"product_tag-handy-vape","23":"product_tag-mesh-coil","24":"product_tag-shisha-hookah-vape","25":"product_tag-smart-vape","26":"desktop-align-center","27":"tablet-align-center","28":"mobile-align-center","29":"ast-product-gallery-layout-horizontal-slider","30":"ast-product-single-variable","31":"ast-product-tabs-layout-horizontal","33":"first","34":"instock","35":"sale","36":"shipping-taxable","37":"purchasable","38":"product-type-variable"},"yoast_head":"<!-- This site is optimized with the Yoast SEO Premium plugin v26.0 (Yoast SEO v27.4) - https:\/\/yoast.com\/product\/yoast-seo-premium-wordpress\/ -->\n<title>OKSO Shisha Max 40K | 40000 Puffs Disposable Vape with Mesh Coil, Adjustable Airflow &amp; Screen Display<\/title>\n<meta name=\"description\" content=\"Discover the OKSO Shisha Max 40K disposable vape with 40000 puffs, 36ml e-liquid, mesh coil 0.6\u03a9, rechargeable 800mAh battery, LED screen, child lock, power adjustment, and airflow control. A premium rechargeable disposable vape ideal for retailers and wholesale distribution in Europe.\" \/>\n<meta name=\"robots\" content=\"index, follow, max-snippet:-1, max-image-preview:large, max-video-preview:-1\" \/>\n<link rel=\"canonical\" href=\"https:\/\/kylinvape.com\/de\/product\/okso-shisha-max-40k-40000-puffs-disposable-vape-with-screen-display\/\" \/>\n<meta property=\"og:locale\" content=\"de_DE\" \/>\n<meta property=\"og:type\" content=\"article\" \/>\n<meta property=\"og:title\" content=\"OKSO Shisha Max 40K \u2013 40000 Puffs Disposable Vape with Screen Display\" \/>\n<meta property=\"og:description\" content=\"Discover the OKSO Shisha Max 40K disposable vape with 40000 puffs, 36ml e-liquid, mesh coil 0.6\u03a9, rechargeable 800mAh battery, LED screen, child lock, power adjustment, and airflow control. A premium rechargeable disposable vape ideal for retailers and wholesale distribution in Europe.\" \/>\n<meta property=\"og:url\" content=\"https:\/\/kylinvape.com\/de\/product\/okso-shisha-max-40k-40000-puffs-disposable-vape-with-screen-display\/\" \/>\n<meta property=\"og:site_name\" content=\"Kylin Vape\" \/>\n<meta property=\"article:modified_time\" content=\"2025-10-12T18:01:03+00:00\" \/>\n<meta property=\"og:image\" content=\"https:\/\/kylinvape.com\/wp-content\/uploads\/2025\/09\/1000-\u4e3b\u56fe-05-3.webp\" \/>\n\t<meta property=\"og:image:width\" content=\"1000\" \/>\n\t<meta property=\"og:image:height\" content=\"1000\" \/>\n\t<meta property=\"og:image:type\" content=\"image\/webp\" \/>\n<meta name=\"twitter:card\" content=\"summary_large_image\" \/>\n<meta name=\"twitter:label1\" content=\"Verf\u00fcgbarkeit\" \/>\n\t<meta name=\"twitter:data1\" content=\"Auf Lager\" \/>\n<script type=\"application\/ld+json\" class=\"yoast-schema-graph\">{\"@context\":\"https:\\\/\\\/schema.org\",\"@graph\":[{\"@type\":\"WebPage\",\"@id\":\"https:\\\/\\\/kylinvape.com\\\/product\\\/okso-shisha-max-40k-40000-puffs-disposable-vape-with-screen-display\\\/\",\"url\":\"https:\\\/\\\/kylinvape.com\\\/product\\\/okso-shisha-max-40k-40000-puffs-disposable-vape-with-screen-display\\\/\",\"name\":\"OKSO Shisha Max 40K | 40000 Puffs Disposable Vape with Mesh Coil, Adjustable Airflow & Screen Display\",\"isPartOf\":{\"@id\":\"https:\\\/\\\/lightgoldenrodyellow-wildcat-131089.hostingersite.com\\\/en\\\/#website\"},\"primaryImageOfPage\":{\"@id\":\"https:\\\/\\\/kylinvape.com\\\/product\\\/okso-shisha-max-40k-40000-puffs-disposable-vape-with-screen-display\\\/#primaryimage\"},\"image\":{\"@id\":\"https:\\\/\\\/kylinvape.com\\\/product\\\/okso-shisha-max-40k-40000-puffs-disposable-vape-with-screen-display\\\/#primaryimage\"},\"thumbnailUrl\":\"https:\\\/\\\/kylinvape.com\\\/wp-content\\\/uploads\\\/2025\\\/09\\\/1000-\u4e3b\u56fe-05-3.webp\",\"datePublished\":\"2025-09-18T10:08:31+00:00\",\"dateModified\":\"2025-10-12T18:01:03+00:00\",\"description\":\"Discover the OKSO Shisha Max 40K disposable vape with 40000 puffs, 36ml e-liquid, mesh coil 0.6\u03a9, rechargeable 800mAh battery, LED screen, child lock, power adjustment, and airflow control. A premium rechargeable disposable vape ideal for retailers and wholesale distribution in Europe.\",\"breadcrumb\":{\"@id\":\"https:\\\/\\\/kylinvape.com\\\/product\\\/okso-shisha-max-40k-40000-puffs-disposable-vape-with-screen-display\\\/#breadcrumb\"},\"inLanguage\":\"de\",\"potentialAction\":[{\"@type\":\"ReadAction\",\"target\":[\"https:\\\/\\\/kylinvape.com\\\/product\\\/okso-shisha-max-40k-40000-puffs-disposable-vape-with-screen-display\\\/\"]}]},{\"@type\":\"ImageObject\",\"inLanguage\":\"de\",\"@id\":\"https:\\\/\\\/kylinvape.com\\\/product\\\/okso-shisha-max-40k-40000-puffs-disposable-vape-with-screen-display\\\/#primaryimage\",\"url\":\"https:\\\/\\\/kylinvape.com\\\/wp-content\\\/uploads\\\/2025\\\/09\\\/1000-\u4e3b\u56fe-05-3.webp\",\"contentUrl\":\"https:\\\/\\\/kylinvape.com\\\/wp-content\\\/uploads\\\/2025\\\/09\\\/1000-\u4e3b\u56fe-05-3.webp\",\"width\":1000,\"height\":1000,\"caption\":\"40000 Puff Disposable Vape with LED Screen\"},{\"@type\":\"BreadcrumbList\",\"@id\":\"https:\\\/\\\/kylinvape.com\\\/product\\\/okso-shisha-max-40k-40000-puffs-disposable-vape-with-screen-display\\\/#breadcrumb\",\"itemListElement\":[{\"@type\":\"ListItem\",\"position\":1,\"name\":\"Home\",\"item\":\"https:\\\/\\\/lightgoldenrodyellow-wildcat-131089.hostingersite.com\\\/en\\\/\"},{\"@type\":\"ListItem\",\"position\":2,\"name\":\"Shop\",\"item\":\"https:\\\/\\\/lightgoldenrodyellow-wildcat-131089.hostingersite.com\\\/en\\\/shop\\\/\"},{\"@type\":\"ListItem\",\"position\":3,\"name\":\"OKSO Shisha Max 40K \u2013 40000 Puffs Disposable Vape with Screen Display\"}]},{\"@type\":\"WebSite\",\"@id\":\"https:\\\/\\\/lightgoldenrodyellow-wildcat-131089.hostingersite.com\\\/en\\\/#website\",\"url\":\"https:\\\/\\\/lightgoldenrodyellow-wildcat-131089.hostingersite.com\\\/en\\\/\",\"name\":\"Kylin Vape\",\"description\":\"Kylin Vape\",\"publisher\":{\"@id\":\"https:\\\/\\\/lightgoldenrodyellow-wildcat-131089.hostingersite.com\\\/en\\\/#organization\"},\"potentialAction\":[{\"@type\":\"SearchAction\",\"target\":{\"@type\":\"EntryPoint\",\"urlTemplate\":\"https:\\\/\\\/lightgoldenrodyellow-wildcat-131089.hostingersite.com\\\/en\\\/?s={search_term_string}\"},\"query-input\":{\"@type\":\"PropertyValueSpecification\",\"valueRequired\":true,\"valueName\":\"search_term_string\"}}],\"inLanguage\":\"de\"},{\"@type\":\"Organization\",\"@id\":\"https:\\\/\\\/lightgoldenrodyellow-wildcat-131089.hostingersite.com\\\/en\\\/#organization\",\"name\":\"Kylin Vape\",\"url\":\"https:\\\/\\\/lightgoldenrodyellow-wildcat-131089.hostingersite.com\\\/en\\\/\",\"logo\":{\"@type\":\"ImageObject\",\"inLanguage\":\"de\",\"@id\":\"https:\\\/\\\/lightgoldenrodyellow-wildcat-131089.hostingersite.com\\\/en\\\/#\\\/schema\\\/logo\\\/image\\\/\",\"url\":\"https:\\\/\\\/kylinvape.com\\\/wp-content\\\/uploads\\\/2025\\\/08\\\/1-1.webp\",\"contentUrl\":\"https:\\\/\\\/kylinvape.com\\\/wp-content\\\/uploads\\\/2025\\\/08\\\/1-1.webp\",\"width\":384,\"height\":397,\"caption\":\"Kylin Vape\"},\"image\":{\"@id\":\"https:\\\/\\\/lightgoldenrodyellow-wildcat-131089.hostingersite.com\\\/en\\\/#\\\/schema\\\/logo\\\/image\\\/\"}}]}<\/script>\n<meta property=\"og:availability\" content=\"instock\" \/>\n<meta property=\"product:availability\" content=\"instock\" \/>\n<meta property=\"product:condition\" content=\"new\" \/>\n<!-- \/ Yoast SEO Premium plugin. -->","yoast_head_json":{"title":"OKSO Shisha Max 40K | Einweg-E-Zigarette f\u00fcr 40.000 Z\u00fcge mit Mesh-Coil, einstellbarer Luftzufuhr und Display","description":"Entdecken Sie die OKSO Shisha Max 40K Einweg-E-Zigarette mit 40.000 Z\u00fcgen, 36 ml E-Liquid, 0,6 \u03a9 Mesh-Coil, wiederaufladbarem 800-mAh-Akku, LED-Display, Kindersicherung, Leistungsregelung und Luftstromregulierung. Eine hochwertige, wiederaufladbare Einweg-E-Zigarette, ideal f\u00fcr den Einzelhandel und Gro\u00dfhandel in Europa.","robots":{"index":"index","follow":"follow","max-snippet":"max-snippet:-1","max-image-preview":"max-image-preview:large","max-video-preview":"max-video-preview:-1"},"canonical":"https:\/\/kylinvape.com\/de\/product\/okso-shisha-max-40k-40000-puffs-disposable-vape-with-screen-display\/","og_locale":"de_DE","og_type":"article","og_title":"OKSO Shisha Max 40K \u2013 40000 Puffs Disposable Vape with Screen Display","og_description":"Discover the OKSO Shisha Max 40K disposable vape with 40000 puffs, 36ml e-liquid, mesh coil 0.6\u03a9, rechargeable 800mAh battery, LED screen, child lock, power adjustment, and airflow control. A premium rechargeable disposable vape ideal for retailers and wholesale distribution in Europe.","og_url":"https:\/\/kylinvape.com\/de\/product\/okso-shisha-max-40k-40000-puffs-disposable-vape-with-screen-display\/","og_site_name":"Kylin Vape","article_modified_time":"2025-10-12T18:01:03+00:00","og_image":[{"width":1000,"height":1000,"url":"https:\/\/kylinvape.com\/wp-content\/uploads\/2025\/09\/1000-\u4e3b\u56fe-05-3.webp","type":"image\/webp"}],"twitter_card":"summary_large_image","twitter_misc":{"Verf\u00fcgbarkeit":"Auf Lager"},"schema":{"@context":"https:\/\/schema.org","@graph":[{"@type":"WebPage","@id":"https:\/\/kylinvape.com\/product\/okso-shisha-max-40k-40000-puffs-disposable-vape-with-screen-display\/","url":"https:\/\/kylinvape.com\/product\/okso-shisha-max-40k-40000-puffs-disposable-vape-with-screen-display\/","name":"OKSO Shisha Max 40K | Einweg-E-Zigarette f\u00fcr 40.000 Z\u00fcge mit Mesh-Coil, einstellbarer Luftzufuhr und Display","isPartOf":{"@id":"https:\/\/lightgoldenrodyellow-wildcat-131089.hostingersite.com\/en\/#website"},"primaryImageOfPage":{"@id":"https:\/\/kylinvape.com\/product\/okso-shisha-max-40k-40000-puffs-disposable-vape-with-screen-display\/#primaryimage"},"image":{"@id":"https:\/\/kylinvape.com\/product\/okso-shisha-max-40k-40000-puffs-disposable-vape-with-screen-display\/#primaryimage"},"thumbnailUrl":"https:\/\/kylinvape.com\/wp-content\/uploads\/2025\/09\/1000-\u4e3b\u56fe-05-3.webp","datePublished":"2025-09-18T10:08:31+00:00","dateModified":"2025-10-12T18:01:03+00:00","description":"Entdecken Sie die OKSO Shisha Max 40K Einweg-E-Zigarette mit 40.000 Z\u00fcgen, 36 ml E-Liquid, 0,6 \u03a9 Mesh-Coil, wiederaufladbarem 800-mAh-Akku, LED-Display, Kindersicherung, Leistungsregelung und Luftstromregulierung. Eine hochwertige, wiederaufladbare Einweg-E-Zigarette, ideal f\u00fcr den Einzelhandel und Gro\u00dfhandel in Europa.","breadcrumb":{"@id":"https:\/\/kylinvape.com\/product\/okso-shisha-max-40k-40000-puffs-disposable-vape-with-screen-display\/#breadcrumb"},"inLanguage":"de","potentialAction":[{"@type":"ReadAction","target":["https:\/\/kylinvape.com\/product\/okso-shisha-max-40k-40000-puffs-disposable-vape-with-screen-display\/"]}]},{"@type":"ImageObject","inLanguage":"de","@id":"https:\/\/kylinvape.com\/product\/okso-shisha-max-40k-40000-puffs-disposable-vape-with-screen-display\/#primaryimage","url":"https:\/\/kylinvape.com\/wp-content\/uploads\/2025\/09\/1000-\u4e3b\u56fe-05-3.webp","contentUrl":"https:\/\/kylinvape.com\/wp-content\/uploads\/2025\/09\/1000-\u4e3b\u56fe-05-3.webp","width":1000,"height":1000,"caption":"40000 Puff Disposable Vape with LED Screen"},{"@type":"BreadcrumbList","@id":"https:\/\/kylinvape.com\/product\/okso-shisha-max-40k-40000-puffs-disposable-vape-with-screen-display\/#breadcrumb","itemListElement":[{"@type":"ListItem","position":1,"name":"Home","item":"https:\/\/lightgoldenrodyellow-wildcat-131089.hostingersite.com\/en\/"},{"@type":"ListItem","position":2,"name":"Shop","item":"https:\/\/lightgoldenrodyellow-wildcat-131089.hostingersite.com\/en\/shop\/"},{"@type":"ListItem","position":3,"name":"OKSO Shisha Max 40K \u2013 40000 Puffs Disposable Vape with Screen Display"}]},{"@type":"WebSite","@id":"https:\/\/lightgoldenrodyellow-wildcat-131089.hostingersite.com\/en\/#website","url":"https:\/\/lightgoldenrodyellow-wildcat-131089.hostingersite.com\/en\/","name":"Kylin Vape","description":"Kylin Vape","publisher":{"@id":"https:\/\/lightgoldenrodyellow-wildcat-131089.hostingersite.com\/en\/#organization"},"potentialAction":[{"@type":"SearchAction","target":{"@type":"EntryPoint","urlTemplate":"https:\/\/lightgoldenrodyellow-wildcat-131089.hostingersite.com\/en\/?s={search_term_string}"},"query-input":{"@type":"PropertyValueSpecification","valueRequired":true,"valueName":"search_term_string"}}],"inLanguage":"de"},{"@type":"Organization","@id":"https:\/\/lightgoldenrodyellow-wildcat-131089.hostingersite.com\/en\/#organization","name":"Kylin Vape","url":"https:\/\/lightgoldenrodyellow-wildcat-131089.hostingersite.com\/en\/","logo":{"@type":"ImageObject","inLanguage":"de","@id":"https:\/\/lightgoldenrodyellow-wildcat-131089.hostingersite.com\/en\/#\/schema\/logo\/image\/","url":"https:\/\/kylinvape.com\/wp-content\/uploads\/2025\/08\/1-1.webp","contentUrl":"https:\/\/kylinvape.com\/wp-content\/uploads\/2025\/08\/1-1.webp","width":384,"height":397,"caption":"Kylin Vape"},"image":{"@id":"https:\/\/lightgoldenrodyellow-wildcat-131089.hostingersite.com\/en\/#\/schema\/logo\/image\/"}}]},"og_availability":"instock","product_availability":"instock","product_condition":"new"},"_links":{"self":[{"href":"https:\/\/kylinvape.com\/de\/wp-json\/wp\/v2\/product\/7629","targetHints":{"allow":["GET"]}}],"collection":[{"href":"https:\/\/kylinvape.com\/de\/wp-json\/wp\/v2\/product"}],"about":[{"href":"https:\/\/kylinvape.com\/de\/wp-json\/wp\/v2\/types\/product"}],"replies":[{"embeddable":true,"href":"https:\/\/kylinvape.com\/de\/wp-json\/wp\/v2\/comments?post=7629"}],"wp:featuredmedia":[{"embeddable":true,"href":"https:\/\/kylinvape.com\/de\/wp-json\/wp\/v2\/media\/7633"}],"wp:attachment":[{"href":"https:\/\/kylinvape.com\/de\/wp-json\/wp\/v2\/media?parent=7629"}],"wp:term":[{"taxonomy":"product_brand","embeddable":true,"href":"https:\/\/kylinvape.com\/de\/wp-json\/wp\/v2\/product_brand?post=7629"},{"taxonomy":"product_cat","embeddable":true,"href":"https:\/\/kylinvape.com\/de\/wp-json\/wp\/v2\/product_cat?post=7629"},{"taxonomy":"product_tag","embeddable":true,"href":"https:\/\/kylinvape.com\/de\/wp-json\/wp\/v2\/product_tag?post=7629"}],"curies":[{"name":"wp","href":"https:\/\/api.w.org\/{rel}","templated":true}]}}