{"id":7745,"date":"2025-09-18T11:09:07","date_gmt":"2025-09-18T11:09:07","guid":{"rendered":"https:\/\/kylinvape.com\/?post_type=product&#038;p=7745"},"modified":"2025-10-16T18:01:22","modified_gmt":"2025-10-16T18:01:22","slug":"elf-box-digital-12000-12k-puffs-disposable-vape-with-screen-display-type-c-rechargeable-e-cigarette","status":"publish","type":"product","link":"https:\/\/kylinvape.com\/de\/product\/elf-box-digital-12000-12k-puffs-disposable-vape-with-screen-display-type-c-rechargeable-e-cigarette\/","title":{"rendered":"ELF BOX Digital 12000 | Einweg-E-Zigarette mit 12.000 Z\u00fcgen, Display und wiederaufladbarem Typ-C-Anschluss"},"content":{"rendered":"<h1>ELF BOX Digital 12000 Einweg-E-Zigarette \u2013 12.000 Z\u00fcge, Mesh-Coil, Display &amp; wiederaufladbar<\/h1>\n<p data-start=\"1542\" data-end=\"1865\">Wir stellen vor: <strong data-start=\"1558\" data-end=\"1599\">ELF BOX Digital 12000 Einweg-E-Zigarette<\/strong>, Entwickelt f\u00fcr Dampfer, die Wert legen <strong data-start=\"1633\" data-end=\"1672\">Leistung, Stil und Komfort<\/strong>. Mit einem <strong data-start=\"1681\" data-end=\"1714\">Enorme Kapazit\u00e4t von 12.000 Z\u00fcgen<\/strong>, angetrieben von einem <strong data-start=\"1729\" data-end=\"1747\">0,8 \u03a9 Maschenspule<\/strong> Und <strong data-start=\"1752\" data-end=\"1772\">25 ml E-Liquid<\/strong>, Dieses Ger\u00e4t gew\u00e4hrleistet <strong data-start=\"1794\" data-end=\"1830\">Intensiver Geschmack und feiner Dampf<\/strong> vom ersten bis zum letzten Zug. <strong data-start=\"1871\" data-end=\"1897\">Digitalanzeige<\/strong> erm\u00f6glicht die Echtzeit\u00fcberwachung des Akku- und E-Liquid-F\u00fcllstands, w\u00e4hrend die <strong data-start=\"1970\" data-end=\"2008\">Wiederaufladbarer 500-mAh-Akku (Typ C)<\/strong> Dank Schnellladefunktion k\u00f6nnen Sie l\u00e4nger dampfen. Die leichte und kompakte ELF BOX Digital 12K ist f\u00fcr beides konzipiert: <strong data-start=\"2131\" data-end=\"2174\">Gelegenheitsnutzer und E-Zigaretten-Gro\u00dfh\u00e4ndler<\/strong> auf der Suche nach Zuverl\u00e4ssigkeit und Vielfalt.<\/p>\n<hr data-start=\"2211\" data-end=\"2214\">\n<h2 data-start=\"2216\" data-end=\"2252\"><strong data-start=\"2221\" data-end=\"2250\">Hauptmerkmale und Vorteile<\/strong><\/h2>\n<ul>\n<li data-start=\"2255\" data-end=\"2295\"><strong data-start=\"2255\" data-end=\"2271\">12.000 Puffs<\/strong> langlebige Kapazit\u00e4t<\/li>\n<li data-start=\"2298\" data-end=\"2358\"><strong data-start=\"2298\" data-end=\"2319\">Mesh-Spule (0,8 \u03a9):<\/strong> Verbesserter Geschmack und Dampfproduktion<\/li>\n<li data-start=\"2361\" data-end=\"2426\"><strong data-start=\"2361\" data-end=\"2390\">Gro\u00dfer E-Liquid-Tank (25 ml):<\/strong> L\u00e4ngeres Dampfen ohne Nachf\u00fcllen<\/li>\n<li data-start=\"2429\" data-end=\"2467\"><strong data-start=\"2429\" data-end=\"2450\">Nikotinoptionen:<\/strong> 0%, 2%, 3%, 5%<\/li>\n<li data-start=\"2470\" data-end=\"2535\"><strong data-start=\"2470\" data-end=\"2497\">Digitale Bildschirmanzeige:<\/strong> Akku- und E-Liquid-F\u00fcllstandsanzeige<\/li>\n<li data-start=\"2538\" data-end=\"2606\"><strong data-start=\"2538\" data-end=\"2570\">Wiederaufladbarer Typ-C-Akku:<\/strong> 13350 \u2013 500 mAh mit Schnellladefunktion<\/li>\n<li data-start=\"2609\" data-end=\"2657\"><strong data-start=\"2609\" data-end=\"2635\">Kompakt und leicht:<\/strong> Nur 82 g pro Ger\u00e4t<\/li>\n<li data-start=\"2660\" data-end=\"2704\"><strong data-start=\"2660\" data-end=\"2680\">Bereit f\u00fcr den Gro\u00dfhandel:<\/strong> 200 St\u00fcck\/Karton, 10 St\u00fcck\/Schachtel<\/li>\n<\/ul>\n<h2 data-start=\"2706\" data-end=\"2735\"><strong data-start=\"2706\" data-end=\"2733\">Produktspezifikationen:<\/strong><\/h2>\n<ul>\n<li data-start=\"2738\" data-end=\"2753\">Puffs: 12.000<\/li>\n<li data-start=\"2756\" data-end=\"2772\">E-Liquid: 25 ml<\/li>\n<li data-start=\"2775\" data-end=\"2797\">Spule: Mesh-Spule 0,8 \u03a9<\/li>\n<li data-start=\"2800\" data-end=\"2846\">Akku: 13350 \u2013 500 mAh, wiederaufladbar \u00fcber Typ-C<\/li>\n<li data-start=\"2849\" data-end=\"2866\">Gewicht: 82 g\/St\u00fcck<\/li>\n<li data-start=\"2869\" data-end=\"2892\">Gr\u00f6\u00dfe: 30 \u00d7 57 \u00d7 101 mm<\/li>\n<li data-start=\"2895\" data-end=\"2927\">Kartongr\u00f6\u00dfe: 615 \u00d7 223 \u00d7 330 mm<\/li>\n<li data-start=\"2930\" data-end=\"2963\">Menge: 200 St\u00fcck\/Karton, 10 St\u00fcck\/Schachtel<\/li>\n<li data-start=\"2966\" data-end=\"2980\">GW: 17,3 kg<\/li>\n<\/ul>\n<hr data-start=\"2982\" data-end=\"2985\">\n<h2 data-start=\"2987\" data-end=\"3028\"><strong data-start=\"2992\" data-end=\"3026\">Verf\u00fcgbare Geschmacksrichtungen (28 Optionen)<\/strong><\/h2>\n<ul>\n<li data-start=\"3032\" data-end=\"3048\">Erdbeereis<\/li>\n<li data-start=\"3052\" data-end=\"3070\">Erdbeer-Explosion<\/li>\n<li data-start=\"3074\" data-end=\"3097\">Erdbeere Wassermelone<\/li>\n<li data-start=\"3101\" data-end=\"3114\">Gemischte Fr\u00fcchte<\/li>\n<li data-start=\"3118\" data-end=\"3133\">Blaue Himbeere<\/li>\n<li data-start=\"3137\" data-end=\"3163\">Blaubeere Saure Himbeere<\/li>\n<li data-start=\"3167\" data-end=\"3187\">Kiwi-Passionsfrucht<\/li>\n<li data-start=\"3191\" data-end=\"3205\">Doppelapfel<\/li>\n<li data-start=\"3209\" data-end=\"3225\">Wassermeloneneis<\/li>\n<li data-start=\"3230\" data-end=\"3252\">Wassermelonen-Kaugummi<\/li>\n<li data-start=\"3257\" data-end=\"3272\">Kokosnussmelone<\/li>\n<li data-start=\"3277\" data-end=\"3290\">Kirsch-Cola<\/li>\n<li data-start=\"3295\" data-end=\"3306\">Mango-Eis<\/li>\n<li data-start=\"3311\" data-end=\"3326\">Pfirsichbeeren<\/li>\n<li data-start=\"3331\" data-end=\"3354\">Erdbeer-Kiwi-Frucht<\/li>\n<li data-start=\"3359\" data-end=\"3370\">Traubeneis<\/li>\n<li data-start=\"3375\" data-end=\"3391\">Brombeereis<\/li>\n<li data-start=\"3396\" data-end=\"3407\">Pfirsicheis<\/li>\n<li data-start=\"3412\" data-end=\"3431\">Erdbeer-Banane<\/li>\n<li data-start=\"3436\" data-end=\"3445\">Herr Blau<\/li>\n<li data-start=\"3450\" data-end=\"3465\">Ananas-Eis<\/li>\n<li data-start=\"3470\" data-end=\"3487\">Blaue Himbeere Zitrone<\/li>\n<li data-start=\"3492\" data-end=\"3498\">Minze<\/li>\n<li data-start=\"3503\" data-end=\"3521\">Drachenfrucht-Eis<\/li>\n<li data-start=\"3526\" data-end=\"3538\">Rosa Zitrone<\/li>\n<li data-start=\"3543\" data-end=\"3553\">Skittles<\/li>\n<li data-start=\"3558\" data-end=\"3577\">Erdbeer-Kirsche<\/li>\n<li data-start=\"3582\" data-end=\"3602\">Kirsche Granatapfel<\/li>\n<\/ul>\n<hr data-start=\"3604\" data-end=\"3607\">\n<h2 data-start=\"3609\" data-end=\"3630\"><strong data-start=\"3613\" data-end=\"3628\">H\u00e4ufig gestellte Fragen<\/strong><\/h2>\n<ul>\n<li><strong data-start=\"3632\" data-end=\"3694\">Frage 1: Wie viele Z\u00fcge liefert die ELF BOX Digital 12000?<\/strong><br data-start=\"3694\" data-end=\"3697\">A1: Es liefert bis zu <strong data-start=\"3719\" data-end=\"3735\">12.000 Z\u00fcge<\/strong>, Dadurch eignet es sich ideal f\u00fcr den Langzeitgebrauch.<\/li>\n<li><strong data-start=\"3778\" data-end=\"3839\">Frage 2: Verf\u00fcgt die ELF BOX Digital 12000 \u00fcber ein Display?<\/strong><br data-start=\"3839\" data-end=\"3842\">A2: Ja, es enth\u00e4lt ein <a href=\"https:\/\/kylinvape.com\/de\/product\/fihp-12k-disposable-vape-12000-puffs-rechargeable\/\"><strong data-start=\"3865\" data-end=\"3884\">Digitalanzeige<\/strong><\/a> zur Anzeige des Akkuladestands und des F\u00fcllstands des E-Liquids.<\/li>\n<li><strong data-start=\"3930\" data-end=\"3965\">Frage 3: Ist das Ger\u00e4t wiederaufladbar?<\/strong><br data-start=\"3965\" data-end=\"3968\">A3: Ja, es wird mit einem geliefert <strong data-start=\"3993\" data-end=\"4031\">Wiederaufladbarer 500-mAh-Akku (Typ C)<\/strong> Der Einfachheit halber.<\/li>\n<li><strong data-start=\"4052\" data-end=\"4098\">Frage 4: Welche Nikotinst\u00e4rken sind erh\u00e4ltlich?<\/strong><br data-start=\"4098\" data-end=\"4101\">A4: W\u00e4hlen Sie zwischen <strong data-start=\"4120\" data-end=\"4159\">Nikotinoptionen: 0%, 2%, 3% und 5%.<\/strong>.<\/li>\n<li><strong data-start=\"4164\" data-end=\"4214\">Frage 5: Kann ich ELF BOX Digital 12000 im Gro\u00dfhandel kaufen?<\/strong><br data-start=\"4214\" data-end=\"4217\">A5: Absolut! Es ist verf\u00fcgbar f\u00fcr <strong data-start=\"4253\" data-end=\"4303\">E-Zigaretten-Gro\u00dfhandel in Europa und auf weltweiten M\u00e4rkten<\/strong>.<\/li>\n<\/ul>","protected":false},"excerpt":{"rendered":"<p><strong data-start=\"1258\" data-end=\"1299\">ELF BOX Digital 12000 Einweg-E-Zigarette<\/strong> bietet bis zu <a href=\"https:\/\/kylinvape.com\/de\/product-category\/disposable-vapes\/12k-puffs-disposable-vape\/\"><strong data-start=\"1313\" data-end=\"1329\">12.000 Z\u00fcge<\/strong><\/a> mit einem <strong data-start=\"1337\" data-end=\"1363\">digitale Bildschirmanzeige<\/strong>, <strong data-start=\"1365\" data-end=\"1389\">Maschenspulentechnologie<\/strong>, und ein <strong data-start=\"1397\" data-end=\"1428\">wiederaufladbarer Typ-C-Akku<\/strong>. Genie\u00dfen <strong data-start=\"1436\" data-end=\"1460\">28 k\u00f6stliche Geschmacksrichtungen<\/strong> f\u00fcr ein erstklassiges Dampferlebnis.<\/p>","protected":false},"featured_media":7810,"comment_status":"open","ping_status":"closed","template":"","meta":{"site-sidebar-layout":"default","site-content-layout":"","ast-site-content-layout":"default","site-content-style":"default","site-sidebar-style":"default","ast-global-header-display":"","ast-banner-title-visibility":"","ast-main-header-display":"","ast-hfb-above-header-display":"","ast-hfb-below-header-display":"","ast-hfb-mobile-header-display":"","site-post-title":"","ast-breadcrumbs-content":"","ast-featured-img":"","footer-sml-layout":"","ast-disable-related-posts":"","theme-transparent-header-meta":"default","adv-header-id-meta":"","stick-header-meta":"default","header-above-stick-meta":"","header-main-stick-meta":"","header-below-stick-meta":"","astra-migrate-meta-layouts":"set","ast-page-background-enabled":"default","ast-page-background-meta":{"desktop":{"background-color":"","background-image":"","background-repeat":"repeat","background-position":"center center","background-size":"auto","background-attachment":"scroll","background-type":"","background-media":"","overlay-type":"","overlay-color":"","overlay-opacity":"","overlay-gradient":""},"tablet":{"background-color":"","background-image":"","background-repeat":"repeat","background-position":"center center","background-size":"auto","background-attachment":"scroll","background-type":"","background-media":"","overlay-type":"","overlay-color":"","overlay-opacity":"","overlay-gradient":""},"mobile":{"background-color":"","background-image":"","background-repeat":"repeat","background-position":"center center","background-size":"auto","background-attachment":"scroll","background-type":"","background-media":"","overlay-type":"","overlay-color":"","overlay-opacity":"","overlay-gradient":""}},"ast-content-background-meta":{"desktop":{"background-color":"var(--ast-global-color-5)","background-image":"","background-repeat":"repeat","background-position":"center center","background-size":"auto","background-attachment":"scroll","background-type":"","background-media":"","overlay-type":"","overlay-color":"","overlay-opacity":"","overlay-gradient":""},"tablet":{"background-color":"var(--ast-global-color-5)","background-image":"","background-repeat":"repeat","background-position":"center center","background-size":"auto","background-attachment":"scroll","background-type":"","background-media":"","overlay-type":"","overlay-color":"","overlay-opacity":"","overlay-gradient":""},"mobile":{"background-color":"var(--ast-global-color-5)","background-image":"","background-repeat":"repeat","background-position":"center center","background-size":"auto","background-attachment":"scroll","background-type":"","background-media":"","overlay-type":"","overlay-color":"","overlay-opacity":"","overlay-gradient":""}}},"product_brand":[],"product_cat":[105,127,130,126,123,118,117,121,120,124,125,119,122,98,131],"product_tag":[163,154,150,152,153],"class_list":{"0":"post-7745","1":"product","2":"type-product","3":"status-publish","4":"has-post-thumbnail","6":"product_cat-12k-puffs-disposable-vape","7":"product_cat-big-puff-vape","8":"product_cat-box-vapes","9":"product_cat-disposable-vapes-in-austria","10":"product_cat-disposable-vapes-in-belgium","11":"product_cat-disposable-vapes-in-france","12":"product_cat-disposable-vapes-in-germany","13":"product_cat-disposable-vapes-in-italy","14":"product_cat-disposable-vapes-in-netherlands","15":"product_cat-disposable-vapes-in-poland","16":"product_cat-disposable-vapes-in-portugal","17":"product_cat-disposable-vapes-in-spain","18":"product_cat-disposable-vapes-in-sweden","19":"product_cat-elfbox-vape","20":"product_cat-rechargeable-vapes","21":"product_tag-12k-vape","22":"product_tag-mesh-coil","23":"product_tag-mtl-vape","24":"product_tag-smart-vape","25":"product_tag-vape-wholesale","26":"desktop-align-center","27":"tablet-align-center","28":"mobile-align-center","29":"ast-product-gallery-layout-horizontal-slider","30":"ast-product-single-variable","31":"ast-product-tabs-layout-horizontal","33":"first","34":"instock","35":"sale","36":"shipping-taxable","37":"purchasable","38":"product-type-variable"},"yoast_head":"<!-- This site is optimized with the Yoast SEO Premium plugin v26.0 (Yoast SEO v27.4) - https:\/\/yoast.com\/product\/yoast-seo-premium-wordpress\/ -->\n<title>ELF BOX Digital 12000 | 12K Puffs Disposable Vape with Screen Display &amp; Type-C Rechargeable E-Cigarette - Kylin Vape ELF BOX Digital 12000 Disposable Vape | 12K Puffs Screen Display Rechargeable E-Cigarette<\/title>\n<meta name=\"description\" content=\"Discover the ELF BOX Digital 12000 disposable vape with up to 12,000 puffs, 25ml e-liquid, mesh coil, digital screen display, and Type-C rechargeable battery. Available in 28 premium flavors. Perfect for wholesale and retail customers.\" \/>\n<meta name=\"robots\" content=\"index, follow, max-snippet:-1, max-image-preview:large, max-video-preview:-1\" \/>\n<link rel=\"canonical\" href=\"https:\/\/kylinvape.com\/de\/product\/elf-box-digital-12000-12k-puffs-disposable-vape-with-screen-display-type-c-rechargeable-e-cigarette\/\" \/>\n<meta property=\"og:locale\" content=\"de_DE\" \/>\n<meta property=\"og:type\" content=\"article\" \/>\n<meta property=\"og:title\" content=\"ELF BOX Digital 12000 | 12K Puffs Disposable Vape with Screen Display &amp; Type-C Rechargeable E-Cigarette\" \/>\n<meta property=\"og:description\" content=\"Discover the ELF BOX Digital 12000 disposable vape with up to 12,000 puffs, 25ml e-liquid, mesh coil, digital screen display, and Type-C rechargeable battery. Available in 28 premium flavors. Perfect for wholesale and retail customers.\" \/>\n<meta property=\"og:url\" content=\"https:\/\/kylinvape.com\/de\/product\/elf-box-digital-12000-12k-puffs-disposable-vape-with-screen-display-type-c-rechargeable-e-cigarette\/\" \/>\n<meta property=\"og:site_name\" content=\"Kylin Vape\" \/>\n<meta property=\"article:modified_time\" content=\"2025-10-16T18:01:22+00:00\" \/>\n<meta property=\"og:image\" content=\"https:\/\/kylinvape.com\/wp-content\/uploads\/2025\/09\/01-4.webp\" \/>\n\t<meta property=\"og:image:width\" content=\"1000\" \/>\n\t<meta property=\"og:image:height\" content=\"1000\" \/>\n\t<meta property=\"og:image:type\" content=\"image\/webp\" \/>\n<meta name=\"twitter:card\" content=\"summary_large_image\" \/>\n<meta name=\"twitter:label1\" content=\"Verf\u00fcgbarkeit\" \/>\n\t<meta name=\"twitter:data1\" content=\"Auf Lager\" \/>\n<script type=\"application\/ld+json\" class=\"yoast-schema-graph\">{\"@context\":\"https:\\\/\\\/schema.org\",\"@graph\":[{\"@type\":\"WebPage\",\"@id\":\"https:\\\/\\\/kylinvape.com\\\/en\\\/product\\\/elf-box-digital-12000-12k-puffs-disposable-vape-with-screen-display-type-c-rechargeable-e-cigarette\\\/\",\"url\":\"https:\\\/\\\/kylinvape.com\\\/en\\\/product\\\/elf-box-digital-12000-12k-puffs-disposable-vape-with-screen-display-type-c-rechargeable-e-cigarette\\\/\",\"name\":\"ELF BOX Digital 12000 | 12K Puffs Disposable Vape with Screen Display & Type-C Rechargeable E-Cigarette - Kylin Vape ELF BOX Digital 12000 Disposable Vape | 12K Puffs Screen Display Rechargeable E-Cigarette\",\"isPartOf\":{\"@id\":\"https:\\\/\\\/lightgoldenrodyellow-wildcat-131089.hostingersite.com\\\/en\\\/#website\"},\"primaryImageOfPage\":{\"@id\":\"https:\\\/\\\/kylinvape.com\\\/en\\\/product\\\/elf-box-digital-12000-12k-puffs-disposable-vape-with-screen-display-type-c-rechargeable-e-cigarette\\\/#primaryimage\"},\"image\":{\"@id\":\"https:\\\/\\\/kylinvape.com\\\/en\\\/product\\\/elf-box-digital-12000-12k-puffs-disposable-vape-with-screen-display-type-c-rechargeable-e-cigarette\\\/#primaryimage\"},\"thumbnailUrl\":\"https:\\\/\\\/kylinvape.com\\\/wp-content\\\/uploads\\\/2025\\\/09\\\/01-4.webp\",\"datePublished\":\"2025-09-18T11:09:07+00:00\",\"dateModified\":\"2025-10-16T18:01:22+00:00\",\"description\":\"Discover the ELF BOX Digital 12000 disposable vape with up to 12,000 puffs, 25ml e-liquid, mesh coil, digital screen display, and Type-C rechargeable battery. Available in 28 premium flavors. Perfect for wholesale and retail customers.\",\"breadcrumb\":{\"@id\":\"https:\\\/\\\/kylinvape.com\\\/en\\\/product\\\/elf-box-digital-12000-12k-puffs-disposable-vape-with-screen-display-type-c-rechargeable-e-cigarette\\\/#breadcrumb\"},\"inLanguage\":\"de\",\"potentialAction\":[{\"@type\":\"ReadAction\",\"target\":[\"https:\\\/\\\/kylinvape.com\\\/en\\\/product\\\/elf-box-digital-12000-12k-puffs-disposable-vape-with-screen-display-type-c-rechargeable-e-cigarette\\\/\"]}]},{\"@type\":\"ImageObject\",\"inLanguage\":\"de\",\"@id\":\"https:\\\/\\\/kylinvape.com\\\/en\\\/product\\\/elf-box-digital-12000-12k-puffs-disposable-vape-with-screen-display-type-c-rechargeable-e-cigarette\\\/#primaryimage\",\"url\":\"https:\\\/\\\/kylinvape.com\\\/wp-content\\\/uploads\\\/2025\\\/09\\\/01-4.webp\",\"contentUrl\":\"https:\\\/\\\/kylinvape.com\\\/wp-content\\\/uploads\\\/2025\\\/09\\\/01-4.webp\",\"width\":1000,\"height\":1000,\"caption\":\"ELF BOX Digital 12000 disposable vape front view\"},{\"@type\":\"BreadcrumbList\",\"@id\":\"https:\\\/\\\/kylinvape.com\\\/en\\\/product\\\/elf-box-digital-12000-12k-puffs-disposable-vape-with-screen-display-type-c-rechargeable-e-cigarette\\\/#breadcrumb\",\"itemListElement\":[{\"@type\":\"ListItem\",\"position\":1,\"name\":\"Home\",\"item\":\"https:\\\/\\\/lightgoldenrodyellow-wildcat-131089.hostingersite.com\\\/en\\\/\"},{\"@type\":\"ListItem\",\"position\":2,\"name\":\"Shop\",\"item\":\"https:\\\/\\\/lightgoldenrodyellow-wildcat-131089.hostingersite.com\\\/en\\\/shop\\\/\"},{\"@type\":\"ListItem\",\"position\":3,\"name\":\"ELF BOX Digital 12000 | 12K Puffs Disposable Vape with Screen Display &#038; Type-C Rechargeable E-Cigarette\"}]},{\"@type\":\"WebSite\",\"@id\":\"https:\\\/\\\/lightgoldenrodyellow-wildcat-131089.hostingersite.com\\\/en\\\/#website\",\"url\":\"https:\\\/\\\/lightgoldenrodyellow-wildcat-131089.hostingersite.com\\\/en\\\/\",\"name\":\"Kylin Vape\",\"description\":\"Kylin Vape\",\"publisher\":{\"@id\":\"https:\\\/\\\/lightgoldenrodyellow-wildcat-131089.hostingersite.com\\\/en\\\/#organization\"},\"potentialAction\":[{\"@type\":\"SearchAction\",\"target\":{\"@type\":\"EntryPoint\",\"urlTemplate\":\"https:\\\/\\\/lightgoldenrodyellow-wildcat-131089.hostingersite.com\\\/en\\\/?s={search_term_string}\"},\"query-input\":{\"@type\":\"PropertyValueSpecification\",\"valueRequired\":true,\"valueName\":\"search_term_string\"}}],\"inLanguage\":\"de\"},{\"@type\":\"Organization\",\"@id\":\"https:\\\/\\\/lightgoldenrodyellow-wildcat-131089.hostingersite.com\\\/en\\\/#organization\",\"name\":\"Kylin Vape\",\"url\":\"https:\\\/\\\/lightgoldenrodyellow-wildcat-131089.hostingersite.com\\\/en\\\/\",\"logo\":{\"@type\":\"ImageObject\",\"inLanguage\":\"de\",\"@id\":\"https:\\\/\\\/lightgoldenrodyellow-wildcat-131089.hostingersite.com\\\/en\\\/#\\\/schema\\\/logo\\\/image\\\/\",\"url\":\"https:\\\/\\\/kylinvape.com\\\/wp-content\\\/uploads\\\/2025\\\/08\\\/1-1.webp\",\"contentUrl\":\"https:\\\/\\\/kylinvape.com\\\/wp-content\\\/uploads\\\/2025\\\/08\\\/1-1.webp\",\"width\":384,\"height\":397,\"caption\":\"Kylin Vape\"},\"image\":{\"@id\":\"https:\\\/\\\/lightgoldenrodyellow-wildcat-131089.hostingersite.com\\\/en\\\/#\\\/schema\\\/logo\\\/image\\\/\"}}]}<\/script>\n<meta property=\"og:availability\" content=\"instock\" \/>\n<meta property=\"product:availability\" content=\"instock\" \/>\n<meta property=\"product:condition\" content=\"new\" \/>\n<!-- \/ Yoast SEO Premium plugin. -->","yoast_head_json":{"title":"ELF BOX Digital 12000 | Einweg-E-Zigarette mit Display f\u00fcr 12.000 Z\u00fcge und wiederaufladbarem USB-C-Anschluss \u2013 Kylin Vape","description":"Entdecken Sie die ELF BOX Digital 12000 Einweg-E-Zigarette mit bis zu 12.000 Z\u00fcgen, 25 ml E-Liquid, Mesh-Coil, Digitalanzeige und wiederaufladbarem USB-C-Akku. Erh\u00e4ltlich in 28 Premium-Aromen. Ideal f\u00fcr Gro\u00df- und Einzelh\u00e4ndler.","robots":{"index":"index","follow":"follow","max-snippet":"max-snippet:-1","max-image-preview":"max-image-preview:large","max-video-preview":"max-video-preview:-1"},"canonical":"https:\/\/kylinvape.com\/de\/product\/elf-box-digital-12000-12k-puffs-disposable-vape-with-screen-display-type-c-rechargeable-e-cigarette\/","og_locale":"de_DE","og_type":"article","og_title":"ELF BOX Digital 12000 | 12K Puffs Disposable Vape with Screen Display & Type-C Rechargeable E-Cigarette","og_description":"Discover the ELF BOX Digital 12000 disposable vape with up to 12,000 puffs, 25ml e-liquid, mesh coil, digital screen display, and Type-C rechargeable battery. Available in 28 premium flavors. Perfect for wholesale and retail customers.","og_url":"https:\/\/kylinvape.com\/de\/product\/elf-box-digital-12000-12k-puffs-disposable-vape-with-screen-display-type-c-rechargeable-e-cigarette\/","og_site_name":"Kylin Vape","article_modified_time":"2025-10-16T18:01:22+00:00","og_image":[{"width":1000,"height":1000,"url":"https:\/\/kylinvape.com\/wp-content\/uploads\/2025\/09\/01-4.webp","type":"image\/webp"}],"twitter_card":"summary_large_image","twitter_misc":{"Verf\u00fcgbarkeit":"Auf Lager"},"schema":{"@context":"https:\/\/schema.org","@graph":[{"@type":"WebPage","@id":"https:\/\/kylinvape.com\/en\/product\/elf-box-digital-12000-12k-puffs-disposable-vape-with-screen-display-type-c-rechargeable-e-cigarette\/","url":"https:\/\/kylinvape.com\/en\/product\/elf-box-digital-12000-12k-puffs-disposable-vape-with-screen-display-type-c-rechargeable-e-cigarette\/","name":"ELF BOX Digital 12000 | Einweg-E-Zigarette mit Display f\u00fcr 12.000 Z\u00fcge und wiederaufladbarem USB-C-Anschluss \u2013 Kylin Vape","isPartOf":{"@id":"https:\/\/lightgoldenrodyellow-wildcat-131089.hostingersite.com\/en\/#website"},"primaryImageOfPage":{"@id":"https:\/\/kylinvape.com\/en\/product\/elf-box-digital-12000-12k-puffs-disposable-vape-with-screen-display-type-c-rechargeable-e-cigarette\/#primaryimage"},"image":{"@id":"https:\/\/kylinvape.com\/en\/product\/elf-box-digital-12000-12k-puffs-disposable-vape-with-screen-display-type-c-rechargeable-e-cigarette\/#primaryimage"},"thumbnailUrl":"https:\/\/kylinvape.com\/wp-content\/uploads\/2025\/09\/01-4.webp","datePublished":"2025-09-18T11:09:07+00:00","dateModified":"2025-10-16T18:01:22+00:00","description":"Entdecken Sie die ELF BOX Digital 12000 Einweg-E-Zigarette mit bis zu 12.000 Z\u00fcgen, 25 ml E-Liquid, Mesh-Coil, Digitalanzeige und wiederaufladbarem USB-C-Akku. Erh\u00e4ltlich in 28 Premium-Aromen. Ideal f\u00fcr Gro\u00df- und Einzelh\u00e4ndler.","breadcrumb":{"@id":"https:\/\/kylinvape.com\/en\/product\/elf-box-digital-12000-12k-puffs-disposable-vape-with-screen-display-type-c-rechargeable-e-cigarette\/#breadcrumb"},"inLanguage":"de","potentialAction":[{"@type":"ReadAction","target":["https:\/\/kylinvape.com\/en\/product\/elf-box-digital-12000-12k-puffs-disposable-vape-with-screen-display-type-c-rechargeable-e-cigarette\/"]}]},{"@type":"ImageObject","inLanguage":"de","@id":"https:\/\/kylinvape.com\/en\/product\/elf-box-digital-12000-12k-puffs-disposable-vape-with-screen-display-type-c-rechargeable-e-cigarette\/#primaryimage","url":"https:\/\/kylinvape.com\/wp-content\/uploads\/2025\/09\/01-4.webp","contentUrl":"https:\/\/kylinvape.com\/wp-content\/uploads\/2025\/09\/01-4.webp","width":1000,"height":1000,"caption":"ELF BOX Digital 12000 disposable vape front view"},{"@type":"BreadcrumbList","@id":"https:\/\/kylinvape.com\/en\/product\/elf-box-digital-12000-12k-puffs-disposable-vape-with-screen-display-type-c-rechargeable-e-cigarette\/#breadcrumb","itemListElement":[{"@type":"ListItem","position":1,"name":"Home","item":"https:\/\/lightgoldenrodyellow-wildcat-131089.hostingersite.com\/en\/"},{"@type":"ListItem","position":2,"name":"Shop","item":"https:\/\/lightgoldenrodyellow-wildcat-131089.hostingersite.com\/en\/shop\/"},{"@type":"ListItem","position":3,"name":"ELF BOX Digital 12000 | 12K Puffs Disposable Vape with Screen Display &#038; Type-C Rechargeable E-Cigarette"}]},{"@type":"WebSite","@id":"https:\/\/lightgoldenrodyellow-wildcat-131089.hostingersite.com\/en\/#website","url":"https:\/\/lightgoldenrodyellow-wildcat-131089.hostingersite.com\/en\/","name":"Kylin Vape","description":"Kylin Vape","publisher":{"@id":"https:\/\/lightgoldenrodyellow-wildcat-131089.hostingersite.com\/en\/#organization"},"potentialAction":[{"@type":"SearchAction","target":{"@type":"EntryPoint","urlTemplate":"https:\/\/lightgoldenrodyellow-wildcat-131089.hostingersite.com\/en\/?s={search_term_string}"},"query-input":{"@type":"PropertyValueSpecification","valueRequired":true,"valueName":"search_term_string"}}],"inLanguage":"de"},{"@type":"Organization","@id":"https:\/\/lightgoldenrodyellow-wildcat-131089.hostingersite.com\/en\/#organization","name":"Kylin Vape","url":"https:\/\/lightgoldenrodyellow-wildcat-131089.hostingersite.com\/en\/","logo":{"@type":"ImageObject","inLanguage":"de","@id":"https:\/\/lightgoldenrodyellow-wildcat-131089.hostingersite.com\/en\/#\/schema\/logo\/image\/","url":"https:\/\/kylinvape.com\/wp-content\/uploads\/2025\/08\/1-1.webp","contentUrl":"https:\/\/kylinvape.com\/wp-content\/uploads\/2025\/08\/1-1.webp","width":384,"height":397,"caption":"Kylin Vape"},"image":{"@id":"https:\/\/lightgoldenrodyellow-wildcat-131089.hostingersite.com\/en\/#\/schema\/logo\/image\/"}}]},"og_availability":"instock","product_availability":"instock","product_condition":"new"},"_links":{"self":[{"href":"https:\/\/kylinvape.com\/de\/wp-json\/wp\/v2\/product\/7745","targetHints":{"allow":["GET"]}}],"collection":[{"href":"https:\/\/kylinvape.com\/de\/wp-json\/wp\/v2\/product"}],"about":[{"href":"https:\/\/kylinvape.com\/de\/wp-json\/wp\/v2\/types\/product"}],"replies":[{"embeddable":true,"href":"https:\/\/kylinvape.com\/de\/wp-json\/wp\/v2\/comments?post=7745"}],"wp:featuredmedia":[{"embeddable":true,"href":"https:\/\/kylinvape.com\/de\/wp-json\/wp\/v2\/media\/7810"}],"wp:attachment":[{"href":"https:\/\/kylinvape.com\/de\/wp-json\/wp\/v2\/media?parent=7745"}],"wp:term":[{"taxonomy":"product_brand","embeddable":true,"href":"https:\/\/kylinvape.com\/de\/wp-json\/wp\/v2\/product_brand?post=7745"},{"taxonomy":"product_cat","embeddable":true,"href":"https:\/\/kylinvape.com\/de\/wp-json\/wp\/v2\/product_cat?post=7745"},{"taxonomy":"product_tag","embeddable":true,"href":"https:\/\/kylinvape.com\/de\/wp-json\/wp\/v2\/product_tag?post=7745"}],"curies":[{"name":"wp","href":"https:\/\/api.w.org\/{rel}","templated":true}]}}