{"id":7817,"date":"2025-09-18T11:27:11","date_gmt":"2025-09-18T11:27:11","guid":{"rendered":"https:\/\/kylinvape.com\/?post_type=product&#038;p=7817"},"modified":"2025-10-12T17:47:08","modified_gmt":"2025-10-12T17:47:08","slug":"elf-box-shisha-16000-16k-puffs-disposable-vape-with-led-display-mesh-coil-type-c-rechargeable-e-cigarette","status":"publish","type":"product","link":"https:\/\/kylinvape.com\/de\/product\/elf-box-shisha-16000-16k-puffs-disposable-vape-with-led-display-mesh-coil-type-c-rechargeable-e-cigarette\/","title":{"rendered":"ELF BOX SHISHA 16000 | Einweg-E-Zigarette mit LED-Display, Mesh-Coil und wiederaufladbarem Typ-C-Anschluss f\u00fcr 16.000 Z\u00fcge"},"content":{"rendered":"<h1>ELF BOX SHISHA 16000 Einweg-E-Zigarette \u2013 16.000 Z\u00fcge, LED-Anzeige, einstellbare Luftzufuhr &amp; wiederaufladbar<\/h1>\n<p data-start=\"1602\" data-end=\"1950\">Wir stellen vor: <strong data-start=\"1618\" data-end=\"1658\">ELF BOX SHISHA 16000 Einweg-E-Zigarette<\/strong>, eine n\u00e4chste Stufe <a href=\"https:\/\/kylinvape.com\/de\/product-category\/types-of-vapes\/shisha-hookah-vapes\/\"><strong data-start=\"1673\" data-end=\"1712\">Einweg-E-Zigarette im Shisha-Stil<\/strong><\/a> Entwickelt f\u00fcr Dampfer, die wollen <strong data-start=\"1742\" data-end=\"1794\">Maximaler Geschmack, dichte Wolken und intelligente Technologie<\/strong>. Mit einer massiven <strong data-start=\"1811\" data-end=\"1835\">Kapazit\u00e4t von 16.000 Z\u00fcgen<\/strong>, Dieses Ger\u00e4t kombiniert <strong data-start=\"1858\" data-end=\"1878\">28 ml E-Liquid<\/strong> mit einem <strong data-start=\"1886\" data-end=\"1904\">0,6 \u03a9 Maschenspule<\/strong> F\u00fcr gleichbleibend geschmackvolle Z\u00fcge bei jeder Anwendung.<\/p>\n<p data-start=\"1952\" data-end=\"2301\">Die eingebaute <strong data-start=\"1965\" data-end=\"1980\">LED-Anzeige<\/strong> zeigt sowohl den Akku- als auch den E-Liquid-F\u00fcllstand an, w\u00e4hrend die <strong data-start=\"2031\" data-end=\"2060\">einstellbares Luftstromsystem<\/strong> erm\u00f6glicht es Benutzern, zwischen <strong data-start=\"2092\" data-end=\"2115\">MTL (Mund-Lunge-Szintigraphie)<\/strong> Und <strong data-start=\"2120\" data-end=\"2144\">DTL (Direkt-zur-Lunge)<\/strong> Dampfstile. <strong data-start=\"2164\" data-end=\"2202\">Wiederaufladbarer 600-mAh-Akku (Typ C)<\/strong> Gew\u00e4hrleistet schnelles Aufladen und ist somit ein zuverl\u00e4ssiges Ger\u00e4t sowohl f\u00fcr den t\u00e4glichen Gebrauch als auch f\u00fcr Gro\u00dfh\u00e4ndler.<\/p>\n<hr data-start=\"2303\" data-end=\"2306\">\n<h2 data-start=\"2308\" data-end=\"2344\"><strong data-start=\"2313\" data-end=\"2342\">Hauptmerkmale und Vorteile<\/strong><\/h2>\n<ul>\n<li data-start=\"2347\" data-end=\"2396\"><strong data-start=\"2347\" data-end=\"2363\">16.000 Puffs<\/strong> \u2013 Langanhaltende Dampfkapazit\u00e4t<\/li>\n<li data-start=\"2399\" data-end=\"2456\"><strong data-start=\"2399\" data-end=\"2420\">Mesh-Spule (0,6 \u03a9):<\/strong> Sanfter Geschmack und dichte Dampfwolken<\/li>\n<li data-start=\"2459\" data-end=\"2516\"><strong data-start=\"2459\" data-end=\"2487\">28 ml gro\u00dfer E-Liquid-Tank<\/strong> \u2013 L\u00e4ngere Dampfsitzungen<\/li>\n<li data-start=\"2519\" data-end=\"2557\"><strong data-start=\"2519\" data-end=\"2540\">Nikotinoptionen:<\/strong> 0%, 2%, 3%, 5%<\/li>\n<li data-start=\"2560\" data-end=\"2617\"><strong data-start=\"2560\" data-end=\"2575\">LED-Anzeige<\/strong> \u2013 Echtzeit-Akku- und E-Liquid-\u00dcberwachung<\/li>\n<li data-start=\"2620\" data-end=\"2671\"><strong data-start=\"2620\" data-end=\"2642\">Einstellbarer Luftstrom<\/strong> \u2013 Zwischen MTL und DTL umschalten<\/li>\n<li data-start=\"2674\" data-end=\"2746\"><strong data-start=\"2674\" data-end=\"2714\">Wiederaufladbarer Typ-C-Akku (600 mAh)<\/strong> \u2013 Schnellladung, verl\u00e4ngerte Nutzungsdauer<\/li>\n<li data-start=\"2749\" data-end=\"2794\"><strong data-start=\"2749\" data-end=\"2772\">Leichtbauweise:<\/strong> Nur 85 g pro Ger\u00e4t<\/li>\n<li data-start=\"2797\" data-end=\"2845\"><strong data-start=\"2797\" data-end=\"2821\">Gro\u00dfhandelsverpackungen:<\/strong> 200 St\u00fcck\/Karton, 10 St\u00fcck\/Schachtel<\/li>\n<\/ul>\n<h2 data-start=\"2847\" data-end=\"2876\"><strong data-start=\"2847\" data-end=\"2874\">Produktspezifikationen:<\/strong><\/h2>\n<ul>\n<li data-start=\"2879\" data-end=\"2894\">Puffs: 16.000<\/li>\n<li data-start=\"2897\" data-end=\"2919\">Spule: Drahtspule 0,6 \u03a9<\/li>\n<li data-start=\"2922\" data-end=\"2938\">E-Liquid: 28 ml<\/li>\n<li data-start=\"2941\" data-end=\"2970\">Nikotin: 0% \/ 2% \/ 3% \/ 5%<\/li>\n<li data-start=\"2973\" data-end=\"3019\">Akku: 18250 \u2013 600 mAh, wiederaufladbar \u00fcber Typ-C<\/li>\n<li data-start=\"3022\" data-end=\"3044\">Anzeige: LED-Anzeige<\/li>\n<li data-start=\"3047\" data-end=\"3068\">Luftstrom: Einstellbar<\/li>\n<li data-start=\"3071\" data-end=\"3091\">Gr\u00f6\u00dfe: 30 \u00d7 125,5 mm<\/li>\n<li data-start=\"3094\" data-end=\"3111\">Gewicht: 85 g\/St\u00fcck<\/li>\n<li data-start=\"3114\" data-end=\"3146\">Kartongr\u00f6\u00dfe: 400 \u00d7 385 \u00d7 295 mm<\/li>\n<li data-start=\"3149\" data-end=\"3182\">Menge: 200 St\u00fcck\/Karton, 10 St\u00fcck\/Schachtel<\/li>\n<li data-start=\"3185\" data-end=\"3199\">GW: 18,3 kg<\/li>\n<\/ul>\n<hr data-start=\"3201\" data-end=\"3204\">\n<h2 data-start=\"3206\" data-end=\"3247\"><strong data-start=\"3211\" data-end=\"3245\">Verf\u00fcgbare Geschmacksrichtungen (12 Optionen)<\/strong><\/h2>\n<ul>\n<li data-start=\"3251\" data-end=\"3266\">Blaue Himbeere<\/li>\n<li data-start=\"3270\" data-end=\"3286\">Erdbeereis<\/li>\n<li data-start=\"3290\" data-end=\"3301\">Pfirsicheis<\/li>\n<li data-start=\"3305\" data-end=\"3325\">Kiwi-Passionsfrucht<\/li>\n<li data-start=\"3329\" data-end=\"3345\">Brombeereis<\/li>\n<li data-start=\"3349\" data-end=\"3363\">Doppelapfel<\/li>\n<li data-start=\"3367\" data-end=\"3377\">\u00dcppiges Eis<\/li>\n<li data-start=\"3381\" data-end=\"3392\">Traubeneis<\/li>\n<li data-start=\"3396\" data-end=\"3414\">Kirsch-Himbeere<\/li>\n<li data-start=\"3419\" data-end=\"3442\">Erdbeere Wassermelone<\/li>\n<li data-start=\"3447\" data-end=\"3470\">Pfirsich-Mango-Ananas<\/li>\n<li data-start=\"3475\" data-end=\"3490\">Gemischte Beeren<\/li>\n<\/ul>\n<hr data-start=\"3492\" data-end=\"3495\">\n<h2 data-start=\"3497\" data-end=\"3518\"><strong data-start=\"3501\" data-end=\"3516\">H\u00e4ufig gestellte Fragen<\/strong><\/h2>\n<ul>\n<li><strong data-start=\"3520\" data-end=\"3581\">Frage 1: Wie viele Z\u00fcge liefert die ELF BOX SHISHA 16000?<\/strong><br data-start=\"3581\" data-end=\"3584\">A1: Es bietet bis zu <strong data-start=\"3604\" data-end=\"3620\">16.000 Z\u00fcge<\/strong> f\u00fcr langanhaltende Zufriedenheit.<\/li>\n<li><strong data-start=\"3655\" data-end=\"3696\">Frage 2: Ist ein LED-Display verbaut?<\/strong><br data-start=\"3696\" data-end=\"3699\">A2: Ja, die <strong data-start=\"3712\" data-end=\"3726\">LED-Bildschirm<\/strong> Zeigt den Akku- und E-Liquid-F\u00fcllstand in Echtzeit an.<\/li>\n<li><strong data-start=\"3775\" data-end=\"3824\">Frage 3: Ist die ELF BOX SHISHA 16000 wiederaufladbar?<\/strong><br data-start=\"3824\" data-end=\"3827\">A3: Ja, es wird mit einem geliefert <strong data-start=\"3852\" data-end=\"3890\">Wiederaufladbarer 600-mAh-Akku (Typ C)<\/strong>.<\/li>\n<li><strong data-start=\"3895\" data-end=\"3928\">Frage 4: Kann ich den Luftstrom einstellen?<\/strong><br data-start=\"3928\" data-end=\"3931\">A4: Absolut! <strong data-start=\"3951\" data-end=\"3980\">einstellbares Luftstromsystem<\/strong> Erm\u00f6glicht MTL- oder DTL-Dampfstile.<\/li>\n<li><strong data-start=\"4017\" data-end=\"4052\">Frage 5: Welche Geschmacksrichtungen gibt es?<\/strong><br data-start=\"4052\" data-end=\"4055\">A5: Es gibt <strong data-start=\"4069\" data-end=\"4090\">12 Geschmacksrichtungen<\/strong>, darunter Blue Razz Ice, Double Apple, Strawberry Watermelon und mehr.<\/li>\n<li><strong data-start=\"4167\" data-end=\"4213\">F6: Ist dieses Ger\u00e4t f\u00fcr den Gro\u00dfhandel geeignet?<\/strong><br data-start=\"4213\" data-end=\"4216\">A6: Ja, es ist f\u00fcr beides konzipiert. <strong data-start=\"4248\" data-end=\"4295\">E-Zigaretten-Gro\u00dfhandel in Europa und auf globalen M\u00e4rkten<\/strong>.<\/li>\n<\/ul>","protected":false},"excerpt":{"rendered":"<p><strong data-start=\"1280\" data-end=\"1320\">ELF BOX SHISHA 16000 Einweg-E-Zigarette<\/strong> liefert bis zu <strong data-start=\"1336\" data-end=\"1352\">16.000 Z\u00fcge<\/strong> mit einem <strong data-start=\"1360\" data-end=\"1378\">0,6 \u03a9 Maschenspule<\/strong>, <strong data-start=\"1380\" data-end=\"1395\">LED-Anzeige<\/strong>, <strong data-start=\"1397\" data-end=\"1414\">28 ml E-Liquid<\/strong>, Und <strong data-start=\"1420\" data-end=\"1458\">Wiederaufladbarer 600-mAh-Akku (Typ C)<\/strong>. Genie\u00dfen <strong data-start=\"1466\" data-end=\"1496\">12 Shisha-inspirierte Geschmacksrichtungen<\/strong> mit einstellbarer Luftzufuhr f\u00fcr ein erstklassiges Dampferlebnis.<\/p>","protected":false},"featured_media":7892,"comment_status":"open","ping_status":"closed","template":"","meta":{"site-sidebar-layout":"default","site-content-layout":"","ast-site-content-layout":"default","site-content-style":"default","site-sidebar-style":"default","ast-global-header-display":"","ast-banner-title-visibility":"","ast-main-header-display":"","ast-hfb-above-header-display":"","ast-hfb-below-header-display":"","ast-hfb-mobile-header-display":"","site-post-title":"","ast-breadcrumbs-content":"","ast-featured-img":"","footer-sml-layout":"","ast-disable-related-posts":"","theme-transparent-header-meta":"default","adv-header-id-meta":"","stick-header-meta":"default","header-above-stick-meta":"","header-main-stick-meta":"","header-below-stick-meta":"","astra-migrate-meta-layouts":"set","ast-page-background-enabled":"default","ast-page-background-meta":{"desktop":{"background-color":"","background-image":"","background-repeat":"repeat","background-position":"center center","background-size":"auto","background-attachment":"scroll","background-type":"","background-media":"","overlay-type":"","overlay-color":"","overlay-opacity":"","overlay-gradient":""},"tablet":{"background-color":"","background-image":"","background-repeat":"repeat","background-position":"center center","background-size":"auto","background-attachment":"scroll","background-type":"","background-media":"","overlay-type":"","overlay-color":"","overlay-opacity":"","overlay-gradient":""},"mobile":{"background-color":"","background-image":"","background-repeat":"repeat","background-position":"center center","background-size":"auto","background-attachment":"scroll","background-type":"","background-media":"","overlay-type":"","overlay-color":"","overlay-opacity":"","overlay-gradient":""}},"ast-content-background-meta":{"desktop":{"background-color":"var(--ast-global-color-5)","background-image":"","background-repeat":"repeat","background-position":"center center","background-size":"auto","background-attachment":"scroll","background-type":"","background-media":"","overlay-type":"","overlay-color":"","overlay-opacity":"","overlay-gradient":""},"tablet":{"background-color":"var(--ast-global-color-5)","background-image":"","background-repeat":"repeat","background-position":"center center","background-size":"auto","background-attachment":"scroll","background-type":"","background-media":"","overlay-type":"","overlay-color":"","overlay-opacity":"","overlay-gradient":""},"mobile":{"background-color":"var(--ast-global-color-5)","background-image":"","background-repeat":"repeat","background-position":"center center","background-size":"auto","background-attachment":"scroll","background-type":"","background-media":"","overlay-type":"","overlay-color":"","overlay-opacity":"","overlay-gradient":""}}},"product_brand":[],"product_cat":[140,127,130,126,123,118,117,121,120,124,125,119,122,98,131,142],"product_tag":[151,154,150,233,152],"class_list":{"0":"post-7817","1":"product","2":"type-product","3":"status-publish","4":"has-post-thumbnail","6":"product_cat-16k-puffs-disposable-vape","7":"product_cat-big-puff-vape","8":"product_cat-box-vapes","9":"product_cat-disposable-vapes-in-austria","10":"product_cat-disposable-vapes-in-belgium","11":"product_cat-disposable-vapes-in-france","12":"product_cat-disposable-vapes-in-germany","13":"product_cat-disposable-vapes-in-italy","14":"product_cat-disposable-vapes-in-netherlands","15":"product_cat-disposable-vapes-in-poland","16":"product_cat-disposable-vapes-in-portugal","17":"product_cat-disposable-vapes-in-spain","18":"product_cat-disposable-vapes-in-sweden","19":"product_cat-elfbox-vape","20":"product_cat-rechargeable-vapes","21":"product_cat-shisha-hookah-vapes","22":"product_tag-handy-vape","23":"product_tag-mesh-coil","24":"product_tag-mtl-vape","25":"product_tag-shisha-hookah-vape","26":"product_tag-smart-vape","27":"desktop-align-center","28":"tablet-align-center","29":"mobile-align-center","30":"ast-product-gallery-layout-horizontal-slider","31":"ast-product-single-variable","32":"ast-product-tabs-layout-horizontal","34":"first","35":"instock","36":"sale","37":"shipping-taxable","38":"purchasable","39":"product-type-variable"},"yoast_head":"<!-- This site is optimized with the Yoast SEO Premium plugin v26.0 (Yoast SEO v27.4) - https:\/\/yoast.com\/product\/yoast-seo-premium-wordpress\/ -->\n<title>ELF BOX SHISHA 16000 Disposable Vape | 16K Puffs LED Display Rechargeable E-Cigarette<\/title>\n<meta name=\"description\" content=\"ELF BOX SHISHA 16000 disposable vape with 16,000 puffs, 28ml e-liquid, mesh coil, LED display, adjustable airflow, and Type-C rechargeable battery. Available in 12 premium flavors, perfect for vape wholesale and retail.\" \/>\n<meta name=\"robots\" content=\"index, follow, max-snippet:-1, max-image-preview:large, max-video-preview:-1\" \/>\n<link rel=\"canonical\" href=\"https:\/\/kylinvape.com\/de\/product\/elf-box-shisha-16000-16k-puffs-disposable-vape-with-led-display-mesh-coil-type-c-rechargeable-e-cigarette\/\" \/>\n<meta property=\"og:locale\" content=\"de_DE\" \/>\n<meta property=\"og:type\" content=\"article\" \/>\n<meta property=\"og:title\" content=\"ELF BOX SHISHA 16000 | 16K Puffs Disposable Vape with LED Display, Mesh Coil &amp; Type-C Rechargeable E-Cigarette\" \/>\n<meta property=\"og:description\" content=\"ELF BOX SHISHA 16000 disposable vape with 16,000 puffs, 28ml e-liquid, mesh coil, LED display, adjustable airflow, and Type-C rechargeable battery. Available in 12 premium flavors, perfect for vape wholesale and retail.\" \/>\n<meta property=\"og:url\" content=\"https:\/\/kylinvape.com\/de\/product\/elf-box-shisha-16000-16k-puffs-disposable-vape-with-led-display-mesh-coil-type-c-rechargeable-e-cigarette\/\" \/>\n<meta property=\"og:site_name\" content=\"Kylin Vape\" \/>\n<meta property=\"article:modified_time\" content=\"2025-10-12T17:47:08+00:00\" \/>\n<meta property=\"og:image\" content=\"https:\/\/kylinvape.com\/wp-content\/uploads\/2025\/09\/\u6a31\u6843\u6811\u8393.webp\" \/>\n\t<meta property=\"og:image:width\" content=\"1000\" \/>\n\t<meta property=\"og:image:height\" content=\"1000\" \/>\n\t<meta property=\"og:image:type\" content=\"image\/webp\" \/>\n<meta name=\"twitter:card\" content=\"summary_large_image\" \/>\n<meta name=\"twitter:label1\" content=\"Verf\u00fcgbarkeit\" \/>\n\t<meta name=\"twitter:data1\" content=\"Auf Lager\" \/>\n<script type=\"application\/ld+json\" class=\"yoast-schema-graph\">{\"@context\":\"https:\\\/\\\/schema.org\",\"@graph\":[{\"@type\":\"WebPage\",\"@id\":\"https:\\\/\\\/kylinvape.com\\\/en\\\/product\\\/elf-box-shisha-16000-16k-puffs-disposable-vape-with-led-display-mesh-coil-type-c-rechargeable-e-cigarette\\\/\",\"url\":\"https:\\\/\\\/kylinvape.com\\\/en\\\/product\\\/elf-box-shisha-16000-16k-puffs-disposable-vape-with-led-display-mesh-coil-type-c-rechargeable-e-cigarette\\\/\",\"name\":\"ELF BOX SHISHA 16000 Disposable Vape | 16K Puffs LED Display Rechargeable E-Cigarette\",\"isPartOf\":{\"@id\":\"https:\\\/\\\/lightgoldenrodyellow-wildcat-131089.hostingersite.com\\\/en\\\/#website\"},\"primaryImageOfPage\":{\"@id\":\"https:\\\/\\\/kylinvape.com\\\/en\\\/product\\\/elf-box-shisha-16000-16k-puffs-disposable-vape-with-led-display-mesh-coil-type-c-rechargeable-e-cigarette\\\/#primaryimage\"},\"image\":{\"@id\":\"https:\\\/\\\/kylinvape.com\\\/en\\\/product\\\/elf-box-shisha-16000-16k-puffs-disposable-vape-with-led-display-mesh-coil-type-c-rechargeable-e-cigarette\\\/#primaryimage\"},\"thumbnailUrl\":\"https:\\\/\\\/kylinvape.com\\\/wp-content\\\/uploads\\\/2025\\\/09\\\/\u6a31\u6843\u6811\u8393.webp\",\"datePublished\":\"2025-09-18T11:27:11+00:00\",\"dateModified\":\"2025-10-12T17:47:08+00:00\",\"description\":\"ELF BOX SHISHA 16000 disposable vape with 16,000 puffs, 28ml e-liquid, mesh coil, LED display, adjustable airflow, and Type-C rechargeable battery. Available in 12 premium flavors, perfect for vape wholesale and retail.\",\"breadcrumb\":{\"@id\":\"https:\\\/\\\/kylinvape.com\\\/en\\\/product\\\/elf-box-shisha-16000-16k-puffs-disposable-vape-with-led-display-mesh-coil-type-c-rechargeable-e-cigarette\\\/#breadcrumb\"},\"inLanguage\":\"de\",\"potentialAction\":[{\"@type\":\"ReadAction\",\"target\":[\"https:\\\/\\\/kylinvape.com\\\/en\\\/product\\\/elf-box-shisha-16000-16k-puffs-disposable-vape-with-led-display-mesh-coil-type-c-rechargeable-e-cigarette\\\/\"]}]},{\"@type\":\"ImageObject\",\"inLanguage\":\"de\",\"@id\":\"https:\\\/\\\/kylinvape.com\\\/en\\\/product\\\/elf-box-shisha-16000-16k-puffs-disposable-vape-with-led-display-mesh-coil-type-c-rechargeable-e-cigarette\\\/#primaryimage\",\"url\":\"https:\\\/\\\/kylinvape.com\\\/wp-content\\\/uploads\\\/2025\\\/09\\\/\u6a31\u6843\u6811\u8393.webp\",\"contentUrl\":\"https:\\\/\\\/kylinvape.com\\\/wp-content\\\/uploads\\\/2025\\\/09\\\/\u6a31\u6843\u6811\u8393.webp\",\"width\":1000,\"height\":1000,\"caption\":\"ELF BOX SHISHA 16000 disposable vape front view\"},{\"@type\":\"BreadcrumbList\",\"@id\":\"https:\\\/\\\/kylinvape.com\\\/en\\\/product\\\/elf-box-shisha-16000-16k-puffs-disposable-vape-with-led-display-mesh-coil-type-c-rechargeable-e-cigarette\\\/#breadcrumb\",\"itemListElement\":[{\"@type\":\"ListItem\",\"position\":1,\"name\":\"Home\",\"item\":\"https:\\\/\\\/lightgoldenrodyellow-wildcat-131089.hostingersite.com\\\/en\\\/\"},{\"@type\":\"ListItem\",\"position\":2,\"name\":\"Shop\",\"item\":\"https:\\\/\\\/lightgoldenrodyellow-wildcat-131089.hostingersite.com\\\/en\\\/shop\\\/\"},{\"@type\":\"ListItem\",\"position\":3,\"name\":\"ELF BOX SHISHA 16000 | 16K Puffs Disposable Vape with LED Display, Mesh Coil &#038; Type-C Rechargeable E-Cigarette\"}]},{\"@type\":\"WebSite\",\"@id\":\"https:\\\/\\\/lightgoldenrodyellow-wildcat-131089.hostingersite.com\\\/en\\\/#website\",\"url\":\"https:\\\/\\\/lightgoldenrodyellow-wildcat-131089.hostingersite.com\\\/en\\\/\",\"name\":\"Kylin Vape\",\"description\":\"Kylin Vape\",\"publisher\":{\"@id\":\"https:\\\/\\\/lightgoldenrodyellow-wildcat-131089.hostingersite.com\\\/en\\\/#organization\"},\"potentialAction\":[{\"@type\":\"SearchAction\",\"target\":{\"@type\":\"EntryPoint\",\"urlTemplate\":\"https:\\\/\\\/lightgoldenrodyellow-wildcat-131089.hostingersite.com\\\/en\\\/?s={search_term_string}\"},\"query-input\":{\"@type\":\"PropertyValueSpecification\",\"valueRequired\":true,\"valueName\":\"search_term_string\"}}],\"inLanguage\":\"de\"},{\"@type\":\"Organization\",\"@id\":\"https:\\\/\\\/lightgoldenrodyellow-wildcat-131089.hostingersite.com\\\/en\\\/#organization\",\"name\":\"Kylin Vape\",\"url\":\"https:\\\/\\\/lightgoldenrodyellow-wildcat-131089.hostingersite.com\\\/en\\\/\",\"logo\":{\"@type\":\"ImageObject\",\"inLanguage\":\"de\",\"@id\":\"https:\\\/\\\/lightgoldenrodyellow-wildcat-131089.hostingersite.com\\\/en\\\/#\\\/schema\\\/logo\\\/image\\\/\",\"url\":\"https:\\\/\\\/kylinvape.com\\\/wp-content\\\/uploads\\\/2025\\\/08\\\/1-1.webp\",\"contentUrl\":\"https:\\\/\\\/kylinvape.com\\\/wp-content\\\/uploads\\\/2025\\\/08\\\/1-1.webp\",\"width\":384,\"height\":397,\"caption\":\"Kylin Vape\"},\"image\":{\"@id\":\"https:\\\/\\\/lightgoldenrodyellow-wildcat-131089.hostingersite.com\\\/en\\\/#\\\/schema\\\/logo\\\/image\\\/\"}}]}<\/script>\n<meta property=\"og:availability\" content=\"instock\" \/>\n<meta property=\"product:availability\" content=\"instock\" \/>\n<meta property=\"product:condition\" content=\"new\" \/>\n<!-- \/ Yoast SEO Premium plugin. -->","yoast_head_json":{"title":"ELF BOX SHISHA 16000 Einweg-Vape | Wiederaufladbare E-Zigarette mit LED-Anzeige und 16.000 Z\u00fcgen","description":"Die ELF BOX SHISHA 16000 ist eine Einweg-E-Zigarette mit 16.000 Z\u00fcgen, 28 ml E-Liquid, Mesh-Coil, LED-Display, einstellbarer Luftzufuhr und wiederaufladbarem USB-C-Akku. Erh\u00e4ltlich in 12 Premium-Aromen, ideal f\u00fcr den Gro\u00df- und Einzelhandel.","robots":{"index":"index","follow":"follow","max-snippet":"max-snippet:-1","max-image-preview":"max-image-preview:large","max-video-preview":"max-video-preview:-1"},"canonical":"https:\/\/kylinvape.com\/de\/product\/elf-box-shisha-16000-16k-puffs-disposable-vape-with-led-display-mesh-coil-type-c-rechargeable-e-cigarette\/","og_locale":"de_DE","og_type":"article","og_title":"ELF BOX SHISHA 16000 | 16K Puffs Disposable Vape with LED Display, Mesh Coil & Type-C Rechargeable E-Cigarette","og_description":"ELF BOX SHISHA 16000 disposable vape with 16,000 puffs, 28ml e-liquid, mesh coil, LED display, adjustable airflow, and Type-C rechargeable battery. Available in 12 premium flavors, perfect for vape wholesale and retail.","og_url":"https:\/\/kylinvape.com\/de\/product\/elf-box-shisha-16000-16k-puffs-disposable-vape-with-led-display-mesh-coil-type-c-rechargeable-e-cigarette\/","og_site_name":"Kylin Vape","article_modified_time":"2025-10-12T17:47:08+00:00","og_image":[{"width":1000,"height":1000,"url":"https:\/\/kylinvape.com\/wp-content\/uploads\/2025\/09\/\u6a31\u6843\u6811\u8393.webp","type":"image\/webp"}],"twitter_card":"summary_large_image","twitter_misc":{"Verf\u00fcgbarkeit":"Auf Lager"},"schema":{"@context":"https:\/\/schema.org","@graph":[{"@type":"WebPage","@id":"https:\/\/kylinvape.com\/en\/product\/elf-box-shisha-16000-16k-puffs-disposable-vape-with-led-display-mesh-coil-type-c-rechargeable-e-cigarette\/","url":"https:\/\/kylinvape.com\/en\/product\/elf-box-shisha-16000-16k-puffs-disposable-vape-with-led-display-mesh-coil-type-c-rechargeable-e-cigarette\/","name":"ELF BOX SHISHA 16000 Einweg-Vape | Wiederaufladbare E-Zigarette mit LED-Anzeige und 16.000 Z\u00fcgen","isPartOf":{"@id":"https:\/\/lightgoldenrodyellow-wildcat-131089.hostingersite.com\/en\/#website"},"primaryImageOfPage":{"@id":"https:\/\/kylinvape.com\/en\/product\/elf-box-shisha-16000-16k-puffs-disposable-vape-with-led-display-mesh-coil-type-c-rechargeable-e-cigarette\/#primaryimage"},"image":{"@id":"https:\/\/kylinvape.com\/en\/product\/elf-box-shisha-16000-16k-puffs-disposable-vape-with-led-display-mesh-coil-type-c-rechargeable-e-cigarette\/#primaryimage"},"thumbnailUrl":"https:\/\/kylinvape.com\/wp-content\/uploads\/2025\/09\/\u6a31\u6843\u6811\u8393.webp","datePublished":"2025-09-18T11:27:11+00:00","dateModified":"2025-10-12T17:47:08+00:00","description":"Die ELF BOX SHISHA 16000 ist eine Einweg-E-Zigarette mit 16.000 Z\u00fcgen, 28 ml E-Liquid, Mesh-Coil, LED-Display, einstellbarer Luftzufuhr und wiederaufladbarem USB-C-Akku. Erh\u00e4ltlich in 12 Premium-Aromen, ideal f\u00fcr den Gro\u00df- und Einzelhandel.","breadcrumb":{"@id":"https:\/\/kylinvape.com\/en\/product\/elf-box-shisha-16000-16k-puffs-disposable-vape-with-led-display-mesh-coil-type-c-rechargeable-e-cigarette\/#breadcrumb"},"inLanguage":"de","potentialAction":[{"@type":"ReadAction","target":["https:\/\/kylinvape.com\/en\/product\/elf-box-shisha-16000-16k-puffs-disposable-vape-with-led-display-mesh-coil-type-c-rechargeable-e-cigarette\/"]}]},{"@type":"ImageObject","inLanguage":"de","@id":"https:\/\/kylinvape.com\/en\/product\/elf-box-shisha-16000-16k-puffs-disposable-vape-with-led-display-mesh-coil-type-c-rechargeable-e-cigarette\/#primaryimage","url":"https:\/\/kylinvape.com\/wp-content\/uploads\/2025\/09\/\u6a31\u6843\u6811\u8393.webp","contentUrl":"https:\/\/kylinvape.com\/wp-content\/uploads\/2025\/09\/\u6a31\u6843\u6811\u8393.webp","width":1000,"height":1000,"caption":"ELF BOX SHISHA 16000 disposable vape front view"},{"@type":"BreadcrumbList","@id":"https:\/\/kylinvape.com\/en\/product\/elf-box-shisha-16000-16k-puffs-disposable-vape-with-led-display-mesh-coil-type-c-rechargeable-e-cigarette\/#breadcrumb","itemListElement":[{"@type":"ListItem","position":1,"name":"Home","item":"https:\/\/lightgoldenrodyellow-wildcat-131089.hostingersite.com\/en\/"},{"@type":"ListItem","position":2,"name":"Shop","item":"https:\/\/lightgoldenrodyellow-wildcat-131089.hostingersite.com\/en\/shop\/"},{"@type":"ListItem","position":3,"name":"ELF BOX SHISHA 16000 | 16K Puffs Disposable Vape with LED Display, Mesh Coil &#038; Type-C Rechargeable E-Cigarette"}]},{"@type":"WebSite","@id":"https:\/\/lightgoldenrodyellow-wildcat-131089.hostingersite.com\/en\/#website","url":"https:\/\/lightgoldenrodyellow-wildcat-131089.hostingersite.com\/en\/","name":"Kylin Vape","description":"Kylin Vape","publisher":{"@id":"https:\/\/lightgoldenrodyellow-wildcat-131089.hostingersite.com\/en\/#organization"},"potentialAction":[{"@type":"SearchAction","target":{"@type":"EntryPoint","urlTemplate":"https:\/\/lightgoldenrodyellow-wildcat-131089.hostingersite.com\/en\/?s={search_term_string}"},"query-input":{"@type":"PropertyValueSpecification","valueRequired":true,"valueName":"search_term_string"}}],"inLanguage":"de"},{"@type":"Organization","@id":"https:\/\/lightgoldenrodyellow-wildcat-131089.hostingersite.com\/en\/#organization","name":"Kylin Vape","url":"https:\/\/lightgoldenrodyellow-wildcat-131089.hostingersite.com\/en\/","logo":{"@type":"ImageObject","inLanguage":"de","@id":"https:\/\/lightgoldenrodyellow-wildcat-131089.hostingersite.com\/en\/#\/schema\/logo\/image\/","url":"https:\/\/kylinvape.com\/wp-content\/uploads\/2025\/08\/1-1.webp","contentUrl":"https:\/\/kylinvape.com\/wp-content\/uploads\/2025\/08\/1-1.webp","width":384,"height":397,"caption":"Kylin Vape"},"image":{"@id":"https:\/\/lightgoldenrodyellow-wildcat-131089.hostingersite.com\/en\/#\/schema\/logo\/image\/"}}]},"og_availability":"instock","product_availability":"instock","product_condition":"new"},"_links":{"self":[{"href":"https:\/\/kylinvape.com\/de\/wp-json\/wp\/v2\/product\/7817","targetHints":{"allow":["GET"]}}],"collection":[{"href":"https:\/\/kylinvape.com\/de\/wp-json\/wp\/v2\/product"}],"about":[{"href":"https:\/\/kylinvape.com\/de\/wp-json\/wp\/v2\/types\/product"}],"replies":[{"embeddable":true,"href":"https:\/\/kylinvape.com\/de\/wp-json\/wp\/v2\/comments?post=7817"}],"wp:featuredmedia":[{"embeddable":true,"href":"https:\/\/kylinvape.com\/de\/wp-json\/wp\/v2\/media\/7892"}],"wp:attachment":[{"href":"https:\/\/kylinvape.com\/de\/wp-json\/wp\/v2\/media?parent=7817"}],"wp:term":[{"taxonomy":"product_brand","embeddable":true,"href":"https:\/\/kylinvape.com\/de\/wp-json\/wp\/v2\/product_brand?post=7817"},{"taxonomy":"product_cat","embeddable":true,"href":"https:\/\/kylinvape.com\/de\/wp-json\/wp\/v2\/product_cat?post=7817"},{"taxonomy":"product_tag","embeddable":true,"href":"https:\/\/kylinvape.com\/de\/wp-json\/wp\/v2\/product_tag?post=7817"}],"curies":[{"name":"wp","href":"https:\/\/api.w.org\/{rel}","templated":true}]}}