{"id":8116,"date":"2025-09-18T13:24:00","date_gmt":"2025-09-18T13:24:00","guid":{"rendered":"https:\/\/kylinvape.com\/?post_type=product&#038;p=8116"},"modified":"2025-10-12T17:54:54","modified_gmt":"2025-10-12T17:54:54","slug":"elf-box-crystal-bar-600-puffs-disposable-vape-pen-compact-dtl-crystal-e-cigarette","status":"publish","type":"product","link":"https:\/\/kylinvape.com\/de\/product\/elf-box-crystal-bar-600-puffs-disposable-vape-pen-compact-dtl-crystal-e-cigarette\/","title":{"rendered":"ELF BOX Crystal Bar 600 Z\u00fcge Einweg-Vape-Pen \u2013 Kompakte DTL Crystal E-Zigarette"},"content":{"rendered":"<h1>ELF BOX Crystal Bar 600 \u2013 Wiederaufladbares Dampferlebnis in einer kompakten Einweg-E-Zigarette.<\/h1>\n<p data-start=\"1440\" data-end=\"1848\"><strong data-start=\"1467\" data-end=\"1516\">ELF BOX Crystal Bar 600 Z\u00fcge Einweg-E-Zigarette<\/strong> ist f\u00fcr Dampfer konzipiert, die wollen <strong data-start=\"1549\" data-end=\"1589\">Komfort, Geschmack und Portabilit\u00e4t<\/strong>. Mit einem <a href=\"https:\/\/kylinvape.com\/de\/product-category\/types-of-vapes\/crystal-vapes\/\"><strong data-start=\"1598\" data-end=\"1624\">eleganter Kristallbar-Look<\/strong><\/a>, <strong data-start=\"1626\" data-end=\"1642\">2 ml E-Liquid<\/strong>, Und <strong data-start=\"1648\" data-end=\"1675\">eingebauter 500-mAh-Akku<\/strong>, Dieses Ger\u00e4t bietet bis zu <strong data-start=\"1702\" data-end=\"1715\">600 Z\u00fcge<\/strong> pure Zufriedenheit. Erh\u00e4ltlich in <strong data-start=\"1751\" data-end=\"1788\">Nikotinst\u00e4rken 0%, 2% und 5%<\/strong>, Es eignet sich sowohl f\u00fcr Anf\u00e4nger als auch f\u00fcr erfahrene Benutzer.<\/p>\n<div class=\"ast-oembed-container\" style=\"height: 100%;\"><iframe title=\"ELFBOX Crystal 600\" width=\"422\" height=\"750\" src=\"https:\/\/www.youtube.com\/embed\/YfS7pcZ2iS0?feature=oembed\" frameborder=\"0\" allow=\"accelerometer; autoplay; clipboard-write; encrypted-media; gyroscope; picture-in-picture; web-share\" referrerpolicy=\"strict-origin-when-cross-origin\" allowfullscreen><\/iframe><\/div>\n<h2 data-start=\"1850\" data-end=\"1879\">\u2b50 ELF BOX Crystal Bar 600 Z\u00fcge \u2013 Hauptmerkmale<\/h2>\n<ul>\n<li data-start=\"1882\" data-end=\"1947\"><strong data-start=\"1882\" data-end=\"1895\">600 Puffs<\/strong> \u2013 Ideal f\u00fcr den t\u00e4glichen Gebrauch mit einer ausgewogenen Anzahl an Z\u00fcgen.<\/li>\n<li data-start=\"1950\" data-end=\"2015\"><strong data-start=\"1950\" data-end=\"1972\">Kristallbar-Design<\/strong> \u2013 Modisch, kompakt und stilvoll.<\/li>\n<li data-start=\"2018\" data-end=\"2082\"><strong data-start=\"2018\" data-end=\"2045\">2 ml vorgef\u00fclltes E-Liquid<\/strong> \u2013 Mit Premium-Aromen vorbef\u00fcllt.<\/li>\n<li data-start=\"2085\" data-end=\"2151\"><strong data-start=\"2085\" data-end=\"2103\">500-mAh-Akku<\/strong> \u2013 Langlebiger Akku f\u00fcr gleichm\u00e4\u00dfiges Dampfvergn\u00fcgen.<\/li>\n<li data-start=\"2154\" data-end=\"2212\"><strong data-start=\"2154\" data-end=\"2174\">Nikotinoptionen<\/strong> \u2013 0%, 2% oder 5%, je nach Ihren Bed\u00fcrfnissen.<\/li>\n<li data-start=\"2215\" data-end=\"2275\"><strong data-start=\"2215\" data-end=\"2240\">DTL-Dampferfahrung<\/strong> \u2013 Gleichm\u00e4\u00dfiger Luftstrom und reichhaltiger Dampf.<\/li>\n<li data-start=\"2278\" data-end=\"2348\"><strong data-start=\"2278\" data-end=\"2297\">Gro\u00dfhandelsbereit<\/strong> \u2013 Die perfekte Wahl f\u00fcr den europ\u00e4ischen E-Zigarettenvertrieb.<\/li>\n<\/ul>\n<h2 data-start=\"2350\" data-end=\"2380\">\ud83d\udcd0ELF BOX Crystal Bar 600 Z\u00fcge \u2013 Spezifikationen<\/h2>\n<ul>\n<li data-start=\"2383\" data-end=\"2399\"><strong data-start=\"2383\" data-end=\"2393\">Puffs:<\/strong> 600<\/li>\n<li data-start=\"2402\" data-end=\"2429\"><strong data-start=\"2402\" data-end=\"2422\">Spulenwiderstand:<\/strong> 1,6 \u03a9<\/li>\n<li data-start=\"2432\" data-end=\"2460\"><strong data-start=\"2432\" data-end=\"2454\">E-Liquid-Kapazit\u00e4t:<\/strong> 2 ml<\/li>\n<li data-start=\"2463\" data-end=\"2501\"><strong data-start=\"2463\" data-end=\"2486\">Nikotinst\u00e4rken:<\/strong> 0% \/ 2% \/ 5%<\/li>\n<li data-start=\"2504\" data-end=\"2534\"><strong data-start=\"2504\" data-end=\"2525\">Batteriekapazit\u00e4t:<\/strong> 500 mAh<\/li>\n<li data-start=\"2537\" data-end=\"2554\"><strong data-start=\"2537\" data-end=\"2548\">Gewicht:<\/strong> 38 g<\/li>\n<li data-start=\"2557\" data-end=\"2584\"><strong data-start=\"2557\" data-end=\"2566\">Gr\u00f6\u00dfe:<\/strong> 25 \u00d7 25 \u00d7 126 mm<\/li>\n<li data-start=\"2587\" data-end=\"2623\"><strong data-start=\"2587\" data-end=\"2603\">Kartongr\u00f6\u00dfe:<\/strong> 575 \u00d7 280 \u00d7 275 mm<\/li>\n<li data-start=\"2626\" data-end=\"2665\"><strong data-start=\"2626\" data-end=\"2638\">Verpackung:<\/strong> 10 St\u00fcck\/Box, 400 St\u00fcck\/Karton<\/li>\n<li data-start=\"2668\" data-end=\"2687\"><strong data-start=\"2668\" data-end=\"2677\">GW:<\/strong> 17,52 kg<\/li>\n<\/ul>\n<h2 data-start=\"2689\" data-end=\"2722\">\ud83c\udf53 ELF BOX Crystal Bar 600 Z\u00fcge - Verf\u00fcgbare Geschmacksrichtungen<\/h2>\n<ul>\n<li data-start=\"2726\" data-end=\"2742\">Wassermeloneneis<\/li>\n<li data-start=\"2746\" data-end=\"2757\">Traubeneis<\/li>\n<li data-start=\"2761\" data-end=\"2777\">Erdbeereis<\/li>\n<li data-start=\"2781\" data-end=\"2793\">Kirscheis<\/li>\n<li data-start=\"2797\" data-end=\"2812\">Blaubeereis<\/li>\n<li data-start=\"2816\" data-end=\"2829\">Gemischte Beeren<\/li>\n<li data-start=\"2833\" data-end=\"2856\">Erdbeere Wassermelone<\/li>\n<li data-start=\"2860\" data-end=\"2871\">Blaue Himbeere<\/li>\n<li data-start=\"2875\" data-end=\"2886\">Pfirsicheis<\/li>\n<li data-start=\"2891\" data-end=\"2911\">Kiwi-Passionsfrucht<\/li>\n<\/ul>\n<hr data-start=\"2913\" data-end=\"2916\">\n<h2 data-start=\"2918\" data-end=\"2930\">H\u00e4ufig gestellte Fragen<\/h2>\n<ul>\n<li><strong data-start=\"2932\" data-end=\"2996\">Frage 1: Wie viele Z\u00fcge liefert die ELF BOX Crystal Bar 600?<\/strong><br data-start=\"2996\" data-end=\"2999\">A1: Es liefert bis zu <strong data-start=\"3021\" data-end=\"3034\">600 Z\u00fcge<\/strong>, Dadurch ist es ein kompaktes und dennoch befriedigendes Dampferlebnis.<\/li>\n<li><strong data-start=\"3080\" data-end=\"3123\">Frage 2: Welche Nikotinst\u00e4rken sind erh\u00e4ltlich?<\/strong><br data-start=\"3123\" data-end=\"3126\">A2: Sie k\u00f6nnen w\u00e4hlen zwischen <strong data-start=\"3153\" data-end=\"3180\">0%, 2% und 5% Nikotin<\/strong> je nach Ihren Vorlieben.<\/li>\n<li><strong data-start=\"3214\" data-end=\"3262\">Frage 3: Ist der ELF BOX Crystal Bar wiederaufladbar?<\/strong><br data-start=\"3262\" data-end=\"3265\">A3: Nein, es ist ein <strong data-start=\"3281\" data-end=\"3300\">Einweg-E-Zigarette<\/strong> Konzipiert f\u00fcr den einmaligen Gebrauch, bietet aber ein gleichbleibendes Erlebnis \u00e4hnlich wie wiederaufladbare E-Zigaretten.<\/li>\n<li><strong data-start=\"3397\" data-end=\"3446\">Frage 4: Was macht das Design der Crystal Bar so einzigartig?<\/strong><br data-start=\"3446\" data-end=\"3449\">A4: Die <strong data-start=\"3457\" data-end=\"3487\">transparentes Kristall-Design<\/strong> ist nicht nur stilvoll, sondern auch leicht und tragbar.<\/li>\n<li><strong data-start=\"3546\" data-end=\"3596\">Frage 5: Kann ich ELF BOX Crystal Bar 600 in gro\u00dfen Mengen kaufen?<\/strong><br data-start=\"3596\" data-end=\"3599\">A5: Ja, wir bieten an <strong data-start=\"3617\" data-end=\"3659\">E-Zigaretten-Gro\u00dfhandel in Europa und weltweit<\/strong> f\u00fcr Distributoren und Einzelh\u00e4ndler.<\/li>\n<\/ul>","protected":false},"excerpt":{"rendered":"<p><strong data-start=\"1153\" data-end=\"1196\">ELF BOX Crystal Bar 600 Einweg-E-Zigarette<\/strong> liefert <strong data-start=\"1206\" data-end=\"1226\">600 sanfte Z\u00fcge<\/strong> mit einem <strong data-start=\"1234\" data-end=\"1265\">2 ml vorgef\u00fcllter E-Liquid-Pod<\/strong> Und <strong data-start=\"1270\" data-end=\"1288\">500-mAh-Akku<\/strong>. Mit einem eleganten Kristallbarren-Design, kompakter Gr\u00f6\u00dfe und <strong data-start=\"1348\" data-end=\"1373\">10 erfrischende Geschmacksrichtungen<\/strong>, Es ist der ideale Vape-Pen f\u00fcr den t\u00e4glichen Gebrauch.<\/p>","protected":false},"featured_media":8181,"comment_status":"open","ping_status":"closed","template":"","meta":{"site-sidebar-layout":"default","site-content-layout":"","ast-site-content-layout":"default","site-content-style":"default","site-sidebar-style":"default","ast-global-header-display":"","ast-banner-title-visibility":"","ast-main-header-display":"","ast-hfb-above-header-display":"","ast-hfb-below-header-display":"","ast-hfb-mobile-header-display":"","site-post-title":"","ast-breadcrumbs-content":"","ast-featured-img":"","footer-sml-layout":"","ast-disable-related-posts":"","theme-transparent-header-meta":"default","adv-header-id-meta":"","stick-header-meta":"default","header-above-stick-meta":"","header-main-stick-meta":"","header-below-stick-meta":"","astra-migrate-meta-layouts":"set","ast-page-background-enabled":"default","ast-page-background-meta":{"desktop":{"background-color":"","background-image":"","background-repeat":"repeat","background-position":"center center","background-size":"auto","background-attachment":"scroll","background-type":"","background-media":"","overlay-type":"","overlay-color":"","overlay-opacity":"","overlay-gradient":""},"tablet":{"background-color":"","background-image":"","background-repeat":"repeat","background-position":"center center","background-size":"auto","background-attachment":"scroll","background-type":"","background-media":"","overlay-type":"","overlay-color":"","overlay-opacity":"","overlay-gradient":""},"mobile":{"background-color":"","background-image":"","background-repeat":"repeat","background-position":"center center","background-size":"auto","background-attachment":"scroll","background-type":"","background-media":"","overlay-type":"","overlay-color":"","overlay-opacity":"","overlay-gradient":""}},"ast-content-background-meta":{"desktop":{"background-color":"var(--ast-global-color-5)","background-image":"","background-repeat":"repeat","background-position":"center center","background-size":"auto","background-attachment":"scroll","background-type":"","background-media":"","overlay-type":"","overlay-color":"","overlay-opacity":"","overlay-gradient":""},"tablet":{"background-color":"var(--ast-global-color-5)","background-image":"","background-repeat":"repeat","background-position":"center center","background-size":"auto","background-attachment":"scroll","background-type":"","background-media":"","overlay-type":"","overlay-color":"","overlay-opacity":"","overlay-gradient":""},"mobile":{"background-color":"var(--ast-global-color-5)","background-image":"","background-repeat":"repeat","background-position":"center center","background-size":"auto","background-attachment":"scroll","background-type":"","background-media":"","overlay-type":"","overlay-color":"","overlay-opacity":"","overlay-gradient":""}}},"product_brand":[],"product_cat":[128,126,123,118,117,121,120,124,125,119,122,98,277,129],"product_tag":[260,166,151,152,153],"class_list":{"0":"post-8116","1":"product","2":"type-product","3":"status-publish","4":"has-post-thumbnail","6":"product_cat-crystal-vapes","7":"product_cat-disposable-vapes-in-austria","8":"product_cat-disposable-vapes-in-belgium","9":"product_cat-disposable-vapes-in-france","10":"product_cat-disposable-vapes-in-germany","11":"product_cat-disposable-vapes-in-italy","12":"product_cat-disposable-vapes-in-netherlands","13":"product_cat-disposable-vapes-in-poland","14":"product_cat-disposable-vapes-in-portugal","15":"product_cat-disposable-vapes-in-spain","16":"product_cat-disposable-vapes-in-sweden","17":"product_cat-elfbox-vape","18":"product_cat-mini-puff-vapes","19":"product_cat-vape-pen","20":"product_tag-crystal-bar","21":"product_tag-dtl-vape","22":"product_tag-handy-vape","23":"product_tag-smart-vape","24":"product_tag-vape-wholesale","25":"desktop-align-center","26":"tablet-align-center","27":"mobile-align-center","28":"ast-product-gallery-layout-horizontal-slider","29":"ast-product-single-variable","30":"ast-product-tabs-layout-horizontal","32":"first","33":"instock","34":"sale","35":"shipping-taxable","36":"purchasable","37":"product-type-variable"},"yoast_head":"<!-- This site is optimized with the Yoast SEO Premium plugin v26.0 (Yoast SEO v27.4) - https:\/\/yoast.com\/product\/yoast-seo-premium-wordpress\/ -->\n<title>ELF BOX Crystal Bar 600 Puffs Disposable Vape | Crystal Bar E-Cigarette Pen<\/title>\n<meta name=\"description\" content=\"ELF BOX Crystal Bar 600 disposable vape with 600 puffs, 2ml e-liquid, and a 500mAh battery. Stylish crystal design, available in 10 fruity flavors like Watermelon Ice, Blueberry Ice, and Kiwi Passion Fruit. Perfect DTL vape choice for beginners and experienced vapers.\" \/>\n<meta name=\"robots\" content=\"index, follow, max-snippet:-1, max-image-preview:large, max-video-preview:-1\" \/>\n<link rel=\"canonical\" href=\"https:\/\/kylinvape.com\/de\/product\/elf-box-crystal-bar-600-puffs-disposable-vape-pen-compact-dtl-crystal-e-cigarette\/\" \/>\n<meta property=\"og:locale\" content=\"de_DE\" \/>\n<meta property=\"og:type\" content=\"article\" \/>\n<meta property=\"og:title\" content=\"ELF BOX Crystal Bar 600 Puffs Disposable Vape Pen \u2013 Compact DTL Crystal E-Cigarette\" \/>\n<meta property=\"og:description\" content=\"ELF BOX Crystal Bar 600 disposable vape with 600 puffs, 2ml e-liquid, and a 500mAh battery. Stylish crystal design, available in 10 fruity flavors like Watermelon Ice, Blueberry Ice, and Kiwi Passion Fruit. Perfect DTL vape choice for beginners and experienced vapers.\" \/>\n<meta property=\"og:url\" content=\"https:\/\/kylinvape.com\/de\/product\/elf-box-crystal-bar-600-puffs-disposable-vape-pen-compact-dtl-crystal-e-cigarette\/\" \/>\n<meta property=\"og:site_name\" content=\"Kylin Vape\" \/>\n<meta property=\"article:modified_time\" content=\"2025-10-12T17:54:54+00:00\" \/>\n<meta property=\"og:image\" content=\"https:\/\/kylinvape.com\/wp-content\/uploads\/2025\/09\/STRAWBERRY-ICE-3.webp\" \/>\n\t<meta property=\"og:image:width\" content=\"1000\" \/>\n\t<meta property=\"og:image:height\" content=\"1000\" \/>\n\t<meta property=\"og:image:type\" content=\"image\/webp\" \/>\n<meta name=\"twitter:card\" content=\"summary_large_image\" \/>\n<meta name=\"twitter:label1\" content=\"Verf\u00fcgbarkeit\" \/>\n\t<meta name=\"twitter:data1\" content=\"Auf Lager\" \/>\n<script type=\"application\/ld+json\" class=\"yoast-schema-graph\">{\"@context\":\"https:\\\/\\\/schema.org\",\"@graph\":[{\"@type\":\"WebPage\",\"@id\":\"https:\\\/\\\/kylinvape.com\\\/product\\\/elf-box-crystal-bar-600-puffs-disposable-vape-pen-compact-dtl-crystal-e-cigarette\\\/\",\"url\":\"https:\\\/\\\/kylinvape.com\\\/product\\\/elf-box-crystal-bar-600-puffs-disposable-vape-pen-compact-dtl-crystal-e-cigarette\\\/\",\"name\":\"ELF BOX Crystal Bar 600 Puffs Disposable Vape | Crystal Bar E-Cigarette Pen\",\"isPartOf\":{\"@id\":\"https:\\\/\\\/lightgoldenrodyellow-wildcat-131089.hostingersite.com\\\/en\\\/#website\"},\"primaryImageOfPage\":{\"@id\":\"https:\\\/\\\/kylinvape.com\\\/product\\\/elf-box-crystal-bar-600-puffs-disposable-vape-pen-compact-dtl-crystal-e-cigarette\\\/#primaryimage\"},\"image\":{\"@id\":\"https:\\\/\\\/kylinvape.com\\\/product\\\/elf-box-crystal-bar-600-puffs-disposable-vape-pen-compact-dtl-crystal-e-cigarette\\\/#primaryimage\"},\"thumbnailUrl\":\"https:\\\/\\\/kylinvape.com\\\/wp-content\\\/uploads\\\/2025\\\/09\\\/STRAWBERRY-ICE-3.webp\",\"datePublished\":\"2025-09-18T13:24:00+00:00\",\"dateModified\":\"2025-10-12T17:54:54+00:00\",\"description\":\"ELF BOX Crystal Bar 600 disposable vape with 600 puffs, 2ml e-liquid, and a 500mAh battery. Stylish crystal design, available in 10 fruity flavors like Watermelon Ice, Blueberry Ice, and Kiwi Passion Fruit. Perfect DTL vape choice for beginners and experienced vapers.\",\"breadcrumb\":{\"@id\":\"https:\\\/\\\/kylinvape.com\\\/product\\\/elf-box-crystal-bar-600-puffs-disposable-vape-pen-compact-dtl-crystal-e-cigarette\\\/#breadcrumb\"},\"inLanguage\":\"de\",\"potentialAction\":[{\"@type\":\"ReadAction\",\"target\":[\"https:\\\/\\\/kylinvape.com\\\/product\\\/elf-box-crystal-bar-600-puffs-disposable-vape-pen-compact-dtl-crystal-e-cigarette\\\/\"]}]},{\"@type\":\"ImageObject\",\"inLanguage\":\"de\",\"@id\":\"https:\\\/\\\/kylinvape.com\\\/product\\\/elf-box-crystal-bar-600-puffs-disposable-vape-pen-compact-dtl-crystal-e-cigarette\\\/#primaryimage\",\"url\":\"https:\\\/\\\/kylinvape.com\\\/wp-content\\\/uploads\\\/2025\\\/09\\\/STRAWBERRY-ICE-3.webp\",\"contentUrl\":\"https:\\\/\\\/kylinvape.com\\\/wp-content\\\/uploads\\\/2025\\\/09\\\/STRAWBERRY-ICE-3.webp\",\"width\":1000,\"height\":1000,\"caption\":\"ELF BOX Crystal Bar 600 fruity flavors disposable e-cigarette\"},{\"@type\":\"BreadcrumbList\",\"@id\":\"https:\\\/\\\/kylinvape.com\\\/product\\\/elf-box-crystal-bar-600-puffs-disposable-vape-pen-compact-dtl-crystal-e-cigarette\\\/#breadcrumb\",\"itemListElement\":[{\"@type\":\"ListItem\",\"position\":1,\"name\":\"Home\",\"item\":\"https:\\\/\\\/lightgoldenrodyellow-wildcat-131089.hostingersite.com\\\/en\\\/\"},{\"@type\":\"ListItem\",\"position\":2,\"name\":\"Shop\",\"item\":\"https:\\\/\\\/lightgoldenrodyellow-wildcat-131089.hostingersite.com\\\/en\\\/shop\\\/\"},{\"@type\":\"ListItem\",\"position\":3,\"name\":\"ELF BOX Crystal Bar 600 Puffs Disposable Vape Pen \u2013 Compact DTL Crystal E-Cigarette\"}]},{\"@type\":\"WebSite\",\"@id\":\"https:\\\/\\\/lightgoldenrodyellow-wildcat-131089.hostingersite.com\\\/en\\\/#website\",\"url\":\"https:\\\/\\\/lightgoldenrodyellow-wildcat-131089.hostingersite.com\\\/en\\\/\",\"name\":\"Kylin Vape\",\"description\":\"Kylin Vape\",\"publisher\":{\"@id\":\"https:\\\/\\\/lightgoldenrodyellow-wildcat-131089.hostingersite.com\\\/en\\\/#organization\"},\"potentialAction\":[{\"@type\":\"SearchAction\",\"target\":{\"@type\":\"EntryPoint\",\"urlTemplate\":\"https:\\\/\\\/lightgoldenrodyellow-wildcat-131089.hostingersite.com\\\/en\\\/?s={search_term_string}\"},\"query-input\":{\"@type\":\"PropertyValueSpecification\",\"valueRequired\":true,\"valueName\":\"search_term_string\"}}],\"inLanguage\":\"de\"},{\"@type\":\"Organization\",\"@id\":\"https:\\\/\\\/lightgoldenrodyellow-wildcat-131089.hostingersite.com\\\/en\\\/#organization\",\"name\":\"Kylin Vape\",\"url\":\"https:\\\/\\\/lightgoldenrodyellow-wildcat-131089.hostingersite.com\\\/en\\\/\",\"logo\":{\"@type\":\"ImageObject\",\"inLanguage\":\"de\",\"@id\":\"https:\\\/\\\/lightgoldenrodyellow-wildcat-131089.hostingersite.com\\\/en\\\/#\\\/schema\\\/logo\\\/image\\\/\",\"url\":\"https:\\\/\\\/kylinvape.com\\\/wp-content\\\/uploads\\\/2025\\\/08\\\/1-1.webp\",\"contentUrl\":\"https:\\\/\\\/kylinvape.com\\\/wp-content\\\/uploads\\\/2025\\\/08\\\/1-1.webp\",\"width\":384,\"height\":397,\"caption\":\"Kylin Vape\"},\"image\":{\"@id\":\"https:\\\/\\\/lightgoldenrodyellow-wildcat-131089.hostingersite.com\\\/en\\\/#\\\/schema\\\/logo\\\/image\\\/\"}}]}<\/script>\n<meta property=\"og:availability\" content=\"instock\" \/>\n<meta property=\"product:availability\" content=\"instock\" \/>\n<meta property=\"product:condition\" content=\"new\" \/>\n<!-- \/ Yoast SEO Premium plugin. -->","yoast_head_json":{"title":"ELF BOX Crystal Bar Einweg-Vape f\u00fcr 600 Z\u00fcge | Crystal Bar E-Zigaretten-Stift","description":"Die ELF BOX Crystal Bar 600 ist eine Einweg-E-Zigarette mit 600 Z\u00fcgen, 2 ml E-Liquid und einem 500-mAh-Akku. Ihr stylisches Kristall-Design ist in 10 fruchtigen Geschmacksrichtungen wie Wassermeloneneis, Blaubeereis und Kiwi-Passionsfrucht erh\u00e4ltlich. Die perfekte Wahl f\u00fcr Einsteiger und erfahrene Dampfer im Direkt-zu-Lunge-Modus.","robots":{"index":"index","follow":"follow","max-snippet":"max-snippet:-1","max-image-preview":"max-image-preview:large","max-video-preview":"max-video-preview:-1"},"canonical":"https:\/\/kylinvape.com\/de\/product\/elf-box-crystal-bar-600-puffs-disposable-vape-pen-compact-dtl-crystal-e-cigarette\/","og_locale":"de_DE","og_type":"article","og_title":"ELF BOX Crystal Bar 600 Puffs Disposable Vape Pen \u2013 Compact DTL Crystal E-Cigarette","og_description":"ELF BOX Crystal Bar 600 disposable vape with 600 puffs, 2ml e-liquid, and a 500mAh battery. Stylish crystal design, available in 10 fruity flavors like Watermelon Ice, Blueberry Ice, and Kiwi Passion Fruit. Perfect DTL vape choice for beginners and experienced vapers.","og_url":"https:\/\/kylinvape.com\/de\/product\/elf-box-crystal-bar-600-puffs-disposable-vape-pen-compact-dtl-crystal-e-cigarette\/","og_site_name":"Kylin Vape","article_modified_time":"2025-10-12T17:54:54+00:00","og_image":[{"width":1000,"height":1000,"url":"https:\/\/kylinvape.com\/wp-content\/uploads\/2025\/09\/STRAWBERRY-ICE-3.webp","type":"image\/webp"}],"twitter_card":"summary_large_image","twitter_misc":{"Verf\u00fcgbarkeit":"Auf Lager"},"schema":{"@context":"https:\/\/schema.org","@graph":[{"@type":"WebPage","@id":"https:\/\/kylinvape.com\/product\/elf-box-crystal-bar-600-puffs-disposable-vape-pen-compact-dtl-crystal-e-cigarette\/","url":"https:\/\/kylinvape.com\/product\/elf-box-crystal-bar-600-puffs-disposable-vape-pen-compact-dtl-crystal-e-cigarette\/","name":"ELF BOX Crystal Bar Einweg-Vape f\u00fcr 600 Z\u00fcge | Crystal Bar E-Zigaretten-Stift","isPartOf":{"@id":"https:\/\/lightgoldenrodyellow-wildcat-131089.hostingersite.com\/en\/#website"},"primaryImageOfPage":{"@id":"https:\/\/kylinvape.com\/product\/elf-box-crystal-bar-600-puffs-disposable-vape-pen-compact-dtl-crystal-e-cigarette\/#primaryimage"},"image":{"@id":"https:\/\/kylinvape.com\/product\/elf-box-crystal-bar-600-puffs-disposable-vape-pen-compact-dtl-crystal-e-cigarette\/#primaryimage"},"thumbnailUrl":"https:\/\/kylinvape.com\/wp-content\/uploads\/2025\/09\/STRAWBERRY-ICE-3.webp","datePublished":"2025-09-18T13:24:00+00:00","dateModified":"2025-10-12T17:54:54+00:00","description":"Die ELF BOX Crystal Bar 600 ist eine Einweg-E-Zigarette mit 600 Z\u00fcgen, 2 ml E-Liquid und einem 500-mAh-Akku. Ihr stylisches Kristall-Design ist in 10 fruchtigen Geschmacksrichtungen wie Wassermeloneneis, Blaubeereis und Kiwi-Passionsfrucht erh\u00e4ltlich. Die perfekte Wahl f\u00fcr Einsteiger und erfahrene Dampfer im Direkt-zu-Lunge-Modus.","breadcrumb":{"@id":"https:\/\/kylinvape.com\/product\/elf-box-crystal-bar-600-puffs-disposable-vape-pen-compact-dtl-crystal-e-cigarette\/#breadcrumb"},"inLanguage":"de","potentialAction":[{"@type":"ReadAction","target":["https:\/\/kylinvape.com\/product\/elf-box-crystal-bar-600-puffs-disposable-vape-pen-compact-dtl-crystal-e-cigarette\/"]}]},{"@type":"ImageObject","inLanguage":"de","@id":"https:\/\/kylinvape.com\/product\/elf-box-crystal-bar-600-puffs-disposable-vape-pen-compact-dtl-crystal-e-cigarette\/#primaryimage","url":"https:\/\/kylinvape.com\/wp-content\/uploads\/2025\/09\/STRAWBERRY-ICE-3.webp","contentUrl":"https:\/\/kylinvape.com\/wp-content\/uploads\/2025\/09\/STRAWBERRY-ICE-3.webp","width":1000,"height":1000,"caption":"ELF BOX Crystal Bar 600 fruity flavors disposable e-cigarette"},{"@type":"BreadcrumbList","@id":"https:\/\/kylinvape.com\/product\/elf-box-crystal-bar-600-puffs-disposable-vape-pen-compact-dtl-crystal-e-cigarette\/#breadcrumb","itemListElement":[{"@type":"ListItem","position":1,"name":"Home","item":"https:\/\/lightgoldenrodyellow-wildcat-131089.hostingersite.com\/en\/"},{"@type":"ListItem","position":2,"name":"Shop","item":"https:\/\/lightgoldenrodyellow-wildcat-131089.hostingersite.com\/en\/shop\/"},{"@type":"ListItem","position":3,"name":"ELF BOX Crystal Bar 600 Puffs Disposable Vape Pen \u2013 Compact DTL Crystal E-Cigarette"}]},{"@type":"WebSite","@id":"https:\/\/lightgoldenrodyellow-wildcat-131089.hostingersite.com\/en\/#website","url":"https:\/\/lightgoldenrodyellow-wildcat-131089.hostingersite.com\/en\/","name":"Kylin Vape","description":"Kylin Vape","publisher":{"@id":"https:\/\/lightgoldenrodyellow-wildcat-131089.hostingersite.com\/en\/#organization"},"potentialAction":[{"@type":"SearchAction","target":{"@type":"EntryPoint","urlTemplate":"https:\/\/lightgoldenrodyellow-wildcat-131089.hostingersite.com\/en\/?s={search_term_string}"},"query-input":{"@type":"PropertyValueSpecification","valueRequired":true,"valueName":"search_term_string"}}],"inLanguage":"de"},{"@type":"Organization","@id":"https:\/\/lightgoldenrodyellow-wildcat-131089.hostingersite.com\/en\/#organization","name":"Kylin Vape","url":"https:\/\/lightgoldenrodyellow-wildcat-131089.hostingersite.com\/en\/","logo":{"@type":"ImageObject","inLanguage":"de","@id":"https:\/\/lightgoldenrodyellow-wildcat-131089.hostingersite.com\/en\/#\/schema\/logo\/image\/","url":"https:\/\/kylinvape.com\/wp-content\/uploads\/2025\/08\/1-1.webp","contentUrl":"https:\/\/kylinvape.com\/wp-content\/uploads\/2025\/08\/1-1.webp","width":384,"height":397,"caption":"Kylin Vape"},"image":{"@id":"https:\/\/lightgoldenrodyellow-wildcat-131089.hostingersite.com\/en\/#\/schema\/logo\/image\/"}}]},"og_availability":"instock","product_availability":"instock","product_condition":"new"},"_links":{"self":[{"href":"https:\/\/kylinvape.com\/de\/wp-json\/wp\/v2\/product\/8116","targetHints":{"allow":["GET"]}}],"collection":[{"href":"https:\/\/kylinvape.com\/de\/wp-json\/wp\/v2\/product"}],"about":[{"href":"https:\/\/kylinvape.com\/de\/wp-json\/wp\/v2\/types\/product"}],"replies":[{"embeddable":true,"href":"https:\/\/kylinvape.com\/de\/wp-json\/wp\/v2\/comments?post=8116"}],"wp:featuredmedia":[{"embeddable":true,"href":"https:\/\/kylinvape.com\/de\/wp-json\/wp\/v2\/media\/8181"}],"wp:attachment":[{"href":"https:\/\/kylinvape.com\/de\/wp-json\/wp\/v2\/media?parent=8116"}],"wp:term":[{"taxonomy":"product_brand","embeddable":true,"href":"https:\/\/kylinvape.com\/de\/wp-json\/wp\/v2\/product_brand?post=8116"},{"taxonomy":"product_cat","embeddable":true,"href":"https:\/\/kylinvape.com\/de\/wp-json\/wp\/v2\/product_cat?post=8116"},{"taxonomy":"product_tag","embeddable":true,"href":"https:\/\/kylinvape.com\/de\/wp-json\/wp\/v2\/product_tag?post=8116"}],"curies":[{"name":"wp","href":"https:\/\/api.w.org\/{rel}","templated":true}]}}