{"id":8461,"date":"2025-09-19T16:56:33","date_gmt":"2025-09-19T16:56:33","guid":{"rendered":"https:\/\/kylinvape.com\/?post_type=product&#038;p=8461"},"modified":"2025-10-12T19:07:54","modified_gmt":"2025-10-12T19:07:54","slug":"al-fakher-10ml-20mg-e-liquid","status":"publish","type":"product","link":"https:\/\/kylinvape.com\/de\/product\/al-fakher-10ml-20mg-e-liquid\/","title":{"rendered":"Al Fakher 10ml E-Liquid 20mg Nikotin \u2013 Premium-E-Liquid mit 31 Geschmacksrichtungen"},"content":{"rendered":"<h2 data-start=\"1158\" data-end=\"1189\">\u2728 <strong data-start=\"2666\" data-end=\"2734\">Al Fakher 10ml E-Liquid <\/strong>Hauptmerkmale<\/h2>\n<ul data-start=\"1190\" data-end=\"1807\">\n<li data-start=\"1190\" data-end=\"1266\">\n<p data-start=\"1192\" data-end=\"1266\"><strong data-start=\"1192\" data-end=\"1209\">Vertrauensw\u00fcrdige Marke<\/strong>: Aus <strong data-start=\"1216\" data-end=\"1229\">Al Fakher<\/strong>, eine weltweit anerkannte E-Zigarettenmarke.<\/p>\n<\/li>\n<li data-start=\"1267\" data-end=\"1343\">\n<p data-start=\"1269\" data-end=\"1343\"><strong data-start=\"1269\" data-end=\"1290\">Nikotinst\u00e4rke<\/strong>: 20 mg Nikotin f\u00fcr ein starkes, aber dennoch sanftes Throat Hit.<\/p>\n<\/li>\n<li data-start=\"1344\" data-end=\"1407\">\n<p data-start=\"1346\" data-end=\"1407\"><strong data-start=\"1346\" data-end=\"1365\">Premiumqualit\u00e4t<\/strong>Gleichbleibender Geschmack und gleichbleibende Dampfproduktion.<\/p>\n<\/li>\n<li data-start=\"1408\" data-end=\"1471\">\n<p data-start=\"1410\" data-end=\"1471\"><strong data-start=\"1410\" data-end=\"1431\">Breites Geschmacksspektrum<\/strong>: W\u00e4hlen Sie aus <strong data-start=\"1445\" data-end=\"1468\">31 aufregende Geschmacksrichtungen<\/strong>.<\/p>\n<\/li>\n<li data-start=\"1472\" data-end=\"1540\">\n<p data-start=\"1474\" data-end=\"1540\"><strong data-start=\"1474\" data-end=\"1493\">Praktische Gr\u00f6\u00dfe<\/strong>Kompakte 10-ml-Flasche, perfekt f\u00fcr den t\u00e4glichen Gebrauch.<\/p>\n<\/li>\n<li data-start=\"1541\" data-end=\"1627\">\n<p data-start=\"1543\" data-end=\"1627\"><strong data-start=\"1543\" data-end=\"1567\">Ger\u00e4tekompatibilit\u00e4t<\/strong>Geeignet f\u00fcr die meisten <strong data-start=\"1587\" data-end=\"1624\">E-Zigaretten, Vape-Kits und Pods<\/strong>.<\/p>\n<\/li>\n<li data-start=\"1628\" data-end=\"1728\">\n<p data-start=\"1630\" data-end=\"1728\"><strong data-start=\"1630\" data-end=\"1651\">Verf\u00fcgbare Optionen<\/strong>: Beide <strong data-start=\"1658\" data-end=\"1684\">E-Liquid mit Nikotin<\/strong> Und <strong data-start=\"1689\" data-end=\"1715\">nikotinfreies E-Liquid<\/strong> verf\u00fcgbar.<\/p>\n<\/li>\n<li data-start=\"1729\" data-end=\"1807\">\n<p data-start=\"1731\" data-end=\"1807\"><strong data-start=\"1731\" data-end=\"1753\">Gro\u00dfhandelsfreundlich<\/strong>Ideal f\u00fcr <strong data-start=\"1765\" data-end=\"1790\">Europ\u00e4ischer Vape-Gro\u00dfhandel<\/strong> und Einzelh\u00e4ndler.<\/p>\n<\/li>\n<\/ul>\n<hr data-start=\"1809\" data-end=\"1812\">\n<h2 data-start=\"1814\" data-end=\"1837\">\ud83d\udccb <strong data-start=\"2666\" data-end=\"2734\">Al Fakher 10ml E-Liquid <\/strong>Spezifikationen<\/h2>\n<ul data-start=\"1838\" data-end=\"2009\">\n<li data-start=\"1838\" data-end=\"1862\">\n<p data-start=\"1840\" data-end=\"1862\"><strong data-start=\"1840\" data-end=\"1849\">Marke<\/strong>Al Fakher<\/p>\n<\/li>\n<li data-start=\"1863\" data-end=\"1888\">\n<p data-start=\"1865\" data-end=\"1888\"><strong data-start=\"1865\" data-end=\"1880\">Flaschengr\u00f6\u00dfe<\/strong>10 ml<\/p>\n<\/li>\n<li data-start=\"1889\" data-end=\"1920\">\n<p data-start=\"1891\" data-end=\"1920\"><strong data-start=\"1891\" data-end=\"1912\">Nikotinst\u00e4rke<\/strong>20 mg<\/p>\n<\/li>\n<li data-start=\"1921\" data-end=\"1951\">\n<p data-start=\"1923\" data-end=\"1951\"><strong data-start=\"1923\" data-end=\"1934\">Aromen<\/strong>31 Variationen<\/p>\n<\/li>\n<li data-start=\"1952\" data-end=\"2009\">\n<p data-start=\"1954\" data-end=\"2009\"><strong data-start=\"1954\" data-end=\"1962\">Typ<\/strong>E-Zigaretten-Fl\u00fcssigkeit (E-Liquid mit Nikotin)<\/p>\n<\/li>\n<\/ul>\n<hr data-start=\"2011\" data-end=\"2014\">\n<h2 data-start=\"2016\" data-end=\"2054\">\ud83c\udf53 Geschmacksoptionen<\/h2>\n<ol>\n<li data-start=\"2059\" data-end=\"2074\">\n<p data-start=\"2062\" data-end=\"2074\">Beerenblau<\/p>\n<\/li>\n<li data-start=\"2075\" data-end=\"2089\">\n<p data-start=\"2078\" data-end=\"2089\">Beereneis<\/p>\n<\/li>\n<li data-start=\"2090\" data-end=\"2111\">\n<p data-start=\"2093\" data-end=\"2111\">Schwarze Johannisbeere Eis<\/p>\n<\/li>\n<li data-start=\"2112\" data-end=\"2134\">\n<p data-start=\"2115\" data-end=\"2134\">Schwarze Johannisbeere Minze<\/p>\n<\/li>\n<li data-start=\"2135\" data-end=\"2158\">\n<p data-start=\"2138\" data-end=\"2158\">Blaue Himbeerlimonade<\/p>\n<\/li>\n<li data-start=\"2159\" data-end=\"2177\">\n<p data-start=\"2162\" data-end=\"2177\">Blaubeerkaugummi<\/p>\n<\/li>\n<li data-start=\"2178\" data-end=\"2202\">\n<p data-start=\"2181\" data-end=\"2202\">Blaubeere Himbeere<\/p>\n<\/li>\n<li data-start=\"2203\" data-end=\"2232\">\n<p data-start=\"2206\" data-end=\"2232\">Blaubeere Saure Himbeere<\/p>\n<\/li>\n<li data-start=\"2233\" data-end=\"2251\">\n<p data-start=\"2236\" data-end=\"2251\">Kirschfest<\/p>\n<\/li>\n<li data-start=\"2252\" data-end=\"2269\">\n<p data-start=\"2256\" data-end=\"2269\">Kirsch-Brause<\/p>\n<\/li>\n<li data-start=\"2270\" data-end=\"2286\">\n<p data-start=\"2274\" data-end=\"2286\">Kirscheis<\/p>\n<\/li>\n<li data-start=\"2287\" data-end=\"2303\">\n<p data-start=\"2291\" data-end=\"2303\">Coole Mango<\/p>\n<\/li>\n<li data-start=\"2304\" data-end=\"2320\">\n<p data-start=\"2308\" data-end=\"2320\">Traubenminze<\/p>\n<\/li>\n<li data-start=\"2321\" data-end=\"2335\">\n<p data-start=\"2325\" data-end=\"2335\">Kaugummi Minze<\/p>\n<\/li>\n<li data-start=\"2336\" data-end=\"2347\">\n<p data-start=\"2340\" data-end=\"2347\">Hubba<\/p>\n<\/li>\n<li data-start=\"2348\" data-end=\"2364\">\n<p data-start=\"2352\" data-end=\"2364\">Zitrone-Limette<\/p>\n<\/li>\n<li data-start=\"2365\" data-end=\"2381\">\n<p data-start=\"2369\" data-end=\"2381\">Zitronenminze<\/p>\n<\/li>\n<li data-start=\"2382\" data-end=\"2396\">\n<p data-start=\"2386\" data-end=\"2396\">\u00dcppiges Eis<\/p>\n<\/li>\n<li data-start=\"2397\" data-end=\"2413\">\n<p data-start=\"2401\" data-end=\"2413\">Magische Liebe<\/p>\n<\/li>\n<li data-start=\"2414\" data-end=\"2435\">\n<p data-start=\"2418\" data-end=\"2435\">Mango Ananas<\/p>\n<\/li>\n<li data-start=\"2436\" data-end=\"2449\">\n<p data-start=\"2440\" data-end=\"2449\">Menthol<\/p>\n<\/li>\n<li data-start=\"2450\" data-end=\"2467\">\n<p data-start=\"2454\" data-end=\"2467\">Gemischte Beeren<\/p>\n<\/li>\n<li data-start=\"2468\" data-end=\"2485\">\n<p data-start=\"2472\" data-end=\"2485\">Orange Minze<\/p>\n<\/li>\n<li data-start=\"2486\" data-end=\"2501\">\n<p data-start=\"2490\" data-end=\"2501\">Pfirsicheis<\/p>\n<\/li>\n<li data-start=\"2502\" data-end=\"2521\">\n<p data-start=\"2506\" data-end=\"2521\">Ananas-Eis<\/p>\n<\/li>\n<li data-start=\"2522\" data-end=\"2539\">\n<p data-start=\"2526\" data-end=\"2539\">Weltraumtraum<\/p>\n<\/li>\n<li data-start=\"2540\" data-end=\"2555\">\n<p data-start=\"2544\" data-end=\"2555\">Gr\u00fcne Minze<\/p>\n<\/li>\n<li data-start=\"2556\" data-end=\"2578\">\n<p data-start=\"2560\" data-end=\"2578\">Erdbeerpunsch<\/p>\n<\/li>\n<li data-start=\"2579\" data-end=\"2594\">\n<p data-start=\"2583\" data-end=\"2594\">Zwei \u00c4pfel<\/p>\n<\/li>\n<li data-start=\"2595\" data-end=\"2616\">\n<p data-start=\"2599\" data-end=\"2616\">Wassermelone-Limette<\/p>\n<\/li>\n<li data-start=\"2617\" data-end=\"2643\">\n<p data-start=\"2621\" data-end=\"2643\">Wassermelone Ananas<\/p>\n<\/li>\n<\/ol>\n<hr data-start=\"2641\" data-end=\"2644\">\n<h2>\ud83d\udd39FAQ-Bereich<\/h2>\n<p data-start=\"2666\" data-end=\"2816\"><strong data-start=\"2666\" data-end=\"2734\">Frage 1: Welche Nikotinst\u00e4rke enth\u00e4lt das Al Fakher 10ml E-Liquid?<\/strong><br data-start=\"2734\" data-end=\"2737\">\ud83d\udc49 Es beinhaltet <strong data-start=\"2754\" data-end=\"2771\">20 mg Nikotin<\/strong>, ideal f\u00fcr ein intensives und dennoch angenehmes Erlebnis.<\/p>\n<p data-start=\"2818\" data-end=\"2938\"><strong data-start=\"2818\" data-end=\"2857\">Frage 2: Wie viele Geschmacksrichtungen stehen zur Verf\u00fcgung?<\/strong><br data-start=\"2857\" data-end=\"2860\">\ud83d\udc49 Es gibt <strong data-start=\"2873\" data-end=\"2894\">31 Geschmacksrichtungen<\/strong>, einschlie\u00dflich Frucht-, Minz- und s\u00fc\u00dfer Mischungen.<\/p>\n<p data-start=\"2940\" data-end=\"3081\"><strong data-start=\"2940\" data-end=\"3003\">Frage 3: Ist das Al Fakher E-Liquid mit allen E-Zigaretten kompatibel?<\/strong><br data-start=\"3003\" data-end=\"3006\">\ud83d\udc49 Ja, es funktioniert mit den meisten.<a href=\"https:\/\/kylinvape.com\/de\/product-category\/types-of-vapes\/refillable-vape\/\"><strong> wiederbef\u00fcllbar<\/strong> <\/a><strong data-start=\"3033\" data-end=\"3078\">E-Zigaretten, <a href=\"https:\/\/kylinvape.com\/de\/product-category\/types-of-vapes\/pod-kit\/\">Vape-Pods<\/a>, und Startersets<\/strong>.<\/p>\n<p data-start=\"3083\" data-end=\"3237\"><strong data-start=\"3083\" data-end=\"3140\">Frage 4: Bietet Al Fakher auch nikotinfreie E-Liquids an?<\/strong><br data-start=\"3140\" data-end=\"3143\">\ud83d\udc49 Ja, neben <strong data-start=\"3161\" data-end=\"3187\">E-Liquid mit Nikotin<\/strong>, Al Fakher hat auch <strong data-start=\"3208\" data-end=\"3234\">nikotinfreie Versionen<\/strong>.<\/p>\n<p data-start=\"3239\" data-end=\"3368\"><strong data-start=\"3239\" data-end=\"3268\">Frage 5: Warum Al Fakher w\u00e4hlen?<\/strong><br data-start=\"3268\" data-end=\"3271\">\ud83d\udc49 Al Fakher ist ein <strong data-start=\"3289\" data-end=\"3318\">weltweit vertrauensw\u00fcrdige Vape-Marke<\/strong>, bekannt f\u00fcr seine Premiumqualit\u00e4t und Best\u00e4ndigkeit.<\/p>\n<p>&nbsp;<\/p>","protected":false},"excerpt":{"rendered":"<p>Der <strong data-start=\"884\" data-end=\"916\">Al Fakher 10ml E-Liquid<\/strong> bietet Premiumqualit\u00e4t und sanfte Nikotinbefriedigung mit <strong data-start=\"980\" data-end=\"1001\">31 einzigartige Geschmacksrichtungen<\/strong>. Dieses Ger\u00e4t wurde sowohl f\u00fcr Einsteiger als auch f\u00fcr erfahrene Dampfer entwickelt. <strong data-start=\"1054\" data-end=\"1076\">E-Zigarette-Fl\u00fcssigkeit<\/strong> Es vereint authentischen Geschmack mit einer Nikotinst\u00e4rke von 20 mg und ist damit eines der <strong data-start=\"1152\" data-end=\"1180\">die besten E-Liquids in Europa<\/strong>.<\/p>","protected":false},"featured_media":8462,"comment_status":"open","ping_status":"closed","template":"","meta":{"site-sidebar-layout":"default","site-content-layout":"","ast-site-content-layout":"default","site-content-style":"default","site-sidebar-style":"default","ast-global-header-display":"","ast-banner-title-visibility":"","ast-main-header-display":"","ast-hfb-above-header-display":"","ast-hfb-below-header-display":"","ast-hfb-mobile-header-display":"","site-post-title":"","ast-breadcrumbs-content":"","ast-featured-img":"","footer-sml-layout":"","ast-disable-related-posts":"","theme-transparent-header-meta":"default","adv-header-id-meta":"","stick-header-meta":"default","header-above-stick-meta":"","header-main-stick-meta":"","header-below-stick-meta":"","astra-migrate-meta-layouts":"set","ast-page-background-enabled":"default","ast-page-background-meta":{"desktop":{"background-color":"","background-image":"","background-repeat":"repeat","background-position":"center center","background-size":"auto","background-attachment":"scroll","background-type":"","background-media":"","overlay-type":"","overlay-color":"","overlay-opacity":"","overlay-gradient":""},"tablet":{"background-color":"","background-image":"","background-repeat":"repeat","background-position":"center center","background-size":"auto","background-attachment":"scroll","background-type":"","background-media":"","overlay-type":"","overlay-color":"","overlay-opacity":"","overlay-gradient":""},"mobile":{"background-color":"","background-image":"","background-repeat":"repeat","background-position":"center center","background-size":"auto","background-attachment":"scroll","background-type":"","background-media":"","overlay-type":"","overlay-color":"","overlay-opacity":"","overlay-gradient":""}},"ast-content-background-meta":{"desktop":{"background-color":"var(--ast-global-color-5)","background-image":"","background-repeat":"repeat","background-position":"center center","background-size":"auto","background-attachment":"scroll","background-type":"","background-media":"","overlay-type":"","overlay-color":"","overlay-opacity":"","overlay-gradient":""},"tablet":{"background-color":"var(--ast-global-color-5)","background-image":"","background-repeat":"repeat","background-position":"center center","background-size":"auto","background-attachment":"scroll","background-type":"","background-media":"","overlay-type":"","overlay-color":"","overlay-opacity":"","overlay-gradient":""},"mobile":{"background-color":"var(--ast-global-color-5)","background-image":"","background-repeat":"repeat","background-position":"center center","background-size":"auto","background-attachment":"scroll","background-type":"","background-media":"","overlay-type":"","overlay-color":"","overlay-opacity":"","overlay-gradient":""}}},"product_brand":[],"product_cat":[274,275],"product_tag":[281,278,280,279,282],"class_list":{"0":"post-8461","1":"product","2":"type-product","3":"status-publish","4":"has-post-thumbnail","6":"product_cat-al-fakher-vape","7":"product_cat-e-liquild","8":"product_tag-e-cg-liquid","9":"product_tag-e-zigarette-liquid","10":"product_tag-e-zigarette-liquid-ohne-nikotin","11":"product_tag-e-zigaretten-liquid-mit-nikotin","12":"product_tag-liqua-e","13":"desktop-align-center","14":"tablet-align-center","15":"mobile-align-center","16":"ast-product-gallery-layout-horizontal-slider","17":"ast-product-single-variable","18":"ast-product-tabs-layout-horizontal","20":"first","21":"instock","22":"sale","23":"shipping-taxable","24":"purchasable","25":"product-type-variable"},"yoast_head":"<!-- This site is optimized with the Yoast SEO Premium plugin v26.0 (Yoast SEO v27.4) - https:\/\/yoast.com\/product\/yoast-seo-premium-wordpress\/ -->\n<title>Al Fakher 10ml E Liquid 20mg \u2013 Premium E-Zigarette Liquid mit Nikotin &amp; 31 Flavors<\/title>\n<meta name=\"description\" content=\"Discover Al Fakher 10ml 20mg e liquid, a premium e-zigarette liquid mit nikotin, available in 31 refreshing flavors. Perfect for vapers looking for the best e liquid in Europe, offering rich taste, smooth throat hit, and quality nicotine satisfaction.\" \/>\n<meta name=\"robots\" content=\"index, follow, max-snippet:-1, max-image-preview:large, max-video-preview:-1\" \/>\n<link rel=\"canonical\" href=\"https:\/\/kylinvape.com\/de\/product\/al-fakher-10ml-20mg-e-liquid\/\" \/>\n<meta property=\"og:locale\" content=\"de_DE\" \/>\n<meta property=\"og:type\" content=\"article\" \/>\n<meta property=\"og:title\" content=\"Al Fakher 10ml E Liquid 20mg Nicotine \u2013 Premium Vape Juice with 31 Flavors\" \/>\n<meta property=\"og:description\" content=\"Discover Al Fakher 10ml 20mg e liquid, a premium e-zigarette liquid mit nikotin, available in 31 refreshing flavors. Perfect for vapers looking for the best e liquid in Europe, offering rich taste, smooth throat hit, and quality nicotine satisfaction.\" \/>\n<meta property=\"og:url\" content=\"https:\/\/kylinvape.com\/de\/product\/al-fakher-10ml-20mg-e-liquid\/\" \/>\n<meta property=\"og:site_name\" content=\"Kylin Vape\" \/>\n<meta property=\"article:modified_time\" content=\"2025-10-12T19:07:54+00:00\" \/>\n<meta property=\"og:image\" content=\"https:\/\/kylinvape.com\/wp-content\/uploads\/2025\/09\/BERRY-BLUE-2.webp\" \/>\n\t<meta property=\"og:image:width\" content=\"1500\" \/>\n\t<meta property=\"og:image:height\" content=\"1500\" \/>\n\t<meta property=\"og:image:type\" content=\"image\/webp\" \/>\n<meta name=\"twitter:card\" content=\"summary_large_image\" \/>\n<meta name=\"twitter:label1\" content=\"Verf\u00fcgbarkeit\" \/>\n\t<meta name=\"twitter:data1\" content=\"Auf Lager\" \/>\n<script type=\"application\/ld+json\" class=\"yoast-schema-graph\">{\"@context\":\"https:\\\/\\\/schema.org\",\"@graph\":[{\"@type\":\"WebPage\",\"@id\":\"https:\\\/\\\/kylinvape.com\\\/product\\\/al-fakher-10ml-20mg-e-liquid\\\/\",\"url\":\"https:\\\/\\\/kylinvape.com\\\/product\\\/al-fakher-10ml-20mg-e-liquid\\\/\",\"name\":\"Al Fakher 10ml E Liquid 20mg \u2013 Premium E-Zigarette Liquid mit Nikotin & 31 Flavors\",\"isPartOf\":{\"@id\":\"https:\\\/\\\/lightgoldenrodyellow-wildcat-131089.hostingersite.com\\\/en\\\/#website\"},\"primaryImageOfPage\":{\"@id\":\"https:\\\/\\\/kylinvape.com\\\/product\\\/al-fakher-10ml-20mg-e-liquid\\\/#primaryimage\"},\"image\":{\"@id\":\"https:\\\/\\\/kylinvape.com\\\/product\\\/al-fakher-10ml-20mg-e-liquid\\\/#primaryimage\"},\"thumbnailUrl\":\"https:\\\/\\\/kylinvape.com\\\/wp-content\\\/uploads\\\/2025\\\/09\\\/BERRY-BLUE-2.webp\",\"datePublished\":\"2025-09-19T16:56:33+00:00\",\"dateModified\":\"2025-10-12T19:07:54+00:00\",\"description\":\"Discover Al Fakher 10ml 20mg e liquid, a premium e-zigarette liquid mit nikotin, available in 31 refreshing flavors. Perfect for vapers looking for the best e liquid in Europe, offering rich taste, smooth throat hit, and quality nicotine satisfaction.\",\"breadcrumb\":{\"@id\":\"https:\\\/\\\/kylinvape.com\\\/product\\\/al-fakher-10ml-20mg-e-liquid\\\/#breadcrumb\"},\"inLanguage\":\"de\",\"potentialAction\":[{\"@type\":\"ReadAction\",\"target\":[\"https:\\\/\\\/kylinvape.com\\\/product\\\/al-fakher-10ml-20mg-e-liquid\\\/\"]}]},{\"@type\":\"ImageObject\",\"inLanguage\":\"de\",\"@id\":\"https:\\\/\\\/kylinvape.com\\\/product\\\/al-fakher-10ml-20mg-e-liquid\\\/#primaryimage\",\"url\":\"https:\\\/\\\/kylinvape.com\\\/wp-content\\\/uploads\\\/2025\\\/09\\\/BERRY-BLUE-2.webp\",\"contentUrl\":\"https:\\\/\\\/kylinvape.com\\\/wp-content\\\/uploads\\\/2025\\\/09\\\/BERRY-BLUE-2.webp\",\"width\":1500,\"height\":1500,\"caption\":\"Al Fakher 10ml 20mg e liquid bottle\"},{\"@type\":\"BreadcrumbList\",\"@id\":\"https:\\\/\\\/kylinvape.com\\\/product\\\/al-fakher-10ml-20mg-e-liquid\\\/#breadcrumb\",\"itemListElement\":[{\"@type\":\"ListItem\",\"position\":1,\"name\":\"Home\",\"item\":\"https:\\\/\\\/lightgoldenrodyellow-wildcat-131089.hostingersite.com\\\/en\\\/\"},{\"@type\":\"ListItem\",\"position\":2,\"name\":\"Shop\",\"item\":\"https:\\\/\\\/lightgoldenrodyellow-wildcat-131089.hostingersite.com\\\/en\\\/shop\\\/\"},{\"@type\":\"ListItem\",\"position\":3,\"name\":\"Al Fakher 10ml E Liquid 20mg Nicotine \u2013 Premium Vape Juice with 31 Flavors\"}]},{\"@type\":\"WebSite\",\"@id\":\"https:\\\/\\\/lightgoldenrodyellow-wildcat-131089.hostingersite.com\\\/en\\\/#website\",\"url\":\"https:\\\/\\\/lightgoldenrodyellow-wildcat-131089.hostingersite.com\\\/en\\\/\",\"name\":\"Kylin Vape\",\"description\":\"Kylin Vape\",\"publisher\":{\"@id\":\"https:\\\/\\\/lightgoldenrodyellow-wildcat-131089.hostingersite.com\\\/en\\\/#organization\"},\"potentialAction\":[{\"@type\":\"SearchAction\",\"target\":{\"@type\":\"EntryPoint\",\"urlTemplate\":\"https:\\\/\\\/lightgoldenrodyellow-wildcat-131089.hostingersite.com\\\/en\\\/?s={search_term_string}\"},\"query-input\":{\"@type\":\"PropertyValueSpecification\",\"valueRequired\":true,\"valueName\":\"search_term_string\"}}],\"inLanguage\":\"de\"},{\"@type\":\"Organization\",\"@id\":\"https:\\\/\\\/lightgoldenrodyellow-wildcat-131089.hostingersite.com\\\/en\\\/#organization\",\"name\":\"Kylin Vape\",\"url\":\"https:\\\/\\\/lightgoldenrodyellow-wildcat-131089.hostingersite.com\\\/en\\\/\",\"logo\":{\"@type\":\"ImageObject\",\"inLanguage\":\"de\",\"@id\":\"https:\\\/\\\/lightgoldenrodyellow-wildcat-131089.hostingersite.com\\\/en\\\/#\\\/schema\\\/logo\\\/image\\\/\",\"url\":\"https:\\\/\\\/kylinvape.com\\\/wp-content\\\/uploads\\\/2025\\\/08\\\/1-1.webp\",\"contentUrl\":\"https:\\\/\\\/kylinvape.com\\\/wp-content\\\/uploads\\\/2025\\\/08\\\/1-1.webp\",\"width\":384,\"height\":397,\"caption\":\"Kylin Vape\"},\"image\":{\"@id\":\"https:\\\/\\\/lightgoldenrodyellow-wildcat-131089.hostingersite.com\\\/en\\\/#\\\/schema\\\/logo\\\/image\\\/\"}}]}<\/script>\n<meta property=\"og:availability\" content=\"instock\" \/>\n<meta property=\"product:availability\" content=\"instock\" \/>\n<meta property=\"product:condition\" content=\"new\" \/>\n<!-- \/ Yoast SEO Premium plugin. -->","yoast_head_json":{"title":"Al Fakher 10ml E Liquid 20mg \u2013 Premium E-Zigarette Liquid mit Nikotin &amp; 31 Geschmacksrichtungen","description":"Entdecken Sie Al Fakher 10 ml 20 mg E-Liquid, ein Premium-E-Liquid mit Nikotin, erh\u00e4ltlich in 31 erfrischenden Geschmacksrichtungen. Perfekt f\u00fcr Dampfer, die das beste E-Liquid Europas suchen \u2013 f\u00fcr vollen Geschmack, sanftes Dampfen und optimale Nikotinwirkung.","robots":{"index":"index","follow":"follow","max-snippet":"max-snippet:-1","max-image-preview":"max-image-preview:large","max-video-preview":"max-video-preview:-1"},"canonical":"https:\/\/kylinvape.com\/de\/product\/al-fakher-10ml-20mg-e-liquid\/","og_locale":"de_DE","og_type":"article","og_title":"Al Fakher 10ml E Liquid 20mg Nicotine \u2013 Premium Vape Juice with 31 Flavors","og_description":"Discover Al Fakher 10ml 20mg e liquid, a premium e-zigarette liquid mit nikotin, available in 31 refreshing flavors. Perfect for vapers looking for the best e liquid in Europe, offering rich taste, smooth throat hit, and quality nicotine satisfaction.","og_url":"https:\/\/kylinvape.com\/de\/product\/al-fakher-10ml-20mg-e-liquid\/","og_site_name":"Kylin Vape","article_modified_time":"2025-10-12T19:07:54+00:00","og_image":[{"width":1500,"height":1500,"url":"https:\/\/kylinvape.com\/wp-content\/uploads\/2025\/09\/BERRY-BLUE-2.webp","type":"image\/webp"}],"twitter_card":"summary_large_image","twitter_misc":{"Verf\u00fcgbarkeit":"Auf Lager"},"schema":{"@context":"https:\/\/schema.org","@graph":[{"@type":"WebPage","@id":"https:\/\/kylinvape.com\/product\/al-fakher-10ml-20mg-e-liquid\/","url":"https:\/\/kylinvape.com\/product\/al-fakher-10ml-20mg-e-liquid\/","name":"Al Fakher 10ml E Liquid 20mg \u2013 Premium E-Zigarette Liquid mit Nikotin &amp; 31 Geschmacksrichtungen","isPartOf":{"@id":"https:\/\/lightgoldenrodyellow-wildcat-131089.hostingersite.com\/en\/#website"},"primaryImageOfPage":{"@id":"https:\/\/kylinvape.com\/product\/al-fakher-10ml-20mg-e-liquid\/#primaryimage"},"image":{"@id":"https:\/\/kylinvape.com\/product\/al-fakher-10ml-20mg-e-liquid\/#primaryimage"},"thumbnailUrl":"https:\/\/kylinvape.com\/wp-content\/uploads\/2025\/09\/BERRY-BLUE-2.webp","datePublished":"2025-09-19T16:56:33+00:00","dateModified":"2025-10-12T19:07:54+00:00","description":"Entdecken Sie Al Fakher 10 ml 20 mg E-Liquid, ein Premium-E-Liquid mit Nikotin, erh\u00e4ltlich in 31 erfrischenden Geschmacksrichtungen. Perfekt f\u00fcr Dampfer, die das beste E-Liquid Europas suchen \u2013 f\u00fcr vollen Geschmack, sanftes Dampfen und optimale Nikotinwirkung.","breadcrumb":{"@id":"https:\/\/kylinvape.com\/product\/al-fakher-10ml-20mg-e-liquid\/#breadcrumb"},"inLanguage":"de","potentialAction":[{"@type":"ReadAction","target":["https:\/\/kylinvape.com\/product\/al-fakher-10ml-20mg-e-liquid\/"]}]},{"@type":"ImageObject","inLanguage":"de","@id":"https:\/\/kylinvape.com\/product\/al-fakher-10ml-20mg-e-liquid\/#primaryimage","url":"https:\/\/kylinvape.com\/wp-content\/uploads\/2025\/09\/BERRY-BLUE-2.webp","contentUrl":"https:\/\/kylinvape.com\/wp-content\/uploads\/2025\/09\/BERRY-BLUE-2.webp","width":1500,"height":1500,"caption":"Al Fakher 10ml 20mg e liquid bottle"},{"@type":"BreadcrumbList","@id":"https:\/\/kylinvape.com\/product\/al-fakher-10ml-20mg-e-liquid\/#breadcrumb","itemListElement":[{"@type":"ListItem","position":1,"name":"Home","item":"https:\/\/lightgoldenrodyellow-wildcat-131089.hostingersite.com\/en\/"},{"@type":"ListItem","position":2,"name":"Shop","item":"https:\/\/lightgoldenrodyellow-wildcat-131089.hostingersite.com\/en\/shop\/"},{"@type":"ListItem","position":3,"name":"Al Fakher 10ml E Liquid 20mg Nicotine \u2013 Premium Vape Juice with 31 Flavors"}]},{"@type":"WebSite","@id":"https:\/\/lightgoldenrodyellow-wildcat-131089.hostingersite.com\/en\/#website","url":"https:\/\/lightgoldenrodyellow-wildcat-131089.hostingersite.com\/en\/","name":"Kylin Vape","description":"Kylin Vape","publisher":{"@id":"https:\/\/lightgoldenrodyellow-wildcat-131089.hostingersite.com\/en\/#organization"},"potentialAction":[{"@type":"SearchAction","target":{"@type":"EntryPoint","urlTemplate":"https:\/\/lightgoldenrodyellow-wildcat-131089.hostingersite.com\/en\/?s={search_term_string}"},"query-input":{"@type":"PropertyValueSpecification","valueRequired":true,"valueName":"search_term_string"}}],"inLanguage":"de"},{"@type":"Organization","@id":"https:\/\/lightgoldenrodyellow-wildcat-131089.hostingersite.com\/en\/#organization","name":"Kylin Vape","url":"https:\/\/lightgoldenrodyellow-wildcat-131089.hostingersite.com\/en\/","logo":{"@type":"ImageObject","inLanguage":"de","@id":"https:\/\/lightgoldenrodyellow-wildcat-131089.hostingersite.com\/en\/#\/schema\/logo\/image\/","url":"https:\/\/kylinvape.com\/wp-content\/uploads\/2025\/08\/1-1.webp","contentUrl":"https:\/\/kylinvape.com\/wp-content\/uploads\/2025\/08\/1-1.webp","width":384,"height":397,"caption":"Kylin Vape"},"image":{"@id":"https:\/\/lightgoldenrodyellow-wildcat-131089.hostingersite.com\/en\/#\/schema\/logo\/image\/"}}]},"og_availability":"instock","product_availability":"instock","product_condition":"new"},"_links":{"self":[{"href":"https:\/\/kylinvape.com\/de\/wp-json\/wp\/v2\/product\/8461","targetHints":{"allow":["GET"]}}],"collection":[{"href":"https:\/\/kylinvape.com\/de\/wp-json\/wp\/v2\/product"}],"about":[{"href":"https:\/\/kylinvape.com\/de\/wp-json\/wp\/v2\/types\/product"}],"replies":[{"embeddable":true,"href":"https:\/\/kylinvape.com\/de\/wp-json\/wp\/v2\/comments?post=8461"}],"wp:featuredmedia":[{"embeddable":true,"href":"https:\/\/kylinvape.com\/de\/wp-json\/wp\/v2\/media\/8462"}],"wp:attachment":[{"href":"https:\/\/kylinvape.com\/de\/wp-json\/wp\/v2\/media?parent=8461"}],"wp:term":[{"taxonomy":"product_brand","embeddable":true,"href":"https:\/\/kylinvape.com\/de\/wp-json\/wp\/v2\/product_brand?post=8461"},{"taxonomy":"product_cat","embeddable":true,"href":"https:\/\/kylinvape.com\/de\/wp-json\/wp\/v2\/product_cat?post=8461"},{"taxonomy":"product_tag","embeddable":true,"href":"https:\/\/kylinvape.com\/de\/wp-json\/wp\/v2\/product_tag?post=8461"}],"curies":[{"name":"wp","href":"https:\/\/api.w.org\/{rel}","templated":true}]}}