{"id":8734,"date":"2025-09-20T17:26:06","date_gmt":"2025-09-20T17:26:06","guid":{"rendered":"https:\/\/kylinvape.com\/?post_type=product&#038;p=8734"},"modified":"2025-10-13T08:09:18","modified_gmt":"2025-10-13T08:09:18","slug":"jnr-fox-10k-refillable-vape-pod-kit","status":"publish","type":"product","link":"https:\/\/kylinvape.com\/de\/product\/jnr-fox-10k-refillable-vape-pod-kit\/","title":{"rendered":"JNR Fox 10K Nachf\u00fcllbares Pod-System f\u00fcr E-Zigaretten | Puff JNR Wiederaufladbares Pod-System f\u00fcr 10.000 Z\u00fcge"},"content":{"rendered":"<h1>JNR Fox 10K Pod Kit \u2013 Nachf\u00fcllbare E-Zigarette f\u00fcr 10.000 Z\u00fcge<\/h1>\n<p data-start=\"1374\" data-end=\"1718\">Der <strong data-start=\"1378\" data-end=\"1401\">JNR Fox 10K Pod Kit<\/strong> ist eine n\u00e4chste Generation <strong data-start=\"1423\" data-end=\"1451\">nachf\u00fcllbare E-Zigarettenl\u00f6sung<\/strong> von JNR, entwickelt f\u00fcr Dampfer, die Wert auf Mobilit\u00e4t und langanhaltende Leistung legen. <strong data-start=\"1542\" data-end=\"1567\">Kapazit\u00e4t f\u00fcr 10.000 Z\u00fcge<\/strong>, <strong data-start=\"1569\" data-end=\"1600\">wiederaufladbarer 800-mAh-Akku<\/strong>, Und <strong data-start=\"1606\" data-end=\"1630\">wiederbef\u00fcllbare 10-ml-Pods<\/strong>, Die <strong data-start=\"1636\" data-end=\"1662\">JNR Fox 10k Pod-System<\/strong> bietet eine nachhaltige Alternative zu Einweg-E-Zigaretten.<\/p>\n<hr data-start=\"1720\" data-end=\"1723\">\n<h2 data-start=\"1725\" data-end=\"1759\">\u2b50 Hauptmerkmale<\/h2>\n<ul data-start=\"1760\" data-end=\"2246\">\n<li data-start=\"1760\" data-end=\"1838\">\n<p data-start=\"1762\" data-end=\"1838\"><strong data-start=\"1762\" data-end=\"1802\">Kapazit\u00e4t: 10.000 Z\u00fcge (Puff JNR 10K)<\/strong> \u2013 langlebig und kosteneffizient<\/p>\n<\/li>\n<li data-start=\"1839\" data-end=\"1904\">\n<p data-start=\"1841\" data-end=\"1904\"><strong data-start=\"1841\" data-end=\"1864\">Nachf\u00fcllbare Pod-Sets<\/strong> \u2013 Enth\u00e4lt 2+10ml Pods, TPD-zertifiziert<\/p>\n<\/li>\n<li data-start=\"1905\" data-end=\"1964\">\n<p data-start=\"1907\" data-end=\"1964\"><strong data-start=\"1907\" data-end=\"1920\">Maschenspule<\/strong> \u2013 sanfter Zug und intensive Geschmacksabgabe<\/p>\n<\/li>\n<li data-start=\"1965\" data-end=\"2036\">\n<p data-start=\"1967\" data-end=\"2036\"><strong data-start=\"1967\" data-end=\"1993\">Kompakter 800-mAh-Akku<\/strong> \u2013 wiederaufladbar mit USB-C-Schnellladefunktion<\/p>\n<\/li>\n<li data-start=\"2037\" data-end=\"2109\">\n<p data-start=\"2039\" data-end=\"2109\"><strong data-start=\"2039\" data-end=\"2063\">2% Nikotinst\u00e4rke<\/strong> \u2013 Ausgewogene Zufriedenheit beim t\u00e4glichen Dampfen<\/p>\n<\/li>\n<li data-start=\"2110\" data-end=\"2176\">\n<p data-start=\"2112\" data-end=\"2176\"><strong data-start=\"2112\" data-end=\"2134\">Nachhaltiges Design<\/strong> \u2013 reduziert Abfall im Vergleich zu Einwegprodukten<\/p>\n<\/li>\n<li data-start=\"2177\" data-end=\"2246\">\n<p data-start=\"2179\" data-end=\"2246\"><strong data-start=\"2179\" data-end=\"2207\">Benutzerfreundliches Pod-System<\/strong> \u2013 einfaches Nachf\u00fcllen dank auslaufsicherem Design<\/p>\n<\/li>\n<\/ul>\n<hr data-start=\"2248\" data-end=\"2251\">\n<h2 data-start=\"2253\" data-end=\"2277\">\u2699\ufe0f Spezifikationen<\/h2>\n<ul data-start=\"2278\" data-end=\"2495\">\n<li data-start=\"2278\" data-end=\"2304\">\n<p data-start=\"2280\" data-end=\"2304\"><strong data-start=\"2280\" data-end=\"2289\">Modell<\/strong>JNR Fox 10K<\/p>\n<\/li>\n<li data-start=\"2305\" data-end=\"2326\">\n<p data-start=\"2307\" data-end=\"2326\"><strong data-start=\"2307\" data-end=\"2316\">Puffs<\/strong>: 10,000<\/p>\n<\/li>\n<li data-start=\"2327\" data-end=\"2367\">\n<p data-start=\"2329\" data-end=\"2367\"><strong data-start=\"2329\" data-end=\"2341\">E-Liquid<\/strong>: 2+10ml nachf\u00fcllbare Kapseln<\/p>\n<\/li>\n<li data-start=\"2368\" data-end=\"2413\">\n<p data-start=\"2370\" data-end=\"2413\"><strong data-start=\"2370\" data-end=\"2381\">Batterie<\/strong>: 800 mAh wiederaufladbar (Typ-C)<\/p>\n<\/li>\n<li data-start=\"2414\" data-end=\"2437\">\n<p data-start=\"2416\" data-end=\"2437\"><strong data-start=\"2416\" data-end=\"2424\">Spule<\/strong>: Drahtgeflecht<\/p>\n<\/li>\n<li data-start=\"2438\" data-end=\"2458\">\n<p data-start=\"2440\" data-end=\"2458\"><strong data-start=\"2440\" data-end=\"2452\">Nikotin<\/strong>: 2%<\/p>\n<\/li>\n<li data-start=\"2459\" data-end=\"2495\">\n<p data-start=\"2461\" data-end=\"2495\"><strong data-start=\"2461\" data-end=\"2478\">Zertifizierung<\/strong>TPD-konform<\/p>\n<\/li>\n<\/ul>\n<hr data-start=\"2497\" data-end=\"2500\">\n<h2 data-start=\"2502\" data-end=\"2546\">\ud83c\udf53 Geschmacksoptionen<\/h2>\n<ol data-start=\"2547\" data-end=\"2883\">\n<li data-start=\"2547\" data-end=\"2565\">\n<p data-start=\"2550\" data-end=\"2565\">Blaubeereis<\/p>\n<\/li>\n<li data-start=\"2566\" data-end=\"2585\">\n<p data-start=\"2569\" data-end=\"2585\">Erdbeereis<\/p>\n<\/li>\n<li data-start=\"2586\" data-end=\"2605\">\n<p data-start=\"2589\" data-end=\"2605\">Wassermeloneneis<\/p>\n<\/li>\n<li data-start=\"2606\" data-end=\"2626\">\n<p data-start=\"2609\" data-end=\"2626\">Erdbeer-Kiwi<\/p>\n<\/li>\n<li data-start=\"2627\" data-end=\"2648\">\n<p data-start=\"2630\" data-end=\"2648\">Blaue Himbeere<\/p>\n<\/li>\n<li data-start=\"2649\" data-end=\"2667\">\n<p data-start=\"2652\" data-end=\"2667\"><strong>JNR Blue Razz Ice<\/strong><\/p>\n<\/li>\n<li data-start=\"2668\" data-end=\"2699\">\n<p data-start=\"2671\" data-end=\"2699\">Blaubeere Himbeere Kirsche<\/p>\n<\/li>\n<li data-start=\"2700\" data-end=\"2717\">\n<p data-start=\"2703\" data-end=\"2717\">Kirschbeere<\/p>\n<\/li>\n<li data-start=\"2718\" data-end=\"2740\">\n<p data-start=\"2721\" data-end=\"2740\">Sprudelnde Kirschcola<\/p>\n<\/li>\n<li data-start=\"2741\" data-end=\"2756\">\n<p data-start=\"2745\" data-end=\"2756\">Traubeneis<\/p>\n<\/li>\n<li data-start=\"2757\" data-end=\"2786\">\n<p data-start=\"2761\" data-end=\"2786\">Kiwi-Passionsfrucht-Guave<\/p>\n<\/li>\n<li data-start=\"2787\" data-end=\"2806\">\n<p data-start=\"2791\" data-end=\"2806\">Gemischte Beeren<\/p>\n<\/li>\n<li data-start=\"2807\" data-end=\"2824\">\n<p data-start=\"2811\" data-end=\"2824\"><strong>JNR Pfirsichbeere<\/strong><\/p>\n<\/li>\n<li data-start=\"2825\" data-end=\"2848\">\n<p data-start=\"2829\" data-end=\"2848\">Erdbeer-Banane<\/p>\n<\/li>\n<li data-start=\"2849\" data-end=\"2883\">\n<p data-start=\"2853\" data-end=\"2883\"><strong data-start=\"2853\" data-end=\"2881\">JNR Wassermelonen-Kaugummi<\/strong><\/p>\n<\/li>\n<\/ol>\n<hr data-start=\"2885\" data-end=\"2888\">\n<h2 data-start=\"2890\" data-end=\"2910\">\ud83c\udff7 FAQ-Bereich<\/h2>\n<p data-start=\"2912\" data-end=\"3080\"><strong data-start=\"2912\" data-end=\"2964\">Frage 1: Wie viele Z\u00fcge liefert die JNR Fox 10K?<\/strong><br data-start=\"2964\" data-end=\"2967\">A1: Es liefert bis zu <strong data-start=\"2989\" data-end=\"3005\">10.000 Z\u00fcge<\/strong>, damit ist es eines der effizientesten Pod-Systeme auf dem Markt. <strong data-start=\"3059\" data-end=\"3077\">Puff Junior-Sortiment<\/strong>.<\/p>\n<p data-start=\"3082\" data-end=\"3217\"><strong data-start=\"3082\" data-end=\"3120\">Frage 2: Ist der JNR Fox 10000 nachf\u00fcllbar?<\/strong><br data-start=\"3120\" data-end=\"3123\">A2: Ja, es ist eins dabei.<strong data-start=\"3146\" data-end=\"3174\">&nbsp;<a href=\"https:\/\/kylinvape.com\/de\/product-category\/types-of-vapes\/refillable-vape\/\">wiederbef\u00fcllbare 10-ml-Pods<\/a><\/strong>, Dadurch wird Komfort gew\u00e4hrleistet und Abfall reduziert.<\/p>\n<p data-start=\"3219\" data-end=\"3353\"><strong data-start=\"3219\" data-end=\"3260\">Frage 3: Welche Art von Batterie wird verwendet?<\/strong><br data-start=\"3260\" data-end=\"3263\">A3: Das Ger\u00e4t umfasst ein <strong data-start=\"3290\" data-end=\"3321\">800-mAh-Akku<\/strong>, aufgeladen \u00fcber <strong data-start=\"3335\" data-end=\"3350\">Typ-C-Anschluss<\/strong>.<\/p>\n<p data-start=\"3355\" data-end=\"3506\"><strong data-start=\"3355\" data-end=\"3396\">Frage 4: Welche Nikotinst\u00e4rke ist verf\u00fcgbar?<\/strong><br data-start=\"3396\" data-end=\"3399\">A4: Die <strong data-start=\"3407\" data-end=\"3426\">Junior Fox Pod Kit<\/strong> ist verf\u00fcgbar mit <strong data-start=\"3445\" data-end=\"3469\">2% Nikotinst\u00e4rke<\/strong>, Ideal f\u00fcr ein angenehmes, t\u00e4gliches Dampferlebnis.<\/p>\n<p data-start=\"3508\" data-end=\"3721\"><strong data-start=\"3508\" data-end=\"3558\">Frage 5: Worin unterscheidet es sich von Einweg-E-Zigaretten?<\/strong><br data-start=\"3558\" data-end=\"3561\">A5: Im Gegensatz zu Einwegartikeln, <strong data-start=\"3589\" data-end=\"3612\">JNR Fox 10000 Pod-Kit<\/strong> Ist <strong data-start=\"3616\" data-end=\"3663\">wiederbef\u00fcllbar, wiederaufladbar und TPD-zertifiziert<\/strong>, das sowohl Umweltfreundlichkeit als auch Kosteneffizienz bietet<\/p>","protected":false},"excerpt":{"rendered":"<p>Der <strong data-start=\"1036\" data-end=\"1070\">JNR Fox 10K nachf\u00fcllbares Pod-System<\/strong> kombiniert <strong data-start=\"1080\" data-end=\"1125\">Kompaktes Design mit einer Kapazit\u00e4t von 10.000 Z\u00fcgen<\/strong>, mit <strong data-start=\"1137\" data-end=\"1221\">Mesh-Coil-Technologie, nachf\u00fcllbare Pods mit 2+10 ml Fassungsverm\u00f6gen und ein wiederaufladbarer 800-mAh-Akku<\/strong>. A <a href=\"https:\/\/kylinvape.com\/de\/product-category\/types-of-vapes\/pod-kit\/\"><strong data-start=\"1225\" data-end=\"1259\">TPD-zertifiziertes Puff Jr Pod-Kit<\/strong><\/a> Entwickelt f\u00fcr Leistung und Komfort.<\/p>","protected":false},"featured_media":8735,"comment_status":"open","ping_status":"closed","template":"","meta":{"site-sidebar-layout":"default","site-content-layout":"","ast-site-content-layout":"default","site-content-style":"default","site-sidebar-style":"default","ast-global-header-display":"","ast-banner-title-visibility":"","ast-main-header-display":"","ast-hfb-above-header-display":"","ast-hfb-below-header-display":"","ast-hfb-mobile-header-display":"","site-post-title":"","ast-breadcrumbs-content":"","ast-featured-img":"","footer-sml-layout":"","ast-disable-related-posts":"","theme-transparent-header-meta":"default","adv-header-id-meta":"","stick-header-meta":"default","header-above-stick-meta":"","header-main-stick-meta":"","header-below-stick-meta":"","astra-migrate-meta-layouts":"set","ast-page-background-enabled":"default","ast-page-background-meta":{"desktop":{"background-color":"","background-image":"","background-repeat":"repeat","background-position":"center center","background-size":"auto","background-attachment":"scroll","background-type":"","background-media":"","overlay-type":"","overlay-color":"","overlay-opacity":"","overlay-gradient":""},"tablet":{"background-color":"","background-image":"","background-repeat":"repeat","background-position":"center center","background-size":"auto","background-attachment":"scroll","background-type":"","background-media":"","overlay-type":"","overlay-color":"","overlay-opacity":"","overlay-gradient":""},"mobile":{"background-color":"","background-image":"","background-repeat":"repeat","background-position":"center center","background-size":"auto","background-attachment":"scroll","background-type":"","background-media":"","overlay-type":"","overlay-color":"","overlay-opacity":"","overlay-gradient":""}},"ast-content-background-meta":{"desktop":{"background-color":"var(--ast-global-color-5)","background-image":"","background-repeat":"repeat","background-position":"center center","background-size":"auto","background-attachment":"scroll","background-type":"","background-media":"","overlay-type":"","overlay-color":"","overlay-opacity":"","overlay-gradient":""},"tablet":{"background-color":"var(--ast-global-color-5)","background-image":"","background-repeat":"repeat","background-position":"center center","background-size":"auto","background-attachment":"scroll","background-type":"","background-media":"","overlay-type":"","overlay-color":"","overlay-opacity":"","overlay-gradient":""},"mobile":{"background-color":"var(--ast-global-color-5)","background-image":"","background-repeat":"repeat","background-position":"center center","background-size":"auto","background-attachment":"scroll","background-type":"","background-media":"","overlay-type":"","overlay-color":"","overlay-opacity":"","overlay-gradient":""}}},"product_brand":[],"product_cat":[104,81,277,295,131,294,129],"product_tag":[298,301,297,299,300],"class_list":{"0":"post-8734","1":"product","2":"type-product","3":"status-publish","4":"has-post-thumbnail","6":"product_cat-10k-puffs-disposable-vape","7":"product_cat-jnr-vape","8":"product_cat-mini-puff-vapes","9":"product_cat-pod-kit","10":"product_cat-rechargeable-vapes","11":"product_cat-refillable-vape","12":"product_cat-vape-pen","13":"product_tag-kit-pod","14":"product_tag-pod-en-kit","15":"product_tag-pod-kits","16":"product_tag-refill-vape","17":"product_tag-refillable-vapes","18":"desktop-align-center","19":"tablet-align-center","20":"mobile-align-center","21":"ast-product-gallery-layout-horizontal-slider","22":"ast-product-single-variable","23":"ast-product-tabs-layout-horizontal","25":"first","26":"instock","27":"sale","28":"shipping-taxable","29":"purchasable","30":"product-type-variable"},"yoast_head":"<!-- This site is optimized with the Yoast SEO Premium plugin v26.0 (Yoast SEO v27.4) - https:\/\/yoast.com\/product\/yoast-seo-premium-wordpress\/ -->\n<title>JNR Fox 10K Refillable Vape Pod Kit | Puff JNR 10000 Puffs Rechargeable<\/title>\n<meta name=\"description\" content=\"Discover the JNR Fox 10K pod kit, a refillable vape delivering up to 10,000 puffs with mesh coil technology, 800mAh rechargeable battery, and 2\u00d710ml refillable pods. Perfect for vapers looking for a compact, sustainable puff jnr pod system with bold flavors\" \/>\n<meta name=\"robots\" content=\"index, follow, max-snippet:-1, max-image-preview:large, max-video-preview:-1\" \/>\n<link rel=\"canonical\" href=\"https:\/\/kylinvape.com\/de\/product\/jnr-fox-10k-refillable-vape-pod-kit\/\" \/>\n<meta property=\"og:locale\" content=\"de_DE\" \/>\n<meta property=\"og:type\" content=\"article\" \/>\n<meta property=\"og:title\" content=\"JNR Fox 10K Refillable Vape Pod Kits | Puff JNR 10000 Puffs Rechargeable Pod System\" \/>\n<meta property=\"og:description\" content=\"Discover the JNR Fox 10K pod kit, a refillable vape delivering up to 10,000 puffs with mesh coil technology, 800mAh rechargeable battery, and 2\u00d710ml refillable pods. Perfect for vapers looking for a compact, sustainable puff jnr pod system with bold flavors\" \/>\n<meta property=\"og:url\" content=\"https:\/\/kylinvape.com\/de\/product\/jnr-fox-10k-refillable-vape-pod-kit\/\" \/>\n<meta property=\"og:site_name\" content=\"Kylin Vape\" \/>\n<meta property=\"article:modified_time\" content=\"2025-10-13T08:09:18+00:00\" \/>\n<meta property=\"og:image\" content=\"https:\/\/kylinvape.com\/wp-content\/uploads\/2025\/09\/1-Myrtile-Glacee.webp\" \/>\n\t<meta property=\"og:image:width\" content=\"800\" \/>\n\t<meta property=\"og:image:height\" content=\"800\" \/>\n\t<meta property=\"og:image:type\" content=\"image\/webp\" \/>\n<meta name=\"twitter:card\" content=\"summary_large_image\" \/>\n<meta name=\"twitter:label1\" content=\"Verf\u00fcgbarkeit\" \/>\n\t<meta name=\"twitter:data1\" content=\"Auf Lager\" \/>\n<script type=\"application\/ld+json\" class=\"yoast-schema-graph\">{\"@context\":\"https:\\\/\\\/schema.org\",\"@graph\":[{\"@type\":\"WebPage\",\"@id\":\"https:\\\/\\\/kylinvape.com\\\/product\\\/jnr-fox-10k-refillable-vape-pod-kit\\\/\",\"url\":\"https:\\\/\\\/kylinvape.com\\\/product\\\/jnr-fox-10k-refillable-vape-pod-kit\\\/\",\"name\":\"JNR Fox 10K Refillable Vape Pod Kit | Puff JNR 10000 Puffs Rechargeable\",\"isPartOf\":{\"@id\":\"https:\\\/\\\/lightgoldenrodyellow-wildcat-131089.hostingersite.com\\\/en\\\/#website\"},\"primaryImageOfPage\":{\"@id\":\"https:\\\/\\\/kylinvape.com\\\/product\\\/jnr-fox-10k-refillable-vape-pod-kit\\\/#primaryimage\"},\"image\":{\"@id\":\"https:\\\/\\\/kylinvape.com\\\/product\\\/jnr-fox-10k-refillable-vape-pod-kit\\\/#primaryimage\"},\"thumbnailUrl\":\"https:\\\/\\\/kylinvape.com\\\/wp-content\\\/uploads\\\/2025\\\/09\\\/1-Myrtile-Glacee.webp\",\"datePublished\":\"2025-09-20T17:26:06+00:00\",\"dateModified\":\"2025-10-13T08:09:18+00:00\",\"description\":\"Discover the JNR Fox 10K pod kit, a refillable vape delivering up to 10,000 puffs with mesh coil technology, 800mAh rechargeable battery, and 2\u00d710ml refillable pods. Perfect for vapers looking for a compact, sustainable puff jnr pod system with bold flavors\",\"breadcrumb\":{\"@id\":\"https:\\\/\\\/kylinvape.com\\\/product\\\/jnr-fox-10k-refillable-vape-pod-kit\\\/#breadcrumb\"},\"inLanguage\":\"de\",\"potentialAction\":[{\"@type\":\"ReadAction\",\"target\":[\"https:\\\/\\\/kylinvape.com\\\/product\\\/jnr-fox-10k-refillable-vape-pod-kit\\\/\"]}]},{\"@type\":\"ImageObject\",\"inLanguage\":\"de\",\"@id\":\"https:\\\/\\\/kylinvape.com\\\/product\\\/jnr-fox-10k-refillable-vape-pod-kit\\\/#primaryimage\",\"url\":\"https:\\\/\\\/kylinvape.com\\\/wp-content\\\/uploads\\\/2025\\\/09\\\/1-Myrtile-Glacee.webp\",\"contentUrl\":\"https:\\\/\\\/kylinvape.com\\\/wp-content\\\/uploads\\\/2025\\\/09\\\/1-Myrtile-Glacee.webp\",\"width\":800,\"height\":800,\"caption\":\"JNR Fox 10k refillable vape pod kit\"},{\"@type\":\"BreadcrumbList\",\"@id\":\"https:\\\/\\\/kylinvape.com\\\/product\\\/jnr-fox-10k-refillable-vape-pod-kit\\\/#breadcrumb\",\"itemListElement\":[{\"@type\":\"ListItem\",\"position\":1,\"name\":\"Home\",\"item\":\"https:\\\/\\\/lightgoldenrodyellow-wildcat-131089.hostingersite.com\\\/en\\\/\"},{\"@type\":\"ListItem\",\"position\":2,\"name\":\"Shop\",\"item\":\"https:\\\/\\\/lightgoldenrodyellow-wildcat-131089.hostingersite.com\\\/en\\\/shop\\\/\"},{\"@type\":\"ListItem\",\"position\":3,\"name\":\"JNR Fox 10K Refillable Vape Pod Kits | Puff JNR 10000 Puffs Rechargeable Pod System\"}]},{\"@type\":\"WebSite\",\"@id\":\"https:\\\/\\\/lightgoldenrodyellow-wildcat-131089.hostingersite.com\\\/en\\\/#website\",\"url\":\"https:\\\/\\\/lightgoldenrodyellow-wildcat-131089.hostingersite.com\\\/en\\\/\",\"name\":\"Kylin Vape\",\"description\":\"Kylin Vape\",\"publisher\":{\"@id\":\"https:\\\/\\\/lightgoldenrodyellow-wildcat-131089.hostingersite.com\\\/en\\\/#organization\"},\"potentialAction\":[{\"@type\":\"SearchAction\",\"target\":{\"@type\":\"EntryPoint\",\"urlTemplate\":\"https:\\\/\\\/lightgoldenrodyellow-wildcat-131089.hostingersite.com\\\/en\\\/?s={search_term_string}\"},\"query-input\":{\"@type\":\"PropertyValueSpecification\",\"valueRequired\":true,\"valueName\":\"search_term_string\"}}],\"inLanguage\":\"de\"},{\"@type\":\"Organization\",\"@id\":\"https:\\\/\\\/lightgoldenrodyellow-wildcat-131089.hostingersite.com\\\/en\\\/#organization\",\"name\":\"Kylin Vape\",\"url\":\"https:\\\/\\\/lightgoldenrodyellow-wildcat-131089.hostingersite.com\\\/en\\\/\",\"logo\":{\"@type\":\"ImageObject\",\"inLanguage\":\"de\",\"@id\":\"https:\\\/\\\/lightgoldenrodyellow-wildcat-131089.hostingersite.com\\\/en\\\/#\\\/schema\\\/logo\\\/image\\\/\",\"url\":\"https:\\\/\\\/kylinvape.com\\\/wp-content\\\/uploads\\\/2025\\\/08\\\/1-1.webp\",\"contentUrl\":\"https:\\\/\\\/kylinvape.com\\\/wp-content\\\/uploads\\\/2025\\\/08\\\/1-1.webp\",\"width\":384,\"height\":397,\"caption\":\"Kylin Vape\"},\"image\":{\"@id\":\"https:\\\/\\\/lightgoldenrodyellow-wildcat-131089.hostingersite.com\\\/en\\\/#\\\/schema\\\/logo\\\/image\\\/\"}}]}<\/script>\n<meta property=\"og:availability\" content=\"instock\" \/>\n<meta property=\"product:availability\" content=\"instock\" \/>\n<meta property=\"product:condition\" content=\"new\" \/>\n<!-- \/ Yoast SEO Premium plugin. -->","yoast_head_json":{"title":"JNR Fox 10K Nachf\u00fcllbares Vape-Pod-Kit | Puff JNR \u2013 10.000 Z\u00fcge, wiederaufladbar","description":"Entdecken Sie das JNR Fox 10K Pod-System, eine wiederbef\u00fcllbare E-Zigarette mit bis zu 10.000 Z\u00fcgen, Mesh-Coil-Technologie, einem 800-mAh-Akku und zwei 10-ml-Pods. Ideal f\u00fcr Dampfer, die ein kompaktes, langlebiges Pod-System mit intensivem Geschmack suchen.","robots":{"index":"index","follow":"follow","max-snippet":"max-snippet:-1","max-image-preview":"max-image-preview:large","max-video-preview":"max-video-preview:-1"},"canonical":"https:\/\/kylinvape.com\/de\/product\/jnr-fox-10k-refillable-vape-pod-kit\/","og_locale":"de_DE","og_type":"article","og_title":"JNR Fox 10K Refillable Vape Pod Kits | Puff JNR 10000 Puffs Rechargeable Pod System","og_description":"Discover the JNR Fox 10K pod kit, a refillable vape delivering up to 10,000 puffs with mesh coil technology, 800mAh rechargeable battery, and 2\u00d710ml refillable pods. Perfect for vapers looking for a compact, sustainable puff jnr pod system with bold flavors","og_url":"https:\/\/kylinvape.com\/de\/product\/jnr-fox-10k-refillable-vape-pod-kit\/","og_site_name":"Kylin Vape","article_modified_time":"2025-10-13T08:09:18+00:00","og_image":[{"width":800,"height":800,"url":"https:\/\/kylinvape.com\/wp-content\/uploads\/2025\/09\/1-Myrtile-Glacee.webp","type":"image\/webp"}],"twitter_card":"summary_large_image","twitter_misc":{"Verf\u00fcgbarkeit":"Auf Lager"},"schema":{"@context":"https:\/\/schema.org","@graph":[{"@type":"WebPage","@id":"https:\/\/kylinvape.com\/product\/jnr-fox-10k-refillable-vape-pod-kit\/","url":"https:\/\/kylinvape.com\/product\/jnr-fox-10k-refillable-vape-pod-kit\/","name":"JNR Fox 10K Nachf\u00fcllbares Vape-Pod-Kit | Puff JNR \u2013 10.000 Z\u00fcge, wiederaufladbar","isPartOf":{"@id":"https:\/\/lightgoldenrodyellow-wildcat-131089.hostingersite.com\/en\/#website"},"primaryImageOfPage":{"@id":"https:\/\/kylinvape.com\/product\/jnr-fox-10k-refillable-vape-pod-kit\/#primaryimage"},"image":{"@id":"https:\/\/kylinvape.com\/product\/jnr-fox-10k-refillable-vape-pod-kit\/#primaryimage"},"thumbnailUrl":"https:\/\/kylinvape.com\/wp-content\/uploads\/2025\/09\/1-Myrtile-Glacee.webp","datePublished":"2025-09-20T17:26:06+00:00","dateModified":"2025-10-13T08:09:18+00:00","description":"Entdecken Sie das JNR Fox 10K Pod-System, eine wiederbef\u00fcllbare E-Zigarette mit bis zu 10.000 Z\u00fcgen, Mesh-Coil-Technologie, einem 800-mAh-Akku und zwei 10-ml-Pods. Ideal f\u00fcr Dampfer, die ein kompaktes, langlebiges Pod-System mit intensivem Geschmack suchen.","breadcrumb":{"@id":"https:\/\/kylinvape.com\/product\/jnr-fox-10k-refillable-vape-pod-kit\/#breadcrumb"},"inLanguage":"de","potentialAction":[{"@type":"ReadAction","target":["https:\/\/kylinvape.com\/product\/jnr-fox-10k-refillable-vape-pod-kit\/"]}]},{"@type":"ImageObject","inLanguage":"de","@id":"https:\/\/kylinvape.com\/product\/jnr-fox-10k-refillable-vape-pod-kit\/#primaryimage","url":"https:\/\/kylinvape.com\/wp-content\/uploads\/2025\/09\/1-Myrtile-Glacee.webp","contentUrl":"https:\/\/kylinvape.com\/wp-content\/uploads\/2025\/09\/1-Myrtile-Glacee.webp","width":800,"height":800,"caption":"JNR Fox 10k refillable vape pod kit"},{"@type":"BreadcrumbList","@id":"https:\/\/kylinvape.com\/product\/jnr-fox-10k-refillable-vape-pod-kit\/#breadcrumb","itemListElement":[{"@type":"ListItem","position":1,"name":"Home","item":"https:\/\/lightgoldenrodyellow-wildcat-131089.hostingersite.com\/en\/"},{"@type":"ListItem","position":2,"name":"Shop","item":"https:\/\/lightgoldenrodyellow-wildcat-131089.hostingersite.com\/en\/shop\/"},{"@type":"ListItem","position":3,"name":"JNR Fox 10K Refillable Vape Pod Kits | Puff JNR 10000 Puffs Rechargeable Pod System"}]},{"@type":"WebSite","@id":"https:\/\/lightgoldenrodyellow-wildcat-131089.hostingersite.com\/en\/#website","url":"https:\/\/lightgoldenrodyellow-wildcat-131089.hostingersite.com\/en\/","name":"Kylin Vape","description":"Kylin Vape","publisher":{"@id":"https:\/\/lightgoldenrodyellow-wildcat-131089.hostingersite.com\/en\/#organization"},"potentialAction":[{"@type":"SearchAction","target":{"@type":"EntryPoint","urlTemplate":"https:\/\/lightgoldenrodyellow-wildcat-131089.hostingersite.com\/en\/?s={search_term_string}"},"query-input":{"@type":"PropertyValueSpecification","valueRequired":true,"valueName":"search_term_string"}}],"inLanguage":"de"},{"@type":"Organization","@id":"https:\/\/lightgoldenrodyellow-wildcat-131089.hostingersite.com\/en\/#organization","name":"Kylin Vape","url":"https:\/\/lightgoldenrodyellow-wildcat-131089.hostingersite.com\/en\/","logo":{"@type":"ImageObject","inLanguage":"de","@id":"https:\/\/lightgoldenrodyellow-wildcat-131089.hostingersite.com\/en\/#\/schema\/logo\/image\/","url":"https:\/\/kylinvape.com\/wp-content\/uploads\/2025\/08\/1-1.webp","contentUrl":"https:\/\/kylinvape.com\/wp-content\/uploads\/2025\/08\/1-1.webp","width":384,"height":397,"caption":"Kylin Vape"},"image":{"@id":"https:\/\/lightgoldenrodyellow-wildcat-131089.hostingersite.com\/en\/#\/schema\/logo\/image\/"}}]},"og_availability":"instock","product_availability":"instock","product_condition":"new"},"_links":{"self":[{"href":"https:\/\/kylinvape.com\/de\/wp-json\/wp\/v2\/product\/8734","targetHints":{"allow":["GET"]}}],"collection":[{"href":"https:\/\/kylinvape.com\/de\/wp-json\/wp\/v2\/product"}],"about":[{"href":"https:\/\/kylinvape.com\/de\/wp-json\/wp\/v2\/types\/product"}],"replies":[{"embeddable":true,"href":"https:\/\/kylinvape.com\/de\/wp-json\/wp\/v2\/comments?post=8734"}],"wp:featuredmedia":[{"embeddable":true,"href":"https:\/\/kylinvape.com\/de\/wp-json\/wp\/v2\/media\/8735"}],"wp:attachment":[{"href":"https:\/\/kylinvape.com\/de\/wp-json\/wp\/v2\/media?parent=8734"}],"wp:term":[{"taxonomy":"product_brand","embeddable":true,"href":"https:\/\/kylinvape.com\/de\/wp-json\/wp\/v2\/product_brand?post=8734"},{"taxonomy":"product_cat","embeddable":true,"href":"https:\/\/kylinvape.com\/de\/wp-json\/wp\/v2\/product_cat?post=8734"},{"taxonomy":"product_tag","embeddable":true,"href":"https:\/\/kylinvape.com\/de\/wp-json\/wp\/v2\/product_tag?post=8734"}],"curies":[{"name":"wp","href":"https:\/\/api.w.org\/{rel}","templated":true}]}}