{"id":9250,"date":"2025-09-22T12:43:31","date_gmt":"2025-09-22T12:43:31","guid":{"rendered":"https:\/\/kylinvape.com\/?post_type=product&#038;p=9250"},"modified":"2025-10-16T17:56:35","modified_gmt":"2025-10-16T17:56:35","slug":"airmez-mars-20k-disposable-vape-20000-puffs-rechargeable-e-cigarette-with-360-display-dual-mesh-coil","status":"publish","type":"product","link":"https:\/\/kylinvape.com\/de\/product\/airmez-mars-20k-disposable-vape-20000-puffs-rechargeable-e-cigarette-with-360-display-dual-mesh-coil\/","title":{"rendered":"Airmez Mars 20K Einweg-E-Zigarette \u2013 Wiederaufladbare E-Zigarette mit 20.000 Z\u00fcgen, 360\u00b0-Display und Dual-Mesh-Coil"},"content":{"rendered":"<h2>Airmez Mars 20K Einweg-E-Zigarette | 20.000 Z\u00fcge mit Rundum-gebogenem Sieb und dualer Luftzufuhr<\/h2>\n<p data-start=\"1743\" data-end=\"2271\"><strong data-start=\"1747\" data-end=\"1766\">Airmez Mars 20K<\/strong> setzt einen neuen Standard f\u00fcr <strong data-start=\"1791\" data-end=\"1804\">20.000 Vapes<\/strong>. Mit <strong data-start=\"1811\" data-end=\"1826\">20000 Z\u00fcge<\/strong> von sanftem, geschmackvollem Dampf und einem <strong data-start=\"1860\" data-end=\"1897\">360\u00b0 omni-gekr\u00fcmmtes animiertes Display<\/strong>, Diese Einweg-E-Zigarette wurde f\u00fcr alle entwickelt, die Wert auf Stil und Leistung legen. Ausgestattet mit <strong data-start=\"1992\" data-end=\"2014\">zwei Luftstrommodi<\/strong> sowohl f\u00fcr straffe MTL-Z\u00fcge als auch f\u00fcr luftige Dampfwolken, und ein <strong data-start=\"2063\" data-end=\"2086\">Doppel-Mesh-1,0-\u03a9-Spule<\/strong> F\u00fcr ein intensives Geschmackserlebnis bietet es das Beste aus beiden Welten. Ein kraftvolles <strong data-start=\"2157\" data-end=\"2188\">800-mAh-Akku<\/strong> gew\u00e4hrleistet Langlebigkeit, w\u00e4hrend die <strong data-start=\"2218\" data-end=\"2244\">20 ml E-Liquid-Kapazit\u00e4t<\/strong> Zufriedenheitsgarantie.<\/p>\n<hr data-start=\"2273\" data-end=\"2276\">\n<h2 data-start=\"2278\" data-end=\"2299\">\u2b50 Airmez Mars 20K \u2013 Hauptmerkmale<\/h2>\n<ul>\n<li data-start=\"2302\" data-end=\"2362\"><strong data-start=\"2302\" data-end=\"2326\">Kapazit\u00e4t: 20.000 Z\u00fcge<\/strong> \u2013 Lang anhaltendes Dampferlebnis.<\/li>\n<li data-start=\"2365\" data-end=\"2441\"><strong data-start=\"2365\" data-end=\"2393\">360\u00b0 Rundum gekr\u00fcmmtes Display<\/strong> \u2013 Stilvoller, futuristischer Bildschirm mit Animationen.<\/li>\n<li data-start=\"2444\" data-end=\"2519\"><strong data-start=\"2444\" data-end=\"2470\">Beleuchtete Animationen<\/strong> \u2013 Visuelle Effekte f\u00fcr ein modernes Dampferlebnis.<\/li>\n<li data-start=\"2522\" data-end=\"2593\"><strong data-start=\"2522\" data-end=\"2544\">Zwei Luftstrommodi<\/strong> \u2013 Wechseln Sie zwischen straffen MTL-Z\u00fcgen und luftigen Z\u00fcgen.<\/li>\n<li data-start=\"2596\" data-end=\"2675\"><strong data-start=\"2596\" data-end=\"2621\">Doppel-Mesh-Spule (1,0 \u03a9)<\/strong> \u2013 Gleichm\u00e4\u00dfige Dampfproduktion mit verbessertem Geschmack.<\/li>\n<li data-start=\"2678\" data-end=\"2747\"><strong data-start=\"2678\" data-end=\"2706\">20 ml vorgef\u00fclltes E-Liquid<\/strong> \u2013 Gro\u00dfz\u00fcgige Kapazit\u00e4t f\u00fcr den Langzeitgebrauch.<\/li>\n<li data-start=\"2750\" data-end=\"2815\"><strong data-start=\"2750\" data-end=\"2781\">800-mAh-Akku<\/strong> \u2013 Unterst\u00fctzung f\u00fcr Schnellladen \u00fcber USB-C.<\/li>\n<li data-start=\"2818\" data-end=\"2893\"><strong data-start=\"2818\" data-end=\"2843\">Hochwertige Verarbeitung<\/strong> \u2013 Elegantes Design f\u00fcr Komfort und Langlebigkeit.<\/li>\n<\/ul>\n<hr data-start=\"2895\" data-end=\"2898\">\n<h2 data-start=\"2900\" data-end=\"2932\">\ud83d\udcca Airmez Mars 20K \u2013 Produktspezifikationen<\/h2>\n<ul>\n<li data-start=\"2935\" data-end=\"2962\"><strong data-start=\"2935\" data-end=\"2957\">Nikotinst\u00e4rke:<\/strong> 5%<\/li>\n<li data-start=\"2965\" data-end=\"2994\"><strong data-start=\"2965\" data-end=\"2987\">E-Liquid-Kapazit\u00e4t:<\/strong> 20 ml<\/li>\n<li data-start=\"2997\" data-end=\"3032\"><strong data-start=\"2997\" data-end=\"3012\">Anzahl der Z\u00fcge:<\/strong> Bis zu 20.000 Z\u00fcge<\/li>\n<li data-start=\"3035\" data-end=\"3073\"><strong data-start=\"3035\" data-end=\"3049\">Spulentyp:<\/strong> Doppel-Mesh-Spule (1,0 \u03a9)<\/li>\n<li data-start=\"3076\" data-end=\"3110\"><strong data-start=\"3076\" data-end=\"3088\">Luftstrom:<\/strong> Doppeltes Luftstromsystem<\/li>\n<li data-start=\"3113\" data-end=\"3156\"><strong data-start=\"3113\" data-end=\"3134\">Batteriekapazit\u00e4t:<\/strong> 800-mAh-Akku<\/li>\n<li data-start=\"3159\" data-end=\"3190\"><strong data-start=\"3159\" data-end=\"3177\">Ladeanschluss:<\/strong> USB Typ-C<\/li>\n<li data-start=\"3193\" data-end=\"3264\"><strong data-start=\"3193\" data-end=\"3214\">Besondere Merkmale:<\/strong> 360\u00b0 gebogenes Display mit beleuchteten Animationen<\/li>\n<li data-start=\"3267\" data-end=\"3323\"><strong data-start=\"3267\" data-end=\"3281\">Verpackung:<\/strong> 5 St\u00fcck pro Displaybox, 200 St\u00fcck pro Karton<\/li>\n<\/ul>\n<hr data-start=\"3325\" data-end=\"3328\">\n<h2 data-start=\"3330\" data-end=\"3354\">\ud83c\udf53 Airmez Mars 20K \u2013 Geschmacksoptionen<\/h2>\n<ul>\n<li data-start=\"3358\" data-end=\"3372\">Tropischer Tango<\/li>\n<li data-start=\"3376\" data-end=\"3386\">Mars Pop<\/li>\n<li data-start=\"3390\" data-end=\"3407\">Blaue Raz Shiver<\/li>\n<li data-start=\"3411\" data-end=\"3431\">Tropenfarbensturm<\/li>\n<\/ul>\n<hr data-start=\"3433\" data-end=\"3436\">\n<h2>&nbsp;Airmez Mars 20K \u2013 H\u00e4ufig gestellte Fragen<\/h2>\n<ul>\n<li><strong data-start=\"3457\" data-end=\"3513\">Frage 1: Wie viele Z\u00fcge liefert der Airmez Mars 10K?<\/strong><br data-start=\"3513\" data-end=\"3516\">A1: Es bietet bis zu <strong data-start=\"3536\" data-end=\"3551\">20000 Z\u00fcge<\/strong>, Perfekt f\u00fcr den langfristigen t\u00e4glichen Gebrauch.<\/li>\n<li><strong data-start=\"3589\" data-end=\"3659\">Frage 2: Was unterscheidet die Mars 10K von anderen Einweg-E-Zigaretten?<\/strong><br data-start=\"3659\" data-end=\"3662\">A2: Es beinhaltet ein <strong data-start=\"3680\" data-end=\"3711\">360\u00b0 gebogener animierter Bildschirm<\/strong>, doppelter Luftstrom und <strong data-start=\"3731\" data-end=\"3760\">Doppel-Mesh-Spulentechnologie<\/strong>.<\/li>\n<li><strong data-start=\"3765\" data-end=\"3809\">Frage 3: Ist der Airmez Mars 10K wiederaufladbar?<\/strong><br data-start=\"3809\" data-end=\"3812\">A3: Ja, es wird mit einem geliefert <strong data-start=\"3838\" data-end=\"3876\">800-mAh-Akku mit Typ-C-Anschluss<\/strong>.<\/li>\n<li><strong data-start=\"3881\" data-end=\"3935\">Frage 4: F\u00fcr welchen Dampfstil ist dieses Ger\u00e4t konzipiert?<\/strong><br data-start=\"3935\" data-end=\"3938\">A4: Es unterst\u00fctzt <strong data-start=\"3954\" data-end=\"3968\">MTL-Dampfen<\/strong> mit einstellbarem Luftstrom f\u00fcr sowohl straffe als auch luftige Z\u00fcge.<\/li>\n<li><strong data-start=\"4027\" data-end=\"4069\">Frage 5: Wie viel E-Liquid enth\u00e4lt es?<\/strong><br data-start=\"4069\" data-end=\"4072\">A5: Jedes Ger\u00e4t ist vorgef\u00fcllt mit <strong data-start=\"4107\" data-end=\"4127\">20 ml E-Liquid<\/strong>.<\/li>\n<li><strong data-start=\"4132\" data-end=\"4167\">Frage 6: Welche Geschmacksrichtungen gibt es?<\/strong><br data-start=\"4167\" data-end=\"4170\">A6: Tropic Tango, Mars Pop, Blue Raz Shiver und Tropic Color Storm.<\/li>\n<li><strong data-start=\"4242\" data-end=\"4284\">Frage 7: Ist es f\u00fcr den Gro\u00dfhandel mit E-Zigaretten geeignet?<\/strong><br data-start=\"4284\" data-end=\"4287\">A7: Ja, es kommt in <strong data-start=\"4308\" data-end=\"4354\">5 St\u00fcck pro Displaybox und 200 St\u00fcck pro Karton<\/strong>, ideal f\u00fcr <strong data-start=\"4366\" data-end=\"4397\">E-Zigaretten-Gro\u00dfh\u00e4ndler<\/strong>.<\/li>\n<\/ul>","protected":false},"excerpt":{"rendered":"<p><strong data-start=\"1439\" data-end=\"1474\">Airmez Mars 20K Einweg-E-Zigarette<\/strong> vereint futuristisches Design mit Leistung: <a href=\"https:\/\/kylinvape.com\/de\/product-category\/disposable-vapes\/20k-puffs-disposable-vape\/\"><strong data-start=\"1514\" data-end=\"1529\">20000 Z\u00fcge<\/strong><\/a>, <a href=\"https:\/\/kylinvape.com\/de\/product\/elf-box-pulse-x-25k-25000-puffs-disposable-vape-with-led-display-type-c-rechargeable-e-cigarette\/\"><strong data-start=\"1531\" data-end=\"1569\">360\u00b0 gebogener Bildschirm mit Animationen<\/strong><\/a>, doppelter Luftstrom und <strong data-start=\"1589\" data-end=\"1619\">Doppel-Mesh-Spulenleistung<\/strong>, alles angetrieben von einem <strong data-start=\"1639\" data-end=\"1670\">800-mAh-Akku<\/strong>.<\/p>","protected":false},"featured_media":9251,"comment_status":"open","ping_status":"closed","template":"","meta":{"site-sidebar-layout":"default","site-content-layout":"","ast-site-content-layout":"default","site-content-style":"default","site-sidebar-style":"default","ast-global-header-display":"","ast-banner-title-visibility":"","ast-main-header-display":"","ast-hfb-above-header-display":"","ast-hfb-below-header-display":"","ast-hfb-mobile-header-display":"","site-post-title":"","ast-breadcrumbs-content":"","ast-featured-img":"","footer-sml-layout":"","ast-disable-related-posts":"","theme-transparent-header-meta":"default","adv-header-id-meta":"","stick-header-meta":"default","header-above-stick-meta":"","header-main-stick-meta":"","header-below-stick-meta":"","astra-migrate-meta-layouts":"set","ast-page-background-enabled":"default","ast-page-background-meta":{"desktop":{"background-color":"","background-image":"","background-repeat":"repeat","background-position":"center center","background-size":"auto","background-attachment":"scroll","background-type":"","background-media":"","overlay-type":"","overlay-color":"","overlay-opacity":"","overlay-gradient":""},"tablet":{"background-color":"","background-image":"","background-repeat":"repeat","background-position":"center center","background-size":"auto","background-attachment":"scroll","background-type":"","background-media":"","overlay-type":"","overlay-color":"","overlay-opacity":"","overlay-gradient":""},"mobile":{"background-color":"","background-image":"","background-repeat":"repeat","background-position":"center center","background-size":"auto","background-attachment":"scroll","background-type":"","background-media":"","overlay-type":"","overlay-color":"","overlay-opacity":"","overlay-gradient":""}},"ast-content-background-meta":{"desktop":{"background-color":"var(--ast-global-color-5)","background-image":"","background-repeat":"repeat","background-position":"center center","background-size":"auto","background-attachment":"scroll","background-type":"","background-media":"","overlay-type":"","overlay-color":"","overlay-opacity":"","overlay-gradient":""},"tablet":{"background-color":"var(--ast-global-color-5)","background-image":"","background-repeat":"repeat","background-position":"center center","background-size":"auto","background-attachment":"scroll","background-type":"","background-media":"","overlay-type":"","overlay-color":"","overlay-opacity":"","overlay-gradient":""},"mobile":{"background-color":"var(--ast-global-color-5)","background-image":"","background-repeat":"repeat","background-position":"center center","background-size":"auto","background-attachment":"scroll","background-type":"","background-media":"","overlay-type":"","overlay-color":"","overlay-opacity":"","overlay-gradient":""}}},"product_brand":[],"product_cat":[107,103,127,130,126,123,118,117,121,120,124,125,119,122,131],"product_tag":[180,151,150,152,153],"class_list":{"0":"post-9250","1":"product","2":"type-product","3":"status-publish","4":"has-post-thumbnail","6":"product_cat-20k-puffs-disposable-vape","7":"product_cat-airmez-vape","8":"product_cat-big-puff-vape","9":"product_cat-box-vapes","10":"product_cat-disposable-vapes-in-austria","11":"product_cat-disposable-vapes-in-belgium","12":"product_cat-disposable-vapes-in-france","13":"product_cat-disposable-vapes-in-germany","14":"product_cat-disposable-vapes-in-italy","15":"product_cat-disposable-vapes-in-netherlands","16":"product_cat-disposable-vapes-in-poland","17":"product_cat-disposable-vapes-in-portugal","18":"product_cat-disposable-vapes-in-spain","19":"product_cat-disposable-vapes-in-sweden","20":"product_cat-rechargeable-vapes","21":"product_tag-20k-vape","22":"product_tag-handy-vape","23":"product_tag-mtl-vape","24":"product_tag-smart-vape","25":"product_tag-vape-wholesale","26":"desktop-align-center","27":"tablet-align-center","28":"mobile-align-center","29":"ast-product-gallery-layout-horizontal-slider","30":"ast-product-single-variable","31":"ast-product-tabs-layout-horizontal","33":"first","34":"instock","35":"sale","36":"shipping-taxable","37":"purchasable","38":"product-type-variable"},"yoast_head":"<!-- This site is optimized with the Yoast SEO Premium plugin v26.0 (Yoast SEO v27.4) - https:\/\/yoast.com\/product\/yoast-seo-premium-wordpress\/ -->\n<title>Airmez Mars 20K Disposable Vape \u2013 20000 Puffs, 360\u00b0 Display, Rechargeable Dual Mesh Coil E-Cigarette<\/title>\n<meta name=\"description\" content=\"Experience the Airmez Mars 20K disposable vape, delivering 10000 puffs with a 360\u00b0 omni-curved display, illuminated animations, dual airflow modes, and a 1.0\u03a9 dual mesh coil. Powered by an 800mAh rechargeable battery, this stylish 10k vape is the perfect choice for MTL vapers and big puff vape lovers.\" \/>\n<meta name=\"robots\" content=\"index, follow, max-snippet:-1, max-image-preview:large, max-video-preview:-1\" \/>\n<link rel=\"canonical\" href=\"https:\/\/kylinvape.com\/de\/product\/airmez-mars-20k-disposable-vape-20000-puffs-rechargeable-e-cigarette-with-360-display-dual-mesh-coil\/\" \/>\n<meta property=\"og:locale\" content=\"de_DE\" \/>\n<meta property=\"og:type\" content=\"article\" \/>\n<meta property=\"og:title\" content=\"Airmez Mars 20K Disposable Vape \u2013 20000 Puffs Rechargeable E-Cigarette with 360\u00b0 Display &amp; Dual Mesh Coil\" \/>\n<meta property=\"og:description\" content=\"Experience the Airmez Mars 20K disposable vape, delivering 10000 puffs with a 360\u00b0 omni-curved display, illuminated animations, dual airflow modes, and a 1.0\u03a9 dual mesh coil. Powered by an 800mAh rechargeable battery, this stylish 10k vape is the perfect choice for MTL vapers and big puff vape lovers.\" \/>\n<meta property=\"og:url\" content=\"https:\/\/kylinvape.com\/de\/product\/airmez-mars-20k-disposable-vape-20000-puffs-rechargeable-e-cigarette-with-360-display-dual-mesh-coil\/\" \/>\n<meta property=\"og:site_name\" content=\"Kylin Vape\" \/>\n<meta property=\"article:modified_time\" content=\"2025-10-16T17:56:35+00:00\" \/>\n<meta property=\"og:image\" content=\"https:\/\/kylinvape.com\/wp-content\/uploads\/2025\/09\/Airmez-Mar_1080x1080.webp\" \/>\n\t<meta property=\"og:image:width\" content=\"1080\" \/>\n\t<meta property=\"og:image:height\" content=\"1080\" \/>\n\t<meta property=\"og:image:type\" content=\"image\/webp\" \/>\n<meta name=\"twitter:card\" content=\"summary_large_image\" \/>\n<meta name=\"twitter:label1\" content=\"Verf\u00fcgbarkeit\" \/>\n\t<meta name=\"twitter:data1\" content=\"Auf Lager\" \/>\n<script type=\"application\/ld+json\" class=\"yoast-schema-graph\">{\"@context\":\"https:\\\/\\\/schema.org\",\"@graph\":[{\"@type\":\"WebPage\",\"@id\":\"https:\\\/\\\/kylinvape.com\\\/en\\\/product\\\/airmez-mars-20k-disposable-vape-20000-puffs-rechargeable-e-cigarette-with-360-display-dual-mesh-coil\\\/\",\"url\":\"https:\\\/\\\/kylinvape.com\\\/en\\\/product\\\/airmez-mars-20k-disposable-vape-20000-puffs-rechargeable-e-cigarette-with-360-display-dual-mesh-coil\\\/\",\"name\":\"Airmez Mars 20K Disposable Vape \u2013 20000 Puffs, 360\u00b0 Display, Rechargeable Dual Mesh Coil E-Cigarette\",\"isPartOf\":{\"@id\":\"https:\\\/\\\/lightgoldenrodyellow-wildcat-131089.hostingersite.com\\\/en\\\/#website\"},\"primaryImageOfPage\":{\"@id\":\"https:\\\/\\\/kylinvape.com\\\/en\\\/product\\\/airmez-mars-20k-disposable-vape-20000-puffs-rechargeable-e-cigarette-with-360-display-dual-mesh-coil\\\/#primaryimage\"},\"image\":{\"@id\":\"https:\\\/\\\/kylinvape.com\\\/en\\\/product\\\/airmez-mars-20k-disposable-vape-20000-puffs-rechargeable-e-cigarette-with-360-display-dual-mesh-coil\\\/#primaryimage\"},\"thumbnailUrl\":\"https:\\\/\\\/kylinvape.com\\\/wp-content\\\/uploads\\\/2025\\\/09\\\/Airmez-Mar_1080x1080.webp\",\"datePublished\":\"2025-09-22T12:43:31+00:00\",\"dateModified\":\"2025-10-16T17:56:35+00:00\",\"description\":\"Experience the Airmez Mars 20K disposable vape, delivering 10000 puffs with a 360\u00b0 omni-curved display, illuminated animations, dual airflow modes, and a 1.0\u03a9 dual mesh coil. Powered by an 800mAh rechargeable battery, this stylish 10k vape is the perfect choice for MTL vapers and big puff vape lovers.\",\"breadcrumb\":{\"@id\":\"https:\\\/\\\/kylinvape.com\\\/en\\\/product\\\/airmez-mars-20k-disposable-vape-20000-puffs-rechargeable-e-cigarette-with-360-display-dual-mesh-coil\\\/#breadcrumb\"},\"inLanguage\":\"de\",\"potentialAction\":[{\"@type\":\"ReadAction\",\"target\":[\"https:\\\/\\\/kylinvape.com\\\/en\\\/product\\\/airmez-mars-20k-disposable-vape-20000-puffs-rechargeable-e-cigarette-with-360-display-dual-mesh-coil\\\/\"]}]},{\"@type\":\"ImageObject\",\"inLanguage\":\"de\",\"@id\":\"https:\\\/\\\/kylinvape.com\\\/en\\\/product\\\/airmez-mars-20k-disposable-vape-20000-puffs-rechargeable-e-cigarette-with-360-display-dual-mesh-coil\\\/#primaryimage\",\"url\":\"https:\\\/\\\/kylinvape.com\\\/wp-content\\\/uploads\\\/2025\\\/09\\\/Airmez-Mar_1080x1080.webp\",\"contentUrl\":\"https:\\\/\\\/kylinvape.com\\\/wp-content\\\/uploads\\\/2025\\\/09\\\/Airmez-Mar_1080x1080.webp\",\"width\":1080,\"height\":1080,\"caption\":\"Airmez Mars 20K disposable vape 20000 puffs device\"},{\"@type\":\"BreadcrumbList\",\"@id\":\"https:\\\/\\\/kylinvape.com\\\/en\\\/product\\\/airmez-mars-20k-disposable-vape-20000-puffs-rechargeable-e-cigarette-with-360-display-dual-mesh-coil\\\/#breadcrumb\",\"itemListElement\":[{\"@type\":\"ListItem\",\"position\":1,\"name\":\"Home\",\"item\":\"https:\\\/\\\/lightgoldenrodyellow-wildcat-131089.hostingersite.com\\\/en\\\/\"},{\"@type\":\"ListItem\",\"position\":2,\"name\":\"Shop\",\"item\":\"https:\\\/\\\/lightgoldenrodyellow-wildcat-131089.hostingersite.com\\\/en\\\/shop\\\/\"},{\"@type\":\"ListItem\",\"position\":3,\"name\":\"Airmez Mars 20K Disposable Vape \u2013 20000 Puffs Rechargeable E-Cigarette with 360\u00b0 Display &#038; Dual Mesh Coil\"}]},{\"@type\":\"WebSite\",\"@id\":\"https:\\\/\\\/lightgoldenrodyellow-wildcat-131089.hostingersite.com\\\/en\\\/#website\",\"url\":\"https:\\\/\\\/lightgoldenrodyellow-wildcat-131089.hostingersite.com\\\/en\\\/\",\"name\":\"Kylin Vape\",\"description\":\"Kylin Vape\",\"publisher\":{\"@id\":\"https:\\\/\\\/lightgoldenrodyellow-wildcat-131089.hostingersite.com\\\/en\\\/#organization\"},\"potentialAction\":[{\"@type\":\"SearchAction\",\"target\":{\"@type\":\"EntryPoint\",\"urlTemplate\":\"https:\\\/\\\/lightgoldenrodyellow-wildcat-131089.hostingersite.com\\\/en\\\/?s={search_term_string}\"},\"query-input\":{\"@type\":\"PropertyValueSpecification\",\"valueRequired\":true,\"valueName\":\"search_term_string\"}}],\"inLanguage\":\"de\"},{\"@type\":\"Organization\",\"@id\":\"https:\\\/\\\/lightgoldenrodyellow-wildcat-131089.hostingersite.com\\\/en\\\/#organization\",\"name\":\"Kylin Vape\",\"url\":\"https:\\\/\\\/lightgoldenrodyellow-wildcat-131089.hostingersite.com\\\/en\\\/\",\"logo\":{\"@type\":\"ImageObject\",\"inLanguage\":\"de\",\"@id\":\"https:\\\/\\\/lightgoldenrodyellow-wildcat-131089.hostingersite.com\\\/en\\\/#\\\/schema\\\/logo\\\/image\\\/\",\"url\":\"https:\\\/\\\/kylinvape.com\\\/wp-content\\\/uploads\\\/2025\\\/08\\\/1-1.webp\",\"contentUrl\":\"https:\\\/\\\/kylinvape.com\\\/wp-content\\\/uploads\\\/2025\\\/08\\\/1-1.webp\",\"width\":384,\"height\":397,\"caption\":\"Kylin Vape\"},\"image\":{\"@id\":\"https:\\\/\\\/lightgoldenrodyellow-wildcat-131089.hostingersite.com\\\/en\\\/#\\\/schema\\\/logo\\\/image\\\/\"}}]}<\/script>\n<meta property=\"og:availability\" content=\"instock\" \/>\n<meta property=\"product:availability\" content=\"instock\" \/>\n<meta property=\"product:condition\" content=\"new\" \/>\n<!-- \/ Yoast SEO Premium plugin. -->","yoast_head_json":{"title":"Airmez Mars 20K Einweg-E-Zigarette \u2013 20.000 Z\u00fcge, 360\u00b0-Display, wiederaufladbare Dual-Mesh-Coil-E-Zigarette","description":"Erleben Sie die Airmez Mars 20K Einweg-E-Zigarette mit 10.000 Z\u00fcgen, einem 360\u00b0-Rundum-Display, animierten Leuchteffekten, zwei Luftstrommodi und einem 1,0-\u03a9-Dual-Mesh-Verdampferkopf. Angetrieben von einem 800-mAh-Akku ist diese stylische E-Zigarette die perfekte Wahl f\u00fcr MTL-Dampfer und alle, die gro\u00dfe Z\u00fcge lieben.","robots":{"index":"index","follow":"follow","max-snippet":"max-snippet:-1","max-image-preview":"max-image-preview:large","max-video-preview":"max-video-preview:-1"},"canonical":"https:\/\/kylinvape.com\/de\/product\/airmez-mars-20k-disposable-vape-20000-puffs-rechargeable-e-cigarette-with-360-display-dual-mesh-coil\/","og_locale":"de_DE","og_type":"article","og_title":"Airmez Mars 20K Disposable Vape \u2013 20000 Puffs Rechargeable E-Cigarette with 360\u00b0 Display & Dual Mesh Coil","og_description":"Experience the Airmez Mars 20K disposable vape, delivering 10000 puffs with a 360\u00b0 omni-curved display, illuminated animations, dual airflow modes, and a 1.0\u03a9 dual mesh coil. Powered by an 800mAh rechargeable battery, this stylish 10k vape is the perfect choice for MTL vapers and big puff vape lovers.","og_url":"https:\/\/kylinvape.com\/de\/product\/airmez-mars-20k-disposable-vape-20000-puffs-rechargeable-e-cigarette-with-360-display-dual-mesh-coil\/","og_site_name":"Kylin Vape","article_modified_time":"2025-10-16T17:56:35+00:00","og_image":[{"width":1080,"height":1080,"url":"https:\/\/kylinvape.com\/wp-content\/uploads\/2025\/09\/Airmez-Mar_1080x1080.webp","type":"image\/webp"}],"twitter_card":"summary_large_image","twitter_misc":{"Verf\u00fcgbarkeit":"Auf Lager"},"schema":{"@context":"https:\/\/schema.org","@graph":[{"@type":"WebPage","@id":"https:\/\/kylinvape.com\/en\/product\/airmez-mars-20k-disposable-vape-20000-puffs-rechargeable-e-cigarette-with-360-display-dual-mesh-coil\/","url":"https:\/\/kylinvape.com\/en\/product\/airmez-mars-20k-disposable-vape-20000-puffs-rechargeable-e-cigarette-with-360-display-dual-mesh-coil\/","name":"Airmez Mars 20K Einweg-E-Zigarette \u2013 20.000 Z\u00fcge, 360\u00b0-Display, wiederaufladbare Dual-Mesh-Coil-E-Zigarette","isPartOf":{"@id":"https:\/\/lightgoldenrodyellow-wildcat-131089.hostingersite.com\/en\/#website"},"primaryImageOfPage":{"@id":"https:\/\/kylinvape.com\/en\/product\/airmez-mars-20k-disposable-vape-20000-puffs-rechargeable-e-cigarette-with-360-display-dual-mesh-coil\/#primaryimage"},"image":{"@id":"https:\/\/kylinvape.com\/en\/product\/airmez-mars-20k-disposable-vape-20000-puffs-rechargeable-e-cigarette-with-360-display-dual-mesh-coil\/#primaryimage"},"thumbnailUrl":"https:\/\/kylinvape.com\/wp-content\/uploads\/2025\/09\/Airmez-Mar_1080x1080.webp","datePublished":"2025-09-22T12:43:31+00:00","dateModified":"2025-10-16T17:56:35+00:00","description":"Erleben Sie die Airmez Mars 20K Einweg-E-Zigarette mit 10.000 Z\u00fcgen, einem 360\u00b0-Rundum-Display, animierten Leuchteffekten, zwei Luftstrommodi und einem 1,0-\u03a9-Dual-Mesh-Verdampferkopf. Angetrieben von einem 800-mAh-Akku ist diese stylische E-Zigarette die perfekte Wahl f\u00fcr MTL-Dampfer und alle, die gro\u00dfe Z\u00fcge lieben.","breadcrumb":{"@id":"https:\/\/kylinvape.com\/en\/product\/airmez-mars-20k-disposable-vape-20000-puffs-rechargeable-e-cigarette-with-360-display-dual-mesh-coil\/#breadcrumb"},"inLanguage":"de","potentialAction":[{"@type":"ReadAction","target":["https:\/\/kylinvape.com\/en\/product\/airmez-mars-20k-disposable-vape-20000-puffs-rechargeable-e-cigarette-with-360-display-dual-mesh-coil\/"]}]},{"@type":"ImageObject","inLanguage":"de","@id":"https:\/\/kylinvape.com\/en\/product\/airmez-mars-20k-disposable-vape-20000-puffs-rechargeable-e-cigarette-with-360-display-dual-mesh-coil\/#primaryimage","url":"https:\/\/kylinvape.com\/wp-content\/uploads\/2025\/09\/Airmez-Mar_1080x1080.webp","contentUrl":"https:\/\/kylinvape.com\/wp-content\/uploads\/2025\/09\/Airmez-Mar_1080x1080.webp","width":1080,"height":1080,"caption":"Airmez Mars 20K disposable vape 20000 puffs device"},{"@type":"BreadcrumbList","@id":"https:\/\/kylinvape.com\/en\/product\/airmez-mars-20k-disposable-vape-20000-puffs-rechargeable-e-cigarette-with-360-display-dual-mesh-coil\/#breadcrumb","itemListElement":[{"@type":"ListItem","position":1,"name":"Home","item":"https:\/\/lightgoldenrodyellow-wildcat-131089.hostingersite.com\/en\/"},{"@type":"ListItem","position":2,"name":"Shop","item":"https:\/\/lightgoldenrodyellow-wildcat-131089.hostingersite.com\/en\/shop\/"},{"@type":"ListItem","position":3,"name":"Airmez Mars 20K Disposable Vape \u2013 20000 Puffs Rechargeable E-Cigarette with 360\u00b0 Display &#038; Dual Mesh Coil"}]},{"@type":"WebSite","@id":"https:\/\/lightgoldenrodyellow-wildcat-131089.hostingersite.com\/en\/#website","url":"https:\/\/lightgoldenrodyellow-wildcat-131089.hostingersite.com\/en\/","name":"Kylin Vape","description":"Kylin Vape","publisher":{"@id":"https:\/\/lightgoldenrodyellow-wildcat-131089.hostingersite.com\/en\/#organization"},"potentialAction":[{"@type":"SearchAction","target":{"@type":"EntryPoint","urlTemplate":"https:\/\/lightgoldenrodyellow-wildcat-131089.hostingersite.com\/en\/?s={search_term_string}"},"query-input":{"@type":"PropertyValueSpecification","valueRequired":true,"valueName":"search_term_string"}}],"inLanguage":"de"},{"@type":"Organization","@id":"https:\/\/lightgoldenrodyellow-wildcat-131089.hostingersite.com\/en\/#organization","name":"Kylin Vape","url":"https:\/\/lightgoldenrodyellow-wildcat-131089.hostingersite.com\/en\/","logo":{"@type":"ImageObject","inLanguage":"de","@id":"https:\/\/lightgoldenrodyellow-wildcat-131089.hostingersite.com\/en\/#\/schema\/logo\/image\/","url":"https:\/\/kylinvape.com\/wp-content\/uploads\/2025\/08\/1-1.webp","contentUrl":"https:\/\/kylinvape.com\/wp-content\/uploads\/2025\/08\/1-1.webp","width":384,"height":397,"caption":"Kylin Vape"},"image":{"@id":"https:\/\/lightgoldenrodyellow-wildcat-131089.hostingersite.com\/en\/#\/schema\/logo\/image\/"}}]},"og_availability":"instock","product_availability":"instock","product_condition":"new"},"_links":{"self":[{"href":"https:\/\/kylinvape.com\/de\/wp-json\/wp\/v2\/product\/9250","targetHints":{"allow":["GET"]}}],"collection":[{"href":"https:\/\/kylinvape.com\/de\/wp-json\/wp\/v2\/product"}],"about":[{"href":"https:\/\/kylinvape.com\/de\/wp-json\/wp\/v2\/types\/product"}],"replies":[{"embeddable":true,"href":"https:\/\/kylinvape.com\/de\/wp-json\/wp\/v2\/comments?post=9250"}],"wp:featuredmedia":[{"embeddable":true,"href":"https:\/\/kylinvape.com\/de\/wp-json\/wp\/v2\/media\/9251"}],"wp:attachment":[{"href":"https:\/\/kylinvape.com\/de\/wp-json\/wp\/v2\/media?parent=9250"}],"wp:term":[{"taxonomy":"product_brand","embeddable":true,"href":"https:\/\/kylinvape.com\/de\/wp-json\/wp\/v2\/product_brand?post=9250"},{"taxonomy":"product_cat","embeddable":true,"href":"https:\/\/kylinvape.com\/de\/wp-json\/wp\/v2\/product_cat?post=9250"},{"taxonomy":"product_tag","embeddable":true,"href":"https:\/\/kylinvape.com\/de\/wp-json\/wp\/v2\/product_tag?post=9250"}],"curies":[{"name":"wp","href":"https:\/\/api.w.org\/{rel}","templated":true}]}}