{"id":9445,"date":"2025-09-22T14:46:57","date_gmt":"2025-09-22T14:46:57","guid":{"rendered":"https:\/\/kylinvape.com\/?post_type=product&#038;p=9445"},"modified":"2025-10-12T16:52:26","modified_gmt":"2025-10-12T16:52:26","slug":"vopk-tornado-9k-9000-puffs-disposable-vape-pen-with-mesh-coil-rechargeable-battery","status":"publish","type":"product","link":"https:\/\/kylinvape.com\/de\/product\/vopk-tornado-9k-9000-puffs-disposable-vape-pen-with-mesh-coil-rechargeable-battery\/","title":{"rendered":"VOPK TORNADO 9K | Einweg-Vape-Pen mit Mesh-Coil und wiederaufladbarem Akku f\u00fcr 9000 Z\u00fcge"},"content":{"rendered":"<h1>VOPK TORNADO 9K Einweg-E-Zigarette \u2013 Wiederaufladbarer Vape-Pen f\u00fcr 9000 Z\u00fcge<\/h1>\n<p data-start=\"1311\" data-end=\"1596\"><strong data-start=\"1315\" data-end=\"1334\">VOPK TORNADO 9K<\/strong> ist ein Hochleistungsger\u00e4t <a href=\"https:\/\/kylinvape.com\/de\/product-category\/types-of-vapes\/vape-pen\/\"><strong data-start=\"1357\" data-end=\"1380\">Einweg-Vape-Stift<\/strong><\/a> Entwickelt f\u00fcr Dampfer, die suchen <strong data-start=\"1409\" data-end=\"1432\">lang anhaltender Geschmack<\/strong> in kompakter Bauweise. Mit folgenden Merkmalen: <strong data-start=\"1464\" data-end=\"1497\">Doppel-Mesh-Spulen (0,9 \u03a9 + 0,9 \u03a9)<\/strong> Und <strong data-start=\"1502\" data-end=\"1519\">18 ml E-Liquid<\/strong>, Es liefert gleichm\u00e4\u00dfige, konsistente Dampfwolken und ein zufriedenstellendes Dampferlebnis.<\/p>\n<p data-start=\"1598\" data-end=\"1887\">Mit einem <strong data-start=\"1605\" data-end=\"1643\">600-mAh-Akku mit Typ-C-Anschluss<\/strong>, Dieser Einweg-Vape-Pen gew\u00e4hrleistet ununterbrochenes Dampfvergn\u00fcgen. Dank seines ergonomischen Designs ist er leicht zu transportieren und ideal f\u00fcr <strong data-start=\"1758\" data-end=\"1788\">MTL (Mund-zu-Lunge) Dampfen<\/strong>. Verf\u00fcgbar in <strong data-start=\"1803\" data-end=\"1847\">Nikotinst\u00e4rken von 0%, 2%, 3% und 5%<\/strong>, Es spricht ein breites Spektrum von Dampfern an.<\/p>\n<h2 data-start=\"1889\" data-end=\"1925\"><strong data-start=\"1894\" data-end=\"1923\">Hauptmerkmale und Vorteile<\/strong><\/h2>\n<ul>\n<li data-start=\"1928\" data-end=\"2000\">\u2705 <strong data-start=\"1930\" data-end=\"1954\">Kapazit\u00e4t f\u00fcr 9.000 Z\u00fcge<\/strong> \u2013 Kompakte und dennoch langlebige Einweg-E-Zigarette.<\/li>\n<li data-start=\"2003\" data-end=\"2083\">\u2705 <strong data-start=\"2005\" data-end=\"2035\">Doppel-Mesh-Spule (0,9 \u03a9 + 0,9 \u03a9)<\/strong> \u2013 Verbesserte Geschmacksentfaltung und feiner Dampf.<\/li>\n<li data-start=\"2086\" data-end=\"2161\">\u2705 <strong data-start=\"2088\" data-end=\"2116\">18 ml vorgef\u00fclltes E-Liquid<\/strong> \u2013 Reichhaltiger Geschmack f\u00fcr ausgedehnte Dampfsessions.<\/li>\n<li data-start=\"2164\" data-end=\"2241\">\u2705 <strong data-start=\"2166\" data-end=\"2205\">Nikotinst\u00e4rken: 0% | 2% | 3% | 5%<\/strong> \u2013 Flexible Auswahl f\u00fcr alle Dampfer.<\/li>\n<li data-start=\"2244\" data-end=\"2323\">\u2705 <strong data-start=\"2246\" data-end=\"2284\">600-mAh-Akku mit Typ-C-Anschluss<\/strong> \u2013 Zuverl\u00e4ssige Stromversorgung und schnelles Aufladen.<\/li>\n<li data-start=\"2326\" data-end=\"2397\">\u2705 <strong data-start=\"2328\" data-end=\"2354\">Praktisches und stilvolles Design<\/strong> \u2013 Perfekt f\u00fcr mobiles Dampfen unterwegs.<\/li>\n<li data-start=\"2400\" data-end=\"2485\">\u2705 <strong data-start=\"2402\" data-end=\"2426\">Ideal f\u00fcr MTL-Dampfen<\/strong> \u2013 Angenehmer Throat Hit und kontrollierte Dampfproduktion.<\/li>\n<\/ul>\n<hr data-start=\"2487\" data-end=\"2490\">\n<h2 data-start=\"2492\" data-end=\"2535\"><strong data-start=\"2497\" data-end=\"2533\">Spezifikationen&nbsp;<\/strong><\/h2>\n<ul>\n<li data-start=\"2538\" data-end=\"2556\">Puffs: <strong data-start=\"2545\" data-end=\"2554\">9,000<\/strong><\/li>\n<li data-start=\"2559\" data-end=\"2587\">Maschenspule: <strong data-start=\"2570\" data-end=\"2585\">0,9 \u03a9 + 0,9 \u03a9<\/strong><\/li>\n<li data-start=\"2590\" data-end=\"2610\">E-Liquid: <strong data-start=\"2600\" data-end=\"2608\">18 ml<\/strong><\/li>\n<li data-start=\"2613\" data-end=\"2655\">Nikotinst\u00e4rke: <strong data-start=\"2632\" data-end=\"2653\">0% \/ 2% \/ 3% \/ 5%<\/strong><\/li>\n<li data-start=\"2658\" data-end=\"2701\">Batterie: <strong data-start=\"2667\" data-end=\"2699\">600 mAh Akku (Typ-C)<\/strong><\/li>\n<li data-start=\"2704\" data-end=\"2741\">Vape-Stil: <strong data-start=\"2716\" data-end=\"2739\">Einweg-Vape-Pen<\/strong><\/li>\n<\/ul>\n<hr data-start=\"2743\" data-end=\"2746\">\n<h2 data-start=\"2748\" data-end=\"2773\"><strong data-start=\"2753\" data-end=\"2771\">Geschmacksoptionen<\/strong><\/h2>\n<ul>\n<li data-start=\"2777\" data-end=\"2798\">Blaubeere Himbeere<\/li>\n<li data-start=\"2802\" data-end=\"2830\">Blaubeere, Kirsche, Cranberry<\/li>\n<li data-start=\"2834\" data-end=\"2849\">Blaubeereis<\/li>\n<li data-start=\"2853\" data-end=\"2875\">Wassermelone Brazz Ice<\/li>\n<li data-start=\"2879\" data-end=\"2902\">Erdbeere Wassermelone<\/li>\n<li data-start=\"2906\" data-end=\"2932\">Erdbeer-Himbeer-Eis<\/li>\n<li data-start=\"2936\" data-end=\"2959\">Pfirsich-Mango-Ananas<\/li>\n<li data-start=\"2963\" data-end=\"2977\">Dreifach-Mango<\/li>\n<li data-start=\"2981\" data-end=\"2992\">K\u00fchle Minze<\/li>\n<li data-start=\"2997\" data-end=\"3011\">Zitrone &amp; Limette<\/li>\n<\/ul>\n<hr data-start=\"3013\" data-end=\"3016\">\n<h2 data-start=\"3018\" data-end=\"3039\"><strong data-start=\"3022\" data-end=\"3037\">H\u00e4ufig gestellte Fragen<\/strong><\/h2>\n<ul>\n<li><strong data-start=\"3041\" data-end=\"3097\">Frage 1: Wie viele Z\u00fcge liefert der VOPK TORNADO 9K?<\/strong><br data-start=\"3097\" data-end=\"3100\">A1: Es liefert bis zu <strong data-start=\"3122\" data-end=\"3137\">9.000 Z\u00fcge<\/strong>, ideal f\u00fcr kompaktes und dennoch geschmacksintensives Dampfen.<\/li>\n<li><strong data-start=\"3184\" data-end=\"3217\">Frage 2: Ist die E-Zigarette wiederaufladbar?<\/strong><br data-start=\"3217\" data-end=\"3220\">A2: Ja, es enth\u00e4lt ein <strong data-start=\"3243\" data-end=\"3281\">600-mAh-Akku mit Typ-C-Anschluss<\/strong> f\u00fcr den Langzeitgebrauch.<\/li>\n<li><strong data-start=\"3303\" data-end=\"3349\">Frage 3: Was ist das Besondere an der Dual-Mesh-Spule?<\/strong><br data-start=\"3349\" data-end=\"3352\">A3: Die <strong data-start=\"3360\" data-end=\"3392\">Doppel-Mesh-Spule (0,9 \u03a9 + 0,9 \u03a9)<\/strong> sorgt f\u00fcr gleichm\u00e4\u00dfige Erhitzung, intensiveren Geschmack und feinen Dampf.<\/li>\n<li><strong data-start=\"3452\" data-end=\"3498\">Frage 4: Welche Nikotinst\u00e4rken sind erh\u00e4ltlich?<\/strong><br data-start=\"3498\" data-end=\"3501\">A4: Die E-Zigarette kommt in <strong data-start=\"3523\" data-end=\"3554\">0%, 2%, 3% und 5% Nikotin<\/strong> Optionen f\u00fcr alle Nutzertypen.<\/li>\n<li><strong data-start=\"3590\" data-end=\"3628\">Frage 5: Ist es f\u00fcr das MTL-Dampfen geeignet?<\/strong><br data-start=\"3628\" data-end=\"3631\">A5: Ja, es ist perfekt f\u00fcr <strong data-start=\"3658\" data-end=\"3688\">Mund-zu-Lunge (MTL) Dampfen<\/strong>, und sorgt so f\u00fcr ein befriedigendes Gef\u00fchl im Hals.<\/li>\n<li><strong data-start=\"3727\" data-end=\"3771\">Frage 6: Ist diese E-Zigarette f\u00fcr den Gro\u00dfhandel geeignet?<\/strong><br data-start=\"3771\" data-end=\"3774\">A6: Absolut, die <strong data-start=\"3794\" data-end=\"3813\">VOPK TORNADO 9K<\/strong> ist ideal f\u00fcr <strong data-start=\"3827\" data-end=\"3874\">E-Zigaretten-Gro\u00dfhandel in Europa und auf globalen M\u00e4rkten<\/strong>.<\/li>\n<\/ul>","protected":false},"excerpt":{"rendered":"<p><strong data-start=\"1061\" data-end=\"1096\">VOPK TORNADO 9K Einweg-E-Zigarette<\/strong> liefert <strong data-start=\"1106\" data-end=\"1121\">9.000 Z\u00fcge<\/strong>, A <strong data-start=\"1125\" data-end=\"1150\">Doppel-Mesh-Spulensystem<\/strong>, <strong data-start=\"1152\" data-end=\"1169\">18 ml E-Liquid<\/strong>, und ein <strong data-start=\"1177\" data-end=\"1208\">600-mAh-Akku<\/strong>\u2014kompakt, stilvoll und perfekt f\u00fcr geschmacksintensives Dampfen.<\/p>","protected":false},"featured_media":9451,"comment_status":"open","ping_status":"closed","template":"","meta":{"site-sidebar-layout":"default","site-content-layout":"","ast-site-content-layout":"default","site-content-style":"default","site-sidebar-style":"default","ast-global-header-display":"","ast-banner-title-visibility":"","ast-main-header-display":"","ast-hfb-above-header-display":"","ast-hfb-below-header-display":"","ast-hfb-mobile-header-display":"","site-post-title":"","ast-breadcrumbs-content":"","ast-featured-img":"","footer-sml-layout":"","ast-disable-related-posts":"","theme-transparent-header-meta":"default","adv-header-id-meta":"","stick-header-meta":"default","header-above-stick-meta":"","header-main-stick-meta":"","header-below-stick-meta":"","astra-migrate-meta-layouts":"set","ast-page-background-enabled":"default","ast-page-background-meta":{"desktop":{"background-color":"","background-image":"","background-repeat":"repeat","background-position":"center center","background-size":"auto","background-attachment":"scroll","background-type":"","background-media":"","overlay-type":"","overlay-color":"","overlay-opacity":"","overlay-gradient":""},"tablet":{"background-color":"","background-image":"","background-repeat":"repeat","background-position":"center center","background-size":"auto","background-attachment":"scroll","background-type":"","background-media":"","overlay-type":"","overlay-color":"","overlay-opacity":"","overlay-gradient":""},"mobile":{"background-color":"","background-image":"","background-repeat":"repeat","background-position":"center center","background-size":"auto","background-attachment":"scroll","background-type":"","background-media":"","overlay-type":"","overlay-color":"","overlay-opacity":"","overlay-gradient":""}},"ast-content-background-meta":{"desktop":{"background-color":"var(--ast-global-color-5)","background-image":"","background-repeat":"repeat","background-position":"center center","background-size":"auto","background-attachment":"scroll","background-type":"","background-media":"","overlay-type":"","overlay-color":"","overlay-opacity":"","overlay-gradient":""},"tablet":{"background-color":"var(--ast-global-color-5)","background-image":"","background-repeat":"repeat","background-position":"center center","background-size":"auto","background-attachment":"scroll","background-type":"","background-media":"","overlay-type":"","overlay-color":"","overlay-opacity":"","overlay-gradient":""},"mobile":{"background-color":"var(--ast-global-color-5)","background-image":"","background-repeat":"repeat","background-position":"center center","background-size":"auto","background-attachment":"scroll","background-type":"","background-media":"","overlay-type":"","overlay-color":"","overlay-opacity":"","overlay-gradient":""}}},"product_brand":[],"product_cat":[320,126,123,118,117,121,120,124,125,119,122,277,131,129,146],"product_tag":[317,151,150,152,153],"class_list":{"0":"post-9445","1":"product","2":"type-product","3":"status-publish","4":"has-post-thumbnail","6":"product_cat-9k-puffs-disposable-vape","7":"product_cat-disposable-vapes-in-austria","8":"product_cat-disposable-vapes-in-belgium","9":"product_cat-disposable-vapes-in-france","10":"product_cat-disposable-vapes-in-germany","11":"product_cat-disposable-vapes-in-italy","12":"product_cat-disposable-vapes-in-netherlands","13":"product_cat-disposable-vapes-in-poland","14":"product_cat-disposable-vapes-in-portugal","15":"product_cat-disposable-vapes-in-spain","16":"product_cat-disposable-vapes-in-sweden","17":"product_cat-mini-puff-vapes","18":"product_cat-rechargeable-vapes","19":"product_cat-vape-pen","20":"product_cat-vopk-vape","21":"product_tag-9k-vape","22":"product_tag-handy-vape","23":"product_tag-mtl-vape","24":"product_tag-smart-vape","25":"product_tag-vape-wholesale","26":"desktop-align-center","27":"tablet-align-center","28":"mobile-align-center","29":"ast-product-gallery-layout-horizontal-slider","30":"ast-product-single-variable","31":"ast-product-tabs-layout-horizontal","33":"first","34":"instock","35":"sale","36":"shipping-taxable","37":"purchasable","38":"product-type-variable"},"yoast_head":"<!-- This site is optimized with the Yoast SEO Premium plugin v26.0 (Yoast SEO v27.4) - https:\/\/yoast.com\/product\/yoast-seo-premium-wordpress\/ -->\n<title>VOPK TORNADO 9K Disposable Vape | 9000 Puffs Mesh Coil Vape Pen<\/title>\n<meta name=\"description\" content=\"VOPK TORNADO 9K disposable vape with 9,000 puffs, dual mesh coil technology, 18ml e-liquid, and 600mAh rechargeable battery. Perfect for MTL vaping and premium flavor enjoyment.\" \/>\n<meta name=\"robots\" content=\"index, follow, max-snippet:-1, max-image-preview:large, max-video-preview:-1\" \/>\n<link rel=\"canonical\" href=\"https:\/\/kylinvape.com\/de\/product\/vopk-tornado-9k-9000-puffs-disposable-vape-pen-with-mesh-coil-rechargeable-battery\/\" \/>\n<meta property=\"og:locale\" content=\"de_DE\" \/>\n<meta property=\"og:type\" content=\"article\" \/>\n<meta property=\"og:title\" content=\"VOPK TORNADO 9K | 9000 Puffs Disposable Vape Pen with Mesh Coil &amp; Rechargeable Battery\" \/>\n<meta property=\"og:description\" content=\"VOPK TORNADO 9K disposable vape with 9,000 puffs, dual mesh coil technology, 18ml e-liquid, and 600mAh rechargeable battery. Perfect for MTL vaping and premium flavor enjoyment.\" \/>\n<meta property=\"og:url\" content=\"https:\/\/kylinvape.com\/de\/product\/vopk-tornado-9k-9000-puffs-disposable-vape-pen-with-mesh-coil-rechargeable-battery\/\" \/>\n<meta property=\"og:site_name\" content=\"Kylin Vape\" \/>\n<meta property=\"article:modified_time\" content=\"2025-10-12T16:52:26+00:00\" \/>\n<meta property=\"og:image\" content=\"https:\/\/kylinvape.com\/wp-content\/uploads\/2025\/09\/\u56fe\u5c42-1-1.webp\" \/>\n\t<meta property=\"og:image:width\" content=\"1000\" \/>\n\t<meta property=\"og:image:height\" content=\"1000\" \/>\n\t<meta property=\"og:image:type\" content=\"image\/webp\" \/>\n<meta name=\"twitter:card\" content=\"summary_large_image\" \/>\n<meta name=\"twitter:label1\" content=\"Verf\u00fcgbarkeit\" \/>\n\t<meta name=\"twitter:data1\" content=\"Auf Lager\" \/>\n<script type=\"application\/ld+json\" class=\"yoast-schema-graph\">{\"@context\":\"https:\\\/\\\/schema.org\",\"@graph\":[{\"@type\":\"WebPage\",\"@id\":\"https:\\\/\\\/kylinvape.com\\\/product\\\/vopk-tornado-9k-9000-puffs-disposable-vape-pen-with-mesh-coil-rechargeable-battery\\\/\",\"url\":\"https:\\\/\\\/kylinvape.com\\\/product\\\/vopk-tornado-9k-9000-puffs-disposable-vape-pen-with-mesh-coil-rechargeable-battery\\\/\",\"name\":\"VOPK TORNADO 9K Disposable Vape | 9000 Puffs Mesh Coil Vape Pen\",\"isPartOf\":{\"@id\":\"https:\\\/\\\/lightgoldenrodyellow-wildcat-131089.hostingersite.com\\\/en\\\/#website\"},\"primaryImageOfPage\":{\"@id\":\"https:\\\/\\\/kylinvape.com\\\/product\\\/vopk-tornado-9k-9000-puffs-disposable-vape-pen-with-mesh-coil-rechargeable-battery\\\/#primaryimage\"},\"image\":{\"@id\":\"https:\\\/\\\/kylinvape.com\\\/product\\\/vopk-tornado-9k-9000-puffs-disposable-vape-pen-with-mesh-coil-rechargeable-battery\\\/#primaryimage\"},\"thumbnailUrl\":\"https:\\\/\\\/kylinvape.com\\\/wp-content\\\/uploads\\\/2025\\\/09\\\/\u56fe\u5c42-1-1.webp\",\"datePublished\":\"2025-09-22T14:46:57+00:00\",\"dateModified\":\"2025-10-12T16:52:26+00:00\",\"description\":\"VOPK TORNADO 9K disposable vape with 9,000 puffs, dual mesh coil technology, 18ml e-liquid, and 600mAh rechargeable battery. Perfect for MTL vaping and premium flavor enjoyment.\",\"breadcrumb\":{\"@id\":\"https:\\\/\\\/kylinvape.com\\\/product\\\/vopk-tornado-9k-9000-puffs-disposable-vape-pen-with-mesh-coil-rechargeable-battery\\\/#breadcrumb\"},\"inLanguage\":\"de\",\"potentialAction\":[{\"@type\":\"ReadAction\",\"target\":[\"https:\\\/\\\/kylinvape.com\\\/product\\\/vopk-tornado-9k-9000-puffs-disposable-vape-pen-with-mesh-coil-rechargeable-battery\\\/\"]}]},{\"@type\":\"ImageObject\",\"inLanguage\":\"de\",\"@id\":\"https:\\\/\\\/kylinvape.com\\\/product\\\/vopk-tornado-9k-9000-puffs-disposable-vape-pen-with-mesh-coil-rechargeable-battery\\\/#primaryimage\",\"url\":\"https:\\\/\\\/kylinvape.com\\\/wp-content\\\/uploads\\\/2025\\\/09\\\/\u56fe\u5c42-1-1.webp\",\"contentUrl\":\"https:\\\/\\\/kylinvape.com\\\/wp-content\\\/uploads\\\/2025\\\/09\\\/\u56fe\u5c42-1-1.webp\",\"width\":1000,\"height\":1000,\"caption\":\"VOPK TORNADO 9K disposable vape 9000 puffs\"},{\"@type\":\"BreadcrumbList\",\"@id\":\"https:\\\/\\\/kylinvape.com\\\/product\\\/vopk-tornado-9k-9000-puffs-disposable-vape-pen-with-mesh-coil-rechargeable-battery\\\/#breadcrumb\",\"itemListElement\":[{\"@type\":\"ListItem\",\"position\":1,\"name\":\"Home\",\"item\":\"https:\\\/\\\/lightgoldenrodyellow-wildcat-131089.hostingersite.com\\\/en\\\/\"},{\"@type\":\"ListItem\",\"position\":2,\"name\":\"Shop\",\"item\":\"https:\\\/\\\/lightgoldenrodyellow-wildcat-131089.hostingersite.com\\\/en\\\/shop\\\/\"},{\"@type\":\"ListItem\",\"position\":3,\"name\":\"VOPK TORNADO 9K | 9000 Puffs Disposable Vape Pen with Mesh Coil &#038; Rechargeable Battery\"}]},{\"@type\":\"WebSite\",\"@id\":\"https:\\\/\\\/lightgoldenrodyellow-wildcat-131089.hostingersite.com\\\/en\\\/#website\",\"url\":\"https:\\\/\\\/lightgoldenrodyellow-wildcat-131089.hostingersite.com\\\/en\\\/\",\"name\":\"Kylin Vape\",\"description\":\"Kylin Vape\",\"publisher\":{\"@id\":\"https:\\\/\\\/lightgoldenrodyellow-wildcat-131089.hostingersite.com\\\/en\\\/#organization\"},\"potentialAction\":[{\"@type\":\"SearchAction\",\"target\":{\"@type\":\"EntryPoint\",\"urlTemplate\":\"https:\\\/\\\/lightgoldenrodyellow-wildcat-131089.hostingersite.com\\\/en\\\/?s={search_term_string}\"},\"query-input\":{\"@type\":\"PropertyValueSpecification\",\"valueRequired\":true,\"valueName\":\"search_term_string\"}}],\"inLanguage\":\"de\"},{\"@type\":\"Organization\",\"@id\":\"https:\\\/\\\/lightgoldenrodyellow-wildcat-131089.hostingersite.com\\\/en\\\/#organization\",\"name\":\"Kylin Vape\",\"url\":\"https:\\\/\\\/lightgoldenrodyellow-wildcat-131089.hostingersite.com\\\/en\\\/\",\"logo\":{\"@type\":\"ImageObject\",\"inLanguage\":\"de\",\"@id\":\"https:\\\/\\\/lightgoldenrodyellow-wildcat-131089.hostingersite.com\\\/en\\\/#\\\/schema\\\/logo\\\/image\\\/\",\"url\":\"https:\\\/\\\/kylinvape.com\\\/wp-content\\\/uploads\\\/2025\\\/08\\\/1-1.webp\",\"contentUrl\":\"https:\\\/\\\/kylinvape.com\\\/wp-content\\\/uploads\\\/2025\\\/08\\\/1-1.webp\",\"width\":384,\"height\":397,\"caption\":\"Kylin Vape\"},\"image\":{\"@id\":\"https:\\\/\\\/lightgoldenrodyellow-wildcat-131089.hostingersite.com\\\/en\\\/#\\\/schema\\\/logo\\\/image\\\/\"}}]}<\/script>\n<meta property=\"og:availability\" content=\"instock\" \/>\n<meta property=\"product:availability\" content=\"instock\" \/>\n<meta property=\"product:condition\" content=\"new\" \/>\n<!-- \/ Yoast SEO Premium plugin. -->","yoast_head_json":{"title":"VOPK TORNADO 9K Einweg-E-Zigarette | 9000 Z\u00fcge, Mesh-Coil-Vape-Pen","description":"Die VOPK TORNADO 9K Einweg-E-Zigarette bietet 9.000 Z\u00fcge, Dual-Mesh-Coil-Technologie, 18 ml E-Liquid und einen 600-mAh-Akku. Ideal f\u00fcr MTL-Dampfen und erstklassigen Geschmacksgenuss.","robots":{"index":"index","follow":"follow","max-snippet":"max-snippet:-1","max-image-preview":"max-image-preview:large","max-video-preview":"max-video-preview:-1"},"canonical":"https:\/\/kylinvape.com\/de\/product\/vopk-tornado-9k-9000-puffs-disposable-vape-pen-with-mesh-coil-rechargeable-battery\/","og_locale":"de_DE","og_type":"article","og_title":"VOPK TORNADO 9K | 9000 Puffs Disposable Vape Pen with Mesh Coil & Rechargeable Battery","og_description":"VOPK TORNADO 9K disposable vape with 9,000 puffs, dual mesh coil technology, 18ml e-liquid, and 600mAh rechargeable battery. Perfect for MTL vaping and premium flavor enjoyment.","og_url":"https:\/\/kylinvape.com\/de\/product\/vopk-tornado-9k-9000-puffs-disposable-vape-pen-with-mesh-coil-rechargeable-battery\/","og_site_name":"Kylin Vape","article_modified_time":"2025-10-12T16:52:26+00:00","og_image":[{"width":1000,"height":1000,"url":"https:\/\/kylinvape.com\/wp-content\/uploads\/2025\/09\/\u56fe\u5c42-1-1.webp","type":"image\/webp"}],"twitter_card":"summary_large_image","twitter_misc":{"Verf\u00fcgbarkeit":"Auf Lager"},"schema":{"@context":"https:\/\/schema.org","@graph":[{"@type":"WebPage","@id":"https:\/\/kylinvape.com\/product\/vopk-tornado-9k-9000-puffs-disposable-vape-pen-with-mesh-coil-rechargeable-battery\/","url":"https:\/\/kylinvape.com\/product\/vopk-tornado-9k-9000-puffs-disposable-vape-pen-with-mesh-coil-rechargeable-battery\/","name":"VOPK TORNADO 9K Einweg-E-Zigarette | 9000 Z\u00fcge, Mesh-Coil-Vape-Pen","isPartOf":{"@id":"https:\/\/lightgoldenrodyellow-wildcat-131089.hostingersite.com\/en\/#website"},"primaryImageOfPage":{"@id":"https:\/\/kylinvape.com\/product\/vopk-tornado-9k-9000-puffs-disposable-vape-pen-with-mesh-coil-rechargeable-battery\/#primaryimage"},"image":{"@id":"https:\/\/kylinvape.com\/product\/vopk-tornado-9k-9000-puffs-disposable-vape-pen-with-mesh-coil-rechargeable-battery\/#primaryimage"},"thumbnailUrl":"https:\/\/kylinvape.com\/wp-content\/uploads\/2025\/09\/\u56fe\u5c42-1-1.webp","datePublished":"2025-09-22T14:46:57+00:00","dateModified":"2025-10-12T16:52:26+00:00","description":"Die VOPK TORNADO 9K Einweg-E-Zigarette bietet 9.000 Z\u00fcge, Dual-Mesh-Coil-Technologie, 18 ml E-Liquid und einen 600-mAh-Akku. Ideal f\u00fcr MTL-Dampfen und erstklassigen Geschmacksgenuss.","breadcrumb":{"@id":"https:\/\/kylinvape.com\/product\/vopk-tornado-9k-9000-puffs-disposable-vape-pen-with-mesh-coil-rechargeable-battery\/#breadcrumb"},"inLanguage":"de","potentialAction":[{"@type":"ReadAction","target":["https:\/\/kylinvape.com\/product\/vopk-tornado-9k-9000-puffs-disposable-vape-pen-with-mesh-coil-rechargeable-battery\/"]}]},{"@type":"ImageObject","inLanguage":"de","@id":"https:\/\/kylinvape.com\/product\/vopk-tornado-9k-9000-puffs-disposable-vape-pen-with-mesh-coil-rechargeable-battery\/#primaryimage","url":"https:\/\/kylinvape.com\/wp-content\/uploads\/2025\/09\/\u56fe\u5c42-1-1.webp","contentUrl":"https:\/\/kylinvape.com\/wp-content\/uploads\/2025\/09\/\u56fe\u5c42-1-1.webp","width":1000,"height":1000,"caption":"VOPK TORNADO 9K disposable vape 9000 puffs"},{"@type":"BreadcrumbList","@id":"https:\/\/kylinvape.com\/product\/vopk-tornado-9k-9000-puffs-disposable-vape-pen-with-mesh-coil-rechargeable-battery\/#breadcrumb","itemListElement":[{"@type":"ListItem","position":1,"name":"Home","item":"https:\/\/lightgoldenrodyellow-wildcat-131089.hostingersite.com\/en\/"},{"@type":"ListItem","position":2,"name":"Shop","item":"https:\/\/lightgoldenrodyellow-wildcat-131089.hostingersite.com\/en\/shop\/"},{"@type":"ListItem","position":3,"name":"VOPK TORNADO 9K | 9000 Puffs Disposable Vape Pen with Mesh Coil &#038; Rechargeable Battery"}]},{"@type":"WebSite","@id":"https:\/\/lightgoldenrodyellow-wildcat-131089.hostingersite.com\/en\/#website","url":"https:\/\/lightgoldenrodyellow-wildcat-131089.hostingersite.com\/en\/","name":"Kylin Vape","description":"Kylin Vape","publisher":{"@id":"https:\/\/lightgoldenrodyellow-wildcat-131089.hostingersite.com\/en\/#organization"},"potentialAction":[{"@type":"SearchAction","target":{"@type":"EntryPoint","urlTemplate":"https:\/\/lightgoldenrodyellow-wildcat-131089.hostingersite.com\/en\/?s={search_term_string}"},"query-input":{"@type":"PropertyValueSpecification","valueRequired":true,"valueName":"search_term_string"}}],"inLanguage":"de"},{"@type":"Organization","@id":"https:\/\/lightgoldenrodyellow-wildcat-131089.hostingersite.com\/en\/#organization","name":"Kylin Vape","url":"https:\/\/lightgoldenrodyellow-wildcat-131089.hostingersite.com\/en\/","logo":{"@type":"ImageObject","inLanguage":"de","@id":"https:\/\/lightgoldenrodyellow-wildcat-131089.hostingersite.com\/en\/#\/schema\/logo\/image\/","url":"https:\/\/kylinvape.com\/wp-content\/uploads\/2025\/08\/1-1.webp","contentUrl":"https:\/\/kylinvape.com\/wp-content\/uploads\/2025\/08\/1-1.webp","width":384,"height":397,"caption":"Kylin Vape"},"image":{"@id":"https:\/\/lightgoldenrodyellow-wildcat-131089.hostingersite.com\/en\/#\/schema\/logo\/image\/"}}]},"og_availability":"instock","product_availability":"instock","product_condition":"new"},"_links":{"self":[{"href":"https:\/\/kylinvape.com\/de\/wp-json\/wp\/v2\/product\/9445","targetHints":{"allow":["GET"]}}],"collection":[{"href":"https:\/\/kylinvape.com\/de\/wp-json\/wp\/v2\/product"}],"about":[{"href":"https:\/\/kylinvape.com\/de\/wp-json\/wp\/v2\/types\/product"}],"replies":[{"embeddable":true,"href":"https:\/\/kylinvape.com\/de\/wp-json\/wp\/v2\/comments?post=9445"}],"wp:featuredmedia":[{"embeddable":true,"href":"https:\/\/kylinvape.com\/de\/wp-json\/wp\/v2\/media\/9451"}],"wp:attachment":[{"href":"https:\/\/kylinvape.com\/de\/wp-json\/wp\/v2\/media?parent=9445"}],"wp:term":[{"taxonomy":"product_brand","embeddable":true,"href":"https:\/\/kylinvape.com\/de\/wp-json\/wp\/v2\/product_brand?post=9445"},{"taxonomy":"product_cat","embeddable":true,"href":"https:\/\/kylinvape.com\/de\/wp-json\/wp\/v2\/product_cat?post=9445"},{"taxonomy":"product_tag","embeddable":true,"href":"https:\/\/kylinvape.com\/de\/wp-json\/wp\/v2\/product_tag?post=9445"}],"curies":[{"name":"wp","href":"https:\/\/api.w.org\/{rel}","templated":true}]}}