{"id":9533,"date":"2025-09-24T07:03:50","date_gmt":"2025-09-24T07:03:50","guid":{"rendered":"https:\/\/kylinvape.com\/?post_type=product&#038;p=9533"},"modified":"2025-10-16T17:39:34","modified_gmt":"2025-10-16T17:39:34","slug":"bang-king-28k-disposable-vape-28000-puffs-rechargeable-vape-box-with-30ml-e-liquid","status":"publish","type":"product","link":"https:\/\/kylinvape.com\/de\/product\/bang-king-28k-disposable-vape-28000-puffs-rechargeable-vape-box-with-30ml-e-liquid\/","title":{"rendered":"Bang King 28K Einweg-E-Zigarette \u2013 Wiederaufladbare Vape-Box f\u00fcr 28.000 Z\u00fcge mit 30 ml E-Liquid"},"content":{"rendered":"<h1>Bang King 28K Einweg-E-Zigarette | Wiederaufladbare E-Zigarette f\u00fcr 28.000 Z\u00fcge<\/h1>\n<p><strong data-start=\"1475\" data-end=\"1508\">Bang King 28K Einweg-E-Zigarette<\/strong> wurde f\u00fcr Dampfer entwickelt, die wollen <strong data-start=\"1543\" data-end=\"1596\">Enormes Dampfvolumen, milder Geschmack und gute Tragbarkeit<\/strong>. Mit <strong data-start=\"1603\" data-end=\"1619\">28.000 Z\u00fcge<\/strong>, A <strong data-start=\"1623\" data-end=\"1664\">30 ml Hochleistungs-E-Liquid-Reservoir<\/strong>, und ein <strong data-start=\"1672\" data-end=\"1696\">wiederaufladbarer Akku<\/strong>, Es vereint Leistung und Komfort. Egal, ob Sie ein Gelegenheitsnutzer sind oder nach ... suchen <strong data-start=\"1784\" data-end=\"1809\">E-Zigaretten-Gro\u00dfhandel Europa<\/strong>, Der Bang King 28000 bietet eine Premium-L\u00f6sung in einem kompakten Geh\u00e4use. <strong data-start=\"1868\" data-end=\"1887\">Vape-Box-Design<\/strong>.<\/p>\n<h2><strong data-start=\"1902\" data-end=\"1926\">Hauptmerkmale<\/strong><\/h2>\n<ul>\n<li data-start=\"1931\" data-end=\"1997\">\u2705 <strong data-start=\"1933\" data-end=\"1958\">Super hohe Anzahl an Z\u00fcgen<\/strong> \u2013 Bis zu <strong data-start=\"1967\" data-end=\"1994\">28.000 Z\u00fcge pro Ger\u00e4t<\/strong>.<\/li>\n<li data-start=\"2000\" data-end=\"2072\">\u2705 <strong data-start=\"2002\" data-end=\"2025\">Gro\u00dfer E-Liquid-Tank<\/strong> \u2013 Vorgef\u00fcllt mit <strong data-start=\"2044\" data-end=\"2069\">30 ml Premium-E-Liquid<\/strong>.<\/li>\n<li data-start=\"2075\" data-end=\"2138\">\u2705 <strong data-start=\"2077\" data-end=\"2105\">Wiederaufladbare Leistung<\/strong> \u2013 Eingebaut <strong data-start=\"2117\" data-end=\"2135\">650-mAh-Akku<\/strong>.<\/li>\n<li data-start=\"2141\" data-end=\"2205\">\u2705 <strong data-start=\"2143\" data-end=\"2165\">Kompakt und tragbar<\/strong> \u2013 Handliches Vape-Design f\u00fcr den t\u00e4glichen Gebrauch.<\/li>\n<li data-start=\"2208\" data-end=\"2277\">\u2705 <strong data-start=\"2210\" data-end=\"2235\">Reibungsloses MTL-Erlebnis<\/strong> \u2013 Perfekt f\u00fcr <strong data-start=\"2250\" data-end=\"2274\">Mund-zu-Lunge-Dampfen<\/strong>.<\/li>\n<li data-start=\"2280\" data-end=\"2348\">\u2705 <strong data-start=\"2282\" data-end=\"2303\">12 Geschmacksrichtungen zur Auswahl<\/strong> \u2013 Gro\u00dfe Auswahl an fruchtigen und eisgek\u00fchlten Mischungen.<\/li>\n<li data-start=\"2351\" data-end=\"2437\">\u2705 <strong data-start=\"2353\" data-end=\"2372\">Gro\u00dfhandelsbereit<\/strong> \u2013 Entwickelt f\u00fcr <strong data-start=\"2388\" data-end=\"2413\">Europ\u00e4ischer Vape-Gro\u00dfhandel<\/strong> und Online-H\u00e4ndler.<\/li>\n<\/ul>\n<hr data-start=\"2439\" data-end=\"2442\">\n<h2><strong data-start=\"2449\" data-end=\"2473\">Spezifikationen<\/strong><\/h2>\n<ul>\n<li data-start=\"2478\" data-end=\"2503\">Puffs: <strong data-start=\"2485\" data-end=\"2501\">Bis zu 28.000<\/strong><\/li>\n<li data-start=\"2506\" data-end=\"2542\">E-Liquid: <strong data-start=\"2516\" data-end=\"2540\">30 ml vorgef\u00fcllter Tank<\/strong><\/li>\n<li data-start=\"2545\" data-end=\"2579\">Batterie: <strong data-start=\"2554\" data-end=\"2577\">650 mAh wiederaufladbarer Akku<\/strong><\/li>\n<li data-start=\"2582\" data-end=\"2618\">Design: <strong data-start=\"2590\" data-end=\"2616\">Kompakter Vape-Box-Stil<\/strong><\/li>\n<li data-start=\"2621\" data-end=\"2659\">Nikotin: <strong data-start=\"2631\" data-end=\"2657\">5% Festigkeit (optional)<\/strong><\/li>\n<li data-start=\"2662\" data-end=\"2687\">Geschmacksrichtungen: <strong data-start=\"2671\" data-end=\"2685\">12 Optionen<\/strong><\/li>\n<\/ul>\n<hr data-start=\"2689\" data-end=\"2692\">\n<h2><strong data-start=\"2699\" data-end=\"2729\">12 Geschmacksrichtungen verf\u00fcgbar<\/strong><\/h2>\n<ul>\n<li data-start=\"2735\" data-end=\"2762\">Erdbeer-Wassermelonen-Eis<\/li>\n<li data-start=\"2766\" data-end=\"2781\">Blaubeereis<\/li>\n<li data-start=\"2785\" data-end=\"2801\">Blut und Sand<\/li>\n<li data-start=\"2805\" data-end=\"2824\">Ananas-Kokosnuss<\/li>\n<li data-start=\"2828\" data-end=\"2847\">Erdbeer-Banane<\/li>\n<li data-start=\"2851\" data-end=\"2864\">Gemischte Fr\u00fcchte<\/li>\n<li data-start=\"2868\" data-end=\"2893\">Blaubeeren Himbeeren<\/li>\n<li data-start=\"2897\" data-end=\"2908\">Pfirsicheis<\/li>\n<li data-start=\"2912\" data-end=\"2925\">Mango-Pfirsich<\/li>\n<li data-start=\"2930\" data-end=\"2942\">Wassermelone<\/li>\n<li data-start=\"2947\" data-end=\"2958\">Traubeneis<\/li>\n<li data-start=\"2963\" data-end=\"2986\">Erdbeer-Kiwi-Frucht<\/li>\n<\/ul>\n<hr data-start=\"2988\" data-end=\"2991\">\n<h2><strong data-start=\"2997\" data-end=\"3007\">H\u00e4ufig gestellte Fragen&nbsp;<\/strong><\/h2>\n<ul>\n<li><strong data-start=\"3011\" data-end=\"3065\">Frage 1: Wie viele Z\u00fcge erm\u00f6glicht der Bang King 28K?<\/strong><br data-start=\"3065\" data-end=\"3068\">\ud83d\udc49 Jedes Ger\u00e4t liefert bis zu <strong data-start=\"3098\" data-end=\"3114\">28.000 Z\u00fcge<\/strong>, abh\u00e4ngig von der Nutzung.<\/li>\n<li><strong data-start=\"3139\" data-end=\"3181\">Frage 2: Ist der Bang King 28K wiederaufladbar?<\/strong><br data-start=\"3181\" data-end=\"3184\">\ud83d\udc49 Ja, es wird mit einem geliefert <strong data-start=\"3208\" data-end=\"3239\">650-mAh-Akku<\/strong>, Dadurch ist es im Vergleich zu herk\u00f6mmlichen Einwegprodukten langlebiger und umweltfreundlicher.<\/li>\n<li><strong data-start=\"3318\" data-end=\"3393\">Frage 3: Was unterscheidet die Bang King 28000 von anderen Einweg-E-Zigaretten?<\/strong><br data-start=\"3393\" data-end=\"3396\">\ud83d\udc49 Es kombiniert <strong data-start=\"3411\" data-end=\"3478\">Kapazit\u00e4t f\u00fcr 28.000 Z\u00fcge, gro\u00dfer 30-ml-E-Liquid-Tank und Tragbarkeit<\/strong>, damit ist es eines der <strong data-start=\"3501\" data-end=\"3531\">die besten E-Zigaretten f\u00fcr gro\u00dfe Z\u00fcge<\/strong>.<\/li>\n<li><strong data-start=\"3536\" data-end=\"3580\">Frage 4: Welche Nikotinst\u00e4rke ist erh\u00e4ltlich?<\/strong><br data-start=\"3580\" data-end=\"3583\">\ud83d\udc49 Der Bang King 28K wird typischerweise angeboten in <strong data-start=\"3628\" data-end=\"3652\">5% Nikotinst\u00e4rke<\/strong> f\u00fcr ein sanftes und befriedigendes MTL-Dampfen.<\/li>\n<li><strong data-start=\"3694\" data-end=\"3748\">Frage 5: Ist Bang King 28000 eher f\u00fcr den Gro\u00dfhandel oder den Einzelhandel geeignet?<\/strong><br data-start=\"3748\" data-end=\"3751\">\ud83d\udc49 Ja! Der Bang King 280000 ist ideal f\u00fcr <strong data-start=\"3790\" data-end=\"3845\">Vertrieb von E-Zigaretten f\u00fcr den pers\u00f6nlichen Gebrauch und im europ\u00e4ischen Gro\u00dfhandel<\/strong>.<\/li>\n<li><strong data-start=\"4365\" data-end=\"4424\">Frage 6: Welche \u00e4hnlichen Produkte gibt es?<\/strong><br data-start=\"4424\" data-end=\"4427\">\ud83d\udc49 Ja, zum Beispiel <strong><a href=\"https:\/\/kylinvape.com\/de\/product\/jnr-falcon-pro-28k-puff-disposable-vape\/\">JNR Falcon Pro 28k<\/a>.<\/strong><\/li>\n<\/ul>","protected":false},"excerpt":{"rendered":"<p><strong data-start=\"1193\" data-end=\"1226\">Bang King 28K Einweg-E-Zigarette<\/strong> Mit einem 30-ml-Fertigtank, einem wiederaufladbaren 650-mAh-Akku und einem eleganten, kompakten Design bietet dieses Ger\u00e4t bis zu 28.000 Z\u00fcge. W\u00e4hlen Sie aus 12 intensiven Geschmacksrichtungen f\u00fcr ein sanftes und genussvolles MTL-Dampferlebnis.<\/p>","protected":false},"featured_media":9751,"comment_status":"open","ping_status":"closed","template":"","meta":{"site-sidebar-layout":"default","site-content-layout":"","ast-site-content-layout":"default","site-content-style":"default","site-sidebar-style":"default","ast-global-header-display":"","ast-banner-title-visibility":"","ast-main-header-display":"","ast-hfb-above-header-display":"","ast-hfb-below-header-display":"","ast-hfb-mobile-header-display":"","site-post-title":"","ast-breadcrumbs-content":"","ast-featured-img":"","footer-sml-layout":"","ast-disable-related-posts":"","theme-transparent-header-meta":"default","adv-header-id-meta":"","stick-header-meta":"default","header-above-stick-meta":"","header-main-stick-meta":"","header-below-stick-meta":"","astra-migrate-meta-layouts":"set","ast-page-background-enabled":"default","ast-page-background-meta":{"desktop":{"background-color":"","background-image":"","background-repeat":"repeat","background-position":"center center","background-size":"auto","background-attachment":"scroll","background-type":"","background-media":"","overlay-type":"","overlay-color":"","overlay-opacity":"","overlay-gradient":""},"tablet":{"background-color":"","background-image":"","background-repeat":"repeat","background-position":"center center","background-size":"auto","background-attachment":"scroll","background-type":"","background-media":"","overlay-type":"","overlay-color":"","overlay-opacity":"","overlay-gradient":""},"mobile":{"background-color":"","background-image":"","background-repeat":"repeat","background-position":"center center","background-size":"auto","background-attachment":"scroll","background-type":"","background-media":"","overlay-type":"","overlay-color":"","overlay-opacity":"","overlay-gradient":""}},"ast-content-background-meta":{"desktop":{"background-color":"var(--ast-global-color-5)","background-image":"","background-repeat":"repeat","background-position":"center center","background-size":"auto","background-attachment":"scroll","background-type":"","background-media":"","overlay-type":"","overlay-color":"","overlay-opacity":"","overlay-gradient":""},"tablet":{"background-color":"var(--ast-global-color-5)","background-image":"","background-repeat":"repeat","background-position":"center center","background-size":"auto","background-attachment":"scroll","background-type":"","background-media":"","overlay-type":"","overlay-color":"","overlay-opacity":"","overlay-gradient":""},"mobile":{"background-color":"var(--ast-global-color-5)","background-image":"","background-repeat":"repeat","background-position":"center center","background-size":"auto","background-attachment":"scroll","background-type":"","background-media":"","overlay-type":"","overlay-color":"","overlay-opacity":"","overlay-gradient":""}}},"product_brand":[],"product_cat":[309,144,127,130,128,126,123,118,117,121,120,124,125,119,122,131],"product_tag":[327,325,323,326,329,328,330],"class_list":{"0":"post-9533","1":"product","2":"type-product","3":"status-publish","4":"has-post-thumbnail","6":"product_cat-28k-puffs-disposable-vape","7":"product_cat-bang-vape","8":"product_cat-big-puff-vape","9":"product_cat-box-vapes","10":"product_cat-crystal-vapes","11":"product_cat-disposable-vapes-in-austria","12":"product_cat-disposable-vapes-in-belgium","13":"product_cat-disposable-vapes-in-france","14":"product_cat-disposable-vapes-in-germany","15":"product_cat-disposable-vapes-in-italy","16":"product_cat-disposable-vapes-in-netherlands","17":"product_cat-disposable-vapes-in-poland","18":"product_cat-disposable-vapes-in-portugal","19":"product_cat-disposable-vapes-in-spain","20":"product_cat-disposable-vapes-in-sweden","21":"product_cat-rechargeable-vapes","22":"product_tag-28k-vape-box","23":"product_tag-bang-king-28k","24":"product_tag-bang-king-puffs","25":"product_tag-king-bang-vape","26":"product_tag-mtl-vape-pod","27":"product_tag-smart-vape-device","28":"product_tag-vape-wholesale-europe","29":"desktop-align-center","30":"tablet-align-center","31":"mobile-align-center","32":"ast-product-gallery-layout-horizontal-slider","33":"ast-product-single-variable","34":"ast-product-tabs-layout-horizontal","36":"first","37":"instock","38":"sale","39":"shipping-taxable","40":"purchasable","41":"product-type-variable"},"yoast_head":"<!-- This site is optimized with the Yoast SEO Premium plugin v26.0 (Yoast SEO v27.4) - https:\/\/yoast.com\/product\/yoast-seo-premium-wordpress\/ -->\n<title>Bang King 28K Disposable Vape \u2013 28000 Puffs Rechargeable Vape Pen with 30mL E-Liquid<\/title>\n<meta name=\"description\" content=\"Discover the Bang King 28K Disposable Vape with 28000 puffs, 30mL high-capacity e-liquid, and rechargeable 650mAh battery. Compact, stylish, and packed with smooth MTL flavors \u2013 ideal for personal vaping and Europe vape wholesale.\" \/>\n<meta name=\"robots\" content=\"index, follow, max-snippet:-1, max-image-preview:large, max-video-preview:-1\" \/>\n<link rel=\"canonical\" href=\"https:\/\/kylinvape.com\/de\/product\/bang-king-28k-disposable-vape-28000-puffs-rechargeable-vape-box-with-30ml-e-liquid\/\" \/>\n<meta property=\"og:locale\" content=\"de_DE\" \/>\n<meta property=\"og:type\" content=\"article\" \/>\n<meta property=\"og:title\" content=\"Bang King 28K Disposable Vape \u2013 28000 Puffs Rechargeable Vape Box with 30mL E-Liquid\" \/>\n<meta property=\"og:description\" content=\"Discover the Bang King 28K Disposable Vape with 28000 puffs, 30mL high-capacity e-liquid, and rechargeable 650mAh battery. Compact, stylish, and packed with smooth MTL flavors \u2013 ideal for personal vaping and Europe vape wholesale.\" \/>\n<meta property=\"og:url\" content=\"https:\/\/kylinvape.com\/de\/product\/bang-king-28k-disposable-vape-28000-puffs-rechargeable-vape-box-with-30ml-e-liquid\/\" \/>\n<meta property=\"og:site_name\" content=\"Kylin Vape\" \/>\n<meta property=\"article:modified_time\" content=\"2025-10-16T17:39:34+00:00\" \/>\n<meta property=\"og:image\" content=\"https:\/\/kylinvape.com\/wp-content\/uploads\/2025\/09\/Bang_28000_\u4e3b\u56fe1.webp\" \/>\n\t<meta property=\"og:image:width\" content=\"768\" \/>\n\t<meta property=\"og:image:height\" content=\"768\" \/>\n\t<meta property=\"og:image:type\" content=\"image\/webp\" \/>\n<meta name=\"twitter:card\" content=\"summary_large_image\" \/>\n<meta name=\"twitter:label1\" content=\"Verf\u00fcgbarkeit\" \/>\n\t<meta name=\"twitter:data1\" content=\"Auf Lager\" \/>\n<script type=\"application\/ld+json\" class=\"yoast-schema-graph\">{\"@context\":\"https:\\\/\\\/schema.org\",\"@graph\":[{\"@type\":\"WebPage\",\"@id\":\"https:\\\/\\\/kylinvape.com\\\/product\\\/bang-king-28k-disposable-vape-28000-puffs-rechargeable-vape-box-with-30ml-e-liquid\\\/\",\"url\":\"https:\\\/\\\/kylinvape.com\\\/product\\\/bang-king-28k-disposable-vape-28000-puffs-rechargeable-vape-box-with-30ml-e-liquid\\\/\",\"name\":\"Bang King 28K Disposable Vape \u2013 28000 Puffs Rechargeable Vape Pen with 30mL E-Liquid\",\"isPartOf\":{\"@id\":\"https:\\\/\\\/lightgoldenrodyellow-wildcat-131089.hostingersite.com\\\/en\\\/#website\"},\"primaryImageOfPage\":{\"@id\":\"https:\\\/\\\/kylinvape.com\\\/product\\\/bang-king-28k-disposable-vape-28000-puffs-rechargeable-vape-box-with-30ml-e-liquid\\\/#primaryimage\"},\"image\":{\"@id\":\"https:\\\/\\\/kylinvape.com\\\/product\\\/bang-king-28k-disposable-vape-28000-puffs-rechargeable-vape-box-with-30ml-e-liquid\\\/#primaryimage\"},\"thumbnailUrl\":\"https:\\\/\\\/kylinvape.com\\\/wp-content\\\/uploads\\\/2025\\\/09\\\/Bang_28000_\u4e3b\u56fe1.webp\",\"datePublished\":\"2025-09-24T07:03:50+00:00\",\"dateModified\":\"2025-10-16T17:39:34+00:00\",\"description\":\"Discover the Bang King 28K Disposable Vape with 28000 puffs, 30mL high-capacity e-liquid, and rechargeable 650mAh battery. Compact, stylish, and packed with smooth MTL flavors \u2013 ideal for personal vaping and Europe vape wholesale.\",\"breadcrumb\":{\"@id\":\"https:\\\/\\\/kylinvape.com\\\/product\\\/bang-king-28k-disposable-vape-28000-puffs-rechargeable-vape-box-with-30ml-e-liquid\\\/#breadcrumb\"},\"inLanguage\":\"de\",\"potentialAction\":[{\"@type\":\"ReadAction\",\"target\":[\"https:\\\/\\\/kylinvape.com\\\/product\\\/bang-king-28k-disposable-vape-28000-puffs-rechargeable-vape-box-with-30ml-e-liquid\\\/\"]}]},{\"@type\":\"ImageObject\",\"inLanguage\":\"de\",\"@id\":\"https:\\\/\\\/kylinvape.com\\\/product\\\/bang-king-28k-disposable-vape-28000-puffs-rechargeable-vape-box-with-30ml-e-liquid\\\/#primaryimage\",\"url\":\"https:\\\/\\\/kylinvape.com\\\/wp-content\\\/uploads\\\/2025\\\/09\\\/Bang_28000_\u4e3b\u56fe1.webp\",\"contentUrl\":\"https:\\\/\\\/kylinvape.com\\\/wp-content\\\/uploads\\\/2025\\\/09\\\/Bang_28000_\u4e3b\u56fe1.webp\",\"width\":768,\"height\":768,\"caption\":\"Bang King 28K handy vape with rechargeable battery\"},{\"@type\":\"BreadcrumbList\",\"@id\":\"https:\\\/\\\/kylinvape.com\\\/product\\\/bang-king-28k-disposable-vape-28000-puffs-rechargeable-vape-box-with-30ml-e-liquid\\\/#breadcrumb\",\"itemListElement\":[{\"@type\":\"ListItem\",\"position\":1,\"name\":\"Home\",\"item\":\"https:\\\/\\\/lightgoldenrodyellow-wildcat-131089.hostingersite.com\\\/en\\\/\"},{\"@type\":\"ListItem\",\"position\":2,\"name\":\"Shop\",\"item\":\"https:\\\/\\\/lightgoldenrodyellow-wildcat-131089.hostingersite.com\\\/en\\\/shop\\\/\"},{\"@type\":\"ListItem\",\"position\":3,\"name\":\"Bang King 28K Disposable Vape \u2013 28000 Puffs Rechargeable Vape Box with 30mL E-Liquid\"}]},{\"@type\":\"WebSite\",\"@id\":\"https:\\\/\\\/lightgoldenrodyellow-wildcat-131089.hostingersite.com\\\/en\\\/#website\",\"url\":\"https:\\\/\\\/lightgoldenrodyellow-wildcat-131089.hostingersite.com\\\/en\\\/\",\"name\":\"Kylin Vape\",\"description\":\"Kylin Vape\",\"publisher\":{\"@id\":\"https:\\\/\\\/lightgoldenrodyellow-wildcat-131089.hostingersite.com\\\/en\\\/#organization\"},\"potentialAction\":[{\"@type\":\"SearchAction\",\"target\":{\"@type\":\"EntryPoint\",\"urlTemplate\":\"https:\\\/\\\/lightgoldenrodyellow-wildcat-131089.hostingersite.com\\\/en\\\/?s={search_term_string}\"},\"query-input\":{\"@type\":\"PropertyValueSpecification\",\"valueRequired\":true,\"valueName\":\"search_term_string\"}}],\"inLanguage\":\"de\"},{\"@type\":\"Organization\",\"@id\":\"https:\\\/\\\/lightgoldenrodyellow-wildcat-131089.hostingersite.com\\\/en\\\/#organization\",\"name\":\"Kylin Vape\",\"url\":\"https:\\\/\\\/lightgoldenrodyellow-wildcat-131089.hostingersite.com\\\/en\\\/\",\"logo\":{\"@type\":\"ImageObject\",\"inLanguage\":\"de\",\"@id\":\"https:\\\/\\\/lightgoldenrodyellow-wildcat-131089.hostingersite.com\\\/en\\\/#\\\/schema\\\/logo\\\/image\\\/\",\"url\":\"https:\\\/\\\/kylinvape.com\\\/wp-content\\\/uploads\\\/2025\\\/08\\\/1-1.webp\",\"contentUrl\":\"https:\\\/\\\/kylinvape.com\\\/wp-content\\\/uploads\\\/2025\\\/08\\\/1-1.webp\",\"width\":384,\"height\":397,\"caption\":\"Kylin Vape\"},\"image\":{\"@id\":\"https:\\\/\\\/lightgoldenrodyellow-wildcat-131089.hostingersite.com\\\/en\\\/#\\\/schema\\\/logo\\\/image\\\/\"}}]}<\/script>\n<meta property=\"og:availability\" content=\"instock\" \/>\n<meta property=\"product:availability\" content=\"instock\" \/>\n<meta property=\"product:condition\" content=\"new\" \/>\n<!-- \/ Yoast SEO Premium plugin. -->","yoast_head_json":{"title":"Bang King 28K Einweg-E-Zigarette \u2013 Wiederaufladbarer Vape-Pen f\u00fcr 28.000 Z\u00fcge mit 30 ml E-Liquid","description":"Entdecken Sie die Bang King 28K Einweg-E-Zigarette mit 28.000 Z\u00fcgen, 30 ml E-Liquid und einem wiederaufladbaren 650-mAh-Akku. Kompakt, elegant und mit sanften MTL-Aromen \u2013 ideal f\u00fcr den pers\u00f6nlichen Gebrauch und den europ\u00e4ischen E-Zigaretten-Gro\u00dfhandel.","robots":{"index":"index","follow":"follow","max-snippet":"max-snippet:-1","max-image-preview":"max-image-preview:large","max-video-preview":"max-video-preview:-1"},"canonical":"https:\/\/kylinvape.com\/de\/product\/bang-king-28k-disposable-vape-28000-puffs-rechargeable-vape-box-with-30ml-e-liquid\/","og_locale":"de_DE","og_type":"article","og_title":"Bang King 28K Disposable Vape \u2013 28000 Puffs Rechargeable Vape Box with 30mL E-Liquid","og_description":"Discover the Bang King 28K Disposable Vape with 28000 puffs, 30mL high-capacity e-liquid, and rechargeable 650mAh battery. Compact, stylish, and packed with smooth MTL flavors \u2013 ideal for personal vaping and Europe vape wholesale.","og_url":"https:\/\/kylinvape.com\/de\/product\/bang-king-28k-disposable-vape-28000-puffs-rechargeable-vape-box-with-30ml-e-liquid\/","og_site_name":"Kylin Vape","article_modified_time":"2025-10-16T17:39:34+00:00","og_image":[{"width":768,"height":768,"url":"https:\/\/kylinvape.com\/wp-content\/uploads\/2025\/09\/Bang_28000_\u4e3b\u56fe1.webp","type":"image\/webp"}],"twitter_card":"summary_large_image","twitter_misc":{"Verf\u00fcgbarkeit":"Auf Lager"},"schema":{"@context":"https:\/\/schema.org","@graph":[{"@type":"WebPage","@id":"https:\/\/kylinvape.com\/product\/bang-king-28k-disposable-vape-28000-puffs-rechargeable-vape-box-with-30ml-e-liquid\/","url":"https:\/\/kylinvape.com\/product\/bang-king-28k-disposable-vape-28000-puffs-rechargeable-vape-box-with-30ml-e-liquid\/","name":"Bang King 28K Einweg-E-Zigarette \u2013 Wiederaufladbarer Vape-Pen f\u00fcr 28.000 Z\u00fcge mit 30 ml E-Liquid","isPartOf":{"@id":"https:\/\/lightgoldenrodyellow-wildcat-131089.hostingersite.com\/en\/#website"},"primaryImageOfPage":{"@id":"https:\/\/kylinvape.com\/product\/bang-king-28k-disposable-vape-28000-puffs-rechargeable-vape-box-with-30ml-e-liquid\/#primaryimage"},"image":{"@id":"https:\/\/kylinvape.com\/product\/bang-king-28k-disposable-vape-28000-puffs-rechargeable-vape-box-with-30ml-e-liquid\/#primaryimage"},"thumbnailUrl":"https:\/\/kylinvape.com\/wp-content\/uploads\/2025\/09\/Bang_28000_\u4e3b\u56fe1.webp","datePublished":"2025-09-24T07:03:50+00:00","dateModified":"2025-10-16T17:39:34+00:00","description":"Entdecken Sie die Bang King 28K Einweg-E-Zigarette mit 28.000 Z\u00fcgen, 30 ml E-Liquid und einem wiederaufladbaren 650-mAh-Akku. Kompakt, elegant und mit sanften MTL-Aromen \u2013 ideal f\u00fcr den pers\u00f6nlichen Gebrauch und den europ\u00e4ischen E-Zigaretten-Gro\u00dfhandel.","breadcrumb":{"@id":"https:\/\/kylinvape.com\/product\/bang-king-28k-disposable-vape-28000-puffs-rechargeable-vape-box-with-30ml-e-liquid\/#breadcrumb"},"inLanguage":"de","potentialAction":[{"@type":"ReadAction","target":["https:\/\/kylinvape.com\/product\/bang-king-28k-disposable-vape-28000-puffs-rechargeable-vape-box-with-30ml-e-liquid\/"]}]},{"@type":"ImageObject","inLanguage":"de","@id":"https:\/\/kylinvape.com\/product\/bang-king-28k-disposable-vape-28000-puffs-rechargeable-vape-box-with-30ml-e-liquid\/#primaryimage","url":"https:\/\/kylinvape.com\/wp-content\/uploads\/2025\/09\/Bang_28000_\u4e3b\u56fe1.webp","contentUrl":"https:\/\/kylinvape.com\/wp-content\/uploads\/2025\/09\/Bang_28000_\u4e3b\u56fe1.webp","width":768,"height":768,"caption":"Bang King 28K handy vape with rechargeable battery"},{"@type":"BreadcrumbList","@id":"https:\/\/kylinvape.com\/product\/bang-king-28k-disposable-vape-28000-puffs-rechargeable-vape-box-with-30ml-e-liquid\/#breadcrumb","itemListElement":[{"@type":"ListItem","position":1,"name":"Home","item":"https:\/\/lightgoldenrodyellow-wildcat-131089.hostingersite.com\/en\/"},{"@type":"ListItem","position":2,"name":"Shop","item":"https:\/\/lightgoldenrodyellow-wildcat-131089.hostingersite.com\/en\/shop\/"},{"@type":"ListItem","position":3,"name":"Bang King 28K Disposable Vape \u2013 28000 Puffs Rechargeable Vape Box with 30mL E-Liquid"}]},{"@type":"WebSite","@id":"https:\/\/lightgoldenrodyellow-wildcat-131089.hostingersite.com\/en\/#website","url":"https:\/\/lightgoldenrodyellow-wildcat-131089.hostingersite.com\/en\/","name":"Kylin Vape","description":"Kylin Vape","publisher":{"@id":"https:\/\/lightgoldenrodyellow-wildcat-131089.hostingersite.com\/en\/#organization"},"potentialAction":[{"@type":"SearchAction","target":{"@type":"EntryPoint","urlTemplate":"https:\/\/lightgoldenrodyellow-wildcat-131089.hostingersite.com\/en\/?s={search_term_string}"},"query-input":{"@type":"PropertyValueSpecification","valueRequired":true,"valueName":"search_term_string"}}],"inLanguage":"de"},{"@type":"Organization","@id":"https:\/\/lightgoldenrodyellow-wildcat-131089.hostingersite.com\/en\/#organization","name":"Kylin Vape","url":"https:\/\/lightgoldenrodyellow-wildcat-131089.hostingersite.com\/en\/","logo":{"@type":"ImageObject","inLanguage":"de","@id":"https:\/\/lightgoldenrodyellow-wildcat-131089.hostingersite.com\/en\/#\/schema\/logo\/image\/","url":"https:\/\/kylinvape.com\/wp-content\/uploads\/2025\/08\/1-1.webp","contentUrl":"https:\/\/kylinvape.com\/wp-content\/uploads\/2025\/08\/1-1.webp","width":384,"height":397,"caption":"Kylin Vape"},"image":{"@id":"https:\/\/lightgoldenrodyellow-wildcat-131089.hostingersite.com\/en\/#\/schema\/logo\/image\/"}}]},"og_availability":"instock","product_availability":"instock","product_condition":"new"},"_links":{"self":[{"href":"https:\/\/kylinvape.com\/de\/wp-json\/wp\/v2\/product\/9533","targetHints":{"allow":["GET"]}}],"collection":[{"href":"https:\/\/kylinvape.com\/de\/wp-json\/wp\/v2\/product"}],"about":[{"href":"https:\/\/kylinvape.com\/de\/wp-json\/wp\/v2\/types\/product"}],"replies":[{"embeddable":true,"href":"https:\/\/kylinvape.com\/de\/wp-json\/wp\/v2\/comments?post=9533"}],"wp:featuredmedia":[{"embeddable":true,"href":"https:\/\/kylinvape.com\/de\/wp-json\/wp\/v2\/media\/9751"}],"wp:attachment":[{"href":"https:\/\/kylinvape.com\/de\/wp-json\/wp\/v2\/media?parent=9533"}],"wp:term":[{"taxonomy":"product_brand","embeddable":true,"href":"https:\/\/kylinvape.com\/de\/wp-json\/wp\/v2\/product_brand?post=9533"},{"taxonomy":"product_cat","embeddable":true,"href":"https:\/\/kylinvape.com\/de\/wp-json\/wp\/v2\/product_cat?post=9533"},{"taxonomy":"product_tag","embeddable":true,"href":"https:\/\/kylinvape.com\/de\/wp-json\/wp\/v2\/product_tag?post=9533"}],"curies":[{"name":"wp","href":"https:\/\/api.w.org\/{rel}","templated":true}]}}